{"id":10044,"date":"2023-10-10T14:58:35","date_gmt":"2023-10-10T12:58:35","guid":{"rendered":"https:\/\/calculatie.azglorieux.be\/?page_id=10044"},"modified":"2023-10-10T15:06:41","modified_gmt":"2023-10-10T13:06:41","slug":"test-osteoporose-confirmation","status":"publish","type":"page","link":"https:\/\/calculatie.azglorieux.be\/fr\/test-osteoporose-confirmation\/","title":{"rendered":"Merci d\u2019avoir fait le test sur l\u2019ost\u00e9oporose\u2009!"},"content":{"rendered":"<p>Le fait de r\u00e9pondre \u00ab\u2009oui\u2009\u00bb \u00e0 l\u2019une des questions pr\u00e9c\u00e9dentes ne signifie pas que vous souffrez d\u2019ost\u00e9oporose. Parlez des r\u00e9sultats avec votre m\u00e9decin. Il sera en mesure de vous orienter vers un sp\u00e9cialiste en ost\u00e9oporose de l\u2019h\u00f4pital, le cas \u00e9ch\u00e9ant.<\/p>\n","protected":false},"excerpt":{"rendered":"<p>Le fait de r\u00e9pondre \u00ab\u2009oui\u2009\u00bb \u00e0 l\u2019une des questions pr\u00e9c\u00e9dentes ne signifie pas que vous souffrez d\u2019ost\u00e9oporose. Parlez des r\u00e9sultats&#8230;<\/p>\n","protected":false},"author":9,"featured_media":0,"parent":0,"menu_order":0,"comment_status":"closed","ping_status":"closed","template":"","meta":{"_acf_changed":false,"_relevanssi_hide_post":"","_relevanssi_hide_content":"","_relevanssi_pin_for_all":"","_relevanssi_pin_keywords":"","_relevanssi_unpin_keywords":"","_relevanssi_related_keywords":"","_relevanssi_related_include_ids":"","_relevanssi_related_exclude_ids":"","_relevanssi_related_no_append":"","_relevanssi_related_not_related":"","_relevanssi_related_posts":"","_relevanssi_noindex_reason":"","inline_featured_image":false,"_exactmetrics_skip_tracking":false,"_exactmetrics_sitenote_active":false,"_exactmetrics_sitenote_note":"","_exactmetrics_sitenote_category":0,"footnotes":"","_links_to":"","_links_to_target":""},"acf":[],"yoast_head":"<!-- This site is optimized with the Yoast SEO plugin v22.4 - https:\/\/yoast.com\/wordpress\/plugins\/seo\/ -->\n<title>Merci d\u2019avoir fait le test sur l\u2019ost\u00e9oporose\u2009! - azGlorieux<\/title>\n<meta name=\"robots\" content=\"noindex, follow, max-snippet:-1, max-image-preview:large, max-video-preview:-1\" \/>\n<meta property=\"og:locale\" content=\"fr_FR\" \/>\n<meta property=\"og:type\" content=\"article\" \/>\n<meta property=\"og:title\" content=\"Merci d\u2019avoir fait le test sur l\u2019ost\u00e9oporose\u2009! - azGlorieux\" \/>\n<meta property=\"og:description\" content=\"Le fait de r\u00e9pondre \u00ab\u2009oui\u2009\u00bb \u00e0 l\u2019une des questions pr\u00e9c\u00e9dentes ne signifie pas que vous souffrez d\u2019ost\u00e9oporose. Parlez des r\u00e9sultats...\" \/>\n<meta property=\"og:url\" content=\"https:\/\/calculatie.azglorieux.be\/fr\/test-osteoporose-confirmation\/\" \/>\n<meta property=\"og:site_name\" content=\"azGlorieux\" \/>\n<meta property=\"article:modified_time\" content=\"2023-10-10T13:06:41+00:00\" \/>\n<meta name=\"twitter:card\" content=\"summary_large_image\" \/>\n<meta name=\"twitter:label1\" content=\"Dur\u00e9e de lecture estim\u00e9e\" \/>\n\t<meta name=\"twitter:data1\" content=\"1 minute\" \/>\n<!-- \/ Yoast SEO plugin. -->","yoast_head_json":{"title":"Merci d\u2019avoir fait le test sur l\u2019ost\u00e9oporose\u2009! - azGlorieux","robots":{"index":"noindex","follow":"follow","max-snippet":"max-snippet:-1","max-image-preview":"max-image-preview:large","max-video-preview":"max-video-preview:-1"},"og_locale":"fr_FR","og_type":"article","og_title":"Merci d\u2019avoir fait le test sur l\u2019ost\u00e9oporose\u2009! - azGlorieux","og_description":"Le fait de r\u00e9pondre \u00ab\u2009oui\u2009\u00bb \u00e0 l\u2019une des questions pr\u00e9c\u00e9dentes ne signifie pas que vous souffrez d\u2019ost\u00e9oporose. Parlez des r\u00e9sultats...","og_url":"https:\/\/calculatie.azglorieux.be\/fr\/test-osteoporose-confirmation\/","og_site_name":"azGlorieux","article_modified_time":"2023-10-10T13:06:41+00:00","twitter_card":"summary_large_image","twitter_misc":{"Dur\u00e9e de lecture estim\u00e9e":"1 minute"},"schema":{"@context":"https:\/\/schema.org","@graph":[{"@type":"WebPage","@id":"https:\/\/calculatie.azglorieux.be\/fr\/test-osteoporose-confirmation\/","url":"https:\/\/calculatie.azglorieux.be\/fr\/test-osteoporose-confirmation\/","name":"Merci d\u2019avoir fait le test sur l\u2019ost\u00e9oporose\u2009! - azGlorieux","isPartOf":{"@id":"https:\/\/calculatie.azglorieux.be\/fr\/#website"},"datePublished":"2023-10-10T12:58:35+00:00","dateModified":"2023-10-10T13:06:41+00:00","breadcrumb":{"@id":"https:\/\/calculatie.azglorieux.be\/fr\/test-osteoporose-confirmation\/#breadcrumb"},"inLanguage":"fr-FR","potentialAction":[{"@type":"ReadAction","target":["https:\/\/calculatie.azglorieux.be\/fr\/test-osteoporose-confirmation\/"]}]},{"@type":"BreadcrumbList","@id":"https:\/\/calculatie.azglorieux.be\/fr\/test-osteoporose-confirmation\/#breadcrumb","itemListElement":[{"@type":"ListItem","position":1,"name":"Home","item":"https:\/\/calculatie.azglorieux.be\/fr\/"},{"@type":"ListItem","position":2,"name":"Merci d\u2019avoir fait le test sur l\u2019ost\u00e9oporose\u2009!"}]},{"@type":"WebSite","@id":"https:\/\/calculatie.azglorieux.be\/fr\/#website","url":"https:\/\/calculatie.azglorieux.be\/fr\/","name":"azGlorieux","description":"","potentialAction":[{"@type":"SearchAction","target":{"@type":"EntryPoint","urlTemplate":"https:\/\/calculatie.azglorieux.be\/fr\/?s={search_term_string}"},"query-input":"required name=search_term_string"}],"inLanguage":"fr-FR"}]}},"_links":{"self":[{"href":"https:\/\/calculatie.azglorieux.be\/fr\/wp-json\/wp\/v2\/pages\/10044"}],"collection":[{"href":"https:\/\/calculatie.azglorieux.be\/fr\/wp-json\/wp\/v2\/pages"}],"about":[{"href":"https:\/\/calculatie.azglorieux.be\/fr\/wp-json\/wp\/v2\/types\/page"}],"author":[{"embeddable":true,"href":"https:\/\/calculatie.azglorieux.be\/fr\/wp-json\/wp\/v2\/users\/9"}],"replies":[{"embeddable":true,"href":"https:\/\/calculatie.azglorieux.be\/fr\/wp-json\/wp\/v2\/comments?post=10044"}],"version-history":[{"count":4,"href":"https:\/\/calculatie.azglorieux.be\/fr\/wp-json\/wp\/v2\/pages\/10044\/revisions"}],"predecessor-version":[{"id":10048,"href":"https:\/\/calculatie.azglorieux.be\/fr\/wp-json\/wp\/v2\/pages\/10044\/revisions\/10048"}],"wp:attachment":[{"href":"https:\/\/calculatie.azglorieux.be\/fr\/wp-json\/wp\/v2\/media?parent=10044"}],"curies":[{"name":"wp","href":"https:\/\/api.w.org\/{rel}","templated":true}]}}