{"id":10323,"date":"2023-12-06T18:40:33","date_gmt":"2023-12-06T16:40:33","guid":{"rendered":"https:\/\/calculatie.azglorieux.be\/?page_id=10323"},"modified":"2024-04-03T10:19:26","modified_gmt":"2024-04-03T08:19:26","slug":"vos-factures-en-ligne-doccle","status":"publish","type":"page","link":"https:\/\/calculatie.azglorieux.be\/fr\/patients\/informations-generales\/vos-factures-en-ligne-doccle\/","title":{"rendered":"Vos factures en ligne via Doccle"},"content":{"rendered":"<p>Depuis janvier 2024, vous pouvez choisir de ne plus recevoir vos factures du CH Glorieux par la poste, mais par voie num\u00e9rique via Doccle. Via la plateforme d&rsquo;administration en ligne, vous consultez et payez vos factures d&rsquo;h\u00f4pital. Vous y conservez vos factures en toute s\u00e9curit\u00e9, sous forme num\u00e9rique, aussi longtemps que vous le souhaitez.<\/p>\n<p><strong>En savoir plus :<\/strong><\/p>\n<p>Avantages<\/p>\n<ul>\n<li>Vous consultez les factures \u00e0 tout moment et en tout lieu via un PC, une tablette, un ordinateur portable ou un smartphone.<\/li>\n<li>Vous conservez vos documents gratuitement et en toute s\u00e9curit\u00e9 sous forme num\u00e9rique. Vous \u00eates prot\u00e9g\u00e9 contre le phishing car seules les factures authentiques apparaissent sur Doccle.<\/li>\n<li>Vous recevez une notification par e-mail ou dans l&rsquo;application Doccle pour chaque nouvelle facture et un rappel \u00e0 l&rsquo;approche de la date limite de paiement. Vous \u00e9vitez ainsi les retards de paiement et les frais de relance. Vous payez les factures via votre application bancaire habituelle.<\/li>\n<li>Ensemble, nous \u00e9vitons d&rsquo;utiliser du papier et r\u00e9duisons ainsi l&rsquo;impact sur notre environnement.<\/li>\n<\/ul>\n<p><strong>Comment activer les factures num\u00e9riques ?<\/strong><\/p>\n<p>Vous recevrez une facture d&rsquo;h\u00f4pital papier du CH Glorieux. Vous y trouverez deux codes de connexion personnels et un code QR au recto depuis janvier 2024. Chaque patient trouvera \u00e9galement une feuille de route au dos de sa facture.<\/p>\n<p>Vous activez les factures num\u00e9riques en scannant le code QR ou en vous connectant \u00e0 l&rsquo;aide des deux codes personnels.<\/p>\n<p><strong>Se connecter avec les codes personnels<\/strong><\/p>\n<ol>\n<li>Surfez sur <a href=\"http:\/\/www.doccle.be\">www.doccle.be<\/a> et cr\u00e9ez un compte. Vous avez d\u00e9j\u00e0 un compte ? Connectez-vous alors \u00e0 votre compte<\/li>\n<li>Allez dans le menu \u00ab\u00a0connexions\u00a0\u00bb et cliquez sur \u00ab\u00a0ajouter de nouvelles connexions\u00a0\u00bb.<\/li>\n<li>Cherchez ici nexuzhealth et cliquez sur &lsquo;connecter&rsquo;.<\/li>\n<li>Connectez-vous \u00e0 nexuzhealth en compl\u00e9tant les deux codes personnels, \u00e0 savoir le num\u00e9ro d&rsquo;identification et le code d&rsquo;acc\u00e8s. Vous les trouverez au recto de votre facture.<\/li>\n<li>C&rsquo;est fait ! D\u00e9sormais, vous recevrez vos factures sous forme num\u00e9rique via Doccle.<\/li>\n<\/ol>\n","protected":false},"excerpt":{"rendered":"<p>Depuis janvier 2024, vous pouvez choisir de ne plus recevoir vos factures du CH Glorieux par la poste, mais par&#8230;<\/p>\n","protected":false},"author":9,"featured_media":0,"parent":1579,"menu_order":0,"comment_status":"closed","ping_status":"closed","template":"","meta":{"_acf_changed":false,"_relevanssi_hide_post":"","_relevanssi_hide_content":"","_relevanssi_pin_for_all":"","_relevanssi_pin_keywords":"","_relevanssi_unpin_keywords":"","_relevanssi_related_keywords":"","_relevanssi_related_include_ids":"","_relevanssi_related_exclude_ids":"","_relevanssi_related_no_append":"","_relevanssi_related_not_related":"","_relevanssi_related_posts":"","_relevanssi_noindex_reason":"","inline_featured_image":false,"_exactmetrics_skip_tracking":false,"_exactmetrics_sitenote_active":false,"_exactmetrics_sitenote_note":"","_exactmetrics_sitenote_category":0,"footnotes":"","_links_to":"","_links_to_target":""},"acf":[],"yoast_head":"<!-- This site is optimized with the Yoast SEO plugin v22.4 - https:\/\/yoast.com\/wordpress\/plugins\/seo\/ -->\n<title>Vos factures en ligne via Doccle - azGlorieux<\/title>\n<meta name=\"robots\" content=\"noindex, follow, max-snippet:-1, max-image-preview:large, max-video-preview:-1\" \/>\n<meta property=\"og:locale\" content=\"fr_FR\" \/>\n<meta property=\"og:type\" content=\"article\" \/>\n<meta property=\"og:title\" content=\"Vos factures en ligne via Doccle - azGlorieux\" \/>\n<meta property=\"og:description\" content=\"Depuis janvier 2024, vous pouvez choisir de ne plus recevoir vos factures du CH Glorieux par la poste, mais par...\" \/>\n<meta property=\"og:url\" content=\"https:\/\/calculatie.azglorieux.be\/fr\/patients\/informations-generales\/vos-factures-en-ligne-doccle\/\" \/>\n<meta property=\"og:site_name\" content=\"azGlorieux\" \/>\n<meta property=\"article:modified_time\" content=\"2024-04-03T08:19:26+00:00\" \/>\n<meta name=\"twitter:card\" content=\"summary_large_image\" \/>\n<meta name=\"twitter:label1\" content=\"Dur\u00e9e de lecture estim\u00e9e\" \/>\n\t<meta name=\"twitter:data1\" content=\"2 minutes\" \/>\n<!-- \/ Yoast SEO plugin. -->","yoast_head_json":{"title":"Vos factures en ligne via Doccle - azGlorieux","robots":{"index":"noindex","follow":"follow","max-snippet":"max-snippet:-1","max-image-preview":"max-image-preview:large","max-video-preview":"max-video-preview:-1"},"og_locale":"fr_FR","og_type":"article","og_title":"Vos factures en ligne via Doccle - azGlorieux","og_description":"Depuis janvier 2024, vous pouvez choisir de ne plus recevoir vos factures du CH Glorieux par la poste, mais par...","og_url":"https:\/\/calculatie.azglorieux.be\/fr\/patients\/informations-generales\/vos-factures-en-ligne-doccle\/","og_site_name":"azGlorieux","article_modified_time":"2024-04-03T08:19:26+00:00","twitter_card":"summary_large_image","twitter_misc":{"Dur\u00e9e de lecture estim\u00e9e":"2 minutes"},"schema":{"@context":"https:\/\/schema.org","@graph":[{"@type":"WebPage","@id":"https:\/\/calculatie.azglorieux.be\/fr\/patients\/informations-generales\/vos-factures-en-ligne-doccle\/","url":"https:\/\/calculatie.azglorieux.be\/fr\/patients\/informations-generales\/vos-factures-en-ligne-doccle\/","name":"Vos factures en ligne via Doccle - azGlorieux","isPartOf":{"@id":"https:\/\/calculatie.azglorieux.be\/fr\/#website"},"datePublished":"2023-12-06T16:40:33+00:00","dateModified":"2024-04-03T08:19:26+00:00","breadcrumb":{"@id":"https:\/\/calculatie.azglorieux.be\/fr\/patients\/informations-generales\/vos-factures-en-ligne-doccle\/#breadcrumb"},"inLanguage":"fr-FR","potentialAction":[{"@type":"ReadAction","target":["https:\/\/calculatie.azglorieux.be\/fr\/patients\/informations-generales\/vos-factures-en-ligne-doccle\/"]}]},{"@type":"BreadcrumbList","@id":"https:\/\/calculatie.azglorieux.be\/fr\/patients\/informations-generales\/vos-factures-en-ligne-doccle\/#breadcrumb","itemListElement":[{"@type":"ListItem","position":1,"name":"Home","item":"https:\/\/calculatie.azglorieux.be\/fr\/"},{"@type":"ListItem","position":2,"name":"Patients","item":"https:\/\/calculatie.azglorieux.be\/fr\/patients\/"},{"@type":"ListItem","position":3,"name":"Informations g\u00e9n\u00e9rales","item":"https:\/\/calculatie.azglorieux.be\/fr\/patients\/informations-generales\/"},{"@type":"ListItem","position":4,"name":"Vos factures en ligne via Doccle"}]},{"@type":"WebSite","@id":"https:\/\/calculatie.azglorieux.be\/fr\/#website","url":"https:\/\/calculatie.azglorieux.be\/fr\/","name":"azGlorieux","description":"","potentialAction":[{"@type":"SearchAction","target":{"@type":"EntryPoint","urlTemplate":"https:\/\/calculatie.azglorieux.be\/fr\/?s={search_term_string}"},"query-input":"required name=search_term_string"}],"inLanguage":"fr-FR"}]}},"_links":{"self":[{"href":"https:\/\/calculatie.azglorieux.be\/fr\/wp-json\/wp\/v2\/pages\/10323"}],"collection":[{"href":"https:\/\/calculatie.azglorieux.be\/fr\/wp-json\/wp\/v2\/pages"}],"about":[{"href":"https:\/\/calculatie.azglorieux.be\/fr\/wp-json\/wp\/v2\/types\/page"}],"author":[{"embeddable":true,"href":"https:\/\/calculatie.azglorieux.be\/fr\/wp-json\/wp\/v2\/users\/9"}],"replies":[{"embeddable":true,"href":"https:\/\/calculatie.azglorieux.be\/fr\/wp-json\/wp\/v2\/comments?post=10323"}],"version-history":[{"count":11,"href":"https:\/\/calculatie.azglorieux.be\/fr\/wp-json\/wp\/v2\/pages\/10323\/revisions"}],"predecessor-version":[{"id":11103,"href":"https:\/\/calculatie.azglorieux.be\/fr\/wp-json\/wp\/v2\/pages\/10323\/revisions\/11103"}],"up":[{"embeddable":true,"href":"https:\/\/calculatie.azglorieux.be\/fr\/wp-json\/wp\/v2\/pages\/1579"}],"wp:attachment":[{"href":"https:\/\/calculatie.azglorieux.be\/fr\/wp-json\/wp\/v2\/media?parent=10323"}],"curies":[{"name":"wp","href":"https:\/\/api.w.org\/{rel}","templated":true}]}}