{"id":1147,"date":"2020-07-14T12:51:08","date_gmt":"2020-07-14T10:51:08","guid":{"rendered":"https:\/\/calculatie.azglorieux.be\/?page_id=1147"},"modified":"2020-08-12T20:12:32","modified_gmt":"2020-08-12T18:12:32","slug":"hygiene-hospitaliere","status":"publish","type":"page","link":"https:\/\/calculatie.azglorieux.be\/fr\/qualite-et-securite-du-patient\/hygiene-hospitaliere\/","title":{"rendered":"Hygi\u00e8ne hospitali\u00e8re"},"content":{"rendered":"<p>Un h\u00f4pital est un environnement dans lequel de nombreux germes pathologiques peuvent \u00eatre pr\u00e9sents. Les infections contract\u00e9es par les patients \u00e0 la suite d\u2019une hospitalisation et\/ou d\u2019un traitement dans un h\u00f4pital sont appel\u00e9es infections nosocomiales. C\u2019est pourquoi il existe une \u00e9quipe en charge de l\u2019hygi\u00e8ne hospitali\u00e8re au sein du CH\u00a0Glorieux. Cette \u00e9quipe se charge notamment de la pr\u00e9vention des transmissions des micro-organismes, ainsi que de la pr\u00e9vention et de la lutte contre les infections nosocomiales. Nous avons \u00e9galement une politique en mati\u00e8re d\u2019antibiotiques qui vise une utilisation correcte et limit\u00e9e des antibiotiques, et ce, pour une p\u00e9riode aussi courte que possible.<\/p>\n","protected":false},"excerpt":{"rendered":"<p>Un h\u00f4pital est un environnement dans lequel de nombreux germes pathologiques peuvent \u00eatre pr\u00e9sents. Les infections contract\u00e9es par les patients&#8230;<\/p>\n","protected":false},"author":4,"featured_media":4778,"parent":866,"menu_order":0,"comment_status":"closed","ping_status":"closed","template":"","meta":{"_acf_changed":false,"_relevanssi_hide_post":"","_relevanssi_hide_content":"","_relevanssi_pin_for_all":"","_relevanssi_pin_keywords":"","_relevanssi_unpin_keywords":"","_relevanssi_related_keywords":"","_relevanssi_related_include_ids":"","_relevanssi_related_exclude_ids":"","_relevanssi_related_no_append":"","_relevanssi_related_not_related":"","_relevanssi_related_posts":"","_relevanssi_noindex_reason":"","inline_featured_image":false,"_exactmetrics_skip_tracking":false,"_exactmetrics_sitenote_active":false,"_exactmetrics_sitenote_note":"","_exactmetrics_sitenote_category":0,"footnotes":"","_links_to":"","_links_to_target":""},"acf":[],"yoast_head":"<!-- This site is optimized with the Yoast SEO plugin v22.4 - https:\/\/yoast.com\/wordpress\/plugins\/seo\/ -->\n<title>Hygi\u00e8ne hospitali\u00e8re - azGlorieux<\/title>\n<meta name=\"robots\" content=\"noindex, follow, max-snippet:-1, max-image-preview:large, max-video-preview:-1\" \/>\n<meta property=\"og:locale\" content=\"fr_FR\" \/>\n<meta property=\"og:type\" content=\"article\" \/>\n<meta property=\"og:title\" content=\"Hygi\u00e8ne hospitali\u00e8re - azGlorieux\" \/>\n<meta property=\"og:description\" content=\"Un h\u00f4pital est un environnement dans lequel de nombreux germes pathologiques peuvent \u00eatre pr\u00e9sents. Les infections contract\u00e9es par les patients...\" \/>\n<meta property=\"og:url\" content=\"https:\/\/calculatie.azglorieux.be\/fr\/qualite-et-securite-du-patient\/hygiene-hospitaliere\/\" \/>\n<meta property=\"og:site_name\" content=\"azGlorieux\" \/>\n<meta property=\"article:modified_time\" content=\"2020-08-12T18:12:32+00:00\" \/>\n<meta property=\"og:image\" content=\"https:\/\/calculatie.azglorieux.be\/wp-content\/uploads\/2020\/03\/AZG_SITE_INT_STILLS_1.18.1-e1594222379791.jpg\" \/>\n\t<meta property=\"og:image:width\" content=\"2200\" \/>\n\t<meta property=\"og:image:height\" content=\"440\" \/>\n\t<meta property=\"og:image:type\" content=\"image\/jpeg\" \/>\n<meta name=\"twitter:card\" content=\"summary_large_image\" \/>\n<meta name=\"twitter:label1\" content=\"Dur\u00e9e de lecture estim\u00e9e\" \/>\n\t<meta name=\"twitter:data1\" content=\"1 minute\" \/>\n<!-- \/ Yoast SEO plugin. -->","yoast_head_json":{"title":"Hygi\u00e8ne hospitali\u00e8re - azGlorieux","robots":{"index":"noindex","follow":"follow","max-snippet":"max-snippet:-1","max-image-preview":"max-image-preview:large","max-video-preview":"max-video-preview:-1"},"og_locale":"fr_FR","og_type":"article","og_title":"Hygi\u00e8ne hospitali\u00e8re - azGlorieux","og_description":"Un h\u00f4pital est un environnement dans lequel de nombreux germes pathologiques peuvent \u00eatre pr\u00e9sents. Les infections contract\u00e9es par les patients...","og_url":"https:\/\/calculatie.azglorieux.be\/fr\/qualite-et-securite-du-patient\/hygiene-hospitaliere\/","og_site_name":"azGlorieux","article_modified_time":"2020-08-12T18:12:32+00:00","og_image":[{"width":2200,"height":440,"url":"https:\/\/calculatie.azglorieux.be\/wp-content\/uploads\/2020\/03\/AZG_SITE_INT_STILLS_1.18.1-e1594222379791.jpg","type":"image\/jpeg"}],"twitter_card":"summary_large_image","twitter_misc":{"Dur\u00e9e de lecture estim\u00e9e":"1 minute"},"schema":{"@context":"https:\/\/schema.org","@graph":[{"@type":"WebPage","@id":"https:\/\/calculatie.azglorieux.be\/fr\/qualite-et-securite-du-patient\/hygiene-hospitaliere\/","url":"https:\/\/calculatie.azglorieux.be\/fr\/qualite-et-securite-du-patient\/hygiene-hospitaliere\/","name":"Hygi\u00e8ne hospitali\u00e8re - azGlorieux","isPartOf":{"@id":"https:\/\/calculatie.azglorieux.be\/fr\/#website"},"primaryImageOfPage":{"@id":"https:\/\/calculatie.azglorieux.be\/fr\/qualite-et-securite-du-patient\/hygiene-hospitaliere\/#primaryimage"},"image":{"@id":"https:\/\/calculatie.azglorieux.be\/fr\/qualite-et-securite-du-patient\/hygiene-hospitaliere\/#primaryimage"},"thumbnailUrl":"https:\/\/calculatie.azglorieux.be\/wp-content\/uploads\/2020\/03\/AZG_SITE_INT_STILLS_1.18.1-e1594222379791.jpg","datePublished":"2020-07-14T10:51:08+00:00","dateModified":"2020-08-12T18:12:32+00:00","breadcrumb":{"@id":"https:\/\/calculatie.azglorieux.be\/fr\/qualite-et-securite-du-patient\/hygiene-hospitaliere\/#breadcrumb"},"inLanguage":"fr-FR","potentialAction":[{"@type":"ReadAction","target":["https:\/\/calculatie.azglorieux.be\/fr\/qualite-et-securite-du-patient\/hygiene-hospitaliere\/"]}]},{"@type":"ImageObject","inLanguage":"fr-FR","@id":"https:\/\/calculatie.azglorieux.be\/fr\/qualite-et-securite-du-patient\/hygiene-hospitaliere\/#primaryimage","url":"https:\/\/calculatie.azglorieux.be\/wp-content\/uploads\/2020\/03\/AZG_SITE_INT_STILLS_1.18.1-e1594222379791.jpg","contentUrl":"https:\/\/calculatie.azglorieux.be\/wp-content\/uploads\/2020\/03\/AZG_SITE_INT_STILLS_1.18.1-e1594222379791.jpg","width":2200,"height":440},{"@type":"BreadcrumbList","@id":"https:\/\/calculatie.azglorieux.be\/fr\/qualite-et-securite-du-patient\/hygiene-hospitaliere\/#breadcrumb","itemListElement":[{"@type":"ListItem","position":1,"name":"Home","item":"https:\/\/calculatie.azglorieux.be\/fr\/"},{"@type":"ListItem","position":2,"name":"Qualit\u00e9 et s\u00e9curit\u00e9 du patient","item":"https:\/\/calculatie.azglorieux.be\/fr\/qualite-et-securite-du-patient\/"},{"@type":"ListItem","position":3,"name":"Hygi\u00e8ne hospitali\u00e8re"}]},{"@type":"WebSite","@id":"https:\/\/calculatie.azglorieux.be\/fr\/#website","url":"https:\/\/calculatie.azglorieux.be\/fr\/","name":"azGlorieux","description":"","potentialAction":[{"@type":"SearchAction","target":{"@type":"EntryPoint","urlTemplate":"https:\/\/calculatie.azglorieux.be\/fr\/?s={search_term_string}"},"query-input":"required name=search_term_string"}],"inLanguage":"fr-FR"}]}},"_links":{"self":[{"href":"https:\/\/calculatie.azglorieux.be\/fr\/wp-json\/wp\/v2\/pages\/1147"}],"collection":[{"href":"https:\/\/calculatie.azglorieux.be\/fr\/wp-json\/wp\/v2\/pages"}],"about":[{"href":"https:\/\/calculatie.azglorieux.be\/fr\/wp-json\/wp\/v2\/types\/page"}],"author":[{"embeddable":true,"href":"https:\/\/calculatie.azglorieux.be\/fr\/wp-json\/wp\/v2\/users\/4"}],"replies":[{"embeddable":true,"href":"https:\/\/calculatie.azglorieux.be\/fr\/wp-json\/wp\/v2\/comments?post=1147"}],"version-history":[{"count":0,"href":"https:\/\/calculatie.azglorieux.be\/fr\/wp-json\/wp\/v2\/pages\/1147\/revisions"}],"up":[{"embeddable":true,"href":"https:\/\/calculatie.azglorieux.be\/fr\/wp-json\/wp\/v2\/pages\/866"}],"wp:featuredmedia":[{"embeddable":true,"href":"https:\/\/calculatie.azglorieux.be\/fr\/wp-json\/wp\/v2\/media\/4778"}],"wp:attachment":[{"href":"https:\/\/calculatie.azglorieux.be\/fr\/wp-json\/wp\/v2\/media?parent=1147"}],"curies":[{"name":"wp","href":"https:\/\/api.w.org\/{rel}","templated":true}]}}