{"id":1157,"date":"2020-07-14T12:51:08","date_gmt":"2020-07-14T10:51:08","guid":{"rendered":"https:\/\/calculatie.azglorieux.be\/?page_id=1157"},"modified":"2020-10-01T10:07:20","modified_gmt":"2020-10-01T08:07:20","slug":"inspection-des-soins","status":"publish","type":"page","link":"https:\/\/calculatie.azglorieux.be\/fr\/qualite-et-securite-du-patient\/indicateurs-de-qualite\/inspection-des-soins\/","title":{"rendered":"Inspection des soins"},"content":{"rendered":"<p>L\u2019inspection flamande des soins (\u00ab\u00a0Zorginspectie\u00a0\u00bb) effectue des contr\u00f4les de qualit\u00e9 dans les h\u00f4pitaux g\u00e9n\u00e9raux. Lors d\u2019une visite inopin\u00e9e conduite par une \u00e9quipe d\u2019inspecteurs, un contr\u00f4le de la qualit\u00e9 de la prestation quotidienne des soins est effectu\u00e9. Le but est de d\u00e9terminer si elle satisfait \u00e0 un certain nombre de crit\u00e8res et de normes qui sont d\u00e9finies dans les exigences. L\u2019inspection \u00e9num\u00e8re les \u00e9l\u00e9ments \u00e0 am\u00e9liorer par h\u00f4pital apr\u00e8s chaque contr\u00f4le. En fonction de la gravit\u00e9 des manquements, l\u2019inspection peut d\u00e9cider de r\u00e9aliser un nouveau contr\u00f4le pour v\u00e9rifier si l\u2019h\u00f4pital a rem\u00e9di\u00e9 \u00e0 ces derniers.<\/p>\n<p>Lors d\u2019un contr\u00f4le, les trajets de soins sont au centre des pr\u00e9occupations. Il s\u2019agit du trajet qu\u2019un patient doit suivre dans un h\u00f4pital (par exemple, admission aux urgences suivie par un s\u00e9jour en soins intensifs, puis transfert vers un service infirmier classique). En 2018, les trajets de soins cardiaque, chirurgical et interne ont fait l\u2019objet d\u2019une inspection.<\/p>\n<p>Vous pouvez consulter les rapports d\u2019inspection sur le site <a href=\"https:\/\/www.departementwvg.be\/zorginspectie\">www.zorginspectie.be<\/a>.<\/p>\n<p>&nbsp;<\/p>\n","protected":false},"excerpt":{"rendered":"<p>L\u2019inspection flamande des soins (\u00ab\u00a0Zorginspectie\u00a0\u00bb) effectue des contr\u00f4les de qualit\u00e9 dans les h\u00f4pitaux g\u00e9n\u00e9raux. Lors d\u2019une visite inopin\u00e9e conduite par&#8230;<\/p>\n","protected":false},"author":4,"featured_media":0,"parent":893,"menu_order":0,"comment_status":"closed","ping_status":"closed","template":"","meta":{"_acf_changed":false,"_relevanssi_hide_post":"","_relevanssi_hide_content":"","_relevanssi_pin_for_all":"","_relevanssi_pin_keywords":"","_relevanssi_unpin_keywords":"","_relevanssi_related_keywords":"","_relevanssi_related_include_ids":"","_relevanssi_related_exclude_ids":"","_relevanssi_related_no_append":"","_relevanssi_related_not_related":"","_relevanssi_related_posts":"","_relevanssi_noindex_reason":"","inline_featured_image":false,"_exactmetrics_skip_tracking":false,"_exactmetrics_sitenote_active":false,"_exactmetrics_sitenote_note":"","_exactmetrics_sitenote_category":0,"footnotes":"","_links_to":"","_links_to_target":""},"acf":[],"yoast_head":"<!-- This site is optimized with the Yoast SEO plugin v22.4 - https:\/\/yoast.com\/wordpress\/plugins\/seo\/ -->\n<title>Inspection des soins - azGlorieux<\/title>\n<meta name=\"robots\" content=\"noindex, follow, max-snippet:-1, max-image-preview:large, max-video-preview:-1\" \/>\n<meta property=\"og:locale\" content=\"fr_FR\" \/>\n<meta property=\"og:type\" content=\"article\" \/>\n<meta property=\"og:title\" content=\"Inspection des soins - azGlorieux\" \/>\n<meta property=\"og:description\" content=\"L\u2019inspection flamande des soins (\u00ab\u00a0Zorginspectie\u00a0\u00bb) effectue des contr\u00f4les de qualit\u00e9 dans les h\u00f4pitaux g\u00e9n\u00e9raux. Lors d\u2019une visite inopin\u00e9e conduite par...\" \/>\n<meta property=\"og:url\" content=\"https:\/\/calculatie.azglorieux.be\/fr\/qualite-et-securite-du-patient\/indicateurs-de-qualite\/inspection-des-soins\/\" \/>\n<meta property=\"og:site_name\" content=\"azGlorieux\" \/>\n<meta property=\"article:modified_time\" content=\"2020-10-01T08:07:20+00:00\" \/>\n<meta name=\"twitter:card\" content=\"summary_large_image\" \/>\n<meta name=\"twitter:label1\" content=\"Dur\u00e9e de lecture estim\u00e9e\" \/>\n\t<meta name=\"twitter:data1\" content=\"1 minute\" \/>\n<!-- \/ Yoast SEO plugin. -->","yoast_head_json":{"title":"Inspection des soins - azGlorieux","robots":{"index":"noindex","follow":"follow","max-snippet":"max-snippet:-1","max-image-preview":"max-image-preview:large","max-video-preview":"max-video-preview:-1"},"og_locale":"fr_FR","og_type":"article","og_title":"Inspection des soins - azGlorieux","og_description":"L\u2019inspection flamande des soins (\u00ab\u00a0Zorginspectie\u00a0\u00bb) effectue des contr\u00f4les de qualit\u00e9 dans les h\u00f4pitaux g\u00e9n\u00e9raux. Lors d\u2019une visite inopin\u00e9e conduite par...","og_url":"https:\/\/calculatie.azglorieux.be\/fr\/qualite-et-securite-du-patient\/indicateurs-de-qualite\/inspection-des-soins\/","og_site_name":"azGlorieux","article_modified_time":"2020-10-01T08:07:20+00:00","twitter_card":"summary_large_image","twitter_misc":{"Dur\u00e9e de lecture estim\u00e9e":"1 minute"},"schema":{"@context":"https:\/\/schema.org","@graph":[{"@type":"WebPage","@id":"https:\/\/calculatie.azglorieux.be\/fr\/qualite-et-securite-du-patient\/indicateurs-de-qualite\/inspection-des-soins\/","url":"https:\/\/calculatie.azglorieux.be\/fr\/qualite-et-securite-du-patient\/indicateurs-de-qualite\/inspection-des-soins\/","name":"Inspection des soins - azGlorieux","isPartOf":{"@id":"https:\/\/calculatie.azglorieux.be\/fr\/#website"},"datePublished":"2020-07-14T10:51:08+00:00","dateModified":"2020-10-01T08:07:20+00:00","breadcrumb":{"@id":"https:\/\/calculatie.azglorieux.be\/fr\/qualite-et-securite-du-patient\/indicateurs-de-qualite\/inspection-des-soins\/#breadcrumb"},"inLanguage":"fr-FR","potentialAction":[{"@type":"ReadAction","target":["https:\/\/calculatie.azglorieux.be\/fr\/qualite-et-securite-du-patient\/indicateurs-de-qualite\/inspection-des-soins\/"]}]},{"@type":"BreadcrumbList","@id":"https:\/\/calculatie.azglorieux.be\/fr\/qualite-et-securite-du-patient\/indicateurs-de-qualite\/inspection-des-soins\/#breadcrumb","itemListElement":[{"@type":"ListItem","position":1,"name":"Home","item":"https:\/\/calculatie.azglorieux.be\/fr\/"},{"@type":"ListItem","position":2,"name":"Qualit\u00e9 et s\u00e9curit\u00e9 du patient","item":"https:\/\/calculatie.azglorieux.be\/fr\/qualite-et-securite-du-patient\/"},{"@type":"ListItem","position":3,"name":"Indicateurs de qualit\u00e9","item":"https:\/\/calculatie.azglorieux.be\/fr\/qualite-et-securite-du-patient\/indicateurs-de-qualite\/"},{"@type":"ListItem","position":4,"name":"Inspection des soins"}]},{"@type":"WebSite","@id":"https:\/\/calculatie.azglorieux.be\/fr\/#website","url":"https:\/\/calculatie.azglorieux.be\/fr\/","name":"azGlorieux","description":"","potentialAction":[{"@type":"SearchAction","target":{"@type":"EntryPoint","urlTemplate":"https:\/\/calculatie.azglorieux.be\/fr\/?s={search_term_string}"},"query-input":"required name=search_term_string"}],"inLanguage":"fr-FR"}]}},"_links":{"self":[{"href":"https:\/\/calculatie.azglorieux.be\/fr\/wp-json\/wp\/v2\/pages\/1157"}],"collection":[{"href":"https:\/\/calculatie.azglorieux.be\/fr\/wp-json\/wp\/v2\/pages"}],"about":[{"href":"https:\/\/calculatie.azglorieux.be\/fr\/wp-json\/wp\/v2\/types\/page"}],"author":[{"embeddable":true,"href":"https:\/\/calculatie.azglorieux.be\/fr\/wp-json\/wp\/v2\/users\/4"}],"replies":[{"embeddable":true,"href":"https:\/\/calculatie.azglorieux.be\/fr\/wp-json\/wp\/v2\/comments?post=1157"}],"version-history":[{"count":0,"href":"https:\/\/calculatie.azglorieux.be\/fr\/wp-json\/wp\/v2\/pages\/1157\/revisions"}],"up":[{"embeddable":true,"href":"https:\/\/calculatie.azglorieux.be\/fr\/wp-json\/wp\/v2\/pages\/893"}],"wp:attachment":[{"href":"https:\/\/calculatie.azglorieux.be\/fr\/wp-json\/wp\/v2\/media?parent=1157"}],"curies":[{"name":"wp","href":"https:\/\/api.w.org\/{rel}","templated":true}]}}