{"id":1161,"date":"2020-07-14T12:51:08","date_gmt":"2020-07-14T10:51:08","guid":{"rendered":"https:\/\/calculatie.azglorieux.be\/?page_id=1161"},"modified":"2020-07-14T12:51:08","modified_gmt":"2020-07-14T10:51:08","slug":"audits-internes","status":"publish","type":"page","link":"https:\/\/calculatie.azglorieux.be\/fr\/qualite-et-securite-du-patient\/indicateurs-de-qualite\/audits-internes\/","title":{"rendered":"Audits internes"},"content":{"rendered":"<p>Afin d\u2019am\u00e9liorer la qualit\u00e9 et la s\u00e9curit\u00e9 des patients, des traceurs et des rondes de s\u00e9curit\u00e9 ont lieu r\u00e9guli\u00e8rement. Lors d\u2019un traceur ou d\u2019une ronde de s\u00e9curit\u00e9, un contr\u00f4le de l\u2019ensemble des modalit\u00e9s op\u00e9ratoires est effectu\u00e9. Cela concerne notamment les modalit\u00e9s sur l\u2019hygi\u00e8ne hospitali\u00e8re, la gestion des m\u00e9dicaments, l\u2019identification du patient, la documentation dans le dossier patient, la maintenance pr\u00e9ventive des \u00e9quipements m\u00e9dicaux&#8230; Les traceurs ou rondes de s\u00e9curit\u00e9 sensibilisent le personnel soignant et am\u00e9liorent \u00e9galement la qualit\u00e9 et la s\u00e9curit\u00e9 des patients.<\/p>\n","protected":false},"excerpt":{"rendered":"<p>Afin d\u2019am\u00e9liorer la qualit\u00e9 et la s\u00e9curit\u00e9 des patients, des traceurs et des rondes de s\u00e9curit\u00e9 ont lieu r\u00e9guli\u00e8rement. Lors&#8230;<\/p>\n","protected":false},"author":4,"featured_media":0,"parent":893,"menu_order":0,"comment_status":"closed","ping_status":"closed","template":"","meta":{"_acf_changed":false,"_relevanssi_hide_post":"","_relevanssi_hide_content":"","_relevanssi_pin_for_all":"","_relevanssi_pin_keywords":"","_relevanssi_unpin_keywords":"","_relevanssi_related_keywords":"","_relevanssi_related_include_ids":"","_relevanssi_related_exclude_ids":"","_relevanssi_related_no_append":"","_relevanssi_related_not_related":"","_relevanssi_related_posts":"","_relevanssi_noindex_reason":"","inline_featured_image":false,"_exactmetrics_skip_tracking":false,"_exactmetrics_sitenote_active":false,"_exactmetrics_sitenote_note":"","_exactmetrics_sitenote_category":0,"footnotes":"","_links_to":"","_links_to_target":""},"acf":[],"yoast_head":"<!-- This site is optimized with the Yoast SEO plugin v22.4 - https:\/\/yoast.com\/wordpress\/plugins\/seo\/ -->\n<title>Audits internes - azGlorieux<\/title>\n<meta name=\"robots\" content=\"noindex, follow, max-snippet:-1, max-image-preview:large, max-video-preview:-1\" \/>\n<meta property=\"og:locale\" content=\"fr_FR\" \/>\n<meta property=\"og:type\" content=\"article\" \/>\n<meta property=\"og:title\" content=\"Audits internes - azGlorieux\" \/>\n<meta property=\"og:description\" content=\"Afin d\u2019am\u00e9liorer la qualit\u00e9 et la s\u00e9curit\u00e9 des patients, des traceurs et des rondes de s\u00e9curit\u00e9 ont lieu r\u00e9guli\u00e8rement. Lors...\" \/>\n<meta property=\"og:url\" content=\"https:\/\/calculatie.azglorieux.be\/fr\/qualite-et-securite-du-patient\/indicateurs-de-qualite\/audits-internes\/\" \/>\n<meta property=\"og:site_name\" content=\"azGlorieux\" \/>\n<meta name=\"twitter:card\" content=\"summary_large_image\" \/>\n<meta name=\"twitter:label1\" content=\"Dur\u00e9e de lecture estim\u00e9e\" \/>\n\t<meta name=\"twitter:data1\" content=\"1 minute\" \/>\n<!-- \/ Yoast SEO plugin. -->","yoast_head_json":{"title":"Audits internes - azGlorieux","robots":{"index":"noindex","follow":"follow","max-snippet":"max-snippet:-1","max-image-preview":"max-image-preview:large","max-video-preview":"max-video-preview:-1"},"og_locale":"fr_FR","og_type":"article","og_title":"Audits internes - azGlorieux","og_description":"Afin d\u2019am\u00e9liorer la qualit\u00e9 et la s\u00e9curit\u00e9 des patients, des traceurs et des rondes de s\u00e9curit\u00e9 ont lieu r\u00e9guli\u00e8rement. Lors...","og_url":"https:\/\/calculatie.azglorieux.be\/fr\/qualite-et-securite-du-patient\/indicateurs-de-qualite\/audits-internes\/","og_site_name":"azGlorieux","twitter_card":"summary_large_image","twitter_misc":{"Dur\u00e9e de lecture estim\u00e9e":"1 minute"},"schema":{"@context":"https:\/\/schema.org","@graph":[{"@type":"WebPage","@id":"https:\/\/calculatie.azglorieux.be\/fr\/qualite-et-securite-du-patient\/indicateurs-de-qualite\/audits-internes\/","url":"https:\/\/calculatie.azglorieux.be\/fr\/qualite-et-securite-du-patient\/indicateurs-de-qualite\/audits-internes\/","name":"Audits internes - azGlorieux","isPartOf":{"@id":"https:\/\/calculatie.azglorieux.be\/fr\/#website"},"datePublished":"2020-07-14T10:51:08+00:00","dateModified":"2020-07-14T10:51:08+00:00","breadcrumb":{"@id":"https:\/\/calculatie.azglorieux.be\/fr\/qualite-et-securite-du-patient\/indicateurs-de-qualite\/audits-internes\/#breadcrumb"},"inLanguage":"fr-FR","potentialAction":[{"@type":"ReadAction","target":["https:\/\/calculatie.azglorieux.be\/fr\/qualite-et-securite-du-patient\/indicateurs-de-qualite\/audits-internes\/"]}]},{"@type":"BreadcrumbList","@id":"https:\/\/calculatie.azglorieux.be\/fr\/qualite-et-securite-du-patient\/indicateurs-de-qualite\/audits-internes\/#breadcrumb","itemListElement":[{"@type":"ListItem","position":1,"name":"Home","item":"https:\/\/calculatie.azglorieux.be\/fr\/"},{"@type":"ListItem","position":2,"name":"Qualit\u00e9 et s\u00e9curit\u00e9 du patient","item":"https:\/\/calculatie.azglorieux.be\/fr\/qualite-et-securite-du-patient\/"},{"@type":"ListItem","position":3,"name":"Indicateurs de qualit\u00e9","item":"https:\/\/calculatie.azglorieux.be\/fr\/qualite-et-securite-du-patient\/indicateurs-de-qualite\/"},{"@type":"ListItem","position":4,"name":"Audits internes"}]},{"@type":"WebSite","@id":"https:\/\/calculatie.azglorieux.be\/fr\/#website","url":"https:\/\/calculatie.azglorieux.be\/fr\/","name":"azGlorieux","description":"","potentialAction":[{"@type":"SearchAction","target":{"@type":"EntryPoint","urlTemplate":"https:\/\/calculatie.azglorieux.be\/fr\/?s={search_term_string}"},"query-input":"required name=search_term_string"}],"inLanguage":"fr-FR"}]}},"_links":{"self":[{"href":"https:\/\/calculatie.azglorieux.be\/fr\/wp-json\/wp\/v2\/pages\/1161"}],"collection":[{"href":"https:\/\/calculatie.azglorieux.be\/fr\/wp-json\/wp\/v2\/pages"}],"about":[{"href":"https:\/\/calculatie.azglorieux.be\/fr\/wp-json\/wp\/v2\/types\/page"}],"author":[{"embeddable":true,"href":"https:\/\/calculatie.azglorieux.be\/fr\/wp-json\/wp\/v2\/users\/4"}],"replies":[{"embeddable":true,"href":"https:\/\/calculatie.azglorieux.be\/fr\/wp-json\/wp\/v2\/comments?post=1161"}],"version-history":[{"count":0,"href":"https:\/\/calculatie.azglorieux.be\/fr\/wp-json\/wp\/v2\/pages\/1161\/revisions"}],"up":[{"embeddable":true,"href":"https:\/\/calculatie.azglorieux.be\/fr\/wp-json\/wp\/v2\/pages\/893"}],"wp:attachment":[{"href":"https:\/\/calculatie.azglorieux.be\/fr\/wp-json\/wp\/v2\/media?parent=1161"}],"curies":[{"name":"wp","href":"https:\/\/api.w.org\/{rel}","templated":true}]}}