{"id":1165,"date":"2020-07-13T09:02:08","date_gmt":"2020-07-13T07:02:08","guid":{"rendered":"https:\/\/calculatie.azglorieux.be\/?page_id=1165"},"modified":"2020-10-01T10:47:31","modified_gmt":"2020-10-01T08:47:31","slug":"prise-en-charge-securisee","status":"publish","type":"page","link":"https:\/\/calculatie.azglorieux.be\/fr\/qualite-et-securite-du-patient\/securite-du-patient\/prise-en-charge-securisee\/","title":{"rendered":"Prise en charge s\u00e9curis\u00e9e"},"content":{"rendered":"<h4><span style=\"font-size: 14pt;\">QUELQUES CONSEILS&#8230;<\/span><\/h4>\n<h4>Qui \u00eates-vous ?<\/h4>\n<p>Lors de votre inscription au service des admissions, vous recevez un bracelet permettant de vous identifier. Votre nom et votre date de naissance sont notamment mentionn\u00e9s sur le bracelet. Contr\u00f4lez ces donn\u00e9es et notifiez toute inexactitude dans les plus brefs d\u00e9lais. Cela permet de vous identifier \u00e0 tout moment et d\u2019\u00e9viter les m\u00e9prises. Il importe donc que vous portiez votre bracelet d\u2019identification pendant toute la dur\u00e9e de votre hospitalisation. Si le bracelet se d\u00e9tache ou si vous le perdez, informez-en imm\u00e9diatement un membre du personnel infirmier. Vous devez \u00e9galement le pr\u00e9venir si le bracelet devient illisible.<\/p>\n<p>Pendant votre s\u00e9jour, il est possible que nous vous demandions plusieurs fois votre nom et votre date de naissance. Le soignant compare vos informations avec les donn\u00e9es dont il dispose pour les soins pr\u00e9vus. Ce contr\u00f4le a pour but d\u2019\u00e9viter toute erreur. Il s\u2019agit d\u2019une proc\u00e9dure standard dans notre h\u00f4pital. Elle permet de garantir une dispense de soins s\u00e9curis\u00e9e.<\/p>\n<h4>Renseignez le nom des m\u00e9dicaments que vous prenez habituellement et posez des questions si vos m\u00e9dicaments n\u2019ont pas l\u2019apparence que vous leur connaissez.<\/h4>\n<p>Nous voulons savoir quels sont les m\u00e9dicaments que vous prenez, pour que les soins vous soient dispens\u00e9s de mani\u00e8re la plus s\u00fbre possible. D\u00e8s que vous vous rendez \u00e0 l\u2019h\u00f4pital, prenez une liste de tous les m\u00e9dicaments que vous prenez (nom du m\u00e9dicament, dosage et moment de la prise). N\u2019oubliez pas les m\u00e9dicaments non prescrits sur ordonnance, les suppl\u00e9ments, les vitamines, les herbes, etc. Il est \u00e9galement pr\u00e9f\u00e9rable de mentionner les allergies \u00e0 certains m\u00e9dicaments.<\/p>\n<p>Conna\u00eetre la raison pour laquelle vous prenez un m\u00e9dicament sp\u00e9cifique est d\u2019une importance cruciale. Posez donc des questions en cas d\u2019incertitudes, si vos m\u00e9dicaments ne ressemblent pas \u00e0 ceux que vous prenez habituellement, lorsque vous devez prendre plus\/moins de m\u00e9dicaments que d\u2019habitude.<\/p>\n<h4>Osez poser des questions et suivez soigneusement les conseils et les instructions.<\/h4>\n<p>Il est essentiel que vous et votre famille compreniez les d\u00e9tails de votre hospitalisation et que vous soyez impliqu\u00e9(e) dans les soins. Veuillez indiquer s\u2019il y a un \u00e9l\u00e9ment que vous ne comprenez pas, si vous avez des inqui\u00e9tudes ou des doutes. N\u2019h\u00e9sitez pas \u00e0 demander plus d\u2019explications concernant, par exemple, les effets secondaires, les risques encourus ou les alternatives de traitement, etc.<\/p>\n<p>Respectez les accords convenus avec votre soignant concernant votre traitement. Demandez-lui ce qui est possible\/autoris\u00e9 et ce qui ne l\u2019est pas. Demandez davantage d\u2019explications si vous recevez des avis contradictoires. Ne rentrez pas chez vous si vous avez de nombreuses questions rest\u00e9es sans r\u00e9ponse. Lorsque vous quittez l\u2019h\u00f4pital, veillez \u00e0 \u00eatre parfaitement inform\u00e9(e) au sujet de votre situation. Demandez \u00e0 qui vous pouvez vous adresser si vous avez des questions une fois rentr\u00e9(e) chez vous.<\/p>\n<h4>\u00c9vitez les chutes<\/h4>\n<p>Le risque de chute lors d\u2019une hospitalisation est plus important qu\u2019\u00e0 domicile. <a href=\"https:\/\/calculatie.azglorieux.be\/fr\/qualite-et-securite-du-patient\/securite-du-patient\/prevention-des-chutes\/\">D\u00e9couvrez<\/a> comment vous pouvez \u00e9viter les chutes.<\/p>\n<h4>\u00c9vitez les infections<\/h4>\n<p>\u00cates-vous (ou avez-vous \u00e9t\u00e9) porteur d\u2019un germe multir\u00e9sistant (SARM, etc.), aussi connu sous le nom de bact\u00e9rie nosocomiale ? Travaillez-vous ou vivez-vous dans une entreprise d\u2019\u00e9levage (porcs ou veaux d\u2019engraissement) ? Informez-en le m\u00e9decin et l\u2019infirmi\u00e8re lors de votre prise en charge. Il est en effet possible que vous soyez porteur d\u2019un SARM ou d\u2019un autre germe r\u00e9sistant \u00e0 plusieurs antibiotiques. Nous voulons ainsi \u00e9viter la diffusion de la bact\u00e9rie dans l\u2019h\u00f4pital ainsi que les infections difficilement traitables aupr\u00e8s de certains patients (fragilis\u00e9s). Veuillez \u00e9galement le mentionner apr\u00e8s chaque consultation. <a href=\"https:\/\/calculatie.azglorieux.be\/fr\/qualite-et-securite-du-patient\/securite-du-patient\/hygiene-des-mains\/\">D\u00e9couvrez<\/a>&#8230;<\/p>\n<h4>Laissez vos bijoux et piercings chez vous<\/h4>\n<p>Les bijoux et piercings doivent \u00eatre retir\u00e9s pour les interventions. De cette fa\u00e7on, nous voulons non seulement \u00e9viter qu\u2019ils soient perdus, mais aussi qu\u2019ils causent des probl\u00e8mes qui pourraient avoir des cons\u00e9quences sur votre sant\u00e9. Pendant certains examens, les bijoux et piercings peuvent provoquer des br\u00fblures, compliquer la pose \u00e9ventuelle d\u2019une sonde endotrach\u00e9ale ou se d\u00e9tacher et s\u2019introduire dans la trach\u00e9e.<\/p>\n<h4>Transmettez toutes les informations concernant votre \u00e9tat de sant\u00e9<\/h4>\n<p>Pr\u00e9parez-vous correctement pour l\u2019entretien avec votre prestataire de soins. Vous pouvez proc\u00e9der en r\u00e9digeant vos questions \u00e0 l\u2019avance. Pendant l\u2019entretien, dites \u00e0 votre soignant comment vous vous sentez et n\u2019oubliez pas de lui faire part de toute information qui pourrait \u00eatre utile pour votre prise en charge. Vous n\u2019avez aucune crainte \u00e0 avoir\u00a0: toutes les informations sont trait\u00e9es en toute confidentialit\u00e9. Indiquez clairement \u00e0 votre soignant quelles sont vos attentes envers lui et informez-le si la r\u00e9alit\u00e9 ne correspond pas \u00e0 vos attentes.<\/p>\n<h4>Veillez \u00e0 avoir les mains propres<\/h4>\n<p>Une bonne hygi\u00e8ne des mains est la meilleure mani\u00e8re de limiter la propagation de germes et d\u2019infections nosocomiales. Les recommandations suivantes sont valables pour toutes les personnes qui travaillent dans l\u2019h\u00f4pital, mais aussi pour les patients et les visiteurs\u00a0: lavez-vous les mains (apr\u00e8s un passage aux toilettes, par exemple) et utilisez les distributeurs de gel hydroalcoolique disponibles. Demandez \u00e0 vos visiteurs d\u2019en faire autant lorsqu\u2019ils arrivent \u00e0 l\u2019h\u00f4pital et lorsqu\u2019ils le quittent. Les m\u00e9decins, soignants et autres collaborateurs de l\u2019h\u00f4pital doivent aussi respecter les r\u00e8gles. N\u2019h\u00e9sitez pas \u00e0 les interpeller si vous pensez que ce n\u2019est pas le cas.<\/p>\n<h4>\u00c9vitez la perte d\u2019objets personnels\u00a0:<\/h4>\n<p>Objets essentiels (par exemple\u00a0: dentier, lunettes, appareil auditif&#8230;)\u00a0:<\/p>\n<ul>\n<li>utilisez les r\u00e9cipients pr\u00e9vus \u00e0 cet effet (par exemple\u00a0: bo\u00eete blanche pour dentier, etc.).<\/li>\n<li>Faites-en la demande si vous ne les avez pas re\u00e7us.<\/li>\n<\/ul>\n<p>Objets non essentiels (par exemple\u00a0: argent, bijoux&#8230;)\u00a0:<\/p>\n<ul>\n<li>n\u2019emportez pas d\u2019objets de valeur \u00e0 l\u2019h\u00f4pital.<\/li>\n<li>Si c\u2019est quand m\u00eame le cas, faites en sorte qu\u2019ils puissent quitter l\u2019h\u00f4pital au plus vite.<\/li>\n<li>Utilisez le coffre pr\u00e9sent (\u00e9ventuellement) dans la chambre ou \u00e0 l\u2019accueil.<\/li>\n<\/ul>\n","protected":false},"excerpt":{"rendered":"<p>QUELQUES CONSEILS&#8230; Qui \u00eates-vous ? Lors de votre inscription au service des admissions, vous recevez un bracelet permettant de vous&#8230;<\/p>\n","protected":false},"author":4,"featured_media":0,"parent":1151,"menu_order":0,"comment_status":"closed","ping_status":"closed","template":"","meta":{"_acf_changed":false,"_relevanssi_hide_post":"","_relevanssi_hide_content":"","_relevanssi_pin_for_all":"","_relevanssi_pin_keywords":"","_relevanssi_unpin_keywords":"","_relevanssi_related_keywords":"","_relevanssi_related_include_ids":"","_relevanssi_related_exclude_ids":"","_relevanssi_related_no_append":"","_relevanssi_related_not_related":"","_relevanssi_related_posts":"","_relevanssi_noindex_reason":"","inline_featured_image":false,"_exactmetrics_skip_tracking":false,"_exactmetrics_sitenote_active":false,"_exactmetrics_sitenote_note":"","_exactmetrics_sitenote_category":0,"footnotes":"","_links_to":"","_links_to_target":""},"acf":[],"yoast_head":"<!-- This site is optimized with the Yoast SEO plugin v22.4 - https:\/\/yoast.com\/wordpress\/plugins\/seo\/ -->\n<title>Prise en charge s\u00e9curis\u00e9e - azGlorieux<\/title>\n<meta name=\"robots\" content=\"noindex, follow, max-snippet:-1, max-image-preview:large, max-video-preview:-1\" \/>\n<meta property=\"og:locale\" content=\"fr_FR\" \/>\n<meta property=\"og:type\" content=\"article\" \/>\n<meta property=\"og:title\" content=\"Prise en charge s\u00e9curis\u00e9e - azGlorieux\" \/>\n<meta property=\"og:description\" content=\"QUELQUES CONSEILS&#8230; Qui \u00eates-vous ? Lors de votre inscription au service des admissions, vous recevez un bracelet permettant de vous...\" \/>\n<meta property=\"og:url\" content=\"https:\/\/calculatie.azglorieux.be\/fr\/qualite-et-securite-du-patient\/securite-du-patient\/prise-en-charge-securisee\/\" \/>\n<meta property=\"og:site_name\" content=\"azGlorieux\" \/>\n<meta property=\"article:modified_time\" content=\"2020-10-01T08:47:31+00:00\" \/>\n<meta name=\"twitter:card\" content=\"summary_large_image\" \/>\n<meta name=\"twitter:label1\" content=\"Dur\u00e9e de lecture estim\u00e9e\" \/>\n\t<meta name=\"twitter:data1\" content=\"5 minutes\" \/>\n<!-- \/ Yoast SEO plugin. -->","yoast_head_json":{"title":"Prise en charge s\u00e9curis\u00e9e - azGlorieux","robots":{"index":"noindex","follow":"follow","max-snippet":"max-snippet:-1","max-image-preview":"max-image-preview:large","max-video-preview":"max-video-preview:-1"},"og_locale":"fr_FR","og_type":"article","og_title":"Prise en charge s\u00e9curis\u00e9e - azGlorieux","og_description":"QUELQUES CONSEILS&#8230; Qui \u00eates-vous ? Lors de votre inscription au service des admissions, vous recevez un bracelet permettant de vous...","og_url":"https:\/\/calculatie.azglorieux.be\/fr\/qualite-et-securite-du-patient\/securite-du-patient\/prise-en-charge-securisee\/","og_site_name":"azGlorieux","article_modified_time":"2020-10-01T08:47:31+00:00","twitter_card":"summary_large_image","twitter_misc":{"Dur\u00e9e de lecture estim\u00e9e":"5 minutes"},"schema":{"@context":"https:\/\/schema.org","@graph":[{"@type":"WebPage","@id":"https:\/\/calculatie.azglorieux.be\/fr\/qualite-et-securite-du-patient\/securite-du-patient\/prise-en-charge-securisee\/","url":"https:\/\/calculatie.azglorieux.be\/fr\/qualite-et-securite-du-patient\/securite-du-patient\/prise-en-charge-securisee\/","name":"Prise en charge s\u00e9curis\u00e9e - azGlorieux","isPartOf":{"@id":"https:\/\/calculatie.azglorieux.be\/fr\/#website"},"datePublished":"2020-07-13T07:02:08+00:00","dateModified":"2020-10-01T08:47:31+00:00","breadcrumb":{"@id":"https:\/\/calculatie.azglorieux.be\/fr\/qualite-et-securite-du-patient\/securite-du-patient\/prise-en-charge-securisee\/#breadcrumb"},"inLanguage":"fr-FR","potentialAction":[{"@type":"ReadAction","target":["https:\/\/calculatie.azglorieux.be\/fr\/qualite-et-securite-du-patient\/securite-du-patient\/prise-en-charge-securisee\/"]}]},{"@type":"BreadcrumbList","@id":"https:\/\/calculatie.azglorieux.be\/fr\/qualite-et-securite-du-patient\/securite-du-patient\/prise-en-charge-securisee\/#breadcrumb","itemListElement":[{"@type":"ListItem","position":1,"name":"Home","item":"https:\/\/calculatie.azglorieux.be\/fr\/"},{"@type":"ListItem","position":2,"name":"Qualit\u00e9 et s\u00e9curit\u00e9 du patient","item":"https:\/\/calculatie.azglorieux.be\/fr\/qualite-et-securite-du-patient\/"},{"@type":"ListItem","position":3,"name":"S\u00e9curit\u00e9 du patient","item":"https:\/\/calculatie.azglorieux.be\/fr\/qualite-et-securite-du-patient\/securite-du-patient\/"},{"@type":"ListItem","position":4,"name":"Prise en charge s\u00e9curis\u00e9e"}]},{"@type":"WebSite","@id":"https:\/\/calculatie.azglorieux.be\/fr\/#website","url":"https:\/\/calculatie.azglorieux.be\/fr\/","name":"azGlorieux","description":"","potentialAction":[{"@type":"SearchAction","target":{"@type":"EntryPoint","urlTemplate":"https:\/\/calculatie.azglorieux.be\/fr\/?s={search_term_string}"},"query-input":"required name=search_term_string"}],"inLanguage":"fr-FR"}]}},"_links":{"self":[{"href":"https:\/\/calculatie.azglorieux.be\/fr\/wp-json\/wp\/v2\/pages\/1165"}],"collection":[{"href":"https:\/\/calculatie.azglorieux.be\/fr\/wp-json\/wp\/v2\/pages"}],"about":[{"href":"https:\/\/calculatie.azglorieux.be\/fr\/wp-json\/wp\/v2\/types\/page"}],"author":[{"embeddable":true,"href":"https:\/\/calculatie.azglorieux.be\/fr\/wp-json\/wp\/v2\/users\/4"}],"replies":[{"embeddable":true,"href":"https:\/\/calculatie.azglorieux.be\/fr\/wp-json\/wp\/v2\/comments?post=1165"}],"version-history":[{"count":0,"href":"https:\/\/calculatie.azglorieux.be\/fr\/wp-json\/wp\/v2\/pages\/1165\/revisions"}],"up":[{"embeddable":true,"href":"https:\/\/calculatie.azglorieux.be\/fr\/wp-json\/wp\/v2\/pages\/1151"}],"wp:attachment":[{"href":"https:\/\/calculatie.azglorieux.be\/fr\/wp-json\/wp\/v2\/media?parent=1165"}],"curies":[{"name":"wp","href":"https:\/\/api.w.org\/{rel}","templated":true}]}}