{"id":1169,"date":"2020-07-14T08:14:03","date_gmt":"2020-07-14T06:14:03","guid":{"rendered":"https:\/\/calculatie.azglorieux.be\/?page_id=1169"},"modified":"2020-10-01T11:07:31","modified_gmt":"2020-10-01T09:07:31","slug":"prevention-des-chutes","status":"publish","type":"page","link":"https:\/\/calculatie.azglorieux.be\/fr\/qualite-et-securite-du-patient\/securite-du-patient\/prevention-des-chutes\/","title":{"rendered":"Pr\u00e9vention des chutes"},"content":{"rendered":"<img loading=\"lazy\" decoding=\"async\" class=\"wp-image-5744 alignright\" src=\"https:\/\/calculatie.azglorieux.be\/wp-content\/uploads\/2020\/10\/DSC_0208-300x450.jpg\" alt=\"\" width=\"133\" height=\"200\" srcset=\"https:\/\/calculatie.azglorieux.be\/wp-content\/uploads\/2020\/10\/DSC_0208-300x450.jpg 300w, https:\/\/calculatie.azglorieux.be\/wp-content\/uploads\/2020\/10\/DSC_0208-683x1024.jpg 683w, https:\/\/calculatie.azglorieux.be\/wp-content\/uploads\/2020\/10\/DSC_0208-768x1152.jpg 768w, https:\/\/calculatie.azglorieux.be\/wp-content\/uploads\/2020\/10\/DSC_0208-1024x1536.jpg 1024w, https:\/\/calculatie.azglorieux.be\/wp-content\/uploads\/2020\/10\/DSC_0208-1365x2048.jpg 1365w, https:\/\/calculatie.azglorieux.be\/wp-content\/uploads\/2020\/10\/DSC_0208-scaled.jpg 1707w\" sizes=\"(max-width: 133px) 100vw, 133px\" \/>\n<p>Les difficult\u00e9s physiques, l\u2019utilisation de m\u00e9dicaments, le s\u00e9jour dans un lieu inconnu&#8230; Pendant une hospitalisation, le risque de chute est plus important qu\u2019au domicile. Nous faisons tout notre possible pour prendre ce point en consid\u00e9ration. Si vous \u00eates hospitalis\u00e9(e) suite \u00e0 une chute ou que vous \u00eates particuli\u00e8rement \u00e0 risque, nous \u00e9valuons ensemble ce risque pendant votre s\u00e9jour. Si ce n\u2019est pas possible pendant votre hospitalisation, vous \u00eates invit\u00e9(e) \u00e0 revenir \u00e0 l\u2019h\u00f4pital de jour afin que nous puissions mieux \u00e9valuer et aborder ce probl\u00e8me sp\u00e9cifique. La probl\u00e9matique des chutes est \u00e9voqu\u00e9e avec vous et nous effectuons quelques tests.<\/p>\n<p>En g\u00e9riatrie, des s\u00e9ances d\u2019informations hebdomadaires sont organis\u00e9es sur le th\u00e8me de la pr\u00e9vention des chutes.<\/p>\n<p><strong><span style=\"font-size: 14pt; color: #008000;\">Les r\u00e8gles ci-dessous<\/span><\/strong> sont conseill\u00e9es pour \u00e9viter les chutes\u00a0:<\/p>\n<p><strong>Informez votre soignant ou m\u00e9decin si vous \u00eates (presque) tomb\u00e9(e) r\u00e9cemment.<\/strong><\/p>\n<p><strong>Faites en sorte de disposer de tout ce dont vous avez besoin \u00e0 port\u00e9e de main<\/strong><\/p>\n<ul>\n<li>Mettez vos lunettes et autres objets utiles \u00e0 port\u00e9e de main, afin de ne pas avoir \u00e0 tendre la main.<\/li>\n<li>Accrochez le syst\u00e8me d\u2019appel (sonnette) pr\u00e8s de vous et apprenez \u00e0 l\u2019utiliser<\/li>\n<li>Ne laissez tra\u00eener aucun objet<\/li>\n<\/ul>\n<p><strong>Portez des chaussures et v\u00eatements adapt\u00e9s<\/strong><\/p>\n<ul>\n<li>Portez toujours des chaussures \u00e0 votre taille, sans talons et avec une semelle antid\u00e9rapante.<\/li>\n<li>Ne courez pas \u00e0 pieds nus ou en chaussettes.<\/li>\n<li>Portez des v\u00eatements faciles qui ne glissent pas.<\/li>\n<\/ul>\n<p><strong>Assurez-vous que l\u2019\u00e9clairage soit satisfaisant<\/strong><\/p>\n<ul>\n<li>Allumez toujours la lumi\u00e8re si vous devez vous lever la nuit.<\/li>\n<\/ul>\n<p><strong>Levez-vous doucement<\/strong><\/p>\n<ul>\n<li>pour \u00e9viter les vertiges.<\/li>\n<li>Informez-en le soignant si vous \u00eates ou avez \u00e9t\u00e9 pris de vertiges.<\/li>\n<li>Penchez toujours vers l\u2019avant si vous devez vous lever.<\/li>\n<\/ul>\n<p><strong>Utilisez des aides, cherchez des appuis<\/strong><\/p>\n<ul>\n<li>Demandez des aides \u00e0 la marche (b\u00e9quille\/d\u00e9ambulateur).<\/li>\n<li>Agrippez uniquement des objets qui ne peuvent pas rouler ou glisser.<\/li>\n<li>Contr\u00f4lez que les roulettes du fauteuil roulant, du fauteuil et du lit sont bloqu\u00e9es.<\/li>\n<\/ul>\n<p><strong>Mentionnez la pr\u00e9sence d\u2019obstacles<\/strong><\/p>\n<ul>\n<li>Mentionnez la pr\u00e9sence d\u2019obstacles ainsi que les sols mouill\u00e9s ou glissants.<\/li>\n<\/ul>\n<p><strong>Demandez de l\u2019aide<\/strong><\/p>\n<ul>\n<li>N\u2019h\u00e9sitez pas \u00e0 demander l\u2019aide pour monter et descendre du lit, ainsi que pour la marche (surtout la nuit).<\/li>\n<\/ul>\n","protected":false},"excerpt":{"rendered":"<p>Les difficult\u00e9s physiques, l\u2019utilisation de m\u00e9dicaments, le s\u00e9jour dans un lieu inconnu&#8230; Pendant une hospitalisation, le risque de chute est&#8230;<\/p>\n","protected":false},"author":4,"featured_media":0,"parent":1151,"menu_order":0,"comment_status":"closed","ping_status":"closed","template":"","meta":{"_acf_changed":false,"_relevanssi_hide_post":"","_relevanssi_hide_content":"","_relevanssi_pin_for_all":"","_relevanssi_pin_keywords":"","_relevanssi_unpin_keywords":"","_relevanssi_related_keywords":"","_relevanssi_related_include_ids":"","_relevanssi_related_exclude_ids":"","_relevanssi_related_no_append":"","_relevanssi_related_not_related":"","_relevanssi_related_posts":"","_relevanssi_noindex_reason":"","inline_featured_image":false,"_exactmetrics_skip_tracking":false,"_exactmetrics_sitenote_active":false,"_exactmetrics_sitenote_note":"","_exactmetrics_sitenote_category":0,"footnotes":"","_links_to":"","_links_to_target":""},"acf":[],"yoast_head":"<!-- This site is optimized with the Yoast SEO plugin v22.4 - https:\/\/yoast.com\/wordpress\/plugins\/seo\/ -->\n<title>Pr\u00e9vention des chutes - azGlorieux<\/title>\n<meta name=\"robots\" content=\"noindex, follow, max-snippet:-1, max-image-preview:large, max-video-preview:-1\" \/>\n<meta property=\"og:locale\" content=\"fr_FR\" \/>\n<meta property=\"og:type\" content=\"article\" \/>\n<meta property=\"og:title\" content=\"Pr\u00e9vention des chutes - azGlorieux\" \/>\n<meta property=\"og:description\" content=\"Les difficult\u00e9s physiques, l\u2019utilisation de m\u00e9dicaments, le s\u00e9jour dans un lieu inconnu&#8230; Pendant une hospitalisation, le risque de chute est...\" \/>\n<meta property=\"og:url\" content=\"https:\/\/calculatie.azglorieux.be\/fr\/qualite-et-securite-du-patient\/securite-du-patient\/prevention-des-chutes\/\" \/>\n<meta property=\"og:site_name\" content=\"azGlorieux\" \/>\n<meta property=\"article:modified_time\" content=\"2020-10-01T09:07:31+00:00\" \/>\n<meta property=\"og:image\" content=\"https:\/\/calculatie.azglorieux.be\/wp-content\/uploads\/2020\/10\/DSC_0208-300x450.jpg\" \/>\n<meta name=\"twitter:card\" content=\"summary_large_image\" \/>\n<meta name=\"twitter:label1\" content=\"Dur\u00e9e de lecture estim\u00e9e\" \/>\n\t<meta name=\"twitter:data1\" content=\"2 minutes\" \/>\n<!-- \/ Yoast SEO plugin. -->","yoast_head_json":{"title":"Pr\u00e9vention des chutes - azGlorieux","robots":{"index":"noindex","follow":"follow","max-snippet":"max-snippet:-1","max-image-preview":"max-image-preview:large","max-video-preview":"max-video-preview:-1"},"og_locale":"fr_FR","og_type":"article","og_title":"Pr\u00e9vention des chutes - azGlorieux","og_description":"Les difficult\u00e9s physiques, l\u2019utilisation de m\u00e9dicaments, le s\u00e9jour dans un lieu inconnu&#8230; Pendant une hospitalisation, le risque de chute est...","og_url":"https:\/\/calculatie.azglorieux.be\/fr\/qualite-et-securite-du-patient\/securite-du-patient\/prevention-des-chutes\/","og_site_name":"azGlorieux","article_modified_time":"2020-10-01T09:07:31+00:00","og_image":[{"url":"https:\/\/calculatie.azglorieux.be\/wp-content\/uploads\/2020\/10\/DSC_0208-300x450.jpg"}],"twitter_card":"summary_large_image","twitter_misc":{"Dur\u00e9e de lecture estim\u00e9e":"2 minutes"},"schema":{"@context":"https:\/\/schema.org","@graph":[{"@type":"WebPage","@id":"https:\/\/calculatie.azglorieux.be\/fr\/qualite-et-securite-du-patient\/securite-du-patient\/prevention-des-chutes\/","url":"https:\/\/calculatie.azglorieux.be\/fr\/qualite-et-securite-du-patient\/securite-du-patient\/prevention-des-chutes\/","name":"Pr\u00e9vention des chutes - azGlorieux","isPartOf":{"@id":"https:\/\/calculatie.azglorieux.be\/fr\/#website"},"primaryImageOfPage":{"@id":"https:\/\/calculatie.azglorieux.be\/fr\/qualite-et-securite-du-patient\/securite-du-patient\/prevention-des-chutes\/#primaryimage"},"image":{"@id":"https:\/\/calculatie.azglorieux.be\/fr\/qualite-et-securite-du-patient\/securite-du-patient\/prevention-des-chutes\/#primaryimage"},"thumbnailUrl":"https:\/\/calculatie.azglorieux.be\/wp-content\/uploads\/2020\/10\/DSC_0208-300x450.jpg","datePublished":"2020-07-14T06:14:03+00:00","dateModified":"2020-10-01T09:07:31+00:00","breadcrumb":{"@id":"https:\/\/calculatie.azglorieux.be\/fr\/qualite-et-securite-du-patient\/securite-du-patient\/prevention-des-chutes\/#breadcrumb"},"inLanguage":"fr-FR","potentialAction":[{"@type":"ReadAction","target":["https:\/\/calculatie.azglorieux.be\/fr\/qualite-et-securite-du-patient\/securite-du-patient\/prevention-des-chutes\/"]}]},{"@type":"ImageObject","inLanguage":"fr-FR","@id":"https:\/\/calculatie.azglorieux.be\/fr\/qualite-et-securite-du-patient\/securite-du-patient\/prevention-des-chutes\/#primaryimage","url":"https:\/\/calculatie.azglorieux.be\/wp-content\/uploads\/2020\/10\/DSC_0208-300x450.jpg","contentUrl":"https:\/\/calculatie.azglorieux.be\/wp-content\/uploads\/2020\/10\/DSC_0208-300x450.jpg"},{"@type":"BreadcrumbList","@id":"https:\/\/calculatie.azglorieux.be\/fr\/qualite-et-securite-du-patient\/securite-du-patient\/prevention-des-chutes\/#breadcrumb","itemListElement":[{"@type":"ListItem","position":1,"name":"Home","item":"https:\/\/calculatie.azglorieux.be\/fr\/"},{"@type":"ListItem","position":2,"name":"Qualit\u00e9 et s\u00e9curit\u00e9 du patient","item":"https:\/\/calculatie.azglorieux.be\/fr\/qualite-et-securite-du-patient\/"},{"@type":"ListItem","position":3,"name":"S\u00e9curit\u00e9 du patient","item":"https:\/\/calculatie.azglorieux.be\/fr\/qualite-et-securite-du-patient\/securite-du-patient\/"},{"@type":"ListItem","position":4,"name":"Pr\u00e9vention des chutes"}]},{"@type":"WebSite","@id":"https:\/\/calculatie.azglorieux.be\/fr\/#website","url":"https:\/\/calculatie.azglorieux.be\/fr\/","name":"azGlorieux","description":"","potentialAction":[{"@type":"SearchAction","target":{"@type":"EntryPoint","urlTemplate":"https:\/\/calculatie.azglorieux.be\/fr\/?s={search_term_string}"},"query-input":"required name=search_term_string"}],"inLanguage":"fr-FR"}]}},"_links":{"self":[{"href":"https:\/\/calculatie.azglorieux.be\/fr\/wp-json\/wp\/v2\/pages\/1169"}],"collection":[{"href":"https:\/\/calculatie.azglorieux.be\/fr\/wp-json\/wp\/v2\/pages"}],"about":[{"href":"https:\/\/calculatie.azglorieux.be\/fr\/wp-json\/wp\/v2\/types\/page"}],"author":[{"embeddable":true,"href":"https:\/\/calculatie.azglorieux.be\/fr\/wp-json\/wp\/v2\/users\/4"}],"replies":[{"embeddable":true,"href":"https:\/\/calculatie.azglorieux.be\/fr\/wp-json\/wp\/v2\/comments?post=1169"}],"version-history":[{"count":0,"href":"https:\/\/calculatie.azglorieux.be\/fr\/wp-json\/wp\/v2\/pages\/1169\/revisions"}],"up":[{"embeddable":true,"href":"https:\/\/calculatie.azglorieux.be\/fr\/wp-json\/wp\/v2\/pages\/1151"}],"wp:attachment":[{"href":"https:\/\/calculatie.azglorieux.be\/fr\/wp-json\/wp\/v2\/media?parent=1169"}],"curies":[{"name":"wp","href":"https:\/\/api.w.org\/{rel}","templated":true}]}}