{"id":1173,"date":"2020-07-13T09:02:08","date_gmt":"2020-07-13T07:02:08","guid":{"rendered":"https:\/\/calculatie.azglorieux.be\/?page_id=1173"},"modified":"2024-05-30T09:13:13","modified_gmt":"2024-05-30T07:13:13","slug":"hygiene-des-mains","status":"publish","type":"page","link":"https:\/\/calculatie.azglorieux.be\/fr\/qualite-et-securite-du-patient\/securite-du-patient\/hygiene-des-mains\/","title":{"rendered":"Hygi\u00e8ne des mains"},"content":{"rendered":"<p>Une bonne hygi\u00e8ne des mains est un moyen tr\u00e8s efficace et peu co\u00fbteux de lutter contre la propagation des infections nosocomiales.<br \/>\nApr\u00e8s tout, nos mains sont porteuses de millions de microbes. La plupart sont inoffensifs, mais quelques-uns peuvent \u00eatre dangereux. Si les mains du personnel soignant ne sont pas propres pendant les soins aux patients, des microbes pathog\u00e8nes peuvent \u00eatre transmis. Avant que le soignant ne s&rsquo;approche de vous, vous pouvez tr\u00e8s poliment lui rappeler l&rsquo;importance d&rsquo;une bonne hygi\u00e8ne des mains.<br \/>\nUne bonne hygi\u00e8ne des mains n&rsquo;est pas seulement b\u00e9n\u00e9fique pour le prestataire de soins, mais aussi pour vous, en tant que patient ou visiteur. Vous aussi pouvez transmettre des agents pathog\u00e8nes \u00e0 d&rsquo;autres personnes par l&rsquo;interm\u00e9diaire de vos mains.<br \/>\nVous trouverez ci-dessous plus d&rsquo;informations sur la technique d&rsquo;une bonne hygi\u00e8ne des mains par le lavage et la d\u00e9sinfection des mains :<\/p>\n<h3>Comment se laver les mains \u00e0 l\u2019eau et au savon\u00a0?<\/h3>\n<p>Dur\u00e9e\u00a0: 30 \u00e0 60\u00a0 secondes<\/p>\n<img loading=\"lazy\" decoding=\"async\" class=\"alignnone  wp-image-11447\" src=\"https:\/\/calculatie.azglorieux.be\/wp-content\/uploads\/2024\/05\/Handygiene-ZORG-beeldA-wassen_FR-333x450.png\" alt=\"\" width=\"740\" height=\"1000\" srcset=\"https:\/\/calculatie.azglorieux.be\/wp-content\/uploads\/2024\/05\/Handygiene-ZORG-beeldA-wassen_FR-333x450.png 333w, https:\/\/calculatie.azglorieux.be\/wp-content\/uploads\/2024\/05\/Handygiene-ZORG-beeldA-wassen_FR-758x1024.png 758w, https:\/\/calculatie.azglorieux.be\/wp-content\/uploads\/2024\/05\/Handygiene-ZORG-beeldA-wassen_FR-768x1037.png 768w, https:\/\/calculatie.azglorieux.be\/wp-content\/uploads\/2024\/05\/Handygiene-ZORG-beeldA-wassen_FR-1138x1536.png 1138w, https:\/\/calculatie.azglorieux.be\/wp-content\/uploads\/2024\/05\/Handygiene-ZORG-beeldA-wassen_FR-1517x2048.png 1517w\" sizes=\"(max-width: 740px) 100vw, 740px\" \/>\n<h3>Comment se d\u00e9sinfecter les mains au gel hydroalcoolique\u00a0?<\/h3>\n<p>Dur\u00e9e\u00a0: 25 \u00e0 30 secondes<\/p>\n<img loading=\"lazy\" decoding=\"async\" class=\"alignnone  wp-image-11450\" src=\"https:\/\/calculatie.azglorieux.be\/wp-content\/uploads\/2024\/05\/Handygiene-ZORG-beeldB-alcoholgel_FR-360x450.png\" alt=\"\" width=\"740\" height=\"925\" srcset=\"https:\/\/calculatie.azglorieux.be\/wp-content\/uploads\/2024\/05\/Handygiene-ZORG-beeldB-alcoholgel_FR-360x450.png 360w, https:\/\/calculatie.azglorieux.be\/wp-content\/uploads\/2024\/05\/Handygiene-ZORG-beeldB-alcoholgel_FR-819x1024.png 819w, https:\/\/calculatie.azglorieux.be\/wp-content\/uploads\/2024\/05\/Handygiene-ZORG-beeldB-alcoholgel_FR-768x960.png 768w, https:\/\/calculatie.azglorieux.be\/wp-content\/uploads\/2024\/05\/Handygiene-ZORG-beeldB-alcoholgel_FR-1229x1536.png 1229w, https:\/\/calculatie.azglorieux.be\/wp-content\/uploads\/2024\/05\/Handygiene-ZORG-beeldB-alcoholgel_FR-1638x2048.png 1638w\" sizes=\"(max-width: 740px) 100vw, 740px\" \/>\n","protected":false},"excerpt":{"rendered":"<p>Une bonne hygi\u00e8ne des mains est un moyen tr\u00e8s efficace et peu co\u00fbteux de lutter contre la propagation des infections&#8230;<\/p>\n","protected":false},"author":4,"featured_media":0,"parent":1151,"menu_order":0,"comment_status":"closed","ping_status":"closed","template":"","meta":{"_acf_changed":false,"_relevanssi_hide_post":"","_relevanssi_hide_content":"","_relevanssi_pin_for_all":"","_relevanssi_pin_keywords":"","_relevanssi_unpin_keywords":"","_relevanssi_related_keywords":"","_relevanssi_related_include_ids":"","_relevanssi_related_exclude_ids":"","_relevanssi_related_no_append":"","_relevanssi_related_not_related":"","_relevanssi_related_posts":"","_relevanssi_noindex_reason":"","inline_featured_image":false,"_exactmetrics_skip_tracking":false,"_exactmetrics_sitenote_active":false,"_exactmetrics_sitenote_note":"","_exactmetrics_sitenote_category":0,"footnotes":"","_links_to":"","_links_to_target":""},"acf":[],"yoast_head":"<!-- This site is optimized with the Yoast SEO plugin v22.4 - https:\/\/yoast.com\/wordpress\/plugins\/seo\/ -->\n<title>Hygi\u00e8ne des mains - azGlorieux<\/title>\n<meta name=\"robots\" content=\"noindex, follow, max-snippet:-1, max-image-preview:large, max-video-preview:-1\" \/>\n<meta property=\"og:locale\" content=\"fr_FR\" \/>\n<meta property=\"og:type\" content=\"article\" \/>\n<meta property=\"og:title\" content=\"Hygi\u00e8ne des mains - azGlorieux\" \/>\n<meta property=\"og:description\" content=\"Une bonne hygi\u00e8ne des mains est un moyen tr\u00e8s efficace et peu co\u00fbteux de lutter contre la propagation des infections...\" \/>\n<meta property=\"og:url\" content=\"https:\/\/calculatie.azglorieux.be\/fr\/qualite-et-securite-du-patient\/securite-du-patient\/hygiene-des-mains\/\" \/>\n<meta property=\"og:site_name\" content=\"azGlorieux\" \/>\n<meta property=\"article:modified_time\" content=\"2024-05-30T07:13:13+00:00\" \/>\n<meta property=\"og:image\" content=\"https:\/\/calculatie.azglorieux.be\/wp-content\/uploads\/2024\/05\/Handygiene-ZORG-beeldA-wassen_FR-333x450.png\" \/>\n<meta name=\"twitter:card\" content=\"summary_large_image\" \/>\n<meta name=\"twitter:label1\" content=\"Dur\u00e9e de lecture estim\u00e9e\" \/>\n\t<meta name=\"twitter:data1\" content=\"2 minutes\" \/>\n<!-- \/ Yoast SEO plugin. -->","yoast_head_json":{"title":"Hygi\u00e8ne des mains - azGlorieux","robots":{"index":"noindex","follow":"follow","max-snippet":"max-snippet:-1","max-image-preview":"max-image-preview:large","max-video-preview":"max-video-preview:-1"},"og_locale":"fr_FR","og_type":"article","og_title":"Hygi\u00e8ne des mains - azGlorieux","og_description":"Une bonne hygi\u00e8ne des mains est un moyen tr\u00e8s efficace et peu co\u00fbteux de lutter contre la propagation des infections...","og_url":"https:\/\/calculatie.azglorieux.be\/fr\/qualite-et-securite-du-patient\/securite-du-patient\/hygiene-des-mains\/","og_site_name":"azGlorieux","article_modified_time":"2024-05-30T07:13:13+00:00","og_image":[{"url":"https:\/\/calculatie.azglorieux.be\/wp-content\/uploads\/2024\/05\/Handygiene-ZORG-beeldA-wassen_FR-333x450.png"}],"twitter_card":"summary_large_image","twitter_misc":{"Dur\u00e9e de lecture estim\u00e9e":"2 minutes"},"schema":{"@context":"https:\/\/schema.org","@graph":[{"@type":"WebPage","@id":"https:\/\/calculatie.azglorieux.be\/fr\/qualite-et-securite-du-patient\/securite-du-patient\/hygiene-des-mains\/","url":"https:\/\/calculatie.azglorieux.be\/fr\/qualite-et-securite-du-patient\/securite-du-patient\/hygiene-des-mains\/","name":"Hygi\u00e8ne des mains - azGlorieux","isPartOf":{"@id":"https:\/\/calculatie.azglorieux.be\/fr\/#website"},"primaryImageOfPage":{"@id":"https:\/\/calculatie.azglorieux.be\/fr\/qualite-et-securite-du-patient\/securite-du-patient\/hygiene-des-mains\/#primaryimage"},"image":{"@id":"https:\/\/calculatie.azglorieux.be\/fr\/qualite-et-securite-du-patient\/securite-du-patient\/hygiene-des-mains\/#primaryimage"},"thumbnailUrl":"https:\/\/calculatie.azglorieux.be\/wp-content\/uploads\/2024\/05\/Handygiene-ZORG-beeldA-wassen_FR-333x450.png","datePublished":"2020-07-13T07:02:08+00:00","dateModified":"2024-05-30T07:13:13+00:00","breadcrumb":{"@id":"https:\/\/calculatie.azglorieux.be\/fr\/qualite-et-securite-du-patient\/securite-du-patient\/hygiene-des-mains\/#breadcrumb"},"inLanguage":"fr-FR","potentialAction":[{"@type":"ReadAction","target":["https:\/\/calculatie.azglorieux.be\/fr\/qualite-et-securite-du-patient\/securite-du-patient\/hygiene-des-mains\/"]}]},{"@type":"ImageObject","inLanguage":"fr-FR","@id":"https:\/\/calculatie.azglorieux.be\/fr\/qualite-et-securite-du-patient\/securite-du-patient\/hygiene-des-mains\/#primaryimage","url":"https:\/\/calculatie.azglorieux.be\/wp-content\/uploads\/2024\/05\/Handygiene-ZORG-beeldA-wassen_FR-333x450.png","contentUrl":"https:\/\/calculatie.azglorieux.be\/wp-content\/uploads\/2024\/05\/Handygiene-ZORG-beeldA-wassen_FR-333x450.png"},{"@type":"BreadcrumbList","@id":"https:\/\/calculatie.azglorieux.be\/fr\/qualite-et-securite-du-patient\/securite-du-patient\/hygiene-des-mains\/#breadcrumb","itemListElement":[{"@type":"ListItem","position":1,"name":"Home","item":"https:\/\/calculatie.azglorieux.be\/fr\/"},{"@type":"ListItem","position":2,"name":"Qualit\u00e9 et s\u00e9curit\u00e9 du patient","item":"https:\/\/calculatie.azglorieux.be\/fr\/qualite-et-securite-du-patient\/"},{"@type":"ListItem","position":3,"name":"S\u00e9curit\u00e9 du patient","item":"https:\/\/calculatie.azglorieux.be\/fr\/qualite-et-securite-du-patient\/securite-du-patient\/"},{"@type":"ListItem","position":4,"name":"Hygi\u00e8ne des mains"}]},{"@type":"WebSite","@id":"https:\/\/calculatie.azglorieux.be\/fr\/#website","url":"https:\/\/calculatie.azglorieux.be\/fr\/","name":"azGlorieux","description":"","potentialAction":[{"@type":"SearchAction","target":{"@type":"EntryPoint","urlTemplate":"https:\/\/calculatie.azglorieux.be\/fr\/?s={search_term_string}"},"query-input":"required name=search_term_string"}],"inLanguage":"fr-FR"}]}},"_links":{"self":[{"href":"https:\/\/calculatie.azglorieux.be\/fr\/wp-json\/wp\/v2\/pages\/1173"}],"collection":[{"href":"https:\/\/calculatie.azglorieux.be\/fr\/wp-json\/wp\/v2\/pages"}],"about":[{"href":"https:\/\/calculatie.azglorieux.be\/fr\/wp-json\/wp\/v2\/types\/page"}],"author":[{"embeddable":true,"href":"https:\/\/calculatie.azglorieux.be\/fr\/wp-json\/wp\/v2\/users\/4"}],"replies":[{"embeddable":true,"href":"https:\/\/calculatie.azglorieux.be\/fr\/wp-json\/wp\/v2\/comments?post=1173"}],"version-history":[{"count":4,"href":"https:\/\/calculatie.azglorieux.be\/fr\/wp-json\/wp\/v2\/pages\/1173\/revisions"}],"predecessor-version":[{"id":11453,"href":"https:\/\/calculatie.azglorieux.be\/fr\/wp-json\/wp\/v2\/pages\/1173\/revisions\/11453"}],"up":[{"embeddable":true,"href":"https:\/\/calculatie.azglorieux.be\/fr\/wp-json\/wp\/v2\/pages\/1151"}],"wp:attachment":[{"href":"https:\/\/calculatie.azglorieux.be\/fr\/wp-json\/wp\/v2\/media?parent=1173"}],"curies":[{"name":"wp","href":"https:\/\/api.w.org\/{rel}","templated":true}]}}