{"id":1177,"date":"2020-07-14T08:14:03","date_gmt":"2020-07-14T06:14:03","guid":{"rendered":"https:\/\/calculatie.azglorieux.be\/?page_id=1177"},"modified":"2020-10-01T11:12:55","modified_gmt":"2020-10-01T09:12:55","slug":"mesures-restrictives-de-liberte","status":"publish","type":"page","link":"https:\/\/calculatie.azglorieux.be\/fr\/qualite-et-securite-du-patient\/securite-du-patient\/mesures-restrictives-de-liberte\/","title":{"rendered":"Mesures restrictives de libert\u00e9"},"content":{"rendered":"<h3><strong>De quoi s\u2019agit-il\u00a0? <\/strong><\/h3>\n<p>Les mesures restrictives de libert\u00e9 sont toutes les mesures (th\u00e9rapeutiques) qui imposent une limitation de la libert\u00e9 de choix et\/ou de mouvement et\/ou le contact avec le monde ext\u00e9rieur du patient, y compris les limitations en termes de contact avec le monde ext\u00e9rieur.<\/p>\n<p>Les mesures privatives de libert\u00e9 sont toutes les mesures qui imposent une limitation de la libert\u00e9 de mouvement du patient, en le pla\u00e7ant dans une pi\u00e8ce dont la porte est ferm\u00e9e (= salle d\u2019isolement ou salle s\u00e9par\u00e9e) ou en recourant \u00e0 des moyens de contention (mat\u00e9riel ou m\u00e9dicaments). L\u2019isolement est le s\u00e9jour d\u2019un patient dans une salle d\u2019isolement individuelle sp\u00e9cialement pr\u00e9vue \u00e0 cet effet (dans un autre espace individuel), que le patient ne peut pas quitter sans \u00eatre accompagn\u00e9.<\/p>\n<p>La contention est une manipulation ou l\u2019utilisation de mat\u00e9riel ou de m\u00e9dicaments qui limitent, emp\u00eachent ou entravent la libert\u00e9 de mouvement d\u2019une personne. Ladite personne ne peut pas retrouver sa libert\u00e9 de mouvement sans assistance. La contention est possible de trois mani\u00e8res\u00a0: intervention physique, contention m\u00e9canique et contention m\u00e9dicamenteuse.<\/p>\n<h3><strong>Pourquoi\u00a0?<\/strong><\/h3>\n<p>Dans la <a href=\"https:\/\/calculatie.azglorieux.be\/fr\/a-propos-du-ch-glorieux\/proposition\/\">d\u00e9claration de mission de l\u2019ASBL Werken Glorieux VZW<\/a>, nous pouvons lire :<\/p>\n<p><em>\u00ab\u00a0Chaque contact avec les patients, les r\u00e9sidents ou les enfants qui b\u00e9n\u00e9ficient de soins dans nos institutions est un t\u00e9moignage de la consid\u00e9ration totale que nous avons pour chaque individu.\u00a0\u00bb<\/em><\/p>\n<p>Sur la base de nos valeurs, la politique en mati\u00e8re de mesures restrictives et privatives de libert\u00e9 est la suivante\u00a0:<\/p>\n<p>La libert\u00e9 des patients est limit\u00e9e pour des raisons de s\u00e9curit\u00e9 pour le patient lui-m\u00eame et\/ou pour les autres. On citera par exemple la pr\u00e9vention de l\u2019automutilation, les chutes ou le fait de blesser des tiers. Cela inclut \u00e9galement la protection des moyens th\u00e9rapeutiques, tel que la pr\u00e9vention des dommages caus\u00e9s aux tubes, sondes ou cath\u00e9ters dans le cadre d\u2019une th\u00e9rapie vitale pour le patient.<\/p>\n<p>Une deuxi\u00e8me raison de l\u2019application de mesures restrictives de libert\u00e9 est de contenir un comportement perturbateur. Quelques exemples de comportements perturbateurs\u00a0: errance, fuites, d\u00e9ambulations, agitation motrice, agression (envers soi-m\u00eame, les autres ou l\u2019environnement [mat\u00e9riel, etc.]).<\/p>\n<p>Une mesure restrictive de libert\u00e9 ne doit <u>jamais<\/u> \u00eatre utilis\u00e9e pour sanctionner ou pour faire face aux probl\u00e8mes de personnel.<\/p>\n<h3><strong>Vision<\/strong><\/h3>\n<p>Au CH Glorieux, nous souhaitons <em>limiter les contentions<\/em>. La privation ou restriction de libert\u00e9 doit toujours \u00eatre consid\u00e9r\u00e9e comme une mesure exceptionnelle.<\/p>\n<p>Si nous devons recourir \u00e0 une mesure restrictive de libert\u00e9, celle-ci doit \u00eatre appliqu\u00e9e pour un d\u00e9lai aussi court que possible moyennant une r\u00e9\u00e9valuation r\u00e9guli\u00e8re de la situation.<\/p>\n<p>Les patients et leur famille\/leurs proches sont toujours impliqu\u00e9s lorsqu\u2019il est question de recourir \u00e0 des mesures restrictives de libert\u00e9.<\/p>\n","protected":false},"excerpt":{"rendered":"<p>De quoi s\u2019agit-il\u00a0? Les mesures restrictives de libert\u00e9 sont toutes les mesures (th\u00e9rapeutiques) qui imposent une limitation de la libert\u00e9&#8230;<\/p>\n","protected":false},"author":4,"featured_media":0,"parent":1151,"menu_order":0,"comment_status":"closed","ping_status":"closed","template":"","meta":{"_acf_changed":false,"_relevanssi_hide_post":"","_relevanssi_hide_content":"","_relevanssi_pin_for_all":"","_relevanssi_pin_keywords":"","_relevanssi_unpin_keywords":"","_relevanssi_related_keywords":"","_relevanssi_related_include_ids":"","_relevanssi_related_exclude_ids":"","_relevanssi_related_no_append":"","_relevanssi_related_not_related":"","_relevanssi_related_posts":"","_relevanssi_noindex_reason":"","inline_featured_image":false,"_exactmetrics_skip_tracking":false,"_exactmetrics_sitenote_active":false,"_exactmetrics_sitenote_note":"","_exactmetrics_sitenote_category":0,"footnotes":"","_links_to":"","_links_to_target":""},"acf":[],"yoast_head":"<!-- This site is optimized with the Yoast SEO plugin v22.4 - https:\/\/yoast.com\/wordpress\/plugins\/seo\/ -->\n<title>Mesures restrictives de libert\u00e9 - azGlorieux<\/title>\n<meta name=\"robots\" content=\"noindex, follow, max-snippet:-1, max-image-preview:large, max-video-preview:-1\" \/>\n<meta property=\"og:locale\" content=\"fr_FR\" \/>\n<meta property=\"og:type\" content=\"article\" \/>\n<meta property=\"og:title\" content=\"Mesures restrictives de libert\u00e9 - azGlorieux\" \/>\n<meta property=\"og:description\" content=\"De quoi s\u2019agit-il\u00a0? Les mesures restrictives de libert\u00e9 sont toutes les mesures (th\u00e9rapeutiques) qui imposent une limitation de la libert\u00e9...\" \/>\n<meta property=\"og:url\" content=\"https:\/\/calculatie.azglorieux.be\/fr\/qualite-et-securite-du-patient\/securite-du-patient\/mesures-restrictives-de-liberte\/\" \/>\n<meta property=\"og:site_name\" content=\"azGlorieux\" \/>\n<meta property=\"article:modified_time\" content=\"2020-10-01T09:12:55+00:00\" \/>\n<meta name=\"twitter:card\" content=\"summary_large_image\" \/>\n<meta name=\"twitter:label1\" content=\"Dur\u00e9e de lecture estim\u00e9e\" \/>\n\t<meta name=\"twitter:data1\" content=\"2 minutes\" \/>\n<!-- \/ Yoast SEO plugin. -->","yoast_head_json":{"title":"Mesures restrictives de libert\u00e9 - azGlorieux","robots":{"index":"noindex","follow":"follow","max-snippet":"max-snippet:-1","max-image-preview":"max-image-preview:large","max-video-preview":"max-video-preview:-1"},"og_locale":"fr_FR","og_type":"article","og_title":"Mesures restrictives de libert\u00e9 - azGlorieux","og_description":"De quoi s\u2019agit-il\u00a0? Les mesures restrictives de libert\u00e9 sont toutes les mesures (th\u00e9rapeutiques) qui imposent une limitation de la libert\u00e9...","og_url":"https:\/\/calculatie.azglorieux.be\/fr\/qualite-et-securite-du-patient\/securite-du-patient\/mesures-restrictives-de-liberte\/","og_site_name":"azGlorieux","article_modified_time":"2020-10-01T09:12:55+00:00","twitter_card":"summary_large_image","twitter_misc":{"Dur\u00e9e de lecture estim\u00e9e":"2 minutes"},"schema":{"@context":"https:\/\/schema.org","@graph":[{"@type":"WebPage","@id":"https:\/\/calculatie.azglorieux.be\/fr\/qualite-et-securite-du-patient\/securite-du-patient\/mesures-restrictives-de-liberte\/","url":"https:\/\/calculatie.azglorieux.be\/fr\/qualite-et-securite-du-patient\/securite-du-patient\/mesures-restrictives-de-liberte\/","name":"Mesures restrictives de libert\u00e9 - azGlorieux","isPartOf":{"@id":"https:\/\/calculatie.azglorieux.be\/fr\/#website"},"datePublished":"2020-07-14T06:14:03+00:00","dateModified":"2020-10-01T09:12:55+00:00","breadcrumb":{"@id":"https:\/\/calculatie.azglorieux.be\/fr\/qualite-et-securite-du-patient\/securite-du-patient\/mesures-restrictives-de-liberte\/#breadcrumb"},"inLanguage":"fr-FR","potentialAction":[{"@type":"ReadAction","target":["https:\/\/calculatie.azglorieux.be\/fr\/qualite-et-securite-du-patient\/securite-du-patient\/mesures-restrictives-de-liberte\/"]}]},{"@type":"BreadcrumbList","@id":"https:\/\/calculatie.azglorieux.be\/fr\/qualite-et-securite-du-patient\/securite-du-patient\/mesures-restrictives-de-liberte\/#breadcrumb","itemListElement":[{"@type":"ListItem","position":1,"name":"Home","item":"https:\/\/calculatie.azglorieux.be\/fr\/"},{"@type":"ListItem","position":2,"name":"Qualit\u00e9 et s\u00e9curit\u00e9 du patient","item":"https:\/\/calculatie.azglorieux.be\/fr\/qualite-et-securite-du-patient\/"},{"@type":"ListItem","position":3,"name":"S\u00e9curit\u00e9 du patient","item":"https:\/\/calculatie.azglorieux.be\/fr\/qualite-et-securite-du-patient\/securite-du-patient\/"},{"@type":"ListItem","position":4,"name":"Mesures restrictives de libert\u00e9"}]},{"@type":"WebSite","@id":"https:\/\/calculatie.azglorieux.be\/fr\/#website","url":"https:\/\/calculatie.azglorieux.be\/fr\/","name":"azGlorieux","description":"","potentialAction":[{"@type":"SearchAction","target":{"@type":"EntryPoint","urlTemplate":"https:\/\/calculatie.azglorieux.be\/fr\/?s={search_term_string}"},"query-input":"required name=search_term_string"}],"inLanguage":"fr-FR"}]}},"_links":{"self":[{"href":"https:\/\/calculatie.azglorieux.be\/fr\/wp-json\/wp\/v2\/pages\/1177"}],"collection":[{"href":"https:\/\/calculatie.azglorieux.be\/fr\/wp-json\/wp\/v2\/pages"}],"about":[{"href":"https:\/\/calculatie.azglorieux.be\/fr\/wp-json\/wp\/v2\/types\/page"}],"author":[{"embeddable":true,"href":"https:\/\/calculatie.azglorieux.be\/fr\/wp-json\/wp\/v2\/users\/4"}],"replies":[{"embeddable":true,"href":"https:\/\/calculatie.azglorieux.be\/fr\/wp-json\/wp\/v2\/comments?post=1177"}],"version-history":[{"count":0,"href":"https:\/\/calculatie.azglorieux.be\/fr\/wp-json\/wp\/v2\/pages\/1177\/revisions"}],"up":[{"embeddable":true,"href":"https:\/\/calculatie.azglorieux.be\/fr\/wp-json\/wp\/v2\/pages\/1151"}],"wp:attachment":[{"href":"https:\/\/calculatie.azglorieux.be\/fr\/wp-json\/wp\/v2\/media?parent=1177"}],"curies":[{"name":"wp","href":"https:\/\/api.w.org\/{rel}","templated":true}]}}