{"id":1443,"date":"2020-07-14T11:13:52","date_gmt":"2020-07-14T09:13:52","guid":{"rendered":"https:\/\/calculatie.azglorieux.be\/?page_id=1443"},"modified":"2020-08-28T09:21:29","modified_gmt":"2020-08-28T07:21:29","slug":"copie-du-dossier-medical","status":"publish","type":"page","link":"https:\/\/calculatie.azglorieux.be\/fr\/patients\/service-de-mediation\/copie-du-dossier-medical\/","title":{"rendered":"Copie du dossier m\u00e9dical"},"content":{"rendered":"<p>La loi du 22\u00a0ao\u00fbt 2002 relative aux droits du patient pr\u00e9voit que les patients ont le droit d\u2019obtenir une copie de leur dossier m\u00e9dical. Il existe plusieurs possibilit\u00e9s pour l\u2019obtenir\u00a0:<\/p>\n<h3><strong>A. Consultez votre dossier\u00a0 sur Internet et\/ou via l\u2019appli<\/strong><\/h3>\n<p>Vous pouvez consulter votre dossier m\u00e9dical en ligne sur le site s\u00e9curis\u00e9 <a href=\"http:\/\/www.mynexuzhealth.be\/\">www.mynexuzhealth.be<\/a> et sur l\u2019\u00a0appli via votre smartphone.<\/p>\n<ul>\n<li><a href=\"https:\/\/play.google.com\/store\/apps\/details?id=be.nexuzhealth.mobile.mynexuz\">T\u00e9l\u00e9chargez l\u2019appli pour Android<\/a><\/li>\n<li><a href=\"https:\/\/apps.apple.com\/be\/app\/mynexuzhealth\/id1459856321?l=nl\">T\u00e9l\u00e9chargez l\u2019appli pour iOS<\/a><\/li>\n<\/ul>\n<p>Via mynexuzhealth, vous pouvez consulter en ligne notamment les comptes rendus d\u2019examens, de radiographies, de consultations, d\u2019hospitalisations, de mesures des fonctions ou de r\u00e9sultats de laboratoire. Attention\u00a0: les comptes rendus sont disponibles apr\u00e8s un d\u00e9lai de 7\u00a0jours, \u00e0 compter de la validation par le m\u00e9decin.<\/p>\n<p><strong>ATTENTION\u00a0!<\/strong> Seuls les comptes rendus \u00e9tablis par le CH\u00a0Glorieux \u00a0apr\u00e8s le 01\/05\/2017 sont disponibles via <a href=\"http:\/\/www.mynexuzhealth.be\/\">www.mynexuzhealth.be<\/a>. Afin d\u2019obtenir des informations ant\u00e9rieures \u00e0 cette date, vous devez suivre les \u00e9tapes suivantes pour demander une copie de votre dossier.<\/p>\n<h3><strong>B<\/strong><strong>. <\/strong><strong> Contactez votre m\u00e9decin traitant<\/strong><\/h3>\n<p>Votre m\u00e9decin dispose des comptes rendus des interventions au CH\u00a0Glorieux. Vous pouvez \u00e9galement vous adresser \u00e0 lui\/elle pour obtenir une copie.<\/p>\n<h3><strong>C. Demande \u00e9crite d\u2019obtention de copie des donn\u00e9es issues d\u2019un dossier patient<\/strong><strong>\u00a0<\/strong><\/h3>\n<p>En utilisant les documents suivants, vous pouvez demander \u00a0une copie\/une consultation de\u00a0 votre dossier m\u00e9dical aupr\u00e8s du service de m\u00e9diation.<\/p>\n<ul>\n<li><a href=\"https:\/\/calculatie.azglorieux.be\/wp-content\/uploads\/2020\/08\/Bijlage_algemene-voorwaarden-procedure-verzoek-medisch-afschrift_FR.pdf\">T\u00e9l\u00e9chargez le document PDF avec les conditions g\u00e9n\u00e9rales concernant la proc\u00e9dure de demande de copie de dossier m\u00e9dical<\/a><\/li>\n<li><a href=\"https:\/\/calculatie.azglorieux.be\/wp-content\/uploads\/2020\/08\/Bijlage_verzoek-tot-afschrift_FR.pdf\">T\u00e9l\u00e9chargez le document PDF de demande de copie<\/a><\/li>\n<\/ul>\n<p>Vous pouvez adresser votre demande de diff\u00e9rentes mani\u00e8res\u00a0:<\/p>\n<ol>\n<li>vous envoyez le formulaire rempli et sign\u00e9 accompagn\u00e9 d\u2019une copie de votre carte d\u2019identit\u00e9 au CH\u00a0Glorieux, Glorieuxlaan\u00a055, 9600 Renaix, \u00e0 l\u2019attention du service de m\u00e9diation\u00a0;<\/li>\n<li>vous l\u2019envoyez par e-mail \u00e0\u00a0: <a href=\"mailto:ombudsdienst@azglorieux.be\">ombudsdienst@azglorieux.be<\/a>\u00a0;<\/li>\n<li>vous la d\u00e9posez \u00e0 l\u2019accueil du CH\u00a0Glorieux \u00e0 Renaix.<\/li>\n<\/ol>\n<p><strong><u>Attention\u00a0<\/u><\/strong>: le CH\u00a0Glorieux met tout en \u0153uvre pour traiter au plus vite votre demande de copie. La loi relative aux droits du patient a d\u00e9fini un <strong>un d\u00e9lai maximum de 15\u00a0jours (\u00e0 compter de la r\u00e9ception de votre demande)<\/strong> pour qu\u2019il soit donn\u00e9 suite \u00e0 votre demande.<\/p>\n<p>Pour toute question\/demande d\u2019informations suppl\u00e9mentaire, vous pouvez contacter le service de m\u00e9diation du CH\u00a0Glorieux par t\u00e9l\u00e9phone au +32\u00a055\u00a023\u00a030\u00a030 ou par e-mail \u00e0 <a href=\"mailto:ombudsdienst@azglorieux.be\">ombudsdienst@azglorieux.be<\/a>.<\/p>\n","protected":false},"excerpt":{"rendered":"<p>La loi du 22\u00a0ao\u00fbt 2002 relative aux droits du patient pr\u00e9voit que les patients ont le droit d\u2019obtenir une copie&#8230;<\/p>\n","protected":false},"author":4,"featured_media":4776,"parent":920,"menu_order":0,"comment_status":"closed","ping_status":"closed","template":"","meta":{"_acf_changed":false,"_relevanssi_hide_post":"","_relevanssi_hide_content":"","_relevanssi_pin_for_all":"","_relevanssi_pin_keywords":"","_relevanssi_unpin_keywords":"","_relevanssi_related_keywords":"","_relevanssi_related_include_ids":"","_relevanssi_related_exclude_ids":"","_relevanssi_related_no_append":"","_relevanssi_related_not_related":"","_relevanssi_related_posts":"","_relevanssi_noindex_reason":"","inline_featured_image":false,"_exactmetrics_skip_tracking":false,"_exactmetrics_sitenote_active":false,"_exactmetrics_sitenote_note":"","_exactmetrics_sitenote_category":0,"footnotes":"","_links_to":"","_links_to_target":""},"acf":[],"yoast_head":"<!-- This site is optimized with the Yoast SEO plugin v22.4 - https:\/\/yoast.com\/wordpress\/plugins\/seo\/ -->\n<title>Copie du dossier m\u00e9dical - azGlorieux<\/title>\n<meta name=\"robots\" content=\"noindex, follow, max-snippet:-1, max-image-preview:large, max-video-preview:-1\" \/>\n<meta property=\"og:locale\" content=\"fr_FR\" \/>\n<meta property=\"og:type\" content=\"article\" \/>\n<meta property=\"og:title\" content=\"Copie du dossier m\u00e9dical - azGlorieux\" \/>\n<meta property=\"og:description\" content=\"La loi du 22\u00a0ao\u00fbt 2002 relative aux droits du patient pr\u00e9voit que les patients ont le droit d\u2019obtenir une copie...\" \/>\n<meta property=\"og:url\" content=\"https:\/\/calculatie.azglorieux.be\/fr\/patients\/service-de-mediation\/copie-du-dossier-medical\/\" \/>\n<meta property=\"og:site_name\" content=\"azGlorieux\" \/>\n<meta property=\"article:modified_time\" content=\"2020-08-28T07:21:29+00:00\" \/>\n<meta property=\"og:image\" content=\"https:\/\/calculatie.azglorieux.be\/wp-content\/uploads\/2020\/03\/AZG_SITE_INT_STILLS_1.16.1.jpg\" \/>\n\t<meta property=\"og:image:width\" content=\"2200\" \/>\n\t<meta property=\"og:image:height\" content=\"485\" \/>\n\t<meta property=\"og:image:type\" content=\"image\/jpeg\" \/>\n<meta name=\"twitter:card\" content=\"summary_large_image\" \/>\n<meta name=\"twitter:label1\" content=\"Dur\u00e9e de lecture estim\u00e9e\" \/>\n\t<meta name=\"twitter:data1\" content=\"2 minutes\" \/>\n<!-- \/ Yoast SEO plugin. -->","yoast_head_json":{"title":"Copie du dossier m\u00e9dical - azGlorieux","robots":{"index":"noindex","follow":"follow","max-snippet":"max-snippet:-1","max-image-preview":"max-image-preview:large","max-video-preview":"max-video-preview:-1"},"og_locale":"fr_FR","og_type":"article","og_title":"Copie du dossier m\u00e9dical - azGlorieux","og_description":"La loi du 22\u00a0ao\u00fbt 2002 relative aux droits du patient pr\u00e9voit que les patients ont le droit d\u2019obtenir une copie...","og_url":"https:\/\/calculatie.azglorieux.be\/fr\/patients\/service-de-mediation\/copie-du-dossier-medical\/","og_site_name":"azGlorieux","article_modified_time":"2020-08-28T07:21:29+00:00","og_image":[{"width":2200,"height":485,"url":"https:\/\/calculatie.azglorieux.be\/wp-content\/uploads\/2020\/03\/AZG_SITE_INT_STILLS_1.16.1.jpg","type":"image\/jpeg"}],"twitter_card":"summary_large_image","twitter_misc":{"Dur\u00e9e de lecture estim\u00e9e":"2 minutes"},"schema":{"@context":"https:\/\/schema.org","@graph":[{"@type":"WebPage","@id":"https:\/\/calculatie.azglorieux.be\/fr\/patients\/service-de-mediation\/copie-du-dossier-medical\/","url":"https:\/\/calculatie.azglorieux.be\/fr\/patients\/service-de-mediation\/copie-du-dossier-medical\/","name":"Copie du dossier m\u00e9dical - azGlorieux","isPartOf":{"@id":"https:\/\/calculatie.azglorieux.be\/fr\/#website"},"primaryImageOfPage":{"@id":"https:\/\/calculatie.azglorieux.be\/fr\/patients\/service-de-mediation\/copie-du-dossier-medical\/#primaryimage"},"image":{"@id":"https:\/\/calculatie.azglorieux.be\/fr\/patients\/service-de-mediation\/copie-du-dossier-medical\/#primaryimage"},"thumbnailUrl":"https:\/\/calculatie.azglorieux.be\/wp-content\/uploads\/2020\/03\/AZG_SITE_INT_STILLS_1.16.1.jpg","datePublished":"2020-07-14T09:13:52+00:00","dateModified":"2020-08-28T07:21:29+00:00","breadcrumb":{"@id":"https:\/\/calculatie.azglorieux.be\/fr\/patients\/service-de-mediation\/copie-du-dossier-medical\/#breadcrumb"},"inLanguage":"fr-FR","potentialAction":[{"@type":"ReadAction","target":["https:\/\/calculatie.azglorieux.be\/fr\/patients\/service-de-mediation\/copie-du-dossier-medical\/"]}]},{"@type":"ImageObject","inLanguage":"fr-FR","@id":"https:\/\/calculatie.azglorieux.be\/fr\/patients\/service-de-mediation\/copie-du-dossier-medical\/#primaryimage","url":"https:\/\/calculatie.azglorieux.be\/wp-content\/uploads\/2020\/03\/AZG_SITE_INT_STILLS_1.16.1.jpg","contentUrl":"https:\/\/calculatie.azglorieux.be\/wp-content\/uploads\/2020\/03\/AZG_SITE_INT_STILLS_1.16.1.jpg","width":2200,"height":485},{"@type":"BreadcrumbList","@id":"https:\/\/calculatie.azglorieux.be\/fr\/patients\/service-de-mediation\/copie-du-dossier-medical\/#breadcrumb","itemListElement":[{"@type":"ListItem","position":1,"name":"Home","item":"https:\/\/calculatie.azglorieux.be\/fr\/"},{"@type":"ListItem","position":2,"name":"Patients","item":"https:\/\/calculatie.azglorieux.be\/fr\/patients\/"},{"@type":"ListItem","position":3,"name":"Service de m\u00e9diation","item":"https:\/\/calculatie.azglorieux.be\/fr\/patients\/service-de-mediation\/"},{"@type":"ListItem","position":4,"name":"Copie du dossier m\u00e9dical"}]},{"@type":"WebSite","@id":"https:\/\/calculatie.azglorieux.be\/fr\/#website","url":"https:\/\/calculatie.azglorieux.be\/fr\/","name":"azGlorieux","description":"","potentialAction":[{"@type":"SearchAction","target":{"@type":"EntryPoint","urlTemplate":"https:\/\/calculatie.azglorieux.be\/fr\/?s={search_term_string}"},"query-input":"required name=search_term_string"}],"inLanguage":"fr-FR"}]}},"_links":{"self":[{"href":"https:\/\/calculatie.azglorieux.be\/fr\/wp-json\/wp\/v2\/pages\/1443"}],"collection":[{"href":"https:\/\/calculatie.azglorieux.be\/fr\/wp-json\/wp\/v2\/pages"}],"about":[{"href":"https:\/\/calculatie.azglorieux.be\/fr\/wp-json\/wp\/v2\/types\/page"}],"author":[{"embeddable":true,"href":"https:\/\/calculatie.azglorieux.be\/fr\/wp-json\/wp\/v2\/users\/4"}],"replies":[{"embeddable":true,"href":"https:\/\/calculatie.azglorieux.be\/fr\/wp-json\/wp\/v2\/comments?post=1443"}],"version-history":[{"count":0,"href":"https:\/\/calculatie.azglorieux.be\/fr\/wp-json\/wp\/v2\/pages\/1443\/revisions"}],"up":[{"embeddable":true,"href":"https:\/\/calculatie.azglorieux.be\/fr\/wp-json\/wp\/v2\/pages\/920"}],"wp:featuredmedia":[{"embeddable":true,"href":"https:\/\/calculatie.azglorieux.be\/fr\/wp-json\/wp\/v2\/media\/4776"}],"wp:attachment":[{"href":"https:\/\/calculatie.azglorieux.be\/fr\/wp-json\/wp\/v2\/media?parent=1443"}],"curies":[{"name":"wp","href":"https:\/\/api.w.org\/{rel}","templated":true}]}}