{"id":1572,"date":"2020-07-14T08:14:03","date_gmt":"2020-07-14T06:14:03","guid":{"rendered":"https:\/\/calculatie.azglorieux.be\/?page_id=1572"},"modified":"2024-04-02T15:22:29","modified_gmt":"2024-04-02T13:22:29","slug":"delai-de-paiement-et-mode-de-paiement","status":"publish","type":"page","link":"https:\/\/calculatie.azglorieux.be\/fr\/patients\/informations-generales\/delai-de-paiement-et-mode-de-paiement\/","title":{"rendered":"D\u00e9lai de paiement et mode de paiement"},"content":{"rendered":"<p>Les consultations qui ont lieu dans nos <strong>policliniques<\/strong> sont <strong>dues imm\u00e9diatement<\/strong>. Certains m\u00e9decins\/secr\u00e9tariats disposent d\u2019un terminal de paiement. Pour d\u2019autres, seuls les paiements en esp\u00e8ces sont possibles. Dans certains cas, votre m\u00e9decin traitant peut choisir de vous facturer la consultation via l\u2019h\u00f4pital.<\/p>\n<p><strong>La consultation<\/strong> (et les autres prestations effectu\u00e9es \u00e9ventuelles) est<strong> \u00e0 votre charge<\/strong>. Apr\u00e8s le paiement, vous recevez une attestation de soins donn\u00e9s que vous pouvez transmettre \u00e0 votre mutuelle. Elle vous paiera sa partie (l\u2019intervention). Au final, seul le ticket mod\u00e9rateur sera \u00e0 votre charge.<\/p>\n<p>La<strong> facturation des traitements des soins ambulatoires et des hospitalisations<\/strong> suit un autre trajet. La date de sortie est un \u00e9l\u00e9ment d\u00e9terminant\u00a0: en moyenne, vous devez compter entre 6 et 10\u00a0semaines \u00e0 compter de cette date pour recevoir<strong> votre facture<\/strong>. La condition est que votre dossier soit complet, qu\u2019il soit sign\u00e9 par tous les services (pharmacie, laboratoire, radiologie&#8230;), que les m\u00e9decins aient transmis les prestations\/frais \u00e0 facturer et que tout soit en ordre sur le plan administratif (par exemple\u00a0: approbation de l\u2019intervention de votre assurance hospitalisation).<\/p>\n<p>Lorsque vous recevez votre facture, vous disposez de 30\u00a0jours \u00e0 compter de la date d\u2019envoi pour la payer. Pour cela, vous pouvez <strong>effectuer un virement<\/strong> (avec le formulaire de virement joint) ou <strong>un paiement \u00e0 notre caisse<\/strong>. Depuis d\u00e9but 2024, vous pouvez \u00e9galement <strong>recevoir et payer des factures en ligne via Doccle<\/strong>. <a href=\"https:\/\/calculatie.azglorieux.be\/fr\/patients\/informations-generales\/vos-factures-en-ligne-doccle\/\">Plus d&rsquo;informations concernant votre facture num\u00e9rique<\/a>.<\/p>\n<p>En principe, vous recevez une facture pour votre hospitalisation. Cette r\u00e8gle ne vaut cependant pas si vous \u00eates admis(e) aux urgences, si vous s\u00e9journez longtemps \u00e0 l\u2019h\u00f4pital ou si votre s\u00e9jour est \u00e0 cheval sur deux ann\u00e9es calendrier (soit les hospitalisations qui se poursuivent au-del\u00e0 du 31\/12).<\/p>\n","protected":false},"excerpt":{"rendered":"<p>Les consultations qui ont lieu dans nos policliniques sont dues imm\u00e9diatement. Certains m\u00e9decins\/secr\u00e9tariats disposent d\u2019un terminal de paiement. Pour d\u2019autres,&#8230;<\/p>\n","protected":false},"author":4,"featured_media":0,"parent":1579,"menu_order":0,"comment_status":"closed","ping_status":"closed","template":"","meta":{"_acf_changed":false,"_relevanssi_hide_post":"","_relevanssi_hide_content":"","_relevanssi_pin_for_all":"","_relevanssi_pin_keywords":"","_relevanssi_unpin_keywords":"","_relevanssi_related_keywords":"","_relevanssi_related_include_ids":"","_relevanssi_related_exclude_ids":"","_relevanssi_related_no_append":"","_relevanssi_related_not_related":"","_relevanssi_related_posts":"","_relevanssi_noindex_reason":"","inline_featured_image":false,"_exactmetrics_skip_tracking":false,"_exactmetrics_sitenote_active":false,"_exactmetrics_sitenote_note":"","_exactmetrics_sitenote_category":0,"footnotes":"","_links_to":"","_links_to_target":""},"acf":[],"yoast_head":"<!-- This site is optimized with the Yoast SEO plugin v22.4 - https:\/\/yoast.com\/wordpress\/plugins\/seo\/ -->\n<title>D\u00e9lai de paiement et mode de paiement - azGlorieux<\/title>\n<meta name=\"robots\" content=\"noindex, follow, max-snippet:-1, max-image-preview:large, max-video-preview:-1\" \/>\n<meta property=\"og:locale\" content=\"fr_FR\" \/>\n<meta property=\"og:type\" content=\"article\" \/>\n<meta property=\"og:title\" content=\"D\u00e9lai de paiement et mode de paiement - azGlorieux\" \/>\n<meta property=\"og:description\" content=\"Les consultations qui ont lieu dans nos policliniques sont dues imm\u00e9diatement. Certains m\u00e9decins\/secr\u00e9tariats disposent d\u2019un terminal de paiement. Pour d\u2019autres,...\" \/>\n<meta property=\"og:url\" content=\"https:\/\/calculatie.azglorieux.be\/fr\/patients\/informations-generales\/delai-de-paiement-et-mode-de-paiement\/\" \/>\n<meta property=\"og:site_name\" content=\"azGlorieux\" \/>\n<meta property=\"article:modified_time\" content=\"2024-04-02T13:22:29+00:00\" \/>\n<meta name=\"twitter:card\" content=\"summary_large_image\" \/>\n<meta name=\"twitter:label1\" content=\"Dur\u00e9e de lecture estim\u00e9e\" \/>\n\t<meta name=\"twitter:data1\" content=\"2 minutes\" \/>\n<!-- \/ Yoast SEO plugin. -->","yoast_head_json":{"title":"D\u00e9lai de paiement et mode de paiement - azGlorieux","robots":{"index":"noindex","follow":"follow","max-snippet":"max-snippet:-1","max-image-preview":"max-image-preview:large","max-video-preview":"max-video-preview:-1"},"og_locale":"fr_FR","og_type":"article","og_title":"D\u00e9lai de paiement et mode de paiement - azGlorieux","og_description":"Les consultations qui ont lieu dans nos policliniques sont dues imm\u00e9diatement. Certains m\u00e9decins\/secr\u00e9tariats disposent d\u2019un terminal de paiement. Pour d\u2019autres,...","og_url":"https:\/\/calculatie.azglorieux.be\/fr\/patients\/informations-generales\/delai-de-paiement-et-mode-de-paiement\/","og_site_name":"azGlorieux","article_modified_time":"2024-04-02T13:22:29+00:00","twitter_card":"summary_large_image","twitter_misc":{"Dur\u00e9e de lecture estim\u00e9e":"2 minutes"},"schema":{"@context":"https:\/\/schema.org","@graph":[{"@type":"WebPage","@id":"https:\/\/calculatie.azglorieux.be\/fr\/patients\/informations-generales\/delai-de-paiement-et-mode-de-paiement\/","url":"https:\/\/calculatie.azglorieux.be\/fr\/patients\/informations-generales\/delai-de-paiement-et-mode-de-paiement\/","name":"D\u00e9lai de paiement et mode de paiement - azGlorieux","isPartOf":{"@id":"https:\/\/calculatie.azglorieux.be\/fr\/#website"},"datePublished":"2020-07-14T06:14:03+00:00","dateModified":"2024-04-02T13:22:29+00:00","breadcrumb":{"@id":"https:\/\/calculatie.azglorieux.be\/fr\/patients\/informations-generales\/delai-de-paiement-et-mode-de-paiement\/#breadcrumb"},"inLanguage":"fr-FR","potentialAction":[{"@type":"ReadAction","target":["https:\/\/calculatie.azglorieux.be\/fr\/patients\/informations-generales\/delai-de-paiement-et-mode-de-paiement\/"]}]},{"@type":"BreadcrumbList","@id":"https:\/\/calculatie.azglorieux.be\/fr\/patients\/informations-generales\/delai-de-paiement-et-mode-de-paiement\/#breadcrumb","itemListElement":[{"@type":"ListItem","position":1,"name":"Home","item":"https:\/\/calculatie.azglorieux.be\/fr\/"},{"@type":"ListItem","position":2,"name":"Patients","item":"https:\/\/calculatie.azglorieux.be\/fr\/patients\/"},{"@type":"ListItem","position":3,"name":"Informations g\u00e9n\u00e9rales","item":"https:\/\/calculatie.azglorieux.be\/fr\/patients\/informations-generales\/"},{"@type":"ListItem","position":4,"name":"D\u00e9lai de paiement et mode de paiement"}]},{"@type":"WebSite","@id":"https:\/\/calculatie.azglorieux.be\/fr\/#website","url":"https:\/\/calculatie.azglorieux.be\/fr\/","name":"azGlorieux","description":"","potentialAction":[{"@type":"SearchAction","target":{"@type":"EntryPoint","urlTemplate":"https:\/\/calculatie.azglorieux.be\/fr\/?s={search_term_string}"},"query-input":"required name=search_term_string"}],"inLanguage":"fr-FR"}]}},"_links":{"self":[{"href":"https:\/\/calculatie.azglorieux.be\/fr\/wp-json\/wp\/v2\/pages\/1572"}],"collection":[{"href":"https:\/\/calculatie.azglorieux.be\/fr\/wp-json\/wp\/v2\/pages"}],"about":[{"href":"https:\/\/calculatie.azglorieux.be\/fr\/wp-json\/wp\/v2\/types\/page"}],"author":[{"embeddable":true,"href":"https:\/\/calculatie.azglorieux.be\/fr\/wp-json\/wp\/v2\/users\/4"}],"replies":[{"embeddable":true,"href":"https:\/\/calculatie.azglorieux.be\/fr\/wp-json\/wp\/v2\/comments?post=1572"}],"version-history":[{"count":2,"href":"https:\/\/calculatie.azglorieux.be\/fr\/wp-json\/wp\/v2\/pages\/1572\/revisions"}],"predecessor-version":[{"id":11094,"href":"https:\/\/calculatie.azglorieux.be\/fr\/wp-json\/wp\/v2\/pages\/1572\/revisions\/11094"}],"up":[{"embeddable":true,"href":"https:\/\/calculatie.azglorieux.be\/fr\/wp-json\/wp\/v2\/pages\/1579"}],"wp:attachment":[{"href":"https:\/\/calculatie.azglorieux.be\/fr\/wp-json\/wp\/v2\/media?parent=1572"}],"curies":[{"name":"wp","href":"https:\/\/api.w.org\/{rel}","templated":true}]}}