{"id":1583,"date":"2020-07-14T12:51:08","date_gmt":"2020-07-14T10:51:08","guid":{"rendered":"https:\/\/calculatie.azglorieux.be\/?page_id=1583"},"modified":"2024-04-03T10:34:15","modified_gmt":"2024-04-03T08:34:15","slug":"composition-de-la-facture","status":"publish","type":"page","link":"https:\/\/calculatie.azglorieux.be\/fr\/patients\/composition-de-la-facture\/","title":{"rendered":"Composition de la facture"},"content":{"rendered":"<p>La composition d\u2019une facture d\u2019h\u00f4pital est d\u00e9finie par les pouvoirs publics. Chaque h\u00f4pital est oblig\u00e9 d\u2019appliquer les r\u00e8gles pr\u00e9vues \u00e0 cet effet.<br \/>\nSur la facture, vous trouverez un aper\u00e7u clair de tous les co\u00fbts encourus :<\/p>\n<ul>\n<li><a href=\"https:\/\/calculatie.azglorieux.be\/fr\/patients\/composition-de-la-facture\/frais-de-sejour\/\">Frais de s\u00e9jour<\/a><\/li>\n<li><a href=\"https:\/\/calculatie.azglorieux.be\/fr\/patients\/composition-de-la-facture\/medicaments-frais-pharmaceutiques\/\">M\u00e9dicaments\/frais pharmaceutiques<\/a><\/li>\n<li><a href=\"https:\/\/calculatie.azglorieux.be\/fr\/patients\/composition-de-la-facture\/autres-fournitures\/\">Autres fournitures<\/a><\/li>\n<li><a href=\"https:\/\/calculatie.azglorieux.be\/fr\/patients\/composition-de-la-facture\/honoraires\/\">Honoraires<\/a><\/li>\n<li><a href=\"https:\/\/calculatie.azglorieux.be\/fr\/patients\/composition-de-la-facture\/frais-divers\/\">Frais divers<\/a><\/li>\n<\/ul>\n<p>&nbsp;<\/p>\n","protected":false},"excerpt":{"rendered":"<p>La composition d\u2019une facture d\u2019h\u00f4pital est d\u00e9finie par les pouvoirs publics. Chaque h\u00f4pital est oblig\u00e9 d\u2019appliquer les r\u00e8gles pr\u00e9vues \u00e0&#8230;<\/p>\n","protected":false},"author":4,"featured_media":0,"parent":882,"menu_order":0,"comment_status":"closed","ping_status":"closed","template":"","meta":{"_acf_changed":false,"_relevanssi_hide_post":"","_relevanssi_hide_content":"","_relevanssi_pin_for_all":"","_relevanssi_pin_keywords":"","_relevanssi_unpin_keywords":"","_relevanssi_related_keywords":"","_relevanssi_related_include_ids":"","_relevanssi_related_exclude_ids":"","_relevanssi_related_no_append":"","_relevanssi_related_not_related":"","_relevanssi_related_posts":"","_relevanssi_noindex_reason":"","inline_featured_image":false,"_exactmetrics_skip_tracking":false,"_exactmetrics_sitenote_active":false,"_exactmetrics_sitenote_note":"","_exactmetrics_sitenote_category":0,"footnotes":"","_links_to":"","_links_to_target":""},"acf":[],"yoast_head":"<!-- This site is optimized with the Yoast SEO plugin v22.4 - https:\/\/yoast.com\/wordpress\/plugins\/seo\/ -->\n<title>Composition de la facture - azGlorieux<\/title>\n<meta name=\"robots\" content=\"noindex, follow, max-snippet:-1, max-image-preview:large, max-video-preview:-1\" \/>\n<meta property=\"og:locale\" content=\"fr_FR\" \/>\n<meta property=\"og:type\" content=\"article\" \/>\n<meta property=\"og:title\" content=\"Composition de la facture - azGlorieux\" \/>\n<meta property=\"og:description\" content=\"La composition d\u2019une facture d\u2019h\u00f4pital est d\u00e9finie par les pouvoirs publics. Chaque h\u00f4pital est oblig\u00e9 d\u2019appliquer les r\u00e8gles pr\u00e9vues \u00e0...\" \/>\n<meta property=\"og:url\" content=\"https:\/\/calculatie.azglorieux.be\/fr\/patients\/composition-de-la-facture\/\" \/>\n<meta property=\"og:site_name\" content=\"azGlorieux\" \/>\n<meta property=\"article:modified_time\" content=\"2024-04-03T08:34:15+00:00\" \/>\n<meta name=\"twitter:card\" content=\"summary_large_image\" \/>\n<meta name=\"twitter:label1\" content=\"Dur\u00e9e de lecture estim\u00e9e\" \/>\n\t<meta name=\"twitter:data1\" content=\"1 minute\" \/>\n<!-- \/ Yoast SEO plugin. -->","yoast_head_json":{"title":"Composition de la facture - azGlorieux","robots":{"index":"noindex","follow":"follow","max-snippet":"max-snippet:-1","max-image-preview":"max-image-preview:large","max-video-preview":"max-video-preview:-1"},"og_locale":"fr_FR","og_type":"article","og_title":"Composition de la facture - azGlorieux","og_description":"La composition d\u2019une facture d\u2019h\u00f4pital est d\u00e9finie par les pouvoirs publics. Chaque h\u00f4pital est oblig\u00e9 d\u2019appliquer les r\u00e8gles pr\u00e9vues \u00e0...","og_url":"https:\/\/calculatie.azglorieux.be\/fr\/patients\/composition-de-la-facture\/","og_site_name":"azGlorieux","article_modified_time":"2024-04-03T08:34:15+00:00","twitter_card":"summary_large_image","twitter_misc":{"Dur\u00e9e de lecture estim\u00e9e":"1 minute"},"schema":{"@context":"https:\/\/schema.org","@graph":[{"@type":"WebPage","@id":"https:\/\/calculatie.azglorieux.be\/fr\/patients\/composition-de-la-facture\/","url":"https:\/\/calculatie.azglorieux.be\/fr\/patients\/composition-de-la-facture\/","name":"Composition de la facture - azGlorieux","isPartOf":{"@id":"https:\/\/calculatie.azglorieux.be\/fr\/#website"},"datePublished":"2020-07-14T10:51:08+00:00","dateModified":"2024-04-03T08:34:15+00:00","breadcrumb":{"@id":"https:\/\/calculatie.azglorieux.be\/fr\/patients\/composition-de-la-facture\/#breadcrumb"},"inLanguage":"fr-FR","potentialAction":[{"@type":"ReadAction","target":["https:\/\/calculatie.azglorieux.be\/fr\/patients\/composition-de-la-facture\/"]}]},{"@type":"BreadcrumbList","@id":"https:\/\/calculatie.azglorieux.be\/fr\/patients\/composition-de-la-facture\/#breadcrumb","itemListElement":[{"@type":"ListItem","position":1,"name":"Home","item":"https:\/\/calculatie.azglorieux.be\/fr\/"},{"@type":"ListItem","position":2,"name":"Patients","item":"https:\/\/calculatie.azglorieux.be\/fr\/patients\/"},{"@type":"ListItem","position":3,"name":"Composition de la facture"}]},{"@type":"WebSite","@id":"https:\/\/calculatie.azglorieux.be\/fr\/#website","url":"https:\/\/calculatie.azglorieux.be\/fr\/","name":"azGlorieux","description":"","potentialAction":[{"@type":"SearchAction","target":{"@type":"EntryPoint","urlTemplate":"https:\/\/calculatie.azglorieux.be\/fr\/?s={search_term_string}"},"query-input":"required name=search_term_string"}],"inLanguage":"fr-FR"}]}},"_links":{"self":[{"href":"https:\/\/calculatie.azglorieux.be\/fr\/wp-json\/wp\/v2\/pages\/1583"}],"collection":[{"href":"https:\/\/calculatie.azglorieux.be\/fr\/wp-json\/wp\/v2\/pages"}],"about":[{"href":"https:\/\/calculatie.azglorieux.be\/fr\/wp-json\/wp\/v2\/types\/page"}],"author":[{"embeddable":true,"href":"https:\/\/calculatie.azglorieux.be\/fr\/wp-json\/wp\/v2\/users\/4"}],"replies":[{"embeddable":true,"href":"https:\/\/calculatie.azglorieux.be\/fr\/wp-json\/wp\/v2\/comments?post=1583"}],"version-history":[{"count":2,"href":"https:\/\/calculatie.azglorieux.be\/fr\/wp-json\/wp\/v2\/pages\/1583\/revisions"}],"predecessor-version":[{"id":11109,"href":"https:\/\/calculatie.azglorieux.be\/fr\/wp-json\/wp\/v2\/pages\/1583\/revisions\/11109"}],"up":[{"embeddable":true,"href":"https:\/\/calculatie.azglorieux.be\/fr\/wp-json\/wp\/v2\/pages\/882"}],"wp:attachment":[{"href":"https:\/\/calculatie.azglorieux.be\/fr\/wp-json\/wp\/v2\/media?parent=1583"}],"curies":[{"name":"wp","href":"https:\/\/api.w.org\/{rel}","templated":true}]}}