{"id":1591,"date":"2020-07-13T09:02:09","date_gmt":"2020-07-13T07:02:09","guid":{"rendered":"https:\/\/calculatie.azglorieux.be\/?page_id=1591"},"modified":"2020-08-12T20:08:48","modified_gmt":"2020-08-12T18:08:48","slug":"transport-des-malades","status":"publish","type":"page","link":"https:\/\/calculatie.azglorieux.be\/fr\/patients\/transport-des-malades\/","title":{"rendered":"Transport des malades"},"content":{"rendered":"<p><strong>Transport vers le CH\u00a0Glorieux <\/strong><\/p>\n<p>Si vous \u00eates transport (\u00e9) en ambulance au CH\u00a0Glorieux en urgence (suite \u00e0 un appel au num\u00e9ro d\u2019urgence\u00a0112), les frais sont \u00e0 votre charge (tarif \u00e9tabli par les autorit\u00e9s). Le service ambulancier vous enverra une facture.<\/p>\n<p>Lorsque vous faites appel \u00e0 un service de transport de malades en cas d\u2019hospitalisation planifi\u00e9e et\/ou de d\u00e9part de l\u2019h\u00f4pital, les frais sont \u00e9galement \u00e0 votre charge. En g\u00e9n\u00e9ral, votre mutuelle paie une partie des frais pour le transport non urgent de malades. Renseignez-vous aupr\u00e8s de votre mutuelle.<\/p>\n<p><strong>Transport vers le domicile<\/strong><\/p>\n<p>Vous pouvez rentrer chez vous et vous souhaitez que nous fassions une demande de transport pour vous\u00a0? Nous essayons de tenir compte au maximum des accords en vigueur aupr\u00e8s de votre mutuelle. Si votre \u00e9tat de sant\u00e9 le requiert, il est probable que nous fassions appel \u00e0 un prestataire plus sp\u00e9cialis\u00e9. En fonction de votre mutuelle, les frais encourus sont enti\u00e8rement ou partiellement \u00e0 votre charge.<\/p>\n<p><strong>Transport vers un autre h\u00f4pital<\/strong><\/p>\n<p>Si vous s\u00e9journez plusieurs jours au CH\u00a0Glorieux et que vous devez vous rendre dans un autre h\u00f4pital pour un traitement ou un examen, les frais de transport sont \u00e0 notre charge, \u00e0 condition que vous soyez de retour le m\u00eame jour. Cela n\u2019est pas possible\u00a0? Nous consid\u00e9rons alors que vous avez quitt\u00e9 notre h\u00f4pital. Cela signifie \u00e9galement que les frais de transport sont \u00e0 votre charge.<\/p>\n<p><strong>Des questions\u00a0?<\/strong><\/p>\n<p>Vous pouvez contacter le service social par t\u00e9l\u00e9phone au +32\u00a055\u00a023\u00a039\u00a018.<\/p>\n","protected":false},"excerpt":{"rendered":"<p>Transport vers le CH\u00a0Glorieux Si vous \u00eates transport (\u00e9) en ambulance au CH\u00a0Glorieux en urgence (suite \u00e0 un appel au&#8230;<\/p>\n","protected":false},"author":4,"featured_media":2539,"parent":882,"menu_order":0,"comment_status":"closed","ping_status":"closed","template":"","meta":{"_acf_changed":false,"_relevanssi_hide_post":"","_relevanssi_hide_content":"","_relevanssi_pin_for_all":"","_relevanssi_pin_keywords":"","_relevanssi_unpin_keywords":"","_relevanssi_related_keywords":"","_relevanssi_related_include_ids":"","_relevanssi_related_exclude_ids":"","_relevanssi_related_no_append":"","_relevanssi_related_not_related":"","_relevanssi_related_posts":"","_relevanssi_noindex_reason":"","inline_featured_image":false,"_exactmetrics_skip_tracking":false,"_exactmetrics_sitenote_active":false,"_exactmetrics_sitenote_note":"","_exactmetrics_sitenote_category":0,"footnotes":"","_links_to":"","_links_to_target":""},"acf":[],"yoast_head":"<!-- This site is optimized with the Yoast SEO plugin v22.4 - https:\/\/yoast.com\/wordpress\/plugins\/seo\/ -->\n<title>Transport des malades - azGlorieux<\/title>\n<meta name=\"robots\" content=\"noindex, follow, max-snippet:-1, max-image-preview:large, max-video-preview:-1\" \/>\n<meta property=\"og:locale\" content=\"fr_FR\" \/>\n<meta property=\"og:type\" content=\"article\" \/>\n<meta property=\"og:title\" content=\"Transport des malades - azGlorieux\" \/>\n<meta property=\"og:description\" content=\"Transport vers le CH\u00a0Glorieux Si vous \u00eates transport (\u00e9) en ambulance au CH\u00a0Glorieux en urgence (suite \u00e0 un appel au...\" \/>\n<meta property=\"og:url\" content=\"https:\/\/calculatie.azglorieux.be\/fr\/patients\/transport-des-malades\/\" \/>\n<meta property=\"og:site_name\" content=\"azGlorieux\" \/>\n<meta property=\"article:modified_time\" content=\"2020-08-12T18:08:48+00:00\" \/>\n<meta property=\"og:image\" content=\"https:\/\/calculatie.azglorieux.be\/wp-content\/uploads\/2020\/07\/AZG_SITE_INT_DSC_0058-e1594129822478.jpg\" \/>\n\t<meta property=\"og:image:width\" content=\"2200\" \/>\n\t<meta property=\"og:image:height\" content=\"440\" \/>\n\t<meta property=\"og:image:type\" content=\"image\/jpeg\" \/>\n<meta name=\"twitter:card\" content=\"summary_large_image\" \/>\n<meta name=\"twitter:label1\" content=\"Dur\u00e9e de lecture estim\u00e9e\" \/>\n\t<meta name=\"twitter:data1\" content=\"1 minute\" \/>\n<!-- \/ Yoast SEO plugin. -->","yoast_head_json":{"title":"Transport des malades - azGlorieux","robots":{"index":"noindex","follow":"follow","max-snippet":"max-snippet:-1","max-image-preview":"max-image-preview:large","max-video-preview":"max-video-preview:-1"},"og_locale":"fr_FR","og_type":"article","og_title":"Transport des malades - azGlorieux","og_description":"Transport vers le CH\u00a0Glorieux Si vous \u00eates transport (\u00e9) en ambulance au CH\u00a0Glorieux en urgence (suite \u00e0 un appel au...","og_url":"https:\/\/calculatie.azglorieux.be\/fr\/patients\/transport-des-malades\/","og_site_name":"azGlorieux","article_modified_time":"2020-08-12T18:08:48+00:00","og_image":[{"width":2200,"height":440,"url":"https:\/\/calculatie.azglorieux.be\/wp-content\/uploads\/2020\/07\/AZG_SITE_INT_DSC_0058-e1594129822478.jpg","type":"image\/jpeg"}],"twitter_card":"summary_large_image","twitter_misc":{"Dur\u00e9e de lecture estim\u00e9e":"1 minute"},"schema":{"@context":"https:\/\/schema.org","@graph":[{"@type":"WebPage","@id":"https:\/\/calculatie.azglorieux.be\/fr\/patients\/transport-des-malades\/","url":"https:\/\/calculatie.azglorieux.be\/fr\/patients\/transport-des-malades\/","name":"Transport des malades - azGlorieux","isPartOf":{"@id":"https:\/\/calculatie.azglorieux.be\/fr\/#website"},"primaryImageOfPage":{"@id":"https:\/\/calculatie.azglorieux.be\/fr\/patients\/transport-des-malades\/#primaryimage"},"image":{"@id":"https:\/\/calculatie.azglorieux.be\/fr\/patients\/transport-des-malades\/#primaryimage"},"thumbnailUrl":"https:\/\/calculatie.azglorieux.be\/wp-content\/uploads\/2020\/07\/AZG_SITE_INT_DSC_0058-e1594129822478.jpg","datePublished":"2020-07-13T07:02:09+00:00","dateModified":"2020-08-12T18:08:48+00:00","breadcrumb":{"@id":"https:\/\/calculatie.azglorieux.be\/fr\/patients\/transport-des-malades\/#breadcrumb"},"inLanguage":"fr-FR","potentialAction":[{"@type":"ReadAction","target":["https:\/\/calculatie.azglorieux.be\/fr\/patients\/transport-des-malades\/"]}]},{"@type":"ImageObject","inLanguage":"fr-FR","@id":"https:\/\/calculatie.azglorieux.be\/fr\/patients\/transport-des-malades\/#primaryimage","url":"https:\/\/calculatie.azglorieux.be\/wp-content\/uploads\/2020\/07\/AZG_SITE_INT_DSC_0058-e1594129822478.jpg","contentUrl":"https:\/\/calculatie.azglorieux.be\/wp-content\/uploads\/2020\/07\/AZG_SITE_INT_DSC_0058-e1594129822478.jpg","width":2200,"height":440},{"@type":"BreadcrumbList","@id":"https:\/\/calculatie.azglorieux.be\/fr\/patients\/transport-des-malades\/#breadcrumb","itemListElement":[{"@type":"ListItem","position":1,"name":"Home","item":"https:\/\/calculatie.azglorieux.be\/fr\/"},{"@type":"ListItem","position":2,"name":"Patients","item":"https:\/\/calculatie.azglorieux.be\/fr\/patients\/"},{"@type":"ListItem","position":3,"name":"Transport des malades"}]},{"@type":"WebSite","@id":"https:\/\/calculatie.azglorieux.be\/fr\/#website","url":"https:\/\/calculatie.azglorieux.be\/fr\/","name":"azGlorieux","description":"","potentialAction":[{"@type":"SearchAction","target":{"@type":"EntryPoint","urlTemplate":"https:\/\/calculatie.azglorieux.be\/fr\/?s={search_term_string}"},"query-input":"required name=search_term_string"}],"inLanguage":"fr-FR"}]}},"_links":{"self":[{"href":"https:\/\/calculatie.azglorieux.be\/fr\/wp-json\/wp\/v2\/pages\/1591"}],"collection":[{"href":"https:\/\/calculatie.azglorieux.be\/fr\/wp-json\/wp\/v2\/pages"}],"about":[{"href":"https:\/\/calculatie.azglorieux.be\/fr\/wp-json\/wp\/v2\/types\/page"}],"author":[{"embeddable":true,"href":"https:\/\/calculatie.azglorieux.be\/fr\/wp-json\/wp\/v2\/users\/4"}],"replies":[{"embeddable":true,"href":"https:\/\/calculatie.azglorieux.be\/fr\/wp-json\/wp\/v2\/comments?post=1591"}],"version-history":[{"count":0,"href":"https:\/\/calculatie.azglorieux.be\/fr\/wp-json\/wp\/v2\/pages\/1591\/revisions"}],"up":[{"embeddable":true,"href":"https:\/\/calculatie.azglorieux.be\/fr\/wp-json\/wp\/v2\/pages\/882"}],"wp:featuredmedia":[{"embeddable":true,"href":"https:\/\/calculatie.azglorieux.be\/fr\/wp-json\/wp\/v2\/media\/2539"}],"wp:attachment":[{"href":"https:\/\/calculatie.azglorieux.be\/fr\/wp-json\/wp\/v2\/media?parent=1591"}],"curies":[{"name":"wp","href":"https:\/\/api.w.org\/{rel}","templated":true}]}}