{"id":1595,"date":"2020-07-14T12:51:08","date_gmt":"2020-07-14T10:51:08","guid":{"rendered":"https:\/\/calculatie.azglorieux.be\/?page_id=1595"},"modified":"2024-04-03T12:25:43","modified_gmt":"2024-04-03T10:25:43","slug":"frais-de-sejour","status":"publish","type":"page","link":"https:\/\/calculatie.azglorieux.be\/fr\/patients\/composition-de-la-facture\/frais-de-sejour\/","title":{"rendered":"Frais de s\u00e9jour"},"content":{"rendered":"<h3><strong>Contribution personnelle<\/strong><\/h3>\n<p>Une grande partie du prix de la journ\u00e9e d\u2019hospitalisation est pay\u00e9e par l\u2019INAMI via votre mutuelle. La partie que vous payez en tant que patient est appel\u00e9e \u00ab\u00a0quote-part personnelle\u00a0\u00bb.<\/p>\n<p>Par journ\u00e9e d\u2019hospitalisation (avec nuit \u00e0 l\u2019h\u00f4pital), une quote-part personnelle fix\u00e9e l\u00e9galement est factur\u00e9e. Ce montant d\u00e9pend de la dur\u00e9e de l\u2019hospitalisation et de votre statut.<\/p>\n<p>Les tarifs actuels en vigueur pour une hospitalisation avec nuit \u00e0 l\u2019h\u00f4pital sont indiqu\u00e9s dans la d\u00e9claration d\u2019hospitalisation.\u00a0 Vous pouvez consulter la d\u00e9claration d\u2019hospitalisation <a href=\"https:\/\/calculatie.azglorieux.be\/wp-content\/uploads\/2024\/01\/Decl-adm-hosp_FR_15012024.pdf\"><u>ici<\/u><\/a> (pour une hospitalisation classique) et <a href=\"https:\/\/calculatie.azglorieux.be\/wp-content\/uploads\/2024\/01\/Decl-adm-JOUR_FR_15012024.pdf\"><u>ici<\/u><\/a> (pour une admission en h\u00f4pital de jour).<\/p>\n<h3><strong>Suppl\u00e9ment de chambre<\/strong><\/h3>\n<p>Des suppl\u00e9ments d\u2019honoraires pour les hospitalisations en chambre individuelle sont factur\u00e9s. Vous pouvez consulter ces suppl\u00e9ments <a href=\"https:\/\/calculatie.azglorieux.be\/wp-content\/uploads\/2024\/04\/Conditions-financieres_choix-de-la-chambre_24.04.pdf\"><strong><u>ici<\/u><\/strong><\/a>.<\/p>\n","protected":false},"excerpt":{"rendered":"<p>Contribution personnelle Une grande partie du prix de la journ\u00e9e d\u2019hospitalisation est pay\u00e9e par l\u2019INAMI via votre mutuelle. La partie&#8230;<\/p>\n","protected":false},"author":4,"featured_media":0,"parent":1583,"menu_order":0,"comment_status":"closed","ping_status":"closed","template":"","meta":{"_acf_changed":false,"_relevanssi_hide_post":"","_relevanssi_hide_content":"","_relevanssi_pin_for_all":"","_relevanssi_pin_keywords":"","_relevanssi_unpin_keywords":"","_relevanssi_related_keywords":"","_relevanssi_related_include_ids":"","_relevanssi_related_exclude_ids":"","_relevanssi_related_no_append":"","_relevanssi_related_not_related":"","_relevanssi_related_posts":"","_relevanssi_noindex_reason":"","inline_featured_image":false,"_exactmetrics_skip_tracking":false,"_exactmetrics_sitenote_active":false,"_exactmetrics_sitenote_note":"","_exactmetrics_sitenote_category":0,"footnotes":"","_links_to":"","_links_to_target":""},"acf":[],"yoast_head":"<!-- This site is optimized with the Yoast SEO plugin v22.4 - https:\/\/yoast.com\/wordpress\/plugins\/seo\/ -->\n<title>Frais de s\u00e9jour - azGlorieux<\/title>\n<meta name=\"robots\" content=\"noindex, follow, max-snippet:-1, max-image-preview:large, max-video-preview:-1\" \/>\n<meta property=\"og:locale\" content=\"fr_FR\" \/>\n<meta property=\"og:type\" content=\"article\" \/>\n<meta property=\"og:title\" content=\"Frais de s\u00e9jour - azGlorieux\" \/>\n<meta property=\"og:description\" content=\"Contribution personnelle Une grande partie du prix de la journ\u00e9e d\u2019hospitalisation est pay\u00e9e par l\u2019INAMI via votre mutuelle. La partie...\" \/>\n<meta property=\"og:url\" content=\"https:\/\/calculatie.azglorieux.be\/fr\/patients\/composition-de-la-facture\/frais-de-sejour\/\" \/>\n<meta property=\"og:site_name\" content=\"azGlorieux\" \/>\n<meta property=\"article:modified_time\" content=\"2024-04-03T10:25:43+00:00\" \/>\n<meta name=\"twitter:card\" content=\"summary_large_image\" \/>\n<meta name=\"twitter:label1\" content=\"Dur\u00e9e de lecture estim\u00e9e\" \/>\n\t<meta name=\"twitter:data1\" content=\"1 minute\" \/>\n<!-- \/ Yoast SEO plugin. -->","yoast_head_json":{"title":"Frais de s\u00e9jour - azGlorieux","robots":{"index":"noindex","follow":"follow","max-snippet":"max-snippet:-1","max-image-preview":"max-image-preview:large","max-video-preview":"max-video-preview:-1"},"og_locale":"fr_FR","og_type":"article","og_title":"Frais de s\u00e9jour - azGlorieux","og_description":"Contribution personnelle Une grande partie du prix de la journ\u00e9e d\u2019hospitalisation est pay\u00e9e par l\u2019INAMI via votre mutuelle. La partie...","og_url":"https:\/\/calculatie.azglorieux.be\/fr\/patients\/composition-de-la-facture\/frais-de-sejour\/","og_site_name":"azGlorieux","article_modified_time":"2024-04-03T10:25:43+00:00","twitter_card":"summary_large_image","twitter_misc":{"Dur\u00e9e de lecture estim\u00e9e":"1 minute"},"schema":{"@context":"https:\/\/schema.org","@graph":[{"@type":"WebPage","@id":"https:\/\/calculatie.azglorieux.be\/fr\/patients\/composition-de-la-facture\/frais-de-sejour\/","url":"https:\/\/calculatie.azglorieux.be\/fr\/patients\/composition-de-la-facture\/frais-de-sejour\/","name":"Frais de s\u00e9jour - azGlorieux","isPartOf":{"@id":"https:\/\/calculatie.azglorieux.be\/fr\/#website"},"datePublished":"2020-07-14T10:51:08+00:00","dateModified":"2024-04-03T10:25:43+00:00","breadcrumb":{"@id":"https:\/\/calculatie.azglorieux.be\/fr\/patients\/composition-de-la-facture\/frais-de-sejour\/#breadcrumb"},"inLanguage":"fr-FR","potentialAction":[{"@type":"ReadAction","target":["https:\/\/calculatie.azglorieux.be\/fr\/patients\/composition-de-la-facture\/frais-de-sejour\/"]}]},{"@type":"BreadcrumbList","@id":"https:\/\/calculatie.azglorieux.be\/fr\/patients\/composition-de-la-facture\/frais-de-sejour\/#breadcrumb","itemListElement":[{"@type":"ListItem","position":1,"name":"Home","item":"https:\/\/calculatie.azglorieux.be\/fr\/"},{"@type":"ListItem","position":2,"name":"Patients","item":"https:\/\/calculatie.azglorieux.be\/fr\/patients\/"},{"@type":"ListItem","position":3,"name":"Composition de la facture","item":"https:\/\/calculatie.azglorieux.be\/fr\/patients\/composition-de-la-facture\/"},{"@type":"ListItem","position":4,"name":"Frais de s\u00e9jour"}]},{"@type":"WebSite","@id":"https:\/\/calculatie.azglorieux.be\/fr\/#website","url":"https:\/\/calculatie.azglorieux.be\/fr\/","name":"azGlorieux","description":"","potentialAction":[{"@type":"SearchAction","target":{"@type":"EntryPoint","urlTemplate":"https:\/\/calculatie.azglorieux.be\/fr\/?s={search_term_string}"},"query-input":"required name=search_term_string"}],"inLanguage":"fr-FR"}]}},"_links":{"self":[{"href":"https:\/\/calculatie.azglorieux.be\/fr\/wp-json\/wp\/v2\/pages\/1595"}],"collection":[{"href":"https:\/\/calculatie.azglorieux.be\/fr\/wp-json\/wp\/v2\/pages"}],"about":[{"href":"https:\/\/calculatie.azglorieux.be\/fr\/wp-json\/wp\/v2\/types\/page"}],"author":[{"embeddable":true,"href":"https:\/\/calculatie.azglorieux.be\/fr\/wp-json\/wp\/v2\/users\/4"}],"replies":[{"embeddable":true,"href":"https:\/\/calculatie.azglorieux.be\/fr\/wp-json\/wp\/v2\/comments?post=1595"}],"version-history":[{"count":11,"href":"https:\/\/calculatie.azglorieux.be\/fr\/wp-json\/wp\/v2\/pages\/1595\/revisions"}],"predecessor-version":[{"id":11120,"href":"https:\/\/calculatie.azglorieux.be\/fr\/wp-json\/wp\/v2\/pages\/1595\/revisions\/11120"}],"up":[{"embeddable":true,"href":"https:\/\/calculatie.azglorieux.be\/fr\/wp-json\/wp\/v2\/pages\/1583"}],"wp:attachment":[{"href":"https:\/\/calculatie.azglorieux.be\/fr\/wp-json\/wp\/v2\/media?parent=1595"}],"curies":[{"name":"wp","href":"https:\/\/api.w.org\/{rel}","templated":true}]}}