{"id":1605,"date":"2020-07-13T09:02:09","date_gmt":"2020-07-13T07:02:09","guid":{"rendered":"https:\/\/calculatie.azglorieux.be\/?page_id=1605"},"modified":"2023-04-17T15:06:55","modified_gmt":"2023-04-17T13:06:55","slug":"choix-de-la-chambre","status":"publish","type":"page","link":"https:\/\/calculatie.azglorieux.be\/fr\/patients\/informations-generales\/choix-de-la-chambre\/","title":{"rendered":"Choix de la chambre"},"content":{"rendered":"<p>Lors de votre admission, vous avec le choix entre une chambre individuelle, une chambre pour deux personnes ou une chambre commune (pour plusieurs personnes). Nous vous demandons de signer une d\u00e9claration d\u2019hospitalisation au moment de votre admission. Ce document mentionne des informations plus d\u00e9taill\u00e9es sur les r\u00e9percussions financi\u00e8res du choix de votre chambre sur votre facture. Vous pouvez consulter la d\u00e9claration d\u2019hospitalisation <a href=\"https:\/\/calculatie.azglorieux.be\/wp-content\/uploads\/2023\/04\/Decl-adm-hosp_FR_041223.pdf\"><u>ici<\/u><\/a> (pour une hospitalisation classique) et <a href=\"https:\/\/calculatie.azglorieux.be\/wp-content\/uploads\/2023\/04\/Decl-adm-JOUR_FR_041223.pdf\"><u>ici<\/u><\/a> (pour une admission en h\u00f4pital de jour).<\/p>\n<p>Cela ne s\u2019applique pas aux consultations ni aux examens m\u00e9dico-techniques (laboratoire, radiologie&#8230;).<\/p>\n<p>Si vous optez pour une chambre individuelle, vous devez prendre en compte que des suppl\u00e9ments concernant la chambre et des suppl\u00e9ments d\u2019honoraires peuvent vous \u00eatre factur\u00e9s.<\/p>\n<h3><strong>Suppl\u00e9ments de chambre<\/strong><\/h3>\n<p>Les tarifs actuels concernant les suppl\u00e9ments sont les suivants\u00a0:<\/p>\n<table>\n<tbody>\n<tr>\n<td width=\"255\">Chambre commune<\/td>\n<td width=\"148\">&#8211;<\/td>\n<\/tr>\n<tr>\n<td width=\"255\">Chambre pour deux personnes<\/td>\n<td width=\"148\">&#8211;<\/td>\n<\/tr>\n<tr>\n<td width=\"255\">Chambre individuelle<\/td>\n<td width=\"148\">48\u00a0\u20ac<\/td>\n<\/tr>\n<tr>\n<td width=\"255\">Chambre individuelle (suite Maternit\u00e9)<\/td>\n<td width=\"148\">110\u00a0\u20ac<\/td>\n<\/tr>\n<\/tbody>\n<\/table>\n<p>&nbsp;<\/p>\n<p>Vous avez choisi une chambre individuelle pour l\u2019hospitalisation d\u2019un enfant accompagn\u00e9 d\u2019un parent\u00a0? Dans ce cas, nous ne facturons pas de suppl\u00e9ments. Des suppl\u00e9ments d\u2019honoraires sont en revanche appliqu\u00e9s.<\/p>\n<h3><strong>Suppl\u00e9ments d\u2019honoraires<\/strong><\/h3>\n<p>Les suppl\u00e9ments d\u2019honoraires actuels s\u2019\u00e9l\u00e8vent actuellement \u00e0 150\u00a0% des tarifs de l\u2019engagement.<\/p>\n<p>Certains services ne facturent pas de suppl\u00e9ments d\u2019honoraires\u00a0: soins palliatifs, dialyse et soins intensifs.<\/p>\n<h3><strong>Exceptions \u00e0 la facturation de suppl\u00e9ments d\u2019honoraires<\/strong><\/h3>\n<p>Dans certaines situations exceptionnelles, aucun suppl\u00e9ment d\u2019honoraires ou li\u00e9 au choix de la chambre n\u2019est factur\u00e9\u00a0:<\/p>\n<ul>\n<li>Lorsque le m\u00e9decin traitant juge que l\u2019hospitalisation dans une chambre individuelle est indispensable sur le plan m\u00e9dical (= pour des raisons m\u00e9dicales).<\/li>\n<li>Lorsque le type de chambre choisi (chambre pour deux ou plusieurs personnes) n\u2019est plus disponible et que vous s\u00e9journez dans une chambre individuelle.<\/li>\n<\/ul>\n<p>L\u2019inverse est \u00e9galement valable. Vous aviez opt\u00e9 pour une chambre individuelle, mais il n\u2019y en a plus de disponible et vous devez s\u00e9journer dans une chambre commune\u00a0? Les r\u00e8gles en vigueur pour les chambres doubles\/communes sont appliqu\u00e9es, sauf si la chambre en question est consid\u00e9r\u00e9e comme une chambre individuelle (\u00e0 savoir si aucun autre patient ne s\u00e9journe dans cette chambre).<\/p>\n","protected":false},"excerpt":{"rendered":"<p>Lors de votre admission, vous avec le choix entre une chambre individuelle, une chambre pour deux personnes ou une chambre&#8230;<\/p>\n","protected":false},"author":4,"featured_media":0,"parent":1579,"menu_order":0,"comment_status":"closed","ping_status":"closed","template":"","meta":{"_acf_changed":false,"_relevanssi_hide_post":"","_relevanssi_hide_content":"","_relevanssi_pin_for_all":"","_relevanssi_pin_keywords":"","_relevanssi_unpin_keywords":"","_relevanssi_related_keywords":"","_relevanssi_related_include_ids":"","_relevanssi_related_exclude_ids":"","_relevanssi_related_no_append":"","_relevanssi_related_not_related":"","_relevanssi_related_posts":"","_relevanssi_noindex_reason":"","inline_featured_image":false,"_exactmetrics_skip_tracking":false,"_exactmetrics_sitenote_active":false,"_exactmetrics_sitenote_note":"","_exactmetrics_sitenote_category":0,"footnotes":"","_links_to":"","_links_to_target":""},"acf":[],"yoast_head":"<!-- This site is optimized with the Yoast SEO plugin v22.4 - https:\/\/yoast.com\/wordpress\/plugins\/seo\/ -->\n<title>Choix de la chambre - azGlorieux<\/title>\n<meta name=\"robots\" content=\"noindex, follow, max-snippet:-1, max-image-preview:large, max-video-preview:-1\" \/>\n<meta property=\"og:locale\" content=\"fr_FR\" \/>\n<meta property=\"og:type\" content=\"article\" \/>\n<meta property=\"og:title\" content=\"Choix de la chambre - azGlorieux\" \/>\n<meta property=\"og:description\" content=\"Lors de votre admission, vous avec le choix entre une chambre individuelle, une chambre pour deux personnes ou une chambre...\" \/>\n<meta property=\"og:url\" content=\"https:\/\/calculatie.azglorieux.be\/fr\/patients\/informations-generales\/choix-de-la-chambre\/\" \/>\n<meta property=\"og:site_name\" content=\"azGlorieux\" \/>\n<meta property=\"article:modified_time\" content=\"2023-04-17T13:06:55+00:00\" \/>\n<meta name=\"twitter:card\" content=\"summary_large_image\" \/>\n<meta name=\"twitter:label1\" content=\"Dur\u00e9e de lecture estim\u00e9e\" \/>\n\t<meta name=\"twitter:data1\" content=\"2 minutes\" \/>\n<!-- \/ Yoast SEO plugin. -->","yoast_head_json":{"title":"Choix de la chambre - azGlorieux","robots":{"index":"noindex","follow":"follow","max-snippet":"max-snippet:-1","max-image-preview":"max-image-preview:large","max-video-preview":"max-video-preview:-1"},"og_locale":"fr_FR","og_type":"article","og_title":"Choix de la chambre - azGlorieux","og_description":"Lors de votre admission, vous avec le choix entre une chambre individuelle, une chambre pour deux personnes ou une chambre...","og_url":"https:\/\/calculatie.azglorieux.be\/fr\/patients\/informations-generales\/choix-de-la-chambre\/","og_site_name":"azGlorieux","article_modified_time":"2023-04-17T13:06:55+00:00","twitter_card":"summary_large_image","twitter_misc":{"Dur\u00e9e de lecture estim\u00e9e":"2 minutes"},"schema":{"@context":"https:\/\/schema.org","@graph":[{"@type":"WebPage","@id":"https:\/\/calculatie.azglorieux.be\/fr\/patients\/informations-generales\/choix-de-la-chambre\/","url":"https:\/\/calculatie.azglorieux.be\/fr\/patients\/informations-generales\/choix-de-la-chambre\/","name":"Choix de la chambre - azGlorieux","isPartOf":{"@id":"https:\/\/calculatie.azglorieux.be\/fr\/#website"},"datePublished":"2020-07-13T07:02:09+00:00","dateModified":"2023-04-17T13:06:55+00:00","breadcrumb":{"@id":"https:\/\/calculatie.azglorieux.be\/fr\/patients\/informations-generales\/choix-de-la-chambre\/#breadcrumb"},"inLanguage":"fr-FR","potentialAction":[{"@type":"ReadAction","target":["https:\/\/calculatie.azglorieux.be\/fr\/patients\/informations-generales\/choix-de-la-chambre\/"]}]},{"@type":"BreadcrumbList","@id":"https:\/\/calculatie.azglorieux.be\/fr\/patients\/informations-generales\/choix-de-la-chambre\/#breadcrumb","itemListElement":[{"@type":"ListItem","position":1,"name":"Home","item":"https:\/\/calculatie.azglorieux.be\/fr\/"},{"@type":"ListItem","position":2,"name":"Patients","item":"https:\/\/calculatie.azglorieux.be\/fr\/patients\/"},{"@type":"ListItem","position":3,"name":"Informations g\u00e9n\u00e9rales","item":"https:\/\/calculatie.azglorieux.be\/fr\/patients\/informations-generales\/"},{"@type":"ListItem","position":4,"name":"Choix de la chambre"}]},{"@type":"WebSite","@id":"https:\/\/calculatie.azglorieux.be\/fr\/#website","url":"https:\/\/calculatie.azglorieux.be\/fr\/","name":"azGlorieux","description":"","potentialAction":[{"@type":"SearchAction","target":{"@type":"EntryPoint","urlTemplate":"https:\/\/calculatie.azglorieux.be\/fr\/?s={search_term_string}"},"query-input":"required name=search_term_string"}],"inLanguage":"fr-FR"}]}},"_links":{"self":[{"href":"https:\/\/calculatie.azglorieux.be\/fr\/wp-json\/wp\/v2\/pages\/1605"}],"collection":[{"href":"https:\/\/calculatie.azglorieux.be\/fr\/wp-json\/wp\/v2\/pages"}],"about":[{"href":"https:\/\/calculatie.azglorieux.be\/fr\/wp-json\/wp\/v2\/types\/page"}],"author":[{"embeddable":true,"href":"https:\/\/calculatie.azglorieux.be\/fr\/wp-json\/wp\/v2\/users\/4"}],"replies":[{"embeddable":true,"href":"https:\/\/calculatie.azglorieux.be\/fr\/wp-json\/wp\/v2\/comments?post=1605"}],"version-history":[{"count":2,"href":"https:\/\/calculatie.azglorieux.be\/fr\/wp-json\/wp\/v2\/pages\/1605\/revisions"}],"predecessor-version":[{"id":9247,"href":"https:\/\/calculatie.azglorieux.be\/fr\/wp-json\/wp\/v2\/pages\/1605\/revisions\/9247"}],"up":[{"embeddable":true,"href":"https:\/\/calculatie.azglorieux.be\/fr\/wp-json\/wp\/v2\/pages\/1579"}],"wp:attachment":[{"href":"https:\/\/calculatie.azglorieux.be\/fr\/wp-json\/wp\/v2\/media?parent=1605"}],"curies":[{"name":"wp","href":"https:\/\/api.w.org\/{rel}","templated":true}]}}