{"id":1609,"date":"2020-07-14T12:51:07","date_gmt":"2020-07-14T10:51:07","guid":{"rendered":"https:\/\/calculatie.azglorieux.be\/?page_id=1609"},"modified":"2020-07-14T12:51:07","modified_gmt":"2020-07-14T10:51:07","slug":"assurance-maladie-obligatoire","status":"publish","type":"page","link":"https:\/\/calculatie.azglorieux.be\/fr\/patients\/informations-generales\/assurance-maladie-obligatoire\/","title":{"rendered":"Assurance maladie obligatoire"},"content":{"rendered":"<p>Toute personne r\u00e9sidant en Belgique doit s\u2019affilier \u00e0 une mutuelle. Celle-ci prend en charge une partie du prix des num\u00e9ros de nomenclature factur\u00e9s. La partie que vous devez payer vous-m\u00eame est appel\u00e9e ticket mod\u00e9rateur.<\/p>\n<p>Dans certaines situations, vous avez droit \u00e0 une intervention major\u00e9e de votre mutuelle (=tarif pr\u00e9f\u00e9rentiel). Cela signifie que vous avez moins \u00e0 payer et que l\u2019intervention financi\u00e8re de la mutuelle est plus \u00e9lev\u00e9e. Pour savoir si vous y avez droit, renseignez-vous aupr\u00e8s de votre mutuelle.<\/p>\n<p>Les \u00e9ventuels tickets mod\u00e9rateurs pay\u00e9s sont pris en consid\u00e9ration pour d\u00e9terminer si vous entrez en ligne de compte pour le maximum \u00e0 facturer (M\u00e0F). Cette mesure de protection financi\u00e8re limite les frais m\u00e9dicaux annuels \u00e0 un certain montant. Pour obtenir tous les d\u00e9tails, adressez-vous \u00e0 votre mutuelle.<\/p>\n<p>Certaines interventions ne b\u00e9n\u00e9ficient d\u2019aucune intervention de la mutuelle, comme les op\u00e9rations de chirurgie purement esth\u00e9tique. La mutuelle n\u2019intervient pas non plus pour les suppl\u00e9ments de chambre pour s\u00e9jour en chambre individuelle et pour les suppl\u00e9ments d\u2019honoraires.<\/p>\n<p>Votre affiliation aupr\u00e8s de votre mutuelle n\u2019est (momentan\u00e9ment) pas \u00e0 jour ou vous n\u2019avez pas de mutuelle\u00a0? Vous devez alors vous acquitter de l\u2019ensemble des frais li\u00e9s \u00e0 votre traitement\/hospitalisation.<\/p>\n","protected":false},"excerpt":{"rendered":"<p>Toute personne r\u00e9sidant en Belgique doit s\u2019affilier \u00e0 une mutuelle. Celle-ci prend en charge une partie du prix des num\u00e9ros&#8230;<\/p>\n","protected":false},"author":4,"featured_media":0,"parent":1579,"menu_order":0,"comment_status":"closed","ping_status":"closed","template":"","meta":{"_acf_changed":false,"_relevanssi_hide_post":"","_relevanssi_hide_content":"","_relevanssi_pin_for_all":"","_relevanssi_pin_keywords":"","_relevanssi_unpin_keywords":"","_relevanssi_related_keywords":"","_relevanssi_related_include_ids":"","_relevanssi_related_exclude_ids":"","_relevanssi_related_no_append":"","_relevanssi_related_not_related":"","_relevanssi_related_posts":"","_relevanssi_noindex_reason":"","inline_featured_image":false,"_exactmetrics_skip_tracking":false,"_exactmetrics_sitenote_active":false,"_exactmetrics_sitenote_note":"","_exactmetrics_sitenote_category":0,"footnotes":"","_links_to":"","_links_to_target":""},"acf":[],"yoast_head":"<!-- This site is optimized with the Yoast SEO plugin v22.4 - https:\/\/yoast.com\/wordpress\/plugins\/seo\/ -->\n<title>Assurance maladie obligatoire - azGlorieux<\/title>\n<meta name=\"robots\" content=\"noindex, follow, max-snippet:-1, max-image-preview:large, max-video-preview:-1\" \/>\n<meta property=\"og:locale\" content=\"fr_FR\" \/>\n<meta property=\"og:type\" content=\"article\" \/>\n<meta property=\"og:title\" content=\"Assurance maladie obligatoire - azGlorieux\" \/>\n<meta property=\"og:description\" content=\"Toute personne r\u00e9sidant en Belgique doit s\u2019affilier \u00e0 une mutuelle. Celle-ci prend en charge une partie du prix des num\u00e9ros...\" \/>\n<meta property=\"og:url\" content=\"https:\/\/calculatie.azglorieux.be\/fr\/patients\/informations-generales\/assurance-maladie-obligatoire\/\" \/>\n<meta property=\"og:site_name\" content=\"azGlorieux\" \/>\n<meta name=\"twitter:card\" content=\"summary_large_image\" \/>\n<meta name=\"twitter:label1\" content=\"Dur\u00e9e de lecture estim\u00e9e\" \/>\n\t<meta name=\"twitter:data1\" content=\"1 minute\" \/>\n<!-- \/ Yoast SEO plugin. -->","yoast_head_json":{"title":"Assurance maladie obligatoire - azGlorieux","robots":{"index":"noindex","follow":"follow","max-snippet":"max-snippet:-1","max-image-preview":"max-image-preview:large","max-video-preview":"max-video-preview:-1"},"og_locale":"fr_FR","og_type":"article","og_title":"Assurance maladie obligatoire - azGlorieux","og_description":"Toute personne r\u00e9sidant en Belgique doit s\u2019affilier \u00e0 une mutuelle. Celle-ci prend en charge une partie du prix des num\u00e9ros...","og_url":"https:\/\/calculatie.azglorieux.be\/fr\/patients\/informations-generales\/assurance-maladie-obligatoire\/","og_site_name":"azGlorieux","twitter_card":"summary_large_image","twitter_misc":{"Dur\u00e9e de lecture estim\u00e9e":"1 minute"},"schema":{"@context":"https:\/\/schema.org","@graph":[{"@type":"WebPage","@id":"https:\/\/calculatie.azglorieux.be\/fr\/patients\/informations-generales\/assurance-maladie-obligatoire\/","url":"https:\/\/calculatie.azglorieux.be\/fr\/patients\/informations-generales\/assurance-maladie-obligatoire\/","name":"Assurance maladie obligatoire - azGlorieux","isPartOf":{"@id":"https:\/\/calculatie.azglorieux.be\/fr\/#website"},"datePublished":"2020-07-14T10:51:07+00:00","dateModified":"2020-07-14T10:51:07+00:00","breadcrumb":{"@id":"https:\/\/calculatie.azglorieux.be\/fr\/patients\/informations-generales\/assurance-maladie-obligatoire\/#breadcrumb"},"inLanguage":"fr-FR","potentialAction":[{"@type":"ReadAction","target":["https:\/\/calculatie.azglorieux.be\/fr\/patients\/informations-generales\/assurance-maladie-obligatoire\/"]}]},{"@type":"BreadcrumbList","@id":"https:\/\/calculatie.azglorieux.be\/fr\/patients\/informations-generales\/assurance-maladie-obligatoire\/#breadcrumb","itemListElement":[{"@type":"ListItem","position":1,"name":"Home","item":"https:\/\/calculatie.azglorieux.be\/fr\/"},{"@type":"ListItem","position":2,"name":"Patients","item":"https:\/\/calculatie.azglorieux.be\/fr\/patients\/"},{"@type":"ListItem","position":3,"name":"Informations g\u00e9n\u00e9rales","item":"https:\/\/calculatie.azglorieux.be\/fr\/patients\/informations-generales\/"},{"@type":"ListItem","position":4,"name":"Assurance maladie obligatoire"}]},{"@type":"WebSite","@id":"https:\/\/calculatie.azglorieux.be\/fr\/#website","url":"https:\/\/calculatie.azglorieux.be\/fr\/","name":"azGlorieux","description":"","potentialAction":[{"@type":"SearchAction","target":{"@type":"EntryPoint","urlTemplate":"https:\/\/calculatie.azglorieux.be\/fr\/?s={search_term_string}"},"query-input":"required name=search_term_string"}],"inLanguage":"fr-FR"}]}},"_links":{"self":[{"href":"https:\/\/calculatie.azglorieux.be\/fr\/wp-json\/wp\/v2\/pages\/1609"}],"collection":[{"href":"https:\/\/calculatie.azglorieux.be\/fr\/wp-json\/wp\/v2\/pages"}],"about":[{"href":"https:\/\/calculatie.azglorieux.be\/fr\/wp-json\/wp\/v2\/types\/page"}],"author":[{"embeddable":true,"href":"https:\/\/calculatie.azglorieux.be\/fr\/wp-json\/wp\/v2\/users\/4"}],"replies":[{"embeddable":true,"href":"https:\/\/calculatie.azglorieux.be\/fr\/wp-json\/wp\/v2\/comments?post=1609"}],"version-history":[{"count":0,"href":"https:\/\/calculatie.azglorieux.be\/fr\/wp-json\/wp\/v2\/pages\/1609\/revisions"}],"up":[{"embeddable":true,"href":"https:\/\/calculatie.azglorieux.be\/fr\/wp-json\/wp\/v2\/pages\/1579"}],"wp:attachment":[{"href":"https:\/\/calculatie.azglorieux.be\/fr\/wp-json\/wp\/v2\/media?parent=1609"}],"curies":[{"name":"wp","href":"https:\/\/api.w.org\/{rel}","templated":true}]}}