{"id":1617,"date":"2020-07-14T12:51:07","date_gmt":"2020-07-14T10:51:07","guid":{"rendered":"https:\/\/calculatie.azglorieux.be\/?page_id=1617"},"modified":"2020-07-14T12:51:07","modified_gmt":"2020-07-14T10:51:07","slug":"systeme-du-tiers-payant","status":"publish","type":"page","link":"https:\/\/calculatie.azglorieux.be\/fr\/patients\/informations-generales\/systeme-du-tiers-payant\/","title":{"rendered":"Syst\u00e8me du tiers payant"},"content":{"rendered":"<p>Le syst\u00e8me du tiers payant est utilis\u00e9 pour les factures de l\u2019h\u00f4pital. En tant que patient, cela signifie que vous ne payez que la part pour laquelle votre mutuelle n\u2019intervient pas.<\/p>\n<p>Ce syst\u00e8me ne s\u2019applique pas \u00e0 certains num\u00e9ros de nomenclature (par exemple\u00a0: consultations, etc.). Pour ces derniers, vous devez payer le montant total. Via le formulaire qui vous est envoy\u00e9, &nbsp;vous pouvez demander l\u2019intervention de votre mutuelle.<\/p>\n<p>Vous payez directement \u00e0 votre m\u00e9decin ou \u00e0 son secr\u00e9tariat\u00a0? Vous recevez alors une \u00ab\u00a0Attestation de soins donn\u00e9s\u00a0\u00bb. Vous pouvez l\u2019utiliser pour demander le remboursement \u00e0 votre mutuelle.<\/p>\n<p>Votre affiliation aupr\u00e8s de votre mutuelle n\u2019est pas \u00e0 jour\u00a0? Veuillez noter que vous devrez alors tout payer. Pour certains traitements\/certaines interventions, votre mutuelle peut \u00e9galement refuser d\u2019intervenir. Pensez notamment aux interventions d\u2019ordre esth\u00e9tique, etc. En cas de doute, informez-vous au pr\u00e9alable aupr\u00e8s de votre mutuelle.<\/p>\n","protected":false},"excerpt":{"rendered":"<p>Le syst\u00e8me du tiers payant est utilis\u00e9 pour les factures de l\u2019h\u00f4pital. En tant que patient, cela signifie que vous&#8230;<\/p>\n","protected":false},"author":4,"featured_media":0,"parent":1579,"menu_order":0,"comment_status":"closed","ping_status":"closed","template":"","meta":{"_acf_changed":false,"_relevanssi_hide_post":"","_relevanssi_hide_content":"","_relevanssi_pin_for_all":"","_relevanssi_pin_keywords":"","_relevanssi_unpin_keywords":"","_relevanssi_related_keywords":"","_relevanssi_related_include_ids":"","_relevanssi_related_exclude_ids":"","_relevanssi_related_no_append":"","_relevanssi_related_not_related":"","_relevanssi_related_posts":"","_relevanssi_noindex_reason":"","inline_featured_image":false,"_exactmetrics_skip_tracking":false,"_exactmetrics_sitenote_active":false,"_exactmetrics_sitenote_note":"","_exactmetrics_sitenote_category":0,"footnotes":"","_links_to":"","_links_to_target":""},"acf":[],"yoast_head":"<!-- This site is optimized with the Yoast SEO plugin v22.4 - https:\/\/yoast.com\/wordpress\/plugins\/seo\/ -->\n<title>Syst\u00e8me du tiers payant - azGlorieux<\/title>\n<meta name=\"robots\" content=\"noindex, follow, max-snippet:-1, max-image-preview:large, max-video-preview:-1\" \/>\n<meta property=\"og:locale\" content=\"fr_FR\" \/>\n<meta property=\"og:type\" content=\"article\" \/>\n<meta property=\"og:title\" content=\"Syst\u00e8me du tiers payant - azGlorieux\" \/>\n<meta property=\"og:description\" content=\"Le syst\u00e8me du tiers payant est utilis\u00e9 pour les factures de l\u2019h\u00f4pital. En tant que patient, cela signifie que vous...\" \/>\n<meta property=\"og:url\" content=\"https:\/\/calculatie.azglorieux.be\/fr\/patients\/informations-generales\/systeme-du-tiers-payant\/\" \/>\n<meta property=\"og:site_name\" content=\"azGlorieux\" \/>\n<meta name=\"twitter:card\" content=\"summary_large_image\" \/>\n<meta name=\"twitter:label1\" content=\"Dur\u00e9e de lecture estim\u00e9e\" \/>\n\t<meta name=\"twitter:data1\" content=\"1 minute\" \/>\n<!-- \/ Yoast SEO plugin. -->","yoast_head_json":{"title":"Syst\u00e8me du tiers payant - azGlorieux","robots":{"index":"noindex","follow":"follow","max-snippet":"max-snippet:-1","max-image-preview":"max-image-preview:large","max-video-preview":"max-video-preview:-1"},"og_locale":"fr_FR","og_type":"article","og_title":"Syst\u00e8me du tiers payant - azGlorieux","og_description":"Le syst\u00e8me du tiers payant est utilis\u00e9 pour les factures de l\u2019h\u00f4pital. En tant que patient, cela signifie que vous...","og_url":"https:\/\/calculatie.azglorieux.be\/fr\/patients\/informations-generales\/systeme-du-tiers-payant\/","og_site_name":"azGlorieux","twitter_card":"summary_large_image","twitter_misc":{"Dur\u00e9e de lecture estim\u00e9e":"1 minute"},"schema":{"@context":"https:\/\/schema.org","@graph":[{"@type":"WebPage","@id":"https:\/\/calculatie.azglorieux.be\/fr\/patients\/informations-generales\/systeme-du-tiers-payant\/","url":"https:\/\/calculatie.azglorieux.be\/fr\/patients\/informations-generales\/systeme-du-tiers-payant\/","name":"Syst\u00e8me du tiers payant - azGlorieux","isPartOf":{"@id":"https:\/\/calculatie.azglorieux.be\/fr\/#website"},"datePublished":"2020-07-14T10:51:07+00:00","dateModified":"2020-07-14T10:51:07+00:00","breadcrumb":{"@id":"https:\/\/calculatie.azglorieux.be\/fr\/patients\/informations-generales\/systeme-du-tiers-payant\/#breadcrumb"},"inLanguage":"fr-FR","potentialAction":[{"@type":"ReadAction","target":["https:\/\/calculatie.azglorieux.be\/fr\/patients\/informations-generales\/systeme-du-tiers-payant\/"]}]},{"@type":"BreadcrumbList","@id":"https:\/\/calculatie.azglorieux.be\/fr\/patients\/informations-generales\/systeme-du-tiers-payant\/#breadcrumb","itemListElement":[{"@type":"ListItem","position":1,"name":"Home","item":"https:\/\/calculatie.azglorieux.be\/fr\/"},{"@type":"ListItem","position":2,"name":"Patients","item":"https:\/\/calculatie.azglorieux.be\/fr\/patients\/"},{"@type":"ListItem","position":3,"name":"Informations g\u00e9n\u00e9rales","item":"https:\/\/calculatie.azglorieux.be\/fr\/patients\/informations-generales\/"},{"@type":"ListItem","position":4,"name":"Syst\u00e8me du tiers payant"}]},{"@type":"WebSite","@id":"https:\/\/calculatie.azglorieux.be\/fr\/#website","url":"https:\/\/calculatie.azglorieux.be\/fr\/","name":"azGlorieux","description":"","potentialAction":[{"@type":"SearchAction","target":{"@type":"EntryPoint","urlTemplate":"https:\/\/calculatie.azglorieux.be\/fr\/?s={search_term_string}"},"query-input":"required name=search_term_string"}],"inLanguage":"fr-FR"}]}},"_links":{"self":[{"href":"https:\/\/calculatie.azglorieux.be\/fr\/wp-json\/wp\/v2\/pages\/1617"}],"collection":[{"href":"https:\/\/calculatie.azglorieux.be\/fr\/wp-json\/wp\/v2\/pages"}],"about":[{"href":"https:\/\/calculatie.azglorieux.be\/fr\/wp-json\/wp\/v2\/types\/page"}],"author":[{"embeddable":true,"href":"https:\/\/calculatie.azglorieux.be\/fr\/wp-json\/wp\/v2\/users\/4"}],"replies":[{"embeddable":true,"href":"https:\/\/calculatie.azglorieux.be\/fr\/wp-json\/wp\/v2\/comments?post=1617"}],"version-history":[{"count":0,"href":"https:\/\/calculatie.azglorieux.be\/fr\/wp-json\/wp\/v2\/pages\/1617\/revisions"}],"up":[{"embeddable":true,"href":"https:\/\/calculatie.azglorieux.be\/fr\/wp-json\/wp\/v2\/pages\/1579"}],"wp:attachment":[{"href":"https:\/\/calculatie.azglorieux.be\/fr\/wp-json\/wp\/v2\/media?parent=1617"}],"curies":[{"name":"wp","href":"https:\/\/api.w.org\/{rel}","templated":true}]}}