{"id":1625,"date":"2020-07-14T12:50:57","date_gmt":"2020-07-14T10:50:57","guid":{"rendered":"https:\/\/calculatie.azglorieux.be\/?page_id=1625"},"modified":"2020-07-14T12:50:57","modified_gmt":"2020-07-14T10:50:57","slug":"medicaments-frais-pharmaceutiques","status":"publish","type":"page","link":"https:\/\/calculatie.azglorieux.be\/fr\/patients\/composition-de-la-facture\/medicaments-frais-pharmaceutiques\/","title":{"rendered":"M\u00e9dicaments\/frais pharmaceutiques"},"content":{"rendered":"<p>Les m\u00e9dicaments utilis\u00e9s sont mentionn\u00e9s dans cette rubrique.<\/p>\n<p>En cas d\u2019hospitalisation avec nuit \u00e0 l\u2019h\u00f4pital, vous payez un montant forfaitaire de 0,62\u00a0\u20ac pour les m\u00e9dicaments remboursables. Ce montant comprend une quantit\u00e9 importante de m\u00e9dicaments qui ne sont plus factur\u00e9s s\u00e9par\u00e9ment.<\/p>\n<p>Il n\u2019y a pas d\u2019intervention de l\u2019assurance maladie\u00a0? Dans ce cas, les m\u00e9dicaments sont mentionn\u00e9s s\u00e9par\u00e9ment sur la facture. Ils sont repris dans la rubrique \u00ab\u00a0Frais pharmaceutiques\u00a0\u00bb sur votre facture. Ceux-ci sont \u00e0 la charge totale ou partielle du patient.<\/p>\n","protected":false},"excerpt":{"rendered":"<p>Les m\u00e9dicaments utilis\u00e9s sont mentionn\u00e9s dans cette rubrique. En cas d\u2019hospitalisation avec nuit \u00e0 l\u2019h\u00f4pital, vous payez un montant forfaitaire&#8230;<\/p>\n","protected":false},"author":4,"featured_media":0,"parent":1583,"menu_order":0,"comment_status":"closed","ping_status":"closed","template":"","meta":{"_acf_changed":false,"_relevanssi_hide_post":"","_relevanssi_hide_content":"","_relevanssi_pin_for_all":"","_relevanssi_pin_keywords":"","_relevanssi_unpin_keywords":"","_relevanssi_related_keywords":"","_relevanssi_related_include_ids":"","_relevanssi_related_exclude_ids":"","_relevanssi_related_no_append":"","_relevanssi_related_not_related":"","_relevanssi_related_posts":"","_relevanssi_noindex_reason":"","inline_featured_image":false,"_exactmetrics_skip_tracking":false,"_exactmetrics_sitenote_active":false,"_exactmetrics_sitenote_note":"","_exactmetrics_sitenote_category":0,"footnotes":"","_links_to":"","_links_to_target":""},"acf":[],"yoast_head":"<!-- This site is optimized with the Yoast SEO plugin v22.4 - https:\/\/yoast.com\/wordpress\/plugins\/seo\/ -->\n<title>M\u00e9dicaments\/frais pharmaceutiques - azGlorieux<\/title>\n<meta name=\"robots\" content=\"noindex, follow, max-snippet:-1, max-image-preview:large, max-video-preview:-1\" \/>\n<meta property=\"og:locale\" content=\"fr_FR\" \/>\n<meta property=\"og:type\" content=\"article\" \/>\n<meta property=\"og:title\" content=\"M\u00e9dicaments\/frais pharmaceutiques - azGlorieux\" \/>\n<meta property=\"og:description\" content=\"Les m\u00e9dicaments utilis\u00e9s sont mentionn\u00e9s dans cette rubrique. En cas d\u2019hospitalisation avec nuit \u00e0 l\u2019h\u00f4pital, vous payez un montant forfaitaire...\" \/>\n<meta property=\"og:url\" content=\"https:\/\/calculatie.azglorieux.be\/fr\/patients\/composition-de-la-facture\/medicaments-frais-pharmaceutiques\/\" \/>\n<meta property=\"og:site_name\" content=\"azGlorieux\" \/>\n<meta name=\"twitter:card\" content=\"summary_large_image\" \/>\n<!-- \/ Yoast SEO plugin. -->","yoast_head_json":{"title":"M\u00e9dicaments\/frais pharmaceutiques - azGlorieux","robots":{"index":"noindex","follow":"follow","max-snippet":"max-snippet:-1","max-image-preview":"max-image-preview:large","max-video-preview":"max-video-preview:-1"},"og_locale":"fr_FR","og_type":"article","og_title":"M\u00e9dicaments\/frais pharmaceutiques - azGlorieux","og_description":"Les m\u00e9dicaments utilis\u00e9s sont mentionn\u00e9s dans cette rubrique. En cas d\u2019hospitalisation avec nuit \u00e0 l\u2019h\u00f4pital, vous payez un montant forfaitaire...","og_url":"https:\/\/calculatie.azglorieux.be\/fr\/patients\/composition-de-la-facture\/medicaments-frais-pharmaceutiques\/","og_site_name":"azGlorieux","twitter_card":"summary_large_image","schema":{"@context":"https:\/\/schema.org","@graph":[{"@type":"WebPage","@id":"https:\/\/calculatie.azglorieux.be\/fr\/patients\/composition-de-la-facture\/medicaments-frais-pharmaceutiques\/","url":"https:\/\/calculatie.azglorieux.be\/fr\/patients\/composition-de-la-facture\/medicaments-frais-pharmaceutiques\/","name":"M\u00e9dicaments\/frais pharmaceutiques - azGlorieux","isPartOf":{"@id":"https:\/\/calculatie.azglorieux.be\/fr\/#website"},"datePublished":"2020-07-14T10:50:57+00:00","dateModified":"2020-07-14T10:50:57+00:00","breadcrumb":{"@id":"https:\/\/calculatie.azglorieux.be\/fr\/patients\/composition-de-la-facture\/medicaments-frais-pharmaceutiques\/#breadcrumb"},"inLanguage":"fr-FR","potentialAction":[{"@type":"ReadAction","target":["https:\/\/calculatie.azglorieux.be\/fr\/patients\/composition-de-la-facture\/medicaments-frais-pharmaceutiques\/"]}]},{"@type":"BreadcrumbList","@id":"https:\/\/calculatie.azglorieux.be\/fr\/patients\/composition-de-la-facture\/medicaments-frais-pharmaceutiques\/#breadcrumb","itemListElement":[{"@type":"ListItem","position":1,"name":"Home","item":"https:\/\/calculatie.azglorieux.be\/fr\/"},{"@type":"ListItem","position":2,"name":"Patients","item":"https:\/\/calculatie.azglorieux.be\/fr\/patients\/"},{"@type":"ListItem","position":3,"name":"Composition de la facture","item":"https:\/\/calculatie.azglorieux.be\/fr\/patients\/composition-de-la-facture\/"},{"@type":"ListItem","position":4,"name":"M\u00e9dicaments\/frais pharmaceutiques"}]},{"@type":"WebSite","@id":"https:\/\/calculatie.azglorieux.be\/fr\/#website","url":"https:\/\/calculatie.azglorieux.be\/fr\/","name":"azGlorieux","description":"","potentialAction":[{"@type":"SearchAction","target":{"@type":"EntryPoint","urlTemplate":"https:\/\/calculatie.azglorieux.be\/fr\/?s={search_term_string}"},"query-input":"required name=search_term_string"}],"inLanguage":"fr-FR"}]}},"_links":{"self":[{"href":"https:\/\/calculatie.azglorieux.be\/fr\/wp-json\/wp\/v2\/pages\/1625"}],"collection":[{"href":"https:\/\/calculatie.azglorieux.be\/fr\/wp-json\/wp\/v2\/pages"}],"about":[{"href":"https:\/\/calculatie.azglorieux.be\/fr\/wp-json\/wp\/v2\/types\/page"}],"author":[{"embeddable":true,"href":"https:\/\/calculatie.azglorieux.be\/fr\/wp-json\/wp\/v2\/users\/4"}],"replies":[{"embeddable":true,"href":"https:\/\/calculatie.azglorieux.be\/fr\/wp-json\/wp\/v2\/comments?post=1625"}],"version-history":[{"count":0,"href":"https:\/\/calculatie.azglorieux.be\/fr\/wp-json\/wp\/v2\/pages\/1625\/revisions"}],"up":[{"embeddable":true,"href":"https:\/\/calculatie.azglorieux.be\/fr\/wp-json\/wp\/v2\/pages\/1583"}],"wp:attachment":[{"href":"https:\/\/calculatie.azglorieux.be\/fr\/wp-json\/wp\/v2\/media?parent=1625"}],"curies":[{"name":"wp","href":"https:\/\/api.w.org\/{rel}","templated":true}]}}