{"id":1629,"date":"2020-07-14T12:50:57","date_gmt":"2020-07-14T10:50:57","guid":{"rendered":"https:\/\/calculatie.azglorieux.be\/?page_id=1629"},"modified":"2020-07-14T12:50:57","modified_gmt":"2020-07-14T10:50:57","slug":"autres-fournitures","status":"publish","type":"page","link":"https:\/\/calculatie.azglorieux.be\/fr\/patients\/composition-de-la-facture\/autres-fournitures\/","title":{"rendered":"Autres fournitures"},"content":{"rendered":"<p>Seuls quelques \u00e9l\u00e9ments sont enti\u00e8rement \u00e0 la charge de votre mutuelle (d\u00e9riv\u00e9s sanguins, par exemple). Les autres mat\u00e9riels et \u00e9quipements prescrits par le m\u00e9decin (implants, proth\u00e8ses, mat\u00e9riel endoscopique et de visc\u00e9rosynth\u00e8se) sont partiellement ou totalement \u00e0 votre charge.<\/p>\n<p>Ces \u00e9l\u00e9ments sont repris dans la rubrique \u00ab\u00a0Autres fournitures\u00a0\u00bb.<\/p>\n","protected":false},"excerpt":{"rendered":"<p>Seuls quelques \u00e9l\u00e9ments sont enti\u00e8rement \u00e0 la charge de votre mutuelle (d\u00e9riv\u00e9s sanguins, par exemple). Les autres mat\u00e9riels et \u00e9quipements&#8230;<\/p>\n","protected":false},"author":4,"featured_media":0,"parent":1583,"menu_order":0,"comment_status":"closed","ping_status":"closed","template":"","meta":{"_acf_changed":false,"_relevanssi_hide_post":"","_relevanssi_hide_content":"","_relevanssi_pin_for_all":"","_relevanssi_pin_keywords":"","_relevanssi_unpin_keywords":"","_relevanssi_related_keywords":"","_relevanssi_related_include_ids":"","_relevanssi_related_exclude_ids":"","_relevanssi_related_no_append":"","_relevanssi_related_not_related":"","_relevanssi_related_posts":"","_relevanssi_noindex_reason":"","inline_featured_image":false,"_exactmetrics_skip_tracking":false,"_exactmetrics_sitenote_active":false,"_exactmetrics_sitenote_note":"","_exactmetrics_sitenote_category":0,"footnotes":"","_links_to":"","_links_to_target":""},"acf":[],"yoast_head":"<!-- This site is optimized with the Yoast SEO plugin v22.4 - https:\/\/yoast.com\/wordpress\/plugins\/seo\/ -->\n<title>Autres fournitures - azGlorieux<\/title>\n<meta name=\"robots\" content=\"noindex, follow, max-snippet:-1, max-image-preview:large, max-video-preview:-1\" \/>\n<meta property=\"og:locale\" content=\"fr_FR\" \/>\n<meta property=\"og:type\" content=\"article\" \/>\n<meta property=\"og:title\" content=\"Autres fournitures - azGlorieux\" \/>\n<meta property=\"og:description\" content=\"Seuls quelques \u00e9l\u00e9ments sont enti\u00e8rement \u00e0 la charge de votre mutuelle (d\u00e9riv\u00e9s sanguins, par exemple). Les autres mat\u00e9riels et \u00e9quipements...\" \/>\n<meta property=\"og:url\" content=\"https:\/\/calculatie.azglorieux.be\/fr\/patients\/composition-de-la-facture\/autres-fournitures\/\" \/>\n<meta property=\"og:site_name\" content=\"azGlorieux\" \/>\n<meta name=\"twitter:card\" content=\"summary_large_image\" \/>\n<!-- \/ Yoast SEO plugin. -->","yoast_head_json":{"title":"Autres fournitures - azGlorieux","robots":{"index":"noindex","follow":"follow","max-snippet":"max-snippet:-1","max-image-preview":"max-image-preview:large","max-video-preview":"max-video-preview:-1"},"og_locale":"fr_FR","og_type":"article","og_title":"Autres fournitures - azGlorieux","og_description":"Seuls quelques \u00e9l\u00e9ments sont enti\u00e8rement \u00e0 la charge de votre mutuelle (d\u00e9riv\u00e9s sanguins, par exemple). Les autres mat\u00e9riels et \u00e9quipements...","og_url":"https:\/\/calculatie.azglorieux.be\/fr\/patients\/composition-de-la-facture\/autres-fournitures\/","og_site_name":"azGlorieux","twitter_card":"summary_large_image","schema":{"@context":"https:\/\/schema.org","@graph":[{"@type":"WebPage","@id":"https:\/\/calculatie.azglorieux.be\/fr\/patients\/composition-de-la-facture\/autres-fournitures\/","url":"https:\/\/calculatie.azglorieux.be\/fr\/patients\/composition-de-la-facture\/autres-fournitures\/","name":"Autres fournitures - azGlorieux","isPartOf":{"@id":"https:\/\/calculatie.azglorieux.be\/fr\/#website"},"datePublished":"2020-07-14T10:50:57+00:00","dateModified":"2020-07-14T10:50:57+00:00","breadcrumb":{"@id":"https:\/\/calculatie.azglorieux.be\/fr\/patients\/composition-de-la-facture\/autres-fournitures\/#breadcrumb"},"inLanguage":"fr-FR","potentialAction":[{"@type":"ReadAction","target":["https:\/\/calculatie.azglorieux.be\/fr\/patients\/composition-de-la-facture\/autres-fournitures\/"]}]},{"@type":"BreadcrumbList","@id":"https:\/\/calculatie.azglorieux.be\/fr\/patients\/composition-de-la-facture\/autres-fournitures\/#breadcrumb","itemListElement":[{"@type":"ListItem","position":1,"name":"Home","item":"https:\/\/calculatie.azglorieux.be\/fr\/"},{"@type":"ListItem","position":2,"name":"Patients","item":"https:\/\/calculatie.azglorieux.be\/fr\/patients\/"},{"@type":"ListItem","position":3,"name":"Composition de la facture","item":"https:\/\/calculatie.azglorieux.be\/fr\/patients\/composition-de-la-facture\/"},{"@type":"ListItem","position":4,"name":"Autres fournitures"}]},{"@type":"WebSite","@id":"https:\/\/calculatie.azglorieux.be\/fr\/#website","url":"https:\/\/calculatie.azglorieux.be\/fr\/","name":"azGlorieux","description":"","potentialAction":[{"@type":"SearchAction","target":{"@type":"EntryPoint","urlTemplate":"https:\/\/calculatie.azglorieux.be\/fr\/?s={search_term_string}"},"query-input":"required name=search_term_string"}],"inLanguage":"fr-FR"}]}},"_links":{"self":[{"href":"https:\/\/calculatie.azglorieux.be\/fr\/wp-json\/wp\/v2\/pages\/1629"}],"collection":[{"href":"https:\/\/calculatie.azglorieux.be\/fr\/wp-json\/wp\/v2\/pages"}],"about":[{"href":"https:\/\/calculatie.azglorieux.be\/fr\/wp-json\/wp\/v2\/types\/page"}],"author":[{"embeddable":true,"href":"https:\/\/calculatie.azglorieux.be\/fr\/wp-json\/wp\/v2\/users\/4"}],"replies":[{"embeddable":true,"href":"https:\/\/calculatie.azglorieux.be\/fr\/wp-json\/wp\/v2\/comments?post=1629"}],"version-history":[{"count":0,"href":"https:\/\/calculatie.azglorieux.be\/fr\/wp-json\/wp\/v2\/pages\/1629\/revisions"}],"up":[{"embeddable":true,"href":"https:\/\/calculatie.azglorieux.be\/fr\/wp-json\/wp\/v2\/pages\/1583"}],"wp:attachment":[{"href":"https:\/\/calculatie.azglorieux.be\/fr\/wp-json\/wp\/v2\/media?parent=1629"}],"curies":[{"name":"wp","href":"https:\/\/api.w.org\/{rel}","templated":true}]}}