{"id":1633,"date":"2020-07-13T09:02:09","date_gmt":"2020-07-13T07:02:09","guid":{"rendered":"https:\/\/calculatie.azglorieux.be\/?page_id=1633"},"modified":"2020-07-14T12:49:46","modified_gmt":"2020-07-14T10:49:46","slug":"honoraires","status":"publish","type":"page","link":"https:\/\/calculatie.azglorieux.be\/fr\/patients\/composition-de-la-facture\/honoraires\/","title":{"rendered":"Honoraires"},"content":{"rendered":"<h3><strong>Honoraires forfaitaires<\/strong><\/h3>\n<p>Quelques honoraires forfaitaires sont repris sur la facture pour chaque hospitalisation. Il s\u2019agit d\u2019honoraires fix\u00e9s l\u00e9galement notamment pour la biologie clinique (laboratoire), l\u2019imagerie m\u00e9dicale (radiologie) et le service de garde m\u00e9dicale. Ces honoraires forfaitaires sont factur\u00e9s au nom du m\u00e9decin responsable du service concern\u00e9.<\/p>\n<p>Aucun suppl\u00e9ment d\u2019honoraires n\u2019est ajout\u00e9 \u00e0 ces honoraires forfaitaires.<\/p>\n<p>Les tarifs actuels sont les suivants\u00a0:<\/p>\n<table>\n<tbody>\n<tr>\n<td colspan=\"2\" width=\"255\">Hospitalisation avec s\u00e9jour<\/td>\n<td width=\"132\"><\/td>\n<td width=\"101\">Avec tarif pr\u00e9f\u00e9rentiel<\/td>\n<td width=\"116\">Sans tarif pr\u00e9f\u00e9rentiel<\/td>\n<\/tr>\n<tr>\n<td width=\"25\"><\/td>\n<td width=\"230\">Forfait prestations techniques<\/td>\n<td width=\"132\">700000<\/td>\n<td width=\"101\"><\/td>\n<td width=\"116\"><\/td>\n<\/tr>\n<tr>\n<td width=\"25\"><\/td>\n<td width=\"230\">Forfait biologie clinique<\/td>\n<td width=\"132\">59***** + 59*****<\/td>\n<td width=\"101\"><\/td>\n<td width=\"116\"><\/td>\n<\/tr>\n<tr>\n<td width=\"25\"><\/td>\n<td width=\"230\">Forfait imagerie m\u00e9dicale<\/td>\n<td width=\"132\">460784 + ******<\/td>\n<td width=\"101\"><\/td>\n<td width=\"116\"><\/td>\n<\/tr>\n<tr>\n<td width=\"25\"><\/td>\n<td width=\"230\">Forfait service de garde m\u00e9dicale<\/td>\n<td width=\"132\">59**** + 59****<\/td>\n<td width=\"101\"><\/td>\n<td width=\"116\"><\/td>\n<\/tr>\n<tr>\n<td colspan=\"2\" width=\"255\">Hospitalisation sans s\u00e9jour<\/td>\n<td width=\"132\"><\/td>\n<td width=\"101\"><\/td>\n<td width=\"116\"><\/td>\n<\/tr>\n<tr>\n<td width=\"25\"><\/td>\n<td width=\"230\">Forfait biologie clinique<\/td>\n<td width=\"132\">59***** + 59*****<\/td>\n<td width=\"101\"><\/td>\n<td width=\"116\"><\/td>\n<\/tr>\n<tr>\n<td width=\"25\"><\/td>\n<td width=\"230\">Forfait service de garde m\u00e9dicale<\/td>\n<td width=\"132\">59**** + 59****<\/td>\n<td width=\"101\"><\/td>\n<td width=\"116\"><\/td>\n<\/tr>\n<\/tbody>\n<\/table>\n<p>&nbsp;<\/p>\n<h3><strong>Honoraires<\/strong><\/h3>\n<p>Cette rubrique comprend toutes les prestations effectu\u00e9es (sur la base d\u2019un code de nomenclature INAMI) par les m\u00e9decins et le personnel param\u00e9dical (kin\u00e9sith\u00e9rapeutes, par exemple). Ces prestations peuvent \u00eatre compos\u00e9es d\u2019une partie \u00e0 la charge de la mutuelle (remboursement) et\/ou d\u2019une partie que vous devez payer en tant que patient (dont le ticket mod\u00e9rateur).<\/p>\n<p>&nbsp;<\/p>\n<h3><strong>Suppl\u00e9ments d\u2019honoraires<\/strong><\/h3>\n<p>Les m\u00e9decins conventionn\u00e9s peuvent uniquement facturer des suppl\u00e9ments d\u2019honoraires lorsque vous optez pour une chambre individuelle. Ces suppl\u00e9ments d\u2019honoraires ne b\u00e9n\u00e9ficient d\u2019aucune intervention de la mutuelle.<\/p>\n<p>Les m\u00e9decins non conventionn\u00e9s peuvent facturer un suppl\u00e9ment en plus du tarif de l\u2019engagement.<\/p>\n<p>Les m\u00e9decins partiellement conventionn\u00e9s peuvent \u00e9galement facturer un suppl\u00e9ment si la prestation est effectu\u00e9e \u00e0 un moment non conventionn\u00e9.<\/p>\n<p>Avez-vous une assurance hospitalisation compl\u00e9mentaire\u00a0? Informez-vous aupr\u00e8s de votre courtier en assurance ou de votre assureur pour conna\u00eetre les montants et conditions d\u2019intervention concernant les suppl\u00e9ments d\u2019honoraires.<\/p>\n<p>Les suppl\u00e9ments d\u2019honoraires sont calcul\u00e9s sur le tarif l\u00e9gal des prestations.<\/p>\n<p><strong>Exemple pratique\u00a0: <\/strong><\/p>\n<p><em>Tarif l\u00e9gal = 100\u00a0\u20ac<\/em><\/p>\n<p><em>Intervention de l\u2019assurance maladie via la mutuelle = 80\u00a0\u20ac<\/em><\/p>\n<p><em>Ticket mod\u00e9rateur \u00e0 payer par le patient = 20\u00a0\u20ac<\/em><\/p>\n<p><em>Suppl\u00e9ments d\u2019honoraires de 150\u00a0% \u00e0 payer par le patient = 100\u00a0\u20ac + 150\u00a0% = 150\u00a0\u20ac<\/em><\/p>\n<p>Dans cet exemple, 80\u00a0\u20ac sont factur\u00e9s \u00e0 la mutuelle et 170\u00a0\u20ac (= 20\u00a0\u20ac + 150\u00a0\u20ac) au patient.<\/p>\n","protected":false},"excerpt":{"rendered":"<p>Honoraires forfaitaires Quelques honoraires forfaitaires sont repris sur la facture pour chaque hospitalisation. Il s\u2019agit d\u2019honoraires fix\u00e9s l\u00e9galement notamment pour&#8230;<\/p>\n","protected":false},"author":4,"featured_media":0,"parent":1583,"menu_order":0,"comment_status":"closed","ping_status":"closed","template":"","meta":{"_acf_changed":false,"_relevanssi_hide_post":"","_relevanssi_hide_content":"","_relevanssi_pin_for_all":"","_relevanssi_pin_keywords":"","_relevanssi_unpin_keywords":"","_relevanssi_related_keywords":"","_relevanssi_related_include_ids":"","_relevanssi_related_exclude_ids":"","_relevanssi_related_no_append":"","_relevanssi_related_not_related":"","_relevanssi_related_posts":"","_relevanssi_noindex_reason":"","inline_featured_image":false,"_exactmetrics_skip_tracking":false,"_exactmetrics_sitenote_active":false,"_exactmetrics_sitenote_note":"","_exactmetrics_sitenote_category":0,"footnotes":"","_links_to":"","_links_to_target":""},"acf":[],"yoast_head":"<!-- This site is optimized with the Yoast SEO plugin v22.4 - https:\/\/yoast.com\/wordpress\/plugins\/seo\/ -->\n<title>Honoraires - azGlorieux<\/title>\n<meta name=\"robots\" content=\"noindex, follow, max-snippet:-1, max-image-preview:large, max-video-preview:-1\" \/>\n<meta property=\"og:locale\" content=\"fr_FR\" \/>\n<meta property=\"og:type\" content=\"article\" \/>\n<meta property=\"og:title\" content=\"Honoraires - azGlorieux\" \/>\n<meta property=\"og:description\" content=\"Honoraires forfaitaires Quelques honoraires forfaitaires sont repris sur la facture pour chaque hospitalisation. Il s\u2019agit d\u2019honoraires fix\u00e9s l\u00e9galement notamment pour...\" \/>\n<meta property=\"og:url\" content=\"https:\/\/calculatie.azglorieux.be\/fr\/patients\/composition-de-la-facture\/honoraires\/\" \/>\n<meta property=\"og:site_name\" content=\"azGlorieux\" \/>\n<meta property=\"article:modified_time\" content=\"2020-07-14T10:49:46+00:00\" \/>\n<meta name=\"twitter:card\" content=\"summary_large_image\" \/>\n<meta name=\"twitter:label1\" content=\"Dur\u00e9e de lecture estim\u00e9e\" \/>\n\t<meta name=\"twitter:data1\" content=\"2 minutes\" \/>\n<!-- \/ Yoast SEO plugin. -->","yoast_head_json":{"title":"Honoraires - azGlorieux","robots":{"index":"noindex","follow":"follow","max-snippet":"max-snippet:-1","max-image-preview":"max-image-preview:large","max-video-preview":"max-video-preview:-1"},"og_locale":"fr_FR","og_type":"article","og_title":"Honoraires - azGlorieux","og_description":"Honoraires forfaitaires Quelques honoraires forfaitaires sont repris sur la facture pour chaque hospitalisation. Il s\u2019agit d\u2019honoraires fix\u00e9s l\u00e9galement notamment pour...","og_url":"https:\/\/calculatie.azglorieux.be\/fr\/patients\/composition-de-la-facture\/honoraires\/","og_site_name":"azGlorieux","article_modified_time":"2020-07-14T10:49:46+00:00","twitter_card":"summary_large_image","twitter_misc":{"Dur\u00e9e de lecture estim\u00e9e":"2 minutes"},"schema":{"@context":"https:\/\/schema.org","@graph":[{"@type":"WebPage","@id":"https:\/\/calculatie.azglorieux.be\/fr\/patients\/composition-de-la-facture\/honoraires\/","url":"https:\/\/calculatie.azglorieux.be\/fr\/patients\/composition-de-la-facture\/honoraires\/","name":"Honoraires - azGlorieux","isPartOf":{"@id":"https:\/\/calculatie.azglorieux.be\/fr\/#website"},"datePublished":"2020-07-13T07:02:09+00:00","dateModified":"2020-07-14T10:49:46+00:00","breadcrumb":{"@id":"https:\/\/calculatie.azglorieux.be\/fr\/patients\/composition-de-la-facture\/honoraires\/#breadcrumb"},"inLanguage":"fr-FR","potentialAction":[{"@type":"ReadAction","target":["https:\/\/calculatie.azglorieux.be\/fr\/patients\/composition-de-la-facture\/honoraires\/"]}]},{"@type":"BreadcrumbList","@id":"https:\/\/calculatie.azglorieux.be\/fr\/patients\/composition-de-la-facture\/honoraires\/#breadcrumb","itemListElement":[{"@type":"ListItem","position":1,"name":"Home","item":"https:\/\/calculatie.azglorieux.be\/fr\/"},{"@type":"ListItem","position":2,"name":"Patients","item":"https:\/\/calculatie.azglorieux.be\/fr\/patients\/"},{"@type":"ListItem","position":3,"name":"Composition de la facture","item":"https:\/\/calculatie.azglorieux.be\/fr\/patients\/composition-de-la-facture\/"},{"@type":"ListItem","position":4,"name":"Honoraires"}]},{"@type":"WebSite","@id":"https:\/\/calculatie.azglorieux.be\/fr\/#website","url":"https:\/\/calculatie.azglorieux.be\/fr\/","name":"azGlorieux","description":"","potentialAction":[{"@type":"SearchAction","target":{"@type":"EntryPoint","urlTemplate":"https:\/\/calculatie.azglorieux.be\/fr\/?s={search_term_string}"},"query-input":"required name=search_term_string"}],"inLanguage":"fr-FR"}]}},"_links":{"self":[{"href":"https:\/\/calculatie.azglorieux.be\/fr\/wp-json\/wp\/v2\/pages\/1633"}],"collection":[{"href":"https:\/\/calculatie.azglorieux.be\/fr\/wp-json\/wp\/v2\/pages"}],"about":[{"href":"https:\/\/calculatie.azglorieux.be\/fr\/wp-json\/wp\/v2\/types\/page"}],"author":[{"embeddable":true,"href":"https:\/\/calculatie.azglorieux.be\/fr\/wp-json\/wp\/v2\/users\/4"}],"replies":[{"embeddable":true,"href":"https:\/\/calculatie.azglorieux.be\/fr\/wp-json\/wp\/v2\/comments?post=1633"}],"version-history":[{"count":0,"href":"https:\/\/calculatie.azglorieux.be\/fr\/wp-json\/wp\/v2\/pages\/1633\/revisions"}],"up":[{"embeddable":true,"href":"https:\/\/calculatie.azglorieux.be\/fr\/wp-json\/wp\/v2\/pages\/1583"}],"wp:attachment":[{"href":"https:\/\/calculatie.azglorieux.be\/fr\/wp-json\/wp\/v2\/media?parent=1633"}],"curies":[{"name":"wp","href":"https:\/\/api.w.org\/{rel}","templated":true}]}}