{"id":1637,"date":"2020-07-14T12:50:57","date_gmt":"2020-07-14T10:50:57","guid":{"rendered":"https:\/\/calculatie.azglorieux.be\/?page_id=1637"},"modified":"2024-05-22T11:09:27","modified_gmt":"2024-05-22T09:09:27","slug":"frais-divers","status":"publish","type":"page","link":"https:\/\/calculatie.azglorieux.be\/fr\/patients\/composition-de-la-facture\/frais-divers\/","title":{"rendered":"Frais divers"},"content":{"rendered":"<p>Dans cette rubrique, vous pouvez consulter les frais concernant notamment\u00a0:<\/p>\n<ul>\n<li>les produits parapharmaceutiques (par exemple\u00a0: shampooing, t\u00e9tine, compresses froides, savon&#8230;) et les \u00e9quipements (b\u00e9quilles, \u00e9lectrodes adh\u00e9sives&#8230;)<\/li>\n<li>les repas des visiteurs\/accompagnateurs<\/li>\n<li>les \u00e9l\u00e9ments relatifs au confort de la chambre et les services (par exemple\u00a0: t\u00e9l\u00e9phone, coiffeur, p\u00e9dicure&#8230;)<\/li>\n<li>certaines consultations et examens non rembours\u00e9s (consultation avec di\u00e9t\u00e9ticien, certains examens m\u00e9dico-techniques&#8230;)<\/li>\n<\/ul>\n<p>Retrouvez l\u2019aper\u00e7u complet <a href=\"https:\/\/calculatie.azglorieux.be\/wp-content\/uploads\/2024\/05\/Liste-recapitulative-des-prix-actuels-des-biens-et-services-22052024.pdf\">ici<\/a>.<\/p>\n","protected":false},"excerpt":{"rendered":"<p>Dans cette rubrique, vous pouvez consulter les frais concernant notamment\u00a0: les produits parapharmaceutiques (par exemple\u00a0: shampooing, t\u00e9tine, compresses froides, savon&#8230;)&#8230;<\/p>\n","protected":false},"author":4,"featured_media":0,"parent":1583,"menu_order":0,"comment_status":"closed","ping_status":"closed","template":"","meta":{"_acf_changed":false,"_relevanssi_hide_post":"","_relevanssi_hide_content":"","_relevanssi_pin_for_all":"","_relevanssi_pin_keywords":"","_relevanssi_unpin_keywords":"","_relevanssi_related_keywords":"","_relevanssi_related_include_ids":"","_relevanssi_related_exclude_ids":"","_relevanssi_related_no_append":"","_relevanssi_related_not_related":"","_relevanssi_related_posts":"","_relevanssi_noindex_reason":"","inline_featured_image":false,"_exactmetrics_skip_tracking":false,"_exactmetrics_sitenote_active":false,"_exactmetrics_sitenote_note":"","_exactmetrics_sitenote_category":0,"footnotes":"","_links_to":"","_links_to_target":""},"acf":[],"yoast_head":"<!-- This site is optimized with the Yoast SEO plugin v22.4 - https:\/\/yoast.com\/wordpress\/plugins\/seo\/ -->\n<title>Frais divers - azGlorieux<\/title>\n<meta name=\"robots\" content=\"noindex, follow, max-snippet:-1, max-image-preview:large, max-video-preview:-1\" \/>\n<meta property=\"og:locale\" content=\"fr_FR\" \/>\n<meta property=\"og:type\" content=\"article\" \/>\n<meta property=\"og:title\" content=\"Frais divers - azGlorieux\" \/>\n<meta property=\"og:description\" content=\"Dans cette rubrique, vous pouvez consulter les frais concernant notamment\u00a0: les produits parapharmaceutiques (par exemple\u00a0: shampooing, t\u00e9tine, compresses froides, savon&#8230;)...\" \/>\n<meta property=\"og:url\" content=\"https:\/\/calculatie.azglorieux.be\/fr\/patients\/composition-de-la-facture\/frais-divers\/\" \/>\n<meta property=\"og:site_name\" content=\"azGlorieux\" \/>\n<meta property=\"article:modified_time\" content=\"2024-05-22T09:09:27+00:00\" \/>\n<meta name=\"twitter:card\" content=\"summary_large_image\" \/>\n<meta name=\"twitter:label1\" content=\"Dur\u00e9e de lecture estim\u00e9e\" \/>\n\t<meta name=\"twitter:data1\" content=\"1 minute\" \/>\n<!-- \/ Yoast SEO plugin. -->","yoast_head_json":{"title":"Frais divers - azGlorieux","robots":{"index":"noindex","follow":"follow","max-snippet":"max-snippet:-1","max-image-preview":"max-image-preview:large","max-video-preview":"max-video-preview:-1"},"og_locale":"fr_FR","og_type":"article","og_title":"Frais divers - azGlorieux","og_description":"Dans cette rubrique, vous pouvez consulter les frais concernant notamment\u00a0: les produits parapharmaceutiques (par exemple\u00a0: shampooing, t\u00e9tine, compresses froides, savon&#8230;)...","og_url":"https:\/\/calculatie.azglorieux.be\/fr\/patients\/composition-de-la-facture\/frais-divers\/","og_site_name":"azGlorieux","article_modified_time":"2024-05-22T09:09:27+00:00","twitter_card":"summary_large_image","twitter_misc":{"Dur\u00e9e de lecture estim\u00e9e":"1 minute"},"schema":{"@context":"https:\/\/schema.org","@graph":[{"@type":"WebPage","@id":"https:\/\/calculatie.azglorieux.be\/fr\/patients\/composition-de-la-facture\/frais-divers\/","url":"https:\/\/calculatie.azglorieux.be\/fr\/patients\/composition-de-la-facture\/frais-divers\/","name":"Frais divers - azGlorieux","isPartOf":{"@id":"https:\/\/calculatie.azglorieux.be\/fr\/#website"},"datePublished":"2020-07-14T10:50:57+00:00","dateModified":"2024-05-22T09:09:27+00:00","breadcrumb":{"@id":"https:\/\/calculatie.azglorieux.be\/fr\/patients\/composition-de-la-facture\/frais-divers\/#breadcrumb"},"inLanguage":"fr-FR","potentialAction":[{"@type":"ReadAction","target":["https:\/\/calculatie.azglorieux.be\/fr\/patients\/composition-de-la-facture\/frais-divers\/"]}]},{"@type":"BreadcrumbList","@id":"https:\/\/calculatie.azglorieux.be\/fr\/patients\/composition-de-la-facture\/frais-divers\/#breadcrumb","itemListElement":[{"@type":"ListItem","position":1,"name":"Home","item":"https:\/\/calculatie.azglorieux.be\/fr\/"},{"@type":"ListItem","position":2,"name":"Patients","item":"https:\/\/calculatie.azglorieux.be\/fr\/patients\/"},{"@type":"ListItem","position":3,"name":"Composition de la facture","item":"https:\/\/calculatie.azglorieux.be\/fr\/patients\/composition-de-la-facture\/"},{"@type":"ListItem","position":4,"name":"Frais divers"}]},{"@type":"WebSite","@id":"https:\/\/calculatie.azglorieux.be\/fr\/#website","url":"https:\/\/calculatie.azglorieux.be\/fr\/","name":"azGlorieux","description":"","potentialAction":[{"@type":"SearchAction","target":{"@type":"EntryPoint","urlTemplate":"https:\/\/calculatie.azglorieux.be\/fr\/?s={search_term_string}"},"query-input":"required name=search_term_string"}],"inLanguage":"fr-FR"}]}},"_links":{"self":[{"href":"https:\/\/calculatie.azglorieux.be\/fr\/wp-json\/wp\/v2\/pages\/1637"}],"collection":[{"href":"https:\/\/calculatie.azglorieux.be\/fr\/wp-json\/wp\/v2\/pages"}],"about":[{"href":"https:\/\/calculatie.azglorieux.be\/fr\/wp-json\/wp\/v2\/types\/page"}],"author":[{"embeddable":true,"href":"https:\/\/calculatie.azglorieux.be\/fr\/wp-json\/wp\/v2\/users\/4"}],"replies":[{"embeddable":true,"href":"https:\/\/calculatie.azglorieux.be\/fr\/wp-json\/wp\/v2\/comments?post=1637"}],"version-history":[{"count":57,"href":"https:\/\/calculatie.azglorieux.be\/fr\/wp-json\/wp\/v2\/pages\/1637\/revisions"}],"predecessor-version":[{"id":11393,"href":"https:\/\/calculatie.azglorieux.be\/fr\/wp-json\/wp\/v2\/pages\/1637\/revisions\/11393"}],"up":[{"embeddable":true,"href":"https:\/\/calculatie.azglorieux.be\/fr\/wp-json\/wp\/v2\/pages\/1583"}],"wp:attachment":[{"href":"https:\/\/calculatie.azglorieux.be\/fr\/wp-json\/wp\/v2\/media?parent=1637"}],"curies":[{"name":"wp","href":"https:\/\/api.w.org\/{rel}","templated":true}]}}