{"id":1656,"date":"2020-07-14T12:50:57","date_gmt":"2020-07-14T10:50:57","guid":{"rendered":"https:\/\/calculatie.azglorieux.be\/?page_id=1656"},"modified":"2020-08-12T20:00:58","modified_gmt":"2020-08-12T18:00:58","slug":"a-emporter-lors-dune-hospitalisation","status":"publish","type":"page","link":"https:\/\/calculatie.azglorieux.be\/fr\/patients\/votre-admission\/a-emporter-lors-dune-hospitalisation\/","title":{"rendered":"\u00c0 emporter lors d\u2019une hospitalisation"},"content":{"rendered":"<p>Un bon conseil\u2009! N\u2019emportez pas d\u2019argent ni d\u2019objets de valeur \u00e0 l\u2019h\u00f4pital. L\u2019h\u00f4pital ne peut \u00eatre tenu responsable de la perte ou du vol d\u2019effets personnels.<\/p>\n<p><strong>POUR L\u2019ADMINISTRATION\u00a0:<\/strong><\/p>\n<ul>\n<li>votre carte d\u2019identit\u00e9<\/li>\n<li>les cartes et formulaires sp\u00e9cifiques si vous avez une assurance hospitalisation<\/li>\n<li>l\u2019adresse et le num\u00e9ro de t\u00e9l\u00e9phone d\u2019une personne de contact \u00e0 qui nous pouvons nous adresser lors de votre hospitalisation (un membre de la famille, une connaissance, un voisin&#8230;).<\/li>\n<\/ul>\n<p>En cas d\u2019accident du travail, veuillez \u00e9galement apporter\u00a0:<\/p>\n<ul>\n<li>le nom et l\u2019adresse de votre employeur<\/li>\n<li>une attestation de la compagnie d\u2019assurances (\u00e0 remplir par le m\u00e9decin)<\/li>\n<li>le nom et l\u2019adresse de la compagnie d\u2019assurances, et le num\u00e9ro de police<\/li>\n<\/ul>\n<p><strong>POUR LE M\u00c9DECIN ET LE SERVICE INFIRMIER\u00a0:<\/strong><\/p>\n<ul>\n<li>un courrier de votre m\u00e9decin traitant ou du m\u00e9decin r\u00e9f\u00e9rent<\/li>\n<li>une carte de groupe sanguin et de vaccinations<\/li>\n<li>les r\u00e9sultats des examens<\/li>\n<li>des radiographies<\/li>\n<li>votre pacemaker (avec num\u00e9ro)<\/li>\n<li>les m\u00e9dicaments que vous prenez r\u00e9guli\u00e8rement ces derniers temps (dans leur emballage d\u2019origine)<\/li>\n<li>les attestations \u00e9ventuelles de remboursement de m\u00e9dicaments<\/li>\n<li>une liste des produits ou m\u00e9dicaments auxquels vous \u00eates allergique<\/li>\n<li>les recommandations alimentaires<\/li>\n<\/ul>\n<p><strong>POUR VOUS-M\u00caME\u00a0:<\/strong><\/p>\n<ul>\n<li>n\u00e9cessaire de toilette\u00a0: serviettes de bain, gants de toilette, mouchoirs, savon, peigne, n\u00e9cessaire pour l\u2019hygi\u00e8ne bucco-dentaire, rasoir&#8230;<\/li>\n<li>pyjama<\/li>\n<li>robe de chambre ou v\u00eatements de jour<\/li>\n<li>pantoufles ou chaussures adapt\u00e9es<\/li>\n<\/ul>\n","protected":false},"excerpt":{"rendered":"<p>Un bon conseil\u2009! N\u2019emportez pas d\u2019argent ni d\u2019objets de valeur \u00e0 l\u2019h\u00f4pital. L\u2019h\u00f4pital ne peut \u00eatre tenu responsable de la&#8230;<\/p>\n","protected":false},"author":4,"featured_media":2542,"parent":924,"menu_order":0,"comment_status":"closed","ping_status":"closed","template":"","meta":{"_acf_changed":false,"_relevanssi_hide_post":"","_relevanssi_hide_content":"","_relevanssi_pin_for_all":"","_relevanssi_pin_keywords":"","_relevanssi_unpin_keywords":"","_relevanssi_related_keywords":"","_relevanssi_related_include_ids":"","_relevanssi_related_exclude_ids":"","_relevanssi_related_no_append":"","_relevanssi_related_not_related":"","_relevanssi_related_posts":"","_relevanssi_noindex_reason":"","inline_featured_image":false,"_exactmetrics_skip_tracking":false,"_exactmetrics_sitenote_active":false,"_exactmetrics_sitenote_note":"","_exactmetrics_sitenote_category":0,"footnotes":"","_links_to":"","_links_to_target":""},"acf":[],"yoast_head":"<!-- This site is optimized with the Yoast SEO plugin v22.4 - https:\/\/yoast.com\/wordpress\/plugins\/seo\/ -->\n<title>\u00c0 emporter lors d\u2019une hospitalisation - azGlorieux<\/title>\n<meta name=\"robots\" content=\"noindex, follow, max-snippet:-1, max-image-preview:large, max-video-preview:-1\" \/>\n<meta property=\"og:locale\" content=\"fr_FR\" \/>\n<meta property=\"og:type\" content=\"article\" \/>\n<meta property=\"og:title\" content=\"\u00c0 emporter lors d\u2019une hospitalisation - azGlorieux\" \/>\n<meta property=\"og:description\" content=\"Un bon conseil\u2009! N\u2019emportez pas d\u2019argent ni d\u2019objets de valeur \u00e0 l\u2019h\u00f4pital. L\u2019h\u00f4pital ne peut \u00eatre tenu responsable de la...\" \/>\n<meta property=\"og:url\" content=\"https:\/\/calculatie.azglorieux.be\/fr\/patients\/votre-admission\/a-emporter-lors-dune-hospitalisation\/\" \/>\n<meta property=\"og:site_name\" content=\"azGlorieux\" \/>\n<meta property=\"article:modified_time\" content=\"2020-08-12T18:00:58+00:00\" \/>\n<meta property=\"og:image\" content=\"https:\/\/calculatie.azglorieux.be\/wp-content\/uploads\/2020\/07\/AZG_SITE_INT_DSC_9889-e1594132577673.jpg\" \/>\n\t<meta property=\"og:image:width\" content=\"2200\" \/>\n\t<meta property=\"og:image:height\" content=\"440\" \/>\n\t<meta property=\"og:image:type\" content=\"image\/jpeg\" \/>\n<meta name=\"twitter:card\" content=\"summary_large_image\" \/>\n<meta name=\"twitter:label1\" content=\"Dur\u00e9e de lecture estim\u00e9e\" \/>\n\t<meta name=\"twitter:data1\" content=\"1 minute\" \/>\n<!-- \/ Yoast SEO plugin. -->","yoast_head_json":{"title":"\u00c0 emporter lors d\u2019une hospitalisation - azGlorieux","robots":{"index":"noindex","follow":"follow","max-snippet":"max-snippet:-1","max-image-preview":"max-image-preview:large","max-video-preview":"max-video-preview:-1"},"og_locale":"fr_FR","og_type":"article","og_title":"\u00c0 emporter lors d\u2019une hospitalisation - azGlorieux","og_description":"Un bon conseil\u2009! N\u2019emportez pas d\u2019argent ni d\u2019objets de valeur \u00e0 l\u2019h\u00f4pital. L\u2019h\u00f4pital ne peut \u00eatre tenu responsable de la...","og_url":"https:\/\/calculatie.azglorieux.be\/fr\/patients\/votre-admission\/a-emporter-lors-dune-hospitalisation\/","og_site_name":"azGlorieux","article_modified_time":"2020-08-12T18:00:58+00:00","og_image":[{"width":2200,"height":440,"url":"https:\/\/calculatie.azglorieux.be\/wp-content\/uploads\/2020\/07\/AZG_SITE_INT_DSC_9889-e1594132577673.jpg","type":"image\/jpeg"}],"twitter_card":"summary_large_image","twitter_misc":{"Dur\u00e9e de lecture estim\u00e9e":"1 minute"},"schema":{"@context":"https:\/\/schema.org","@graph":[{"@type":"WebPage","@id":"https:\/\/calculatie.azglorieux.be\/fr\/patients\/votre-admission\/a-emporter-lors-dune-hospitalisation\/","url":"https:\/\/calculatie.azglorieux.be\/fr\/patients\/votre-admission\/a-emporter-lors-dune-hospitalisation\/","name":"\u00c0 emporter lors d\u2019une hospitalisation - azGlorieux","isPartOf":{"@id":"https:\/\/calculatie.azglorieux.be\/fr\/#website"},"primaryImageOfPage":{"@id":"https:\/\/calculatie.azglorieux.be\/fr\/patients\/votre-admission\/a-emporter-lors-dune-hospitalisation\/#primaryimage"},"image":{"@id":"https:\/\/calculatie.azglorieux.be\/fr\/patients\/votre-admission\/a-emporter-lors-dune-hospitalisation\/#primaryimage"},"thumbnailUrl":"https:\/\/calculatie.azglorieux.be\/wp-content\/uploads\/2020\/07\/AZG_SITE_INT_DSC_9889-e1594132577673.jpg","datePublished":"2020-07-14T10:50:57+00:00","dateModified":"2020-08-12T18:00:58+00:00","breadcrumb":{"@id":"https:\/\/calculatie.azglorieux.be\/fr\/patients\/votre-admission\/a-emporter-lors-dune-hospitalisation\/#breadcrumb"},"inLanguage":"fr-FR","potentialAction":[{"@type":"ReadAction","target":["https:\/\/calculatie.azglorieux.be\/fr\/patients\/votre-admission\/a-emporter-lors-dune-hospitalisation\/"]}]},{"@type":"ImageObject","inLanguage":"fr-FR","@id":"https:\/\/calculatie.azglorieux.be\/fr\/patients\/votre-admission\/a-emporter-lors-dune-hospitalisation\/#primaryimage","url":"https:\/\/calculatie.azglorieux.be\/wp-content\/uploads\/2020\/07\/AZG_SITE_INT_DSC_9889-e1594132577673.jpg","contentUrl":"https:\/\/calculatie.azglorieux.be\/wp-content\/uploads\/2020\/07\/AZG_SITE_INT_DSC_9889-e1594132577673.jpg","width":2200,"height":440},{"@type":"BreadcrumbList","@id":"https:\/\/calculatie.azglorieux.be\/fr\/patients\/votre-admission\/a-emporter-lors-dune-hospitalisation\/#breadcrumb","itemListElement":[{"@type":"ListItem","position":1,"name":"Home","item":"https:\/\/calculatie.azglorieux.be\/fr\/"},{"@type":"ListItem","position":2,"name":"Patients","item":"https:\/\/calculatie.azglorieux.be\/fr\/patients\/"},{"@type":"ListItem","position":3,"name":"Votre admission","item":"https:\/\/calculatie.azglorieux.be\/fr\/patients\/votre-admission\/"},{"@type":"ListItem","position":4,"name":"\u00c0 emporter lors d\u2019une hospitalisation"}]},{"@type":"WebSite","@id":"https:\/\/calculatie.azglorieux.be\/fr\/#website","url":"https:\/\/calculatie.azglorieux.be\/fr\/","name":"azGlorieux","description":"","potentialAction":[{"@type":"SearchAction","target":{"@type":"EntryPoint","urlTemplate":"https:\/\/calculatie.azglorieux.be\/fr\/?s={search_term_string}"},"query-input":"required name=search_term_string"}],"inLanguage":"fr-FR"}]}},"_links":{"self":[{"href":"https:\/\/calculatie.azglorieux.be\/fr\/wp-json\/wp\/v2\/pages\/1656"}],"collection":[{"href":"https:\/\/calculatie.azglorieux.be\/fr\/wp-json\/wp\/v2\/pages"}],"about":[{"href":"https:\/\/calculatie.azglorieux.be\/fr\/wp-json\/wp\/v2\/types\/page"}],"author":[{"embeddable":true,"href":"https:\/\/calculatie.azglorieux.be\/fr\/wp-json\/wp\/v2\/users\/4"}],"replies":[{"embeddable":true,"href":"https:\/\/calculatie.azglorieux.be\/fr\/wp-json\/wp\/v2\/comments?post=1656"}],"version-history":[{"count":0,"href":"https:\/\/calculatie.azglorieux.be\/fr\/wp-json\/wp\/v2\/pages\/1656\/revisions"}],"up":[{"embeddable":true,"href":"https:\/\/calculatie.azglorieux.be\/fr\/wp-json\/wp\/v2\/pages\/924"}],"wp:featuredmedia":[{"embeddable":true,"href":"https:\/\/calculatie.azglorieux.be\/fr\/wp-json\/wp\/v2\/media\/2542"}],"wp:attachment":[{"href":"https:\/\/calculatie.azglorieux.be\/fr\/wp-json\/wp\/v2\/media?parent=1656"}],"curies":[{"name":"wp","href":"https:\/\/api.w.org\/{rel}","templated":true}]}}