{"id":1660,"date":"2020-07-14T12:50:57","date_gmt":"2020-07-14T10:50:57","guid":{"rendered":"https:\/\/calculatie.azglorieux.be\/?page_id=1660"},"modified":"2020-08-12T20:01:45","modified_gmt":"2020-08-12T18:01:45","slug":"deroulement-de-lhospitalisation-de-jour","status":"publish","type":"page","link":"https:\/\/calculatie.azglorieux.be\/fr\/patients\/votre-admission\/deroulement-de-lhospitalisation-de-jour\/","title":{"rendered":"D\u00e9roulement de l\u2019hospitalisation de jour"},"content":{"rendered":"<p><strong>LE D\u00c9PARTEMENT DANS LEQUEL VOUS S\u00c9JOURNEZ<\/strong><\/p>\n<p>L\u2019infirmier en chef ou l\u2019infirmier responsable vient vous voir au plus vite pour un entretien d\u2019admission et pour vous donner plus d\u2019explications concernant votre hospitalisation, les examens, l\u2019intervention, la chambre&#8230; \u00a0En cas de questions, d\u2019incertitudes et\/ou de probl\u00e8mes pendant votre s\u00e9jour, contactez les infirmiers.<\/p>\n<p>Le m\u00e9decin traitant passera r\u00e9guli\u00e8rement dans la chambre. Si vous souhaitez prendre un rendez-vous avec le m\u00e9decin, contactez l\u2019infirmier en chef ou l\u2019infirmier responsable.<\/p>\n<p><strong>IDENTIFICATION &#8211; BRACELET <\/strong><\/p>\n<p>Lors de votre admission, un r\u00e9ceptionniste placera un bracelet d\u2019identification autour de votre poignet. Veuillez v\u00e9rifier que les donn\u00e9es qui y sont mentionn\u00e9es sont correctes. Vous devez porter le bracelet pendant toute la dur\u00e9e de votre s\u00e9jour \u00e0 l\u2019h\u00f4pital, afin que nous soyons en mesure de vous identifier \u00e0 tout moment. Si le bracelet n\u2019est plus lisible, ou si vous le perdez accidentellement, demandez-en un nouveau \u00e0 un infirmier.<\/p>\n<p><strong>QUITTER LA CHAMBRE<\/strong><\/p>\n<p>Si vous quittez la chambre, vous devez porter votre robe de chambre ou des v\u00eatements de jour.<br \/>\nSi vous quittez le service, vous devez toujours en informer le personnel infirmier.<\/p>\n","protected":false},"excerpt":{"rendered":"<p>LE D\u00c9PARTEMENT DANS LEQUEL VOUS S\u00c9JOURNEZ L\u2019infirmier en chef ou l\u2019infirmier responsable vient vous voir au plus vite pour un&#8230;<\/p>\n","protected":false},"author":4,"featured_media":2542,"parent":924,"menu_order":0,"comment_status":"closed","ping_status":"closed","template":"","meta":{"_acf_changed":false,"_relevanssi_hide_post":"","_relevanssi_hide_content":"","_relevanssi_pin_for_all":"","_relevanssi_pin_keywords":"","_relevanssi_unpin_keywords":"","_relevanssi_related_keywords":"","_relevanssi_related_include_ids":"","_relevanssi_related_exclude_ids":"","_relevanssi_related_no_append":"","_relevanssi_related_not_related":"","_relevanssi_related_posts":"","_relevanssi_noindex_reason":"","inline_featured_image":false,"_exactmetrics_skip_tracking":false,"_exactmetrics_sitenote_active":false,"_exactmetrics_sitenote_note":"","_exactmetrics_sitenote_category":0,"footnotes":"","_links_to":"","_links_to_target":""},"acf":[],"yoast_head":"<!-- This site is optimized with the Yoast SEO plugin v22.4 - https:\/\/yoast.com\/wordpress\/plugins\/seo\/ -->\n<title>D\u00e9roulement de l\u2019hospitalisation de jour - azGlorieux<\/title>\n<meta name=\"robots\" content=\"noindex, follow, max-snippet:-1, max-image-preview:large, max-video-preview:-1\" \/>\n<meta property=\"og:locale\" content=\"fr_FR\" \/>\n<meta property=\"og:type\" content=\"article\" \/>\n<meta property=\"og:title\" content=\"D\u00e9roulement de l\u2019hospitalisation de jour - azGlorieux\" \/>\n<meta property=\"og:description\" content=\"LE D\u00c9PARTEMENT DANS LEQUEL VOUS S\u00c9JOURNEZ L\u2019infirmier en chef ou l\u2019infirmier responsable vient vous voir au plus vite pour un...\" \/>\n<meta property=\"og:url\" content=\"https:\/\/calculatie.azglorieux.be\/fr\/patients\/votre-admission\/deroulement-de-lhospitalisation-de-jour\/\" \/>\n<meta property=\"og:site_name\" content=\"azGlorieux\" \/>\n<meta property=\"article:modified_time\" content=\"2020-08-12T18:01:45+00:00\" \/>\n<meta property=\"og:image\" content=\"https:\/\/calculatie.azglorieux.be\/wp-content\/uploads\/2020\/07\/AZG_SITE_INT_DSC_9889-e1594132577673.jpg\" \/>\n\t<meta property=\"og:image:width\" content=\"2200\" \/>\n\t<meta property=\"og:image:height\" content=\"440\" \/>\n\t<meta property=\"og:image:type\" content=\"image\/jpeg\" \/>\n<meta name=\"twitter:card\" content=\"summary_large_image\" \/>\n<meta name=\"twitter:label1\" content=\"Dur\u00e9e de lecture estim\u00e9e\" \/>\n\t<meta name=\"twitter:data1\" content=\"1 minute\" \/>\n<!-- \/ Yoast SEO plugin. -->","yoast_head_json":{"title":"D\u00e9roulement de l\u2019hospitalisation de jour - azGlorieux","robots":{"index":"noindex","follow":"follow","max-snippet":"max-snippet:-1","max-image-preview":"max-image-preview:large","max-video-preview":"max-video-preview:-1"},"og_locale":"fr_FR","og_type":"article","og_title":"D\u00e9roulement de l\u2019hospitalisation de jour - azGlorieux","og_description":"LE D\u00c9PARTEMENT DANS LEQUEL VOUS S\u00c9JOURNEZ L\u2019infirmier en chef ou l\u2019infirmier responsable vient vous voir au plus vite pour un...","og_url":"https:\/\/calculatie.azglorieux.be\/fr\/patients\/votre-admission\/deroulement-de-lhospitalisation-de-jour\/","og_site_name":"azGlorieux","article_modified_time":"2020-08-12T18:01:45+00:00","og_image":[{"width":2200,"height":440,"url":"https:\/\/calculatie.azglorieux.be\/wp-content\/uploads\/2020\/07\/AZG_SITE_INT_DSC_9889-e1594132577673.jpg","type":"image\/jpeg"}],"twitter_card":"summary_large_image","twitter_misc":{"Dur\u00e9e de lecture estim\u00e9e":"1 minute"},"schema":{"@context":"https:\/\/schema.org","@graph":[{"@type":"WebPage","@id":"https:\/\/calculatie.azglorieux.be\/fr\/patients\/votre-admission\/deroulement-de-lhospitalisation-de-jour\/","url":"https:\/\/calculatie.azglorieux.be\/fr\/patients\/votre-admission\/deroulement-de-lhospitalisation-de-jour\/","name":"D\u00e9roulement de l\u2019hospitalisation de jour - azGlorieux","isPartOf":{"@id":"https:\/\/calculatie.azglorieux.be\/fr\/#website"},"primaryImageOfPage":{"@id":"https:\/\/calculatie.azglorieux.be\/fr\/patients\/votre-admission\/deroulement-de-lhospitalisation-de-jour\/#primaryimage"},"image":{"@id":"https:\/\/calculatie.azglorieux.be\/fr\/patients\/votre-admission\/deroulement-de-lhospitalisation-de-jour\/#primaryimage"},"thumbnailUrl":"https:\/\/calculatie.azglorieux.be\/wp-content\/uploads\/2020\/07\/AZG_SITE_INT_DSC_9889-e1594132577673.jpg","datePublished":"2020-07-14T10:50:57+00:00","dateModified":"2020-08-12T18:01:45+00:00","breadcrumb":{"@id":"https:\/\/calculatie.azglorieux.be\/fr\/patients\/votre-admission\/deroulement-de-lhospitalisation-de-jour\/#breadcrumb"},"inLanguage":"fr-FR","potentialAction":[{"@type":"ReadAction","target":["https:\/\/calculatie.azglorieux.be\/fr\/patients\/votre-admission\/deroulement-de-lhospitalisation-de-jour\/"]}]},{"@type":"ImageObject","inLanguage":"fr-FR","@id":"https:\/\/calculatie.azglorieux.be\/fr\/patients\/votre-admission\/deroulement-de-lhospitalisation-de-jour\/#primaryimage","url":"https:\/\/calculatie.azglorieux.be\/wp-content\/uploads\/2020\/07\/AZG_SITE_INT_DSC_9889-e1594132577673.jpg","contentUrl":"https:\/\/calculatie.azglorieux.be\/wp-content\/uploads\/2020\/07\/AZG_SITE_INT_DSC_9889-e1594132577673.jpg","width":2200,"height":440},{"@type":"BreadcrumbList","@id":"https:\/\/calculatie.azglorieux.be\/fr\/patients\/votre-admission\/deroulement-de-lhospitalisation-de-jour\/#breadcrumb","itemListElement":[{"@type":"ListItem","position":1,"name":"Home","item":"https:\/\/calculatie.azglorieux.be\/fr\/"},{"@type":"ListItem","position":2,"name":"Patients","item":"https:\/\/calculatie.azglorieux.be\/fr\/patients\/"},{"@type":"ListItem","position":3,"name":"Votre admission","item":"https:\/\/calculatie.azglorieux.be\/fr\/patients\/votre-admission\/"},{"@type":"ListItem","position":4,"name":"D\u00e9roulement de l\u2019hospitalisation de jour"}]},{"@type":"WebSite","@id":"https:\/\/calculatie.azglorieux.be\/fr\/#website","url":"https:\/\/calculatie.azglorieux.be\/fr\/","name":"azGlorieux","description":"","potentialAction":[{"@type":"SearchAction","target":{"@type":"EntryPoint","urlTemplate":"https:\/\/calculatie.azglorieux.be\/fr\/?s={search_term_string}"},"query-input":"required name=search_term_string"}],"inLanguage":"fr-FR"}]}},"_links":{"self":[{"href":"https:\/\/calculatie.azglorieux.be\/fr\/wp-json\/wp\/v2\/pages\/1660"}],"collection":[{"href":"https:\/\/calculatie.azglorieux.be\/fr\/wp-json\/wp\/v2\/pages"}],"about":[{"href":"https:\/\/calculatie.azglorieux.be\/fr\/wp-json\/wp\/v2\/types\/page"}],"author":[{"embeddable":true,"href":"https:\/\/calculatie.azglorieux.be\/fr\/wp-json\/wp\/v2\/users\/4"}],"replies":[{"embeddable":true,"href":"https:\/\/calculatie.azglorieux.be\/fr\/wp-json\/wp\/v2\/comments?post=1660"}],"version-history":[{"count":0,"href":"https:\/\/calculatie.azglorieux.be\/fr\/wp-json\/wp\/v2\/pages\/1660\/revisions"}],"up":[{"embeddable":true,"href":"https:\/\/calculatie.azglorieux.be\/fr\/wp-json\/wp\/v2\/pages\/924"}],"wp:featuredmedia":[{"embeddable":true,"href":"https:\/\/calculatie.azglorieux.be\/fr\/wp-json\/wp\/v2\/media\/2542"}],"wp:attachment":[{"href":"https:\/\/calculatie.azglorieux.be\/fr\/wp-json\/wp\/v2\/media?parent=1660"}],"curies":[{"name":"wp","href":"https:\/\/api.w.org\/{rel}","templated":true}]}}