{"id":1664,"date":"2020-07-14T12:50:57","date_gmt":"2020-07-14T10:50:57","guid":{"rendered":"https:\/\/calculatie.azglorieux.be\/?page_id=1664"},"modified":"2022-05-10T11:22:57","modified_gmt":"2022-05-10T09:22:57","slug":"qui-devez-vous-prevenir","status":"publish","type":"page","link":"https:\/\/calculatie.azglorieux.be\/fr\/patients\/votre-admission\/qui-devez-vous-prevenir\/","title":{"rendered":"Qui devez-vous pr\u00e9venir\u00a0?"},"content":{"rendered":"<ul>\n<li>Compagnie d\u2019assurances\u00a0:\u00a0 si vous avez souscrit une assurance hospitalisation ou une assurance maladie compl\u00e9mentaire, apportez le formulaire adapt\u00e9 dont votre compagnie d\u2019assurances a besoin.<\/li>\n<li>Employeur\/Bureau du ch\u00f4mage<\/li>\n<li>\u00c9cole ou association sportive\u00a0:\u00a0 en cas d\u2019accident survenu \u00e0 l\u2019\u00e9cole ou pendant la pratique d\u2019un sport, vous devez apporter les formulaires d\u2019assurance de votre \u00e9cole ou de votre association sportive.<\/li>\n<li>Bureau de poste\u00a0:\u00a0 si vous \u00eates \u00e0 l\u2019h\u00f4pital le jour du paiement de votre pension, informez-en votre bureau de poste. Le facteur viendra personnellement d\u00e9poser votre pension dans votre chambre. Il est pr\u00e9f\u00e9rable de ne pas garder d\u2019argent dans la chambre. Au besoin, le service social peut rechercher une solution pour mettre votre argent en s\u00e9curit\u00e9.<\/li>\n<li>Mutuelle\u00a0:\u00a0 si vous avez le statut d\u2019employ\u00e9 ou d\u2019ind\u00e9pendant, vous devez informer votre mutuelle de votre incapacit\u00e9 de travail. Vous pouvez y proc\u00e9der en utilisant le document [vertrouwelijk]\u00e0 demander \u00e0 votre mutuelle.<\/li>\n<\/ul>\n","protected":false},"excerpt":{"rendered":"<p>Compagnie d\u2019assurances\u00a0:\u00a0 si vous avez souscrit une assurance hospitalisation ou une assurance maladie compl\u00e9mentaire, apportez le formulaire adapt\u00e9 dont votre&#8230;<\/p>\n","protected":false},"author":4,"featured_media":4847,"parent":924,"menu_order":0,"comment_status":"closed","ping_status":"closed","template":"","meta":{"_acf_changed":false,"_relevanssi_hide_post":"","_relevanssi_hide_content":"","_relevanssi_pin_for_all":"","_relevanssi_pin_keywords":"","_relevanssi_unpin_keywords":"","_relevanssi_related_keywords":"","_relevanssi_related_include_ids":"","_relevanssi_related_exclude_ids":"","_relevanssi_related_no_append":"","_relevanssi_related_not_related":"","_relevanssi_related_posts":"","_relevanssi_noindex_reason":"","inline_featured_image":false,"_exactmetrics_skip_tracking":false,"_exactmetrics_sitenote_active":false,"_exactmetrics_sitenote_note":"","_exactmetrics_sitenote_category":0,"footnotes":"","_links_to":"","_links_to_target":""},"acf":[],"yoast_head":"<!-- This site is optimized with the Yoast SEO plugin v22.4 - https:\/\/yoast.com\/wordpress\/plugins\/seo\/ -->\n<title>Qui devez-vous pr\u00e9venir\u00a0? - azGlorieux<\/title>\n<meta name=\"robots\" content=\"noindex, follow, max-snippet:-1, max-image-preview:large, max-video-preview:-1\" \/>\n<meta property=\"og:locale\" content=\"fr_FR\" \/>\n<meta property=\"og:type\" content=\"article\" \/>\n<meta property=\"og:title\" content=\"Qui devez-vous pr\u00e9venir\u00a0? - azGlorieux\" \/>\n<meta property=\"og:description\" content=\"Compagnie d\u2019assurances\u00a0:\u00a0 si vous avez souscrit une assurance hospitalisation ou une assurance maladie compl\u00e9mentaire, apportez le formulaire adapt\u00e9 dont votre...\" \/>\n<meta property=\"og:url\" content=\"https:\/\/calculatie.azglorieux.be\/fr\/patients\/votre-admission\/qui-devez-vous-prevenir\/\" \/>\n<meta property=\"og:site_name\" content=\"azGlorieux\" \/>\n<meta property=\"article:modified_time\" content=\"2022-05-10T09:22:57+00:00\" \/>\n<meta property=\"og:image\" content=\"https:\/\/calculatie.azglorieux.be\/wp-content\/uploads\/2020\/07\/AZG_SITE_INT_DSC_9889-e1594132577673.jpg\" \/>\n\t<meta property=\"og:image:width\" content=\"2200\" \/>\n\t<meta property=\"og:image:height\" content=\"440\" \/>\n\t<meta property=\"og:image:type\" content=\"image\/jpeg\" \/>\n<meta name=\"twitter:card\" content=\"summary_large_image\" \/>\n<meta name=\"twitter:label1\" content=\"Dur\u00e9e de lecture estim\u00e9e\" \/>\n\t<meta name=\"twitter:data1\" content=\"1 minute\" \/>\n<!-- \/ Yoast SEO plugin. -->","yoast_head_json":{"title":"Qui devez-vous pr\u00e9venir\u00a0? - azGlorieux","robots":{"index":"noindex","follow":"follow","max-snippet":"max-snippet:-1","max-image-preview":"max-image-preview:large","max-video-preview":"max-video-preview:-1"},"og_locale":"fr_FR","og_type":"article","og_title":"Qui devez-vous pr\u00e9venir\u00a0? - azGlorieux","og_description":"Compagnie d\u2019assurances\u00a0:\u00a0 si vous avez souscrit une assurance hospitalisation ou une assurance maladie compl\u00e9mentaire, apportez le formulaire adapt\u00e9 dont votre...","og_url":"https:\/\/calculatie.azglorieux.be\/fr\/patients\/votre-admission\/qui-devez-vous-prevenir\/","og_site_name":"azGlorieux","article_modified_time":"2022-05-10T09:22:57+00:00","og_image":[{"width":2200,"height":440,"url":"https:\/\/calculatie.azglorieux.be\/wp-content\/uploads\/2020\/07\/AZG_SITE_INT_DSC_9889-e1594132577673.jpg","type":"image\/jpeg"}],"twitter_card":"summary_large_image","twitter_misc":{"Dur\u00e9e de lecture estim\u00e9e":"1 minute"},"schema":{"@context":"https:\/\/schema.org","@graph":[{"@type":"WebPage","@id":"https:\/\/calculatie.azglorieux.be\/fr\/patients\/votre-admission\/qui-devez-vous-prevenir\/","url":"https:\/\/calculatie.azglorieux.be\/fr\/patients\/votre-admission\/qui-devez-vous-prevenir\/","name":"Qui devez-vous pr\u00e9venir\u00a0? - azGlorieux","isPartOf":{"@id":"https:\/\/calculatie.azglorieux.be\/fr\/#website"},"primaryImageOfPage":{"@id":"https:\/\/calculatie.azglorieux.be\/fr\/patients\/votre-admission\/qui-devez-vous-prevenir\/#primaryimage"},"image":{"@id":"https:\/\/calculatie.azglorieux.be\/fr\/patients\/votre-admission\/qui-devez-vous-prevenir\/#primaryimage"},"thumbnailUrl":"https:\/\/calculatie.azglorieux.be\/wp-content\/uploads\/2020\/07\/AZG_SITE_INT_DSC_9889-e1594132577673.jpg","datePublished":"2020-07-14T10:50:57+00:00","dateModified":"2022-05-10T09:22:57+00:00","breadcrumb":{"@id":"https:\/\/calculatie.azglorieux.be\/fr\/patients\/votre-admission\/qui-devez-vous-prevenir\/#breadcrumb"},"inLanguage":"fr-FR","potentialAction":[{"@type":"ReadAction","target":["https:\/\/calculatie.azglorieux.be\/fr\/patients\/votre-admission\/qui-devez-vous-prevenir\/"]}]},{"@type":"ImageObject","inLanguage":"fr-FR","@id":"https:\/\/calculatie.azglorieux.be\/fr\/patients\/votre-admission\/qui-devez-vous-prevenir\/#primaryimage","url":"https:\/\/calculatie.azglorieux.be\/wp-content\/uploads\/2020\/07\/AZG_SITE_INT_DSC_9889-e1594132577673.jpg","contentUrl":"https:\/\/calculatie.azglorieux.be\/wp-content\/uploads\/2020\/07\/AZG_SITE_INT_DSC_9889-e1594132577673.jpg","width":2200,"height":440},{"@type":"BreadcrumbList","@id":"https:\/\/calculatie.azglorieux.be\/fr\/patients\/votre-admission\/qui-devez-vous-prevenir\/#breadcrumb","itemListElement":[{"@type":"ListItem","position":1,"name":"Home","item":"https:\/\/calculatie.azglorieux.be\/fr\/"},{"@type":"ListItem","position":2,"name":"Patients","item":"https:\/\/calculatie.azglorieux.be\/fr\/patients\/"},{"@type":"ListItem","position":3,"name":"Votre admission","item":"https:\/\/calculatie.azglorieux.be\/fr\/patients\/votre-admission\/"},{"@type":"ListItem","position":4,"name":"Qui devez-vous pr\u00e9venir\u00a0?"}]},{"@type":"WebSite","@id":"https:\/\/calculatie.azglorieux.be\/fr\/#website","url":"https:\/\/calculatie.azglorieux.be\/fr\/","name":"azGlorieux","description":"","potentialAction":[{"@type":"SearchAction","target":{"@type":"EntryPoint","urlTemplate":"https:\/\/calculatie.azglorieux.be\/fr\/?s={search_term_string}"},"query-input":"required name=search_term_string"}],"inLanguage":"fr-FR"}]}},"_links":{"self":[{"href":"https:\/\/calculatie.azglorieux.be\/fr\/wp-json\/wp\/v2\/pages\/1664"}],"collection":[{"href":"https:\/\/calculatie.azglorieux.be\/fr\/wp-json\/wp\/v2\/pages"}],"about":[{"href":"https:\/\/calculatie.azglorieux.be\/fr\/wp-json\/wp\/v2\/types\/page"}],"author":[{"embeddable":true,"href":"https:\/\/calculatie.azglorieux.be\/fr\/wp-json\/wp\/v2\/users\/4"}],"replies":[{"embeddable":true,"href":"https:\/\/calculatie.azglorieux.be\/fr\/wp-json\/wp\/v2\/comments?post=1664"}],"version-history":[{"count":1,"href":"https:\/\/calculatie.azglorieux.be\/fr\/wp-json\/wp\/v2\/pages\/1664\/revisions"}],"predecessor-version":[{"id":8197,"href":"https:\/\/calculatie.azglorieux.be\/fr\/wp-json\/wp\/v2\/pages\/1664\/revisions\/8197"}],"up":[{"embeddable":true,"href":"https:\/\/calculatie.azglorieux.be\/fr\/wp-json\/wp\/v2\/pages\/924"}],"wp:featuredmedia":[{"embeddable":true,"href":"https:\/\/calculatie.azglorieux.be\/fr\/wp-json\/wp\/v2\/media\/4847"}],"wp:attachment":[{"href":"https:\/\/calculatie.azglorieux.be\/fr\/wp-json\/wp\/v2\/media?parent=1664"}],"curies":[{"name":"wp","href":"https:\/\/api.w.org\/{rel}","templated":true}]}}