{"id":1668,"date":"2020-07-14T08:14:03","date_gmt":"2020-07-14T06:14:03","guid":{"rendered":"https:\/\/calculatie.azglorieux.be\/?page_id=1668"},"modified":"2020-08-12T20:03:58","modified_gmt":"2020-08-12T18:03:58","slug":"chambres-et-commodites","status":"publish","type":"page","link":"https:\/\/calculatie.azglorieux.be\/fr\/patients\/votre-admission\/chambres-et-commodites\/","title":{"rendered":"Chambres et commodit\u00e9s"},"content":{"rendered":"<p><strong>CHOIX DE LA CHAMBRE<\/strong><\/p>\n<p>Vous pouvez choisir entre trois types de chambre\u00a0:<\/p>\n<ul>\n<li>chambre commune<\/li>\n<li>chambre pour deux personnes<\/li>\n<li>chambre individuelle<\/li>\n<\/ul>\n<p>Vous devez payer un suppl\u00e9ment pour une chambre individuelle. La diff\u00e9rence de tarif est due au respect de la vie priv\u00e9e. Nous vous demandons de payer un acompte pour une chambre individuelle. Si vous avez choisi de s\u00e9journer dans une chambre individuelle, les m\u00e9decins peuvent facturer un suppl\u00e9ment d\u2019honoraires de maximum 150\u00a0% du tarif des prestations m\u00e9dicales fix\u00e9 l\u00e9galement. En p\u00e9diatrie, il est possible qu\u2019un membre de la famille s\u00e9journe et b\u00e9n\u00e9ficie des repas.<\/p>\n<p>Si nous ne sommes pas en mesure de vous donner le type de chambre de votre choix, en raison d\u2019un manque de place, nous faisons de notre mieux pour y rem\u00e9dier au plus vite. Entre-temps, vous payez le tarif pour la chambre dans laquelle vous s\u00e9journez. Pendant votre hospitalisation, vous pouvez demander \u00e0 changer de type de chambre.<\/p>\n<p>Toutes les chambres sont \u00e9quip\u00e9es de sanitaires, d\u2019une radio, d\u2019une t\u00e9l\u00e9vision, d\u2019un r\u00e9frig\u00e9rateur et de l\u2019acc\u00e8s au r\u00e9seau sans fil.<br \/>\nVeuillez ne pas mettre la t\u00e9l\u00e9vision et la radio trop fort afin de respecter les autres patients.<\/p>\n<p><strong>REPAS ET BOISSONS<\/strong><\/p>\n<ul>\n<li>petit-d\u00e9jeuner\u00a0: entre 7\u00a0h\u00a030 et 8\u00a0h<\/li>\n<li>d\u00e9jeuner\u00a0: entre 12\u00a0h et 12\u00a0h\u00a030<\/li>\n<li>d\u00eener\u00a0: entre 17\u00a0h et 18\u00a0h<\/li>\n<\/ul>\n<p>Chaque jour, vous pouvez choisir entre plusieurs menus qui tiennent compte de votre r\u00e9gime personnel. Vous pouvez toujours nous faire part de vos pr\u00e9f\u00e9rences ou envies. Les boissons alcoolis\u00e9es ne sont <strong>pas<\/strong> autoris\u00e9es \u00e0 l\u2019h\u00f4pital.<\/p>\n","protected":false},"excerpt":{"rendered":"<p>CHOIX DE LA CHAMBRE Vous pouvez choisir entre trois types de chambre\u00a0: chambre commune chambre pour deux personnes chambre individuelle&#8230;<\/p>\n","protected":false},"author":4,"featured_media":2542,"parent":924,"menu_order":0,"comment_status":"closed","ping_status":"closed","template":"","meta":{"_acf_changed":false,"_relevanssi_hide_post":"","_relevanssi_hide_content":"","_relevanssi_pin_for_all":"","_relevanssi_pin_keywords":"","_relevanssi_unpin_keywords":"","_relevanssi_related_keywords":"","_relevanssi_related_include_ids":"","_relevanssi_related_exclude_ids":"","_relevanssi_related_no_append":"","_relevanssi_related_not_related":"","_relevanssi_related_posts":"","_relevanssi_noindex_reason":"","inline_featured_image":false,"_exactmetrics_skip_tracking":false,"_exactmetrics_sitenote_active":false,"_exactmetrics_sitenote_note":"","_exactmetrics_sitenote_category":0,"footnotes":"","_links_to":"","_links_to_target":""},"acf":[],"yoast_head":"<!-- This site is optimized with the Yoast SEO plugin v22.4 - https:\/\/yoast.com\/wordpress\/plugins\/seo\/ -->\n<title>Chambres et commodit\u00e9s - azGlorieux<\/title>\n<meta name=\"robots\" content=\"noindex, follow, max-snippet:-1, max-image-preview:large, max-video-preview:-1\" \/>\n<meta property=\"og:locale\" content=\"fr_FR\" \/>\n<meta property=\"og:type\" content=\"article\" \/>\n<meta property=\"og:title\" content=\"Chambres et commodit\u00e9s - azGlorieux\" \/>\n<meta property=\"og:description\" content=\"CHOIX DE LA CHAMBRE Vous pouvez choisir entre trois types de chambre\u00a0: chambre commune chambre pour deux personnes chambre individuelle...\" \/>\n<meta property=\"og:url\" content=\"https:\/\/calculatie.azglorieux.be\/fr\/patients\/votre-admission\/chambres-et-commodites\/\" \/>\n<meta property=\"og:site_name\" content=\"azGlorieux\" \/>\n<meta property=\"article:modified_time\" content=\"2020-08-12T18:03:58+00:00\" \/>\n<meta property=\"og:image\" content=\"https:\/\/calculatie.azglorieux.be\/wp-content\/uploads\/2020\/07\/AZG_SITE_INT_DSC_9889-e1594132577673.jpg\" \/>\n\t<meta property=\"og:image:width\" content=\"2200\" \/>\n\t<meta property=\"og:image:height\" content=\"440\" \/>\n\t<meta property=\"og:image:type\" content=\"image\/jpeg\" \/>\n<meta name=\"twitter:card\" content=\"summary_large_image\" \/>\n<meta name=\"twitter:label1\" content=\"Dur\u00e9e de lecture estim\u00e9e\" \/>\n\t<meta name=\"twitter:data1\" content=\"1 minute\" \/>\n<!-- \/ Yoast SEO plugin. -->","yoast_head_json":{"title":"Chambres et commodit\u00e9s - azGlorieux","robots":{"index":"noindex","follow":"follow","max-snippet":"max-snippet:-1","max-image-preview":"max-image-preview:large","max-video-preview":"max-video-preview:-1"},"og_locale":"fr_FR","og_type":"article","og_title":"Chambres et commodit\u00e9s - azGlorieux","og_description":"CHOIX DE LA CHAMBRE Vous pouvez choisir entre trois types de chambre\u00a0: chambre commune chambre pour deux personnes chambre individuelle...","og_url":"https:\/\/calculatie.azglorieux.be\/fr\/patients\/votre-admission\/chambres-et-commodites\/","og_site_name":"azGlorieux","article_modified_time":"2020-08-12T18:03:58+00:00","og_image":[{"width":2200,"height":440,"url":"https:\/\/calculatie.azglorieux.be\/wp-content\/uploads\/2020\/07\/AZG_SITE_INT_DSC_9889-e1594132577673.jpg","type":"image\/jpeg"}],"twitter_card":"summary_large_image","twitter_misc":{"Dur\u00e9e de lecture estim\u00e9e":"1 minute"},"schema":{"@context":"https:\/\/schema.org","@graph":[{"@type":"WebPage","@id":"https:\/\/calculatie.azglorieux.be\/fr\/patients\/votre-admission\/chambres-et-commodites\/","url":"https:\/\/calculatie.azglorieux.be\/fr\/patients\/votre-admission\/chambres-et-commodites\/","name":"Chambres et commodit\u00e9s - azGlorieux","isPartOf":{"@id":"https:\/\/calculatie.azglorieux.be\/fr\/#website"},"primaryImageOfPage":{"@id":"https:\/\/calculatie.azglorieux.be\/fr\/patients\/votre-admission\/chambres-et-commodites\/#primaryimage"},"image":{"@id":"https:\/\/calculatie.azglorieux.be\/fr\/patients\/votre-admission\/chambres-et-commodites\/#primaryimage"},"thumbnailUrl":"https:\/\/calculatie.azglorieux.be\/wp-content\/uploads\/2020\/07\/AZG_SITE_INT_DSC_9889-e1594132577673.jpg","datePublished":"2020-07-14T06:14:03+00:00","dateModified":"2020-08-12T18:03:58+00:00","breadcrumb":{"@id":"https:\/\/calculatie.azglorieux.be\/fr\/patients\/votre-admission\/chambres-et-commodites\/#breadcrumb"},"inLanguage":"fr-FR","potentialAction":[{"@type":"ReadAction","target":["https:\/\/calculatie.azglorieux.be\/fr\/patients\/votre-admission\/chambres-et-commodites\/"]}]},{"@type":"ImageObject","inLanguage":"fr-FR","@id":"https:\/\/calculatie.azglorieux.be\/fr\/patients\/votre-admission\/chambres-et-commodites\/#primaryimage","url":"https:\/\/calculatie.azglorieux.be\/wp-content\/uploads\/2020\/07\/AZG_SITE_INT_DSC_9889-e1594132577673.jpg","contentUrl":"https:\/\/calculatie.azglorieux.be\/wp-content\/uploads\/2020\/07\/AZG_SITE_INT_DSC_9889-e1594132577673.jpg","width":2200,"height":440},{"@type":"BreadcrumbList","@id":"https:\/\/calculatie.azglorieux.be\/fr\/patients\/votre-admission\/chambres-et-commodites\/#breadcrumb","itemListElement":[{"@type":"ListItem","position":1,"name":"Home","item":"https:\/\/calculatie.azglorieux.be\/fr\/"},{"@type":"ListItem","position":2,"name":"Patients","item":"https:\/\/calculatie.azglorieux.be\/fr\/patients\/"},{"@type":"ListItem","position":3,"name":"Votre admission","item":"https:\/\/calculatie.azglorieux.be\/fr\/patients\/votre-admission\/"},{"@type":"ListItem","position":4,"name":"Chambres et commodit\u00e9s"}]},{"@type":"WebSite","@id":"https:\/\/calculatie.azglorieux.be\/fr\/#website","url":"https:\/\/calculatie.azglorieux.be\/fr\/","name":"azGlorieux","description":"","potentialAction":[{"@type":"SearchAction","target":{"@type":"EntryPoint","urlTemplate":"https:\/\/calculatie.azglorieux.be\/fr\/?s={search_term_string}"},"query-input":"required name=search_term_string"}],"inLanguage":"fr-FR"}]}},"_links":{"self":[{"href":"https:\/\/calculatie.azglorieux.be\/fr\/wp-json\/wp\/v2\/pages\/1668"}],"collection":[{"href":"https:\/\/calculatie.azglorieux.be\/fr\/wp-json\/wp\/v2\/pages"}],"about":[{"href":"https:\/\/calculatie.azglorieux.be\/fr\/wp-json\/wp\/v2\/types\/page"}],"author":[{"embeddable":true,"href":"https:\/\/calculatie.azglorieux.be\/fr\/wp-json\/wp\/v2\/users\/4"}],"replies":[{"embeddable":true,"href":"https:\/\/calculatie.azglorieux.be\/fr\/wp-json\/wp\/v2\/comments?post=1668"}],"version-history":[{"count":0,"href":"https:\/\/calculatie.azglorieux.be\/fr\/wp-json\/wp\/v2\/pages\/1668\/revisions"}],"up":[{"embeddable":true,"href":"https:\/\/calculatie.azglorieux.be\/fr\/wp-json\/wp\/v2\/pages\/924"}],"wp:featuredmedia":[{"embeddable":true,"href":"https:\/\/calculatie.azglorieux.be\/fr\/wp-json\/wp\/v2\/media\/2542"}],"wp:attachment":[{"href":"https:\/\/calculatie.azglorieux.be\/fr\/wp-json\/wp\/v2\/media?parent=1668"}],"curies":[{"name":"wp","href":"https:\/\/api.w.org\/{rel}","templated":true}]}}