{"id":1676,"date":"2020-07-14T12:50:57","date_gmt":"2020-07-14T10:50:57","guid":{"rendered":"https:\/\/calculatie.azglorieux.be\/?page_id=1676"},"modified":"2020-08-12T20:05:50","modified_gmt":"2020-08-12T18:05:50","slug":"communication","status":"publish","type":"page","link":"https:\/\/calculatie.azglorieux.be\/fr\/patients\/votre-admission\/communication\/","title":{"rendered":"Communication"},"content":{"rendered":"<p><strong>T\u00c9L\u00c9PHONE<\/strong><\/p>\n<p>Vous pouvez t\u00e9l\u00e9phoner avec un code personnel. Celui-ci vous est fourni lors de votre admission. Le fonctionnement du t\u00e9l\u00e9phone est expliqu\u00e9 sur cette carte. Vous pouvez \u00e9galement demander un num\u00e9ro via la r\u00e9ception (touche n\u00ba\u00a011). En p\u00e9diatrie, vous devez toujours demander le num\u00e9ro via la r\u00e9ception (touche n\u00ba\u00a011).<\/p>\n<p>Vous \u00eates directement joignable dans votre chambre via le num\u00e9ro\u00a0: 055\/233 + votre num\u00e9ro de chambre (= 3 chiffres) Pour le service de g\u00e9riatrie\u00a0: 055\/236 + votre num\u00e9ro de chambre (= 3 chiffres).<\/p>\n<p><strong>INTERNET \u2013 WiFi<\/strong><\/p>\n<p>Vous pouvez vous connecter \u00e0 notre r\u00e9seau sans fil avec un ordinateur portable ou un smartphone en choisissant internet_pati\u00ebnten.<\/p>\n<p><strong>COURRIER<\/strong><\/p>\n<p>Les lettres sont transmises au guichet d\u2019informations dans l\u2019entr\u00e9e principale, ou \u00e0 un membre du personnel infirmier.<\/p>\n<p>Si vous souhaitez recevoir du courrier \u00e0 l\u2019h\u00f4pital, utiliser l\u2019adresse suivante\u00a0:<\/p>\n<ul>\n<li>votre nom et votre pr\u00e9nom<\/li>\n<li>service et num\u00e9ro de chambre<\/li>\n<li>CH Glorieux<\/li>\n<\/ul>\n","protected":false},"excerpt":{"rendered":"<p>T\u00c9L\u00c9PHONE Vous pouvez t\u00e9l\u00e9phoner avec un code personnel. Celui-ci vous est fourni lors de votre admission. Le fonctionnement du t\u00e9l\u00e9phone&#8230;<\/p>\n","protected":false},"author":4,"featured_media":2542,"parent":924,"menu_order":0,"comment_status":"closed","ping_status":"closed","template":"","meta":{"_acf_changed":false,"_relevanssi_hide_post":"","_relevanssi_hide_content":"","_relevanssi_pin_for_all":"","_relevanssi_pin_keywords":"","_relevanssi_unpin_keywords":"","_relevanssi_related_keywords":"","_relevanssi_related_include_ids":"","_relevanssi_related_exclude_ids":"","_relevanssi_related_no_append":"","_relevanssi_related_not_related":"","_relevanssi_related_posts":"","_relevanssi_noindex_reason":"","inline_featured_image":false,"_exactmetrics_skip_tracking":false,"_exactmetrics_sitenote_active":false,"_exactmetrics_sitenote_note":"","_exactmetrics_sitenote_category":0,"footnotes":"","_links_to":"","_links_to_target":""},"acf":[],"yoast_head":"<!-- This site is optimized with the Yoast SEO plugin v22.4 - https:\/\/yoast.com\/wordpress\/plugins\/seo\/ -->\n<title>Communication - azGlorieux<\/title>\n<meta name=\"robots\" content=\"noindex, follow, max-snippet:-1, max-image-preview:large, max-video-preview:-1\" \/>\n<meta property=\"og:locale\" content=\"fr_FR\" \/>\n<meta property=\"og:type\" content=\"article\" \/>\n<meta property=\"og:title\" content=\"Communication - azGlorieux\" \/>\n<meta property=\"og:description\" content=\"T\u00c9L\u00c9PHONE Vous pouvez t\u00e9l\u00e9phoner avec un code personnel. Celui-ci vous est fourni lors de votre admission. Le fonctionnement du t\u00e9l\u00e9phone...\" \/>\n<meta property=\"og:url\" content=\"https:\/\/calculatie.azglorieux.be\/fr\/patients\/votre-admission\/communication\/\" \/>\n<meta property=\"og:site_name\" content=\"azGlorieux\" \/>\n<meta property=\"article:modified_time\" content=\"2020-08-12T18:05:50+00:00\" \/>\n<meta property=\"og:image\" content=\"https:\/\/calculatie.azglorieux.be\/wp-content\/uploads\/2020\/07\/AZG_SITE_INT_DSC_9889-e1594132577673.jpg\" \/>\n\t<meta property=\"og:image:width\" content=\"2200\" \/>\n\t<meta property=\"og:image:height\" content=\"440\" \/>\n\t<meta property=\"og:image:type\" content=\"image\/jpeg\" \/>\n<meta name=\"twitter:card\" content=\"summary_large_image\" \/>\n<meta name=\"twitter:label1\" content=\"Dur\u00e9e de lecture estim\u00e9e\" \/>\n\t<meta name=\"twitter:data1\" content=\"1 minute\" \/>\n<!-- \/ Yoast SEO plugin. -->","yoast_head_json":{"title":"Communication - azGlorieux","robots":{"index":"noindex","follow":"follow","max-snippet":"max-snippet:-1","max-image-preview":"max-image-preview:large","max-video-preview":"max-video-preview:-1"},"og_locale":"fr_FR","og_type":"article","og_title":"Communication - azGlorieux","og_description":"T\u00c9L\u00c9PHONE Vous pouvez t\u00e9l\u00e9phoner avec un code personnel. Celui-ci vous est fourni lors de votre admission. Le fonctionnement du t\u00e9l\u00e9phone...","og_url":"https:\/\/calculatie.azglorieux.be\/fr\/patients\/votre-admission\/communication\/","og_site_name":"azGlorieux","article_modified_time":"2020-08-12T18:05:50+00:00","og_image":[{"width":2200,"height":440,"url":"https:\/\/calculatie.azglorieux.be\/wp-content\/uploads\/2020\/07\/AZG_SITE_INT_DSC_9889-e1594132577673.jpg","type":"image\/jpeg"}],"twitter_card":"summary_large_image","twitter_misc":{"Dur\u00e9e de lecture estim\u00e9e":"1 minute"},"schema":{"@context":"https:\/\/schema.org","@graph":[{"@type":"WebPage","@id":"https:\/\/calculatie.azglorieux.be\/fr\/patients\/votre-admission\/communication\/","url":"https:\/\/calculatie.azglorieux.be\/fr\/patients\/votre-admission\/communication\/","name":"Communication - azGlorieux","isPartOf":{"@id":"https:\/\/calculatie.azglorieux.be\/fr\/#website"},"primaryImageOfPage":{"@id":"https:\/\/calculatie.azglorieux.be\/fr\/patients\/votre-admission\/communication\/#primaryimage"},"image":{"@id":"https:\/\/calculatie.azglorieux.be\/fr\/patients\/votre-admission\/communication\/#primaryimage"},"thumbnailUrl":"https:\/\/calculatie.azglorieux.be\/wp-content\/uploads\/2020\/07\/AZG_SITE_INT_DSC_9889-e1594132577673.jpg","datePublished":"2020-07-14T10:50:57+00:00","dateModified":"2020-08-12T18:05:50+00:00","breadcrumb":{"@id":"https:\/\/calculatie.azglorieux.be\/fr\/patients\/votre-admission\/communication\/#breadcrumb"},"inLanguage":"fr-FR","potentialAction":[{"@type":"ReadAction","target":["https:\/\/calculatie.azglorieux.be\/fr\/patients\/votre-admission\/communication\/"]}]},{"@type":"ImageObject","inLanguage":"fr-FR","@id":"https:\/\/calculatie.azglorieux.be\/fr\/patients\/votre-admission\/communication\/#primaryimage","url":"https:\/\/calculatie.azglorieux.be\/wp-content\/uploads\/2020\/07\/AZG_SITE_INT_DSC_9889-e1594132577673.jpg","contentUrl":"https:\/\/calculatie.azglorieux.be\/wp-content\/uploads\/2020\/07\/AZG_SITE_INT_DSC_9889-e1594132577673.jpg","width":2200,"height":440},{"@type":"BreadcrumbList","@id":"https:\/\/calculatie.azglorieux.be\/fr\/patients\/votre-admission\/communication\/#breadcrumb","itemListElement":[{"@type":"ListItem","position":1,"name":"Home","item":"https:\/\/calculatie.azglorieux.be\/fr\/"},{"@type":"ListItem","position":2,"name":"Patients","item":"https:\/\/calculatie.azglorieux.be\/fr\/patients\/"},{"@type":"ListItem","position":3,"name":"Votre admission","item":"https:\/\/calculatie.azglorieux.be\/fr\/patients\/votre-admission\/"},{"@type":"ListItem","position":4,"name":"Communication"}]},{"@type":"WebSite","@id":"https:\/\/calculatie.azglorieux.be\/fr\/#website","url":"https:\/\/calculatie.azglorieux.be\/fr\/","name":"azGlorieux","description":"","potentialAction":[{"@type":"SearchAction","target":{"@type":"EntryPoint","urlTemplate":"https:\/\/calculatie.azglorieux.be\/fr\/?s={search_term_string}"},"query-input":"required name=search_term_string"}],"inLanguage":"fr-FR"}]}},"_links":{"self":[{"href":"https:\/\/calculatie.azglorieux.be\/fr\/wp-json\/wp\/v2\/pages\/1676"}],"collection":[{"href":"https:\/\/calculatie.azglorieux.be\/fr\/wp-json\/wp\/v2\/pages"}],"about":[{"href":"https:\/\/calculatie.azglorieux.be\/fr\/wp-json\/wp\/v2\/types\/page"}],"author":[{"embeddable":true,"href":"https:\/\/calculatie.azglorieux.be\/fr\/wp-json\/wp\/v2\/users\/4"}],"replies":[{"embeddable":true,"href":"https:\/\/calculatie.azglorieux.be\/fr\/wp-json\/wp\/v2\/comments?post=1676"}],"version-history":[{"count":0,"href":"https:\/\/calculatie.azglorieux.be\/fr\/wp-json\/wp\/v2\/pages\/1676\/revisions"}],"up":[{"embeddable":true,"href":"https:\/\/calculatie.azglorieux.be\/fr\/wp-json\/wp\/v2\/pages\/924"}],"wp:featuredmedia":[{"embeddable":true,"href":"https:\/\/calculatie.azglorieux.be\/fr\/wp-json\/wp\/v2\/media\/2542"}],"wp:attachment":[{"href":"https:\/\/calculatie.azglorieux.be\/fr\/wp-json\/wp\/v2\/media?parent=1676"}],"curies":[{"name":"wp","href":"https:\/\/api.w.org\/{rel}","templated":true}]}}