{"id":1687,"date":"2020-07-14T12:50:56","date_gmt":"2020-07-14T10:50:56","guid":{"rendered":"https:\/\/calculatie.azglorieux.be\/?page_id=1687"},"modified":"2023-12-04T13:04:35","modified_gmt":"2023-12-04T11:04:35","slug":"service-social","status":"publish","type":"page","link":"https:\/\/calculatie.azglorieux.be\/fr\/patients\/accompagnement-des-patients\/service-social\/","title":{"rendered":"Service social"},"content":{"rendered":"<p>Une hospitalisation est un \u00e9v\u00e9nement troublant qui peut s\u2019accompagner de probl\u00e8mes sociaux et\/ou \u00e9motionnels. Une \u00e9quipe d\u2019assistants sociaux et de travailleurs sociaux se tient \u00e0 votre disposition. Ils se chargent de rechercher la meilleure solution pour vous, \u00e0 vos c\u00f4t\u00e9s et dans la plus grande discr\u00e9tion.<\/p>\n<p>Le service social peut notamment vous aider pour\u00a0:<\/p>\n<ul>\n<li>l\u2019organisation post-hospitalisation (soutien concernant la situation \u00e0 domicile, demandes de placement&#8230;)<\/li>\n<li>l\u2019accompagnement psychosocial<\/li>\n<li>l\u2019aiguillage vers d\u2019autres types de service<\/li>\n<li>les modalit\u00e9s administratives et financi\u00e8res<\/li>\n<\/ul>\n<p>Des questions\u00a0? Nous contacter\u00a0?<br \/>\nLe service social est joignable entre 8.30 h et 17.00 h par t\u00e9l\u00e9phone au +32 55 23 39 18 ou avec l\u2019aide des infirmiers pr\u00e9sents dans le service.<\/p>\n","protected":false},"excerpt":{"rendered":"<p>Une hospitalisation est un \u00e9v\u00e9nement troublant qui peut s\u2019accompagner de probl\u00e8mes sociaux et\/ou \u00e9motionnels. Une \u00e9quipe d\u2019assistants sociaux et de&#8230;<\/p>\n","protected":false},"author":4,"featured_media":0,"parent":922,"menu_order":0,"comment_status":"closed","ping_status":"closed","template":"","meta":{"_acf_changed":false,"_relevanssi_hide_post":"","_relevanssi_hide_content":"","_relevanssi_pin_for_all":"","_relevanssi_pin_keywords":"","_relevanssi_unpin_keywords":"","_relevanssi_related_keywords":"","_relevanssi_related_include_ids":"","_relevanssi_related_exclude_ids":"","_relevanssi_related_no_append":"","_relevanssi_related_not_related":"","_relevanssi_related_posts":"","_relevanssi_noindex_reason":"","inline_featured_image":false,"_exactmetrics_skip_tracking":false,"_exactmetrics_sitenote_active":false,"_exactmetrics_sitenote_note":"","_exactmetrics_sitenote_category":0,"footnotes":"","_links_to":"","_links_to_target":""},"acf":[],"yoast_head":"<!-- This site is optimized with the Yoast SEO plugin v22.4 - https:\/\/yoast.com\/wordpress\/plugins\/seo\/ -->\n<title>Service social - azGlorieux<\/title>\n<meta name=\"robots\" content=\"noindex, follow, max-snippet:-1, max-image-preview:large, max-video-preview:-1\" \/>\n<meta property=\"og:locale\" content=\"fr_FR\" \/>\n<meta property=\"og:type\" content=\"article\" \/>\n<meta property=\"og:title\" content=\"Service social - azGlorieux\" \/>\n<meta property=\"og:description\" content=\"Une hospitalisation est un \u00e9v\u00e9nement troublant qui peut s\u2019accompagner de probl\u00e8mes sociaux et\/ou \u00e9motionnels. Une \u00e9quipe d\u2019assistants sociaux et de...\" \/>\n<meta property=\"og:url\" content=\"https:\/\/calculatie.azglorieux.be\/fr\/patients\/accompagnement-des-patients\/service-social\/\" \/>\n<meta property=\"og:site_name\" content=\"azGlorieux\" \/>\n<meta property=\"article:modified_time\" content=\"2023-12-04T11:04:35+00:00\" \/>\n<meta name=\"twitter:card\" content=\"summary_large_image\" \/>\n<meta name=\"twitter:label1\" content=\"Dur\u00e9e de lecture estim\u00e9e\" \/>\n\t<meta name=\"twitter:data1\" content=\"1 minute\" \/>\n<!-- \/ Yoast SEO plugin. -->","yoast_head_json":{"title":"Service social - azGlorieux","robots":{"index":"noindex","follow":"follow","max-snippet":"max-snippet:-1","max-image-preview":"max-image-preview:large","max-video-preview":"max-video-preview:-1"},"og_locale":"fr_FR","og_type":"article","og_title":"Service social - azGlorieux","og_description":"Une hospitalisation est un \u00e9v\u00e9nement troublant qui peut s\u2019accompagner de probl\u00e8mes sociaux et\/ou \u00e9motionnels. Une \u00e9quipe d\u2019assistants sociaux et de...","og_url":"https:\/\/calculatie.azglorieux.be\/fr\/patients\/accompagnement-des-patients\/service-social\/","og_site_name":"azGlorieux","article_modified_time":"2023-12-04T11:04:35+00:00","twitter_card":"summary_large_image","twitter_misc":{"Dur\u00e9e de lecture estim\u00e9e":"1 minute"},"schema":{"@context":"https:\/\/schema.org","@graph":[{"@type":"WebPage","@id":"https:\/\/calculatie.azglorieux.be\/fr\/patients\/accompagnement-des-patients\/service-social\/","url":"https:\/\/calculatie.azglorieux.be\/fr\/patients\/accompagnement-des-patients\/service-social\/","name":"Service social - azGlorieux","isPartOf":{"@id":"https:\/\/calculatie.azglorieux.be\/fr\/#website"},"datePublished":"2020-07-14T10:50:56+00:00","dateModified":"2023-12-04T11:04:35+00:00","breadcrumb":{"@id":"https:\/\/calculatie.azglorieux.be\/fr\/patients\/accompagnement-des-patients\/service-social\/#breadcrumb"},"inLanguage":"fr-FR","potentialAction":[{"@type":"ReadAction","target":["https:\/\/calculatie.azglorieux.be\/fr\/patients\/accompagnement-des-patients\/service-social\/"]}]},{"@type":"BreadcrumbList","@id":"https:\/\/calculatie.azglorieux.be\/fr\/patients\/accompagnement-des-patients\/service-social\/#breadcrumb","itemListElement":[{"@type":"ListItem","position":1,"name":"Home","item":"https:\/\/calculatie.azglorieux.be\/fr\/"},{"@type":"ListItem","position":2,"name":"Patients","item":"https:\/\/calculatie.azglorieux.be\/fr\/patients\/"},{"@type":"ListItem","position":3,"name":"Accompagnement des patients","item":"https:\/\/calculatie.azglorieux.be\/fr\/patienten\/patientenbegeleiding\/sociale-dienst\/"},{"@type":"ListItem","position":4,"name":"Service social"}]},{"@type":"WebSite","@id":"https:\/\/calculatie.azglorieux.be\/fr\/#website","url":"https:\/\/calculatie.azglorieux.be\/fr\/","name":"azGlorieux","description":"","potentialAction":[{"@type":"SearchAction","target":{"@type":"EntryPoint","urlTemplate":"https:\/\/calculatie.azglorieux.be\/fr\/?s={search_term_string}"},"query-input":"required name=search_term_string"}],"inLanguage":"fr-FR"}]}},"_links":{"self":[{"href":"https:\/\/calculatie.azglorieux.be\/fr\/wp-json\/wp\/v2\/pages\/1687"}],"collection":[{"href":"https:\/\/calculatie.azglorieux.be\/fr\/wp-json\/wp\/v2\/pages"}],"about":[{"href":"https:\/\/calculatie.azglorieux.be\/fr\/wp-json\/wp\/v2\/types\/page"}],"author":[{"embeddable":true,"href":"https:\/\/calculatie.azglorieux.be\/fr\/wp-json\/wp\/v2\/users\/4"}],"replies":[{"embeddable":true,"href":"https:\/\/calculatie.azglorieux.be\/fr\/wp-json\/wp\/v2\/comments?post=1687"}],"version-history":[{"count":1,"href":"https:\/\/calculatie.azglorieux.be\/fr\/wp-json\/wp\/v2\/pages\/1687\/revisions"}],"predecessor-version":[{"id":10320,"href":"https:\/\/calculatie.azglorieux.be\/fr\/wp-json\/wp\/v2\/pages\/1687\/revisions\/10320"}],"up":[{"embeddable":true,"href":"https:\/\/calculatie.azglorieux.be\/fr\/wp-json\/wp\/v2\/pages\/922"}],"wp:attachment":[{"href":"https:\/\/calculatie.azglorieux.be\/fr\/wp-json\/wp\/v2\/media?parent=1687"}],"curies":[{"name":"wp","href":"https:\/\/api.w.org\/{rel}","templated":true}]}}