{"id":2183,"date":"2020-07-14T12:50:56","date_gmt":"2020-07-14T10:50:56","guid":{"rendered":"https:\/\/calculatie.azglorieux.be\/?page_id=2183"},"modified":"2020-07-14T12:50:56","modified_gmt":"2020-07-14T10:50:56","slug":"offres-demploi","status":"publish","type":"page","link":"https:\/\/calculatie.azglorieux.be\/fr\/professionnels\/offres-demploi\/","title":{"rendered":"Offres d\u2019emploi"},"content":{"rendered":"<p>Des collaborateurs attentifs et experts dans leur domaine sont indispensables pour assurer une prestation de services et des soins d\u2019une qualit\u00e9 irr\u00e9prochable. Notre ASBL recherche en permanence des coll\u00e8gues comp\u00e9tents. Nous avons beaucoup \u00e0 offrir.<\/p>\n<p>Sur <a href=\"https:\/\/www.hrglorieux.be\">ce site Internet<\/a>, vous pouvez d\u00e9couvrir quels sont les avantages de travailler dans l\u2019un des \u00e9tablissements de l\u2019ASBL Werken Glorieux VZW, et consulter nos offres d\u2019emploi.<\/p>\n","protected":false},"excerpt":{"rendered":"<p>Des collaborateurs attentifs et experts dans leur domaine sont indispensables pour assurer une prestation de services et des soins d\u2019une&#8230;<\/p>\n","protected":false},"author":4,"featured_media":0,"parent":878,"menu_order":0,"comment_status":"closed","ping_status":"closed","template":"","meta":{"_acf_changed":false,"_relevanssi_hide_post":"","_relevanssi_hide_content":"","_relevanssi_pin_for_all":"","_relevanssi_pin_keywords":"","_relevanssi_unpin_keywords":"","_relevanssi_related_keywords":"","_relevanssi_related_include_ids":"","_relevanssi_related_exclude_ids":"","_relevanssi_related_no_append":"","_relevanssi_related_not_related":"","_relevanssi_related_posts":"","_relevanssi_noindex_reason":"","inline_featured_image":false,"_exactmetrics_skip_tracking":false,"_exactmetrics_sitenote_active":false,"_exactmetrics_sitenote_note":"","_exactmetrics_sitenote_category":0,"footnotes":"","_links_to":"","_links_to_target":""},"acf":[],"yoast_head":"<!-- This site is optimized with the Yoast SEO plugin v22.4 - https:\/\/yoast.com\/wordpress\/plugins\/seo\/ -->\n<title>Offres d\u2019emploi - azGlorieux<\/title>\n<meta name=\"robots\" content=\"noindex, follow, max-snippet:-1, max-image-preview:large, max-video-preview:-1\" \/>\n<meta property=\"og:locale\" content=\"fr_FR\" \/>\n<meta property=\"og:type\" content=\"article\" \/>\n<meta property=\"og:title\" content=\"Offres d\u2019emploi - azGlorieux\" \/>\n<meta property=\"og:description\" content=\"Des collaborateurs attentifs et experts dans leur domaine sont indispensables pour assurer une prestation de services et des soins d\u2019une...\" \/>\n<meta property=\"og:url\" content=\"https:\/\/calculatie.azglorieux.be\/fr\/professionnels\/offres-demploi\/\" \/>\n<meta property=\"og:site_name\" content=\"azGlorieux\" \/>\n<meta name=\"twitter:card\" content=\"summary_large_image\" \/>\n<!-- \/ Yoast SEO plugin. -->","yoast_head_json":{"title":"Offres d\u2019emploi - azGlorieux","robots":{"index":"noindex","follow":"follow","max-snippet":"max-snippet:-1","max-image-preview":"max-image-preview:large","max-video-preview":"max-video-preview:-1"},"og_locale":"fr_FR","og_type":"article","og_title":"Offres d\u2019emploi - azGlorieux","og_description":"Des collaborateurs attentifs et experts dans leur domaine sont indispensables pour assurer une prestation de services et des soins d\u2019une...","og_url":"https:\/\/calculatie.azglorieux.be\/fr\/professionnels\/offres-demploi\/","og_site_name":"azGlorieux","twitter_card":"summary_large_image","schema":{"@context":"https:\/\/schema.org","@graph":[{"@type":"WebPage","@id":"https:\/\/calculatie.azglorieux.be\/fr\/professionnels\/offres-demploi\/","url":"https:\/\/calculatie.azglorieux.be\/fr\/professionnels\/offres-demploi\/","name":"Offres d\u2019emploi - azGlorieux","isPartOf":{"@id":"https:\/\/calculatie.azglorieux.be\/fr\/#website"},"datePublished":"2020-07-14T10:50:56+00:00","dateModified":"2020-07-14T10:50:56+00:00","breadcrumb":{"@id":"https:\/\/calculatie.azglorieux.be\/fr\/professionnels\/offres-demploi\/#breadcrumb"},"inLanguage":"fr-FR","potentialAction":[{"@type":"ReadAction","target":["https:\/\/calculatie.azglorieux.be\/fr\/professionnels\/offres-demploi\/"]}]},{"@type":"BreadcrumbList","@id":"https:\/\/calculatie.azglorieux.be\/fr\/professionnels\/offres-demploi\/#breadcrumb","itemListElement":[{"@type":"ListItem","position":1,"name":"Home","item":"https:\/\/calculatie.azglorieux.be\/fr\/"},{"@type":"ListItem","position":2,"name":"Professionnels","item":"https:\/\/calculatie.azglorieux.be\/fr\/professionnels\/"},{"@type":"ListItem","position":3,"name":"Offres d\u2019emploi"}]},{"@type":"WebSite","@id":"https:\/\/calculatie.azglorieux.be\/fr\/#website","url":"https:\/\/calculatie.azglorieux.be\/fr\/","name":"azGlorieux","description":"","potentialAction":[{"@type":"SearchAction","target":{"@type":"EntryPoint","urlTemplate":"https:\/\/calculatie.azglorieux.be\/fr\/?s={search_term_string}"},"query-input":"required name=search_term_string"}],"inLanguage":"fr-FR"}]}},"_links":{"self":[{"href":"https:\/\/calculatie.azglorieux.be\/fr\/wp-json\/wp\/v2\/pages\/2183"}],"collection":[{"href":"https:\/\/calculatie.azglorieux.be\/fr\/wp-json\/wp\/v2\/pages"}],"about":[{"href":"https:\/\/calculatie.azglorieux.be\/fr\/wp-json\/wp\/v2\/types\/page"}],"author":[{"embeddable":true,"href":"https:\/\/calculatie.azglorieux.be\/fr\/wp-json\/wp\/v2\/users\/4"}],"replies":[{"embeddable":true,"href":"https:\/\/calculatie.azglorieux.be\/fr\/wp-json\/wp\/v2\/comments?post=2183"}],"version-history":[{"count":0,"href":"https:\/\/calculatie.azglorieux.be\/fr\/wp-json\/wp\/v2\/pages\/2183\/revisions"}],"up":[{"embeddable":true,"href":"https:\/\/calculatie.azglorieux.be\/fr\/wp-json\/wp\/v2\/pages\/878"}],"wp:attachment":[{"href":"https:\/\/calculatie.azglorieux.be\/fr\/wp-json\/wp\/v2\/media?parent=2183"}],"curies":[{"name":"wp","href":"https:\/\/api.w.org\/{rel}","templated":true}]}}