{"id":2187,"date":"2020-07-14T12:50:56","date_gmt":"2020-07-14T10:50:56","guid":{"rendered":"https:\/\/calculatie.azglorieux.be\/?page_id=2187"},"modified":"2022-04-12T11:45:39","modified_gmt":"2022-04-12T09:45:39","slug":"documents","status":"publish","type":"page","link":"https:\/\/calculatie.azglorieux.be\/fr\/professionnels\/documents\/","title":{"rendered":"Documents"},"content":{"rendered":"<p><strong>Imagerie m\u00e9dicale<\/strong><\/p>\n<ul>\n<li><a href=\"https:\/\/calculatie.azglorieux.be\/wp-content\/uploads\/2020\/09\/MRI-AANVRAAGFORMULIER-FR-azGlorieux.pdf\">Formulaire de demande IRM<\/a><\/li>\n<li><a href=\"https:\/\/calculatie.azglorieux.be\/wp-content\/uploads\/2020\/08\/mri_-_irm_questionnaire_fr_-_azglorieux_0.cleaned.pdf\">Questionnaire IRM<\/a><\/li>\n<\/ul>\n<p><strong>Consentement \u00e9clair\u00e9<\/strong><\/p>\n<ul>\n<li><a href=\"https:\/\/calculatie.azglorieux.be\/wp-content\/uploads\/2020\/08\/informed_consent_heelkunde_en_anesthesie_frans.cleaned.pdf\">Consentement \u00e9clair\u00e9 &#8211; chirurgie et anesth\u00e9sie<\/a><\/li>\n<li><a href=\"https:\/\/calculatie.azglorieux.be\/wp-content\/uploads\/2020\/08\/informed_consent_endoscopisch_onderzoek_en_anesthesie_frans.cleaned.pdf\">Consentement \u00e9clair\u00e9 &#8211; examen endoscopique et anesth\u00e9sie<\/a><\/li>\n<\/ul>\n<p><strong>Grossesse<\/strong><\/p>\n<ul>\n<li><a href=\"https:\/\/calculatie.azglorieux.be\/wp-content\/uploads\/2022\/03\/KP-versie-HA-V2_FR.pdf\">parcours clinique du diab\u00e8te gestationnel<\/a><\/li>\n<li>demande de laboratoire:\n<ul>\n<li><a href=\"https:\/\/calculatie.azglorieux.be\/wp-content\/uploads\/2022\/03\/Eerste-labo-ZS_FR.docx\">premi\u00e8re grossesse en laboratoire<\/a><\/li>\n<li><a href=\"https:\/\/calculatie.azglorieux.be\/wp-content\/uploads\/2022\/03\/Glucose-Challenge-Test-GCT-50g_FR.docx\">test de provocation au glucose (GCT)<\/a><\/li>\n<li><a href=\"https:\/\/calculatie.azglorieux.be\/wp-content\/uploads\/2022\/03\/Orale-Glucose-Tolerantie-Test-OGTT-75g_FR.docx\">test de tol\u00e9rance au glucose par voie orale (OGTT)<\/a><\/li>\n<\/ul>\n<\/li>\n<\/ul>\n<p><strong>Oncologie<\/strong><\/p>\n<ul>\n<li><a href=\"https:\/\/calculatie.azglorieux.be\/wp-content\/uploads\/2022\/04\/Klinischpad_bk_FR_0804.pdf\">Parcours clinique du cancer du sein<\/a><\/li>\n<li><a href=\"https:\/\/calculatie.azglorieux.be\/wp-content\/uploads\/2022\/04\/Zorgpad-OAKG-voor-HA_FR.pdf\">Parcours de soins pour une autogestion ad\u00e9quate chez les patients trait\u00e9s par des anticanc\u00e9reux oraux<\/a><\/li>\n<\/ul>\n","protected":false},"excerpt":{"rendered":"<p>Imagerie m\u00e9dicale Formulaire de demande IRM Questionnaire IRM Consentement \u00e9clair\u00e9 Consentement \u00e9clair\u00e9 &#8211; chirurgie et anesth\u00e9sie Consentement \u00e9clair\u00e9 &#8211; examen&#8230;<\/p>\n","protected":false},"author":4,"featured_media":0,"parent":878,"menu_order":0,"comment_status":"closed","ping_status":"closed","template":"","meta":{"_acf_changed":false,"_relevanssi_hide_post":"","_relevanssi_hide_content":"","_relevanssi_pin_for_all":"","_relevanssi_pin_keywords":"","_relevanssi_unpin_keywords":"","_relevanssi_related_keywords":"","_relevanssi_related_include_ids":"","_relevanssi_related_exclude_ids":"","_relevanssi_related_no_append":"","_relevanssi_related_not_related":"","_relevanssi_related_posts":"","_relevanssi_noindex_reason":"","inline_featured_image":false,"_exactmetrics_skip_tracking":false,"_exactmetrics_sitenote_active":false,"_exactmetrics_sitenote_note":"","_exactmetrics_sitenote_category":0,"footnotes":"","_links_to":"","_links_to_target":""},"acf":[],"yoast_head":"<!-- This site is optimized with the Yoast SEO plugin v22.4 - https:\/\/yoast.com\/wordpress\/plugins\/seo\/ -->\n<title>Documents - azGlorieux<\/title>\n<meta name=\"robots\" content=\"noindex, follow, max-snippet:-1, max-image-preview:large, max-video-preview:-1\" \/>\n<meta property=\"og:locale\" content=\"fr_FR\" \/>\n<meta property=\"og:type\" content=\"article\" \/>\n<meta property=\"og:title\" content=\"Documents - azGlorieux\" \/>\n<meta property=\"og:description\" content=\"Imagerie m\u00e9dicale Formulaire de demande IRM Questionnaire IRM Consentement \u00e9clair\u00e9 Consentement \u00e9clair\u00e9 &#8211; chirurgie et anesth\u00e9sie Consentement \u00e9clair\u00e9 &#8211; examen...\" \/>\n<meta property=\"og:url\" content=\"https:\/\/calculatie.azglorieux.be\/fr\/professionnels\/documents\/\" \/>\n<meta property=\"og:site_name\" content=\"azGlorieux\" \/>\n<meta property=\"article:modified_time\" content=\"2022-04-12T09:45:39+00:00\" \/>\n<meta name=\"twitter:card\" content=\"summary_large_image\" \/>\n<meta name=\"twitter:label1\" content=\"Dur\u00e9e de lecture estim\u00e9e\" \/>\n\t<meta name=\"twitter:data1\" content=\"1 minute\" \/>\n<!-- \/ Yoast SEO plugin. -->","yoast_head_json":{"title":"Documents - azGlorieux","robots":{"index":"noindex","follow":"follow","max-snippet":"max-snippet:-1","max-image-preview":"max-image-preview:large","max-video-preview":"max-video-preview:-1"},"og_locale":"fr_FR","og_type":"article","og_title":"Documents - azGlorieux","og_description":"Imagerie m\u00e9dicale Formulaire de demande IRM Questionnaire IRM Consentement \u00e9clair\u00e9 Consentement \u00e9clair\u00e9 &#8211; chirurgie et anesth\u00e9sie Consentement \u00e9clair\u00e9 &#8211; examen...","og_url":"https:\/\/calculatie.azglorieux.be\/fr\/professionnels\/documents\/","og_site_name":"azGlorieux","article_modified_time":"2022-04-12T09:45:39+00:00","twitter_card":"summary_large_image","twitter_misc":{"Dur\u00e9e de lecture estim\u00e9e":"1 minute"},"schema":{"@context":"https:\/\/schema.org","@graph":[{"@type":"WebPage","@id":"https:\/\/calculatie.azglorieux.be\/fr\/professionnels\/documents\/","url":"https:\/\/calculatie.azglorieux.be\/fr\/professionnels\/documents\/","name":"Documents - azGlorieux","isPartOf":{"@id":"https:\/\/calculatie.azglorieux.be\/fr\/#website"},"datePublished":"2020-07-14T10:50:56+00:00","dateModified":"2022-04-12T09:45:39+00:00","breadcrumb":{"@id":"https:\/\/calculatie.azglorieux.be\/fr\/professionnels\/documents\/#breadcrumb"},"inLanguage":"fr-FR","potentialAction":[{"@type":"ReadAction","target":["https:\/\/calculatie.azglorieux.be\/fr\/professionnels\/documents\/"]}]},{"@type":"BreadcrumbList","@id":"https:\/\/calculatie.azglorieux.be\/fr\/professionnels\/documents\/#breadcrumb","itemListElement":[{"@type":"ListItem","position":1,"name":"Home","item":"https:\/\/calculatie.azglorieux.be\/fr\/"},{"@type":"ListItem","position":2,"name":"Professionnels","item":"https:\/\/calculatie.azglorieux.be\/fr\/professionnels\/"},{"@type":"ListItem","position":3,"name":"Documents"}]},{"@type":"WebSite","@id":"https:\/\/calculatie.azglorieux.be\/fr\/#website","url":"https:\/\/calculatie.azglorieux.be\/fr\/","name":"azGlorieux","description":"","potentialAction":[{"@type":"SearchAction","target":{"@type":"EntryPoint","urlTemplate":"https:\/\/calculatie.azglorieux.be\/fr\/?s={search_term_string}"},"query-input":"required name=search_term_string"}],"inLanguage":"fr-FR"}]}},"_links":{"self":[{"href":"https:\/\/calculatie.azglorieux.be\/fr\/wp-json\/wp\/v2\/pages\/2187"}],"collection":[{"href":"https:\/\/calculatie.azglorieux.be\/fr\/wp-json\/wp\/v2\/pages"}],"about":[{"href":"https:\/\/calculatie.azglorieux.be\/fr\/wp-json\/wp\/v2\/types\/page"}],"author":[{"embeddable":true,"href":"https:\/\/calculatie.azglorieux.be\/fr\/wp-json\/wp\/v2\/users\/4"}],"replies":[{"embeddable":true,"href":"https:\/\/calculatie.azglorieux.be\/fr\/wp-json\/wp\/v2\/comments?post=2187"}],"version-history":[{"count":10,"href":"https:\/\/calculatie.azglorieux.be\/fr\/wp-json\/wp\/v2\/pages\/2187\/revisions"}],"predecessor-version":[{"id":7868,"href":"https:\/\/calculatie.azglorieux.be\/fr\/wp-json\/wp\/v2\/pages\/2187\/revisions\/7868"}],"up":[{"embeddable":true,"href":"https:\/\/calculatie.azglorieux.be\/fr\/wp-json\/wp\/v2\/pages\/878"}],"wp:attachment":[{"href":"https:\/\/calculatie.azglorieux.be\/fr\/wp-json\/wp\/v2\/media?parent=2187"}],"curies":[{"name":"wp","href":"https:\/\/api.w.org\/{rel}","templated":true}]}}