{"id":2903,"date":"2020-07-13T09:02:11","date_gmt":"2020-07-13T07:02:11","guid":{"rendered":"https:\/\/calculatie.azglorieux.be\/participation-du-patient\/"},"modified":"2020-10-01T11:17:14","modified_gmt":"2020-10-01T09:17:14","slug":"participation-du-patient","status":"publish","type":"page","link":"https:\/\/calculatie.azglorieux.be\/fr\/participation-du-patient\/","title":{"rendered":"Participation du patient"},"content":{"rendered":"<p>La participation du patient gagne en importance, et ce, aussi pour nous. Des recherches ont permis de d\u00e9montrer que les soins de sant\u00e9 se d\u00e9roulaient mieux et plus efficacement si le patient est activement impliqu\u00e9 dans la prise de d\u00e9cision, et ce, \u00e0 diff\u00e9rents niveaux. La participation permet notamment d\u2019am\u00e9liorer la compliance th\u00e9rapeutique, les effets du traitement, la qualit\u00e9 des soins et la s\u00e9curit\u00e9 du patient. \u00c9tant donn\u00e9 que la participation du patient pr\u00e9sente de tr\u00e8s nombreux avantages pour les patients, pour l\u2019h\u00f4pital et pour les soignants, nous misons pleinement sur celle-ci \u00e0 diff\u00e9rents niveaux, et ce, sous la forme de projets d\u2019am\u00e9lioration sp\u00e9cifiques \u00e0 l\u2019\u00e9chelle de l\u2019h\u00f4pital, des d\u00e9partements et des services.<\/p>\n<ol>\n<li>Informations\u00a0: des brochures d\u2019informations sont disponibles pour le patient. Un site Internet clair et accessible est \u00e9galement \u00e0 la disposition des patients.<\/li>\n<li>Consultation\u00a0: chaque ann\u00e9e, nous mesurons la satisfaction des patients de mani\u00e8re volontaire via VIP\u00b2. Sur la base des r\u00e9sultats obtenus, nous prenons les d\u00e9cisions pour dispenser des soins de la meilleure qualit\u00e9.<\/li>\n<li>Conseil\u00a0: depuis 2019, une m\u00e9thode a \u00e9t\u00e9 d\u00e9velopp\u00e9e et test\u00e9e pour disposer de groupes de patients ayant une exp\u00e9rience similaire. Ces groupes se concentrent sur l\u2019am\u00e9lioration de certains processus. Le principe est d\u2019\u00e9valuer les exp\u00e9riences des patients qui ont \u00e9t\u00e9 en lien avec notre h\u00f4pital, afin de d\u00e9terminer les am\u00e9liorations \u00e0 effectuer et de les mettre en place. La voix du patient r\u00e9sonne ainsi dans la prestation de nos soins.<\/li>\n<\/ol>\n<p>Vous aimeriez y participer, ou vous souhaitez faire part de votre exp\u00e9rience\u00a0?<\/p>\n<p>Personne de contact\u00a0: <a href=\"mailto:kwaliteit@azglorieux.be\">kwaliteit@azglorieux.be<\/a><\/p>\n","protected":false},"excerpt":{"rendered":"<p>La participation du patient gagne en importance, et ce, aussi pour nous. Des recherches ont permis de d\u00e9montrer que les&#8230;<\/p>\n","protected":false},"author":4,"featured_media":0,"parent":0,"menu_order":0,"comment_status":"closed","ping_status":"closed","template":"","meta":{"_acf_changed":false,"_relevanssi_hide_post":"","_relevanssi_hide_content":"","_relevanssi_pin_for_all":"","_relevanssi_pin_keywords":"","_relevanssi_unpin_keywords":"","_relevanssi_related_keywords":"","_relevanssi_related_include_ids":"","_relevanssi_related_exclude_ids":"","_relevanssi_related_no_append":"","_relevanssi_related_not_related":"","_relevanssi_related_posts":"","_relevanssi_noindex_reason":"","inline_featured_image":false,"_exactmetrics_skip_tracking":false,"_exactmetrics_sitenote_active":false,"_exactmetrics_sitenote_note":"","_exactmetrics_sitenote_category":0,"footnotes":"","_links_to":"","_links_to_target":""},"acf":[],"yoast_head":"<!-- This site is optimized with the Yoast SEO plugin v22.4 - https:\/\/yoast.com\/wordpress\/plugins\/seo\/ -->\n<title>Participation du patient - azGlorieux<\/title>\n<meta name=\"robots\" content=\"noindex, follow, max-snippet:-1, max-image-preview:large, max-video-preview:-1\" \/>\n<meta property=\"og:locale\" content=\"fr_FR\" \/>\n<meta property=\"og:type\" content=\"article\" \/>\n<meta property=\"og:title\" content=\"Participation du patient - azGlorieux\" \/>\n<meta property=\"og:description\" content=\"La participation du patient gagne en importance, et ce, aussi pour nous. Des recherches ont permis de d\u00e9montrer que les...\" \/>\n<meta property=\"og:url\" content=\"https:\/\/calculatie.azglorieux.be\/fr\/participation-du-patient\/\" \/>\n<meta property=\"og:site_name\" content=\"azGlorieux\" \/>\n<meta property=\"article:modified_time\" content=\"2020-10-01T09:17:14+00:00\" \/>\n<meta name=\"twitter:card\" content=\"summary_large_image\" \/>\n<meta name=\"twitter:label1\" content=\"Dur\u00e9e de lecture estim\u00e9e\" \/>\n\t<meta name=\"twitter:data1\" content=\"1 minute\" \/>\n<!-- \/ Yoast SEO plugin. -->","yoast_head_json":{"title":"Participation du patient - azGlorieux","robots":{"index":"noindex","follow":"follow","max-snippet":"max-snippet:-1","max-image-preview":"max-image-preview:large","max-video-preview":"max-video-preview:-1"},"og_locale":"fr_FR","og_type":"article","og_title":"Participation du patient - azGlorieux","og_description":"La participation du patient gagne en importance, et ce, aussi pour nous. Des recherches ont permis de d\u00e9montrer que les...","og_url":"https:\/\/calculatie.azglorieux.be\/fr\/participation-du-patient\/","og_site_name":"azGlorieux","article_modified_time":"2020-10-01T09:17:14+00:00","twitter_card":"summary_large_image","twitter_misc":{"Dur\u00e9e de lecture estim\u00e9e":"1 minute"},"schema":{"@context":"https:\/\/schema.org","@graph":[{"@type":"WebPage","@id":"https:\/\/calculatie.azglorieux.be\/fr\/participation-du-patient\/","url":"https:\/\/calculatie.azglorieux.be\/fr\/participation-du-patient\/","name":"Participation du patient - azGlorieux","isPartOf":{"@id":"https:\/\/calculatie.azglorieux.be\/fr\/#website"},"datePublished":"2020-07-13T07:02:11+00:00","dateModified":"2020-10-01T09:17:14+00:00","breadcrumb":{"@id":"https:\/\/calculatie.azglorieux.be\/fr\/participation-du-patient\/#breadcrumb"},"inLanguage":"fr-FR","potentialAction":[{"@type":"ReadAction","target":["https:\/\/calculatie.azglorieux.be\/fr\/participation-du-patient\/"]}]},{"@type":"BreadcrumbList","@id":"https:\/\/calculatie.azglorieux.be\/fr\/participation-du-patient\/#breadcrumb","itemListElement":[{"@type":"ListItem","position":1,"name":"Home","item":"https:\/\/calculatie.azglorieux.be\/fr\/"},{"@type":"ListItem","position":2,"name":"Participation du patient"}]},{"@type":"WebSite","@id":"https:\/\/calculatie.azglorieux.be\/fr\/#website","url":"https:\/\/calculatie.azglorieux.be\/fr\/","name":"azGlorieux","description":"","potentialAction":[{"@type":"SearchAction","target":{"@type":"EntryPoint","urlTemplate":"https:\/\/calculatie.azglorieux.be\/fr\/?s={search_term_string}"},"query-input":"required name=search_term_string"}],"inLanguage":"fr-FR"}]}},"_links":{"self":[{"href":"https:\/\/calculatie.azglorieux.be\/fr\/wp-json\/wp\/v2\/pages\/2903"}],"collection":[{"href":"https:\/\/calculatie.azglorieux.be\/fr\/wp-json\/wp\/v2\/pages"}],"about":[{"href":"https:\/\/calculatie.azglorieux.be\/fr\/wp-json\/wp\/v2\/types\/page"}],"author":[{"embeddable":true,"href":"https:\/\/calculatie.azglorieux.be\/fr\/wp-json\/wp\/v2\/users\/4"}],"replies":[{"embeddable":true,"href":"https:\/\/calculatie.azglorieux.be\/fr\/wp-json\/wp\/v2\/comments?post=2903"}],"version-history":[{"count":0,"href":"https:\/\/calculatie.azglorieux.be\/fr\/wp-json\/wp\/v2\/pages\/2903\/revisions"}],"wp:attachment":[{"href":"https:\/\/calculatie.azglorieux.be\/fr\/wp-json\/wp\/v2\/media?parent=2903"}],"curies":[{"name":"wp","href":"https:\/\/api.w.org\/{rel}","templated":true}]}}