{"id":5612,"date":"2020-09-24T09:41:15","date_gmt":"2020-09-24T07:41:15","guid":{"rendered":"https:\/\/calculatie.azglorieux.be\/?page_id=5612"},"modified":"2020-09-24T09:41:26","modified_gmt":"2020-09-24T07:41:26","slug":"photographies-videos-et-enregistrements-sonores-par-les-patients-ou-les-visiteurs-du-ch-glorieux","status":"publish","type":"page","link":"https:\/\/calculatie.azglorieux.be\/fr\/patients\/votre-admission\/photographies-videos-et-enregistrements-sonores-par-les-patients-ou-les-visiteurs-du-ch-glorieux\/","title":{"rendered":"Photographies, vid\u00e9os et enregistrements sonores par les patients ou les visiteurs du ch Glorieux"},"content":{"rendered":"<p>Afin de garantir le droit \u00e0 la vie priv\u00e9e et de ne pas mettre en p\u00e9ril la prestation de soins, les patients et les visiteurs sont invit\u00e9s \u00e0 respecter la politique relative aux photographies, aux vid\u00e9os et aux enregistrements du ch Glorieux. L\u2019h\u00f4pital attache beaucoup d\u2019importance au crit\u00e8re du consentement mutuel lors de la r\u00e9alisation de photographies, de vid\u00e9os et d\u2019enregistrements sonores. Il s\u2019agit, en effet, d\u2019instaurer et de maintenir une relation de confiance avec les patients et leur entourage. Les enregistrements clandestins nuisent gravement \u00e0 la relation de confiance entre les patients et les prestataires de soins. Si une personne refuse ou est incapable de donner son consentement, ne la photographiez ou ne la filmez pas. Vous ne pouvez pas non plus prendre des photos ou faire des vid\u00e9os des enfants d\u2019autrui sans l\u2019autorisation des parents.<\/p>\n<h4>Photographies et vid\u00e9os des actes m\u00e9dicaux pos\u00e9s par le personnel du Glorieux<\/h4>\n<p>Si un patient ou un visiteur souhaite photographier ou filmer un acte m\u00e9dical, il doit demander l\u2019autorisation au m\u00e9decin ou au prestataire de soins qu\u2019il souhaite photographier ou filmer. En principe, l\u2019autorisation doit \u00eatre donn\u00e9e par \u00e9crit, \u00e0 moins que cela soit impossible dans la pratique. L\u2019autorisation n\u2019est accord\u00e9e que pour l\u2019utilisation priv\u00e9e des images, y compris sur les m\u00e9dias sociaux. Sans consentement pr\u00e9alable explicite, vous violez le droit \u00e0 la vie priv\u00e9e et le droit \u00e0 l\u2019image. Photographies et vid\u00e9os du personnel du ch Glorieux. Si un patient ou un visiteur souhaite photographier ou filmer un collaborateur du ch Glorieux, il doit toujours demander l\u2019autorisation de la personne concern\u00e9e, m\u00eame si elle appara\u00eet \u00e0 l\u2019arri\u00e8re-plan. L\u2019autorisation orale du collaborateur du ch Glorieux suffit.<\/p>\n<h4>Photos et films de lui-m\u00eame<\/h4>\n<p>Les patients sont autoris\u00e9s \u00e0 prendre des photos d\u2019eux-m\u00eames ou \u00e0 faire des selfies. Ils en assument alors la responsabilit\u00e9. Si un collaborateur du ch Glorieux appara\u00eet sur la photo, son autorisation doit lui \u00eatre demand\u00e9e.<\/p>\n<h4>Photos et vid\u00e9os d\u2019autres patients et visiteurs<\/h4>\n<p>En principe, il est interdit de photographier ou de filmer les patients ou les visiteurs au sein de notre h\u00f4pital. Si d\u2019autres patients ou visiteurs apparaissent sur votre photo ou votre vid\u00e9o, vous devez d\u2019abord leur demander leur autorisation, m\u00eame s\u2019ils apparaissent \u00ab\u2009seulement\u2009\u00bb \u00e0 l\u2019arri\u00e8re-plan.<\/p>\n<h4>Photos et vid\u00e9os de patients par le ch Glorieux ou la presse<\/h4>\n<p>Si l\u2019h\u00f4pital lui-m\u00eame ou un membre de la presse souhaite r\u00e9aliser des images de patients ou de visiteurs, le consentement du patient ou du visiteur concern\u00e9 sera toujours explicitement demand\u00e9.<\/p>\n<h4>Conversations entre les patients et les prestataires de soins de ch Glorieux<\/h4>\n<p>Si, en tant que patient, vous souhaitez enregistrer une conversation, nous vous demandons d\u2019en discuter au pr\u00e9alable avec le m\u00e9decin. Les patients ne retiennent g\u00e9n\u00e9ralement qu\u2019une petite partie des informations (m\u00e9dico-techniques) qui leur sont communiqu\u00e9es par le m\u00e9decin lors d\u2019une consultation. Certains patients souhaitent enregistrer la conversation avec leur smartphone pour pouvoir r\u00e9\u00e9couter ces informations par la suite. Cette d\u00e9marche peut optimiser le processus de soins, favoriser la compr\u00e9hension des informations m\u00e9dicales et vous aider \u00e0 prendre la bonne d\u00e9cision dans le cadre de votre maladie. Si vous ne participez pas personnellement \u00e0 l\u2019entretien, l\u2019enregistrement n\u2019est pas autoris\u00e9. Veuillez noter que cette conversation est r\u00e9serv\u00e9e \u00e0 un usage priv\u00e9.<\/p>\n<h4>Consignes applicables aux m\u00e9dias sociaux<\/h4>\n<ul>\n<li>Vous avez bien s\u00fbr le droit de donner votre avis sur le ch Glorieux via les m\u00e9dias sociaux. Vous n\u2019\u00eates cependant pas autoris\u00e9(e) \u00e0 publier sur les m\u00e9dias sociaux les photos, vid\u00e9os ou enregistrements sonores que vous avez r\u00e9alis\u00e9s au Glorieux sans la permission de la personne qui appara\u00eet sur la photo ou que vous avez enregistr\u00e9e.<\/li>\n<li>Si quelqu\u2019un vous demande de supprimer une photo, une vid\u00e9o ou un enregistrement sonore, respectez sa d\u00e9cision.<\/li>\n<li>La confiance, le consentement, le respect et la s\u00e9curit\u00e9 restent des concepts fondamentaux.<\/li>\n<li>Ne faites rien sur les m\u00e9dias sociaux qui pourrait vous nuire ou nuire \u00e0 des patients ou des collaborateurs du ch Glorieux.<\/li>\n<\/ul>\n","protected":false},"excerpt":{"rendered":"<p>Afin de garantir le droit \u00e0 la vie priv\u00e9e et de ne pas mettre en p\u00e9ril la prestation de soins,&#8230;<\/p>\n","protected":false},"author":5,"featured_media":0,"parent":924,"menu_order":8,"comment_status":"closed","ping_status":"closed","template":"","meta":{"_acf_changed":false,"_relevanssi_hide_post":"","_relevanssi_hide_content":"","_relevanssi_pin_for_all":"","_relevanssi_pin_keywords":"","_relevanssi_unpin_keywords":"","_relevanssi_related_keywords":"","_relevanssi_related_include_ids":"","_relevanssi_related_exclude_ids":"","_relevanssi_related_no_append":"","_relevanssi_related_not_related":"","_relevanssi_related_posts":"","_relevanssi_noindex_reason":"","inline_featured_image":false,"_exactmetrics_skip_tracking":false,"_exactmetrics_sitenote_active":false,"_exactmetrics_sitenote_note":"","_exactmetrics_sitenote_category":0,"footnotes":"","_links_to":"","_links_to_target":""},"acf":[],"yoast_head":"<!-- This site is optimized with the Yoast SEO plugin v22.4 - https:\/\/yoast.com\/wordpress\/plugins\/seo\/ -->\n<title>Photographies, vid\u00e9os et enregistrements sonores par les patients ou les visiteurs du ch Glorieux - azGlorieux<\/title>\n<meta name=\"robots\" content=\"noindex, follow, max-snippet:-1, max-image-preview:large, max-video-preview:-1\" \/>\n<meta property=\"og:locale\" content=\"fr_FR\" \/>\n<meta property=\"og:type\" content=\"article\" \/>\n<meta property=\"og:title\" content=\"Photographies, vid\u00e9os et enregistrements sonores par les patients ou les visiteurs du ch Glorieux - azGlorieux\" \/>\n<meta property=\"og:description\" content=\"Afin de garantir le droit \u00e0 la vie priv\u00e9e et de ne pas mettre en p\u00e9ril la prestation de soins,...\" \/>\n<meta property=\"og:url\" content=\"https:\/\/calculatie.azglorieux.be\/fr\/patients\/votre-admission\/photographies-videos-et-enregistrements-sonores-par-les-patients-ou-les-visiteurs-du-ch-glorieux\/\" \/>\n<meta property=\"og:site_name\" content=\"azGlorieux\" \/>\n<meta property=\"article:modified_time\" content=\"2020-09-24T07:41:26+00:00\" \/>\n<meta name=\"twitter:card\" content=\"summary_large_image\" \/>\n<meta name=\"twitter:label1\" content=\"Dur\u00e9e de lecture estim\u00e9e\" \/>\n\t<meta name=\"twitter:data1\" content=\"4 minutes\" \/>\n<!-- \/ Yoast SEO plugin. -->","yoast_head_json":{"title":"Photographies, vid\u00e9os et enregistrements sonores par les patients ou les visiteurs du ch Glorieux - azGlorieux","robots":{"index":"noindex","follow":"follow","max-snippet":"max-snippet:-1","max-image-preview":"max-image-preview:large","max-video-preview":"max-video-preview:-1"},"og_locale":"fr_FR","og_type":"article","og_title":"Photographies, vid\u00e9os et enregistrements sonores par les patients ou les visiteurs du ch Glorieux - azGlorieux","og_description":"Afin de garantir le droit \u00e0 la vie priv\u00e9e et de ne pas mettre en p\u00e9ril la prestation de soins,...","og_url":"https:\/\/calculatie.azglorieux.be\/fr\/patients\/votre-admission\/photographies-videos-et-enregistrements-sonores-par-les-patients-ou-les-visiteurs-du-ch-glorieux\/","og_site_name":"azGlorieux","article_modified_time":"2020-09-24T07:41:26+00:00","twitter_card":"summary_large_image","twitter_misc":{"Dur\u00e9e de lecture estim\u00e9e":"4 minutes"},"schema":{"@context":"https:\/\/schema.org","@graph":[{"@type":"WebPage","@id":"https:\/\/calculatie.azglorieux.be\/fr\/patients\/votre-admission\/photographies-videos-et-enregistrements-sonores-par-les-patients-ou-les-visiteurs-du-ch-glorieux\/","url":"https:\/\/calculatie.azglorieux.be\/fr\/patients\/votre-admission\/photographies-videos-et-enregistrements-sonores-par-les-patients-ou-les-visiteurs-du-ch-glorieux\/","name":"Photographies, vid\u00e9os et enregistrements sonores par les patients ou les visiteurs du ch Glorieux - azGlorieux","isPartOf":{"@id":"https:\/\/calculatie.azglorieux.be\/fr\/#website"},"datePublished":"2020-09-24T07:41:15+00:00","dateModified":"2020-09-24T07:41:26+00:00","breadcrumb":{"@id":"https:\/\/calculatie.azglorieux.be\/fr\/patients\/votre-admission\/photographies-videos-et-enregistrements-sonores-par-les-patients-ou-les-visiteurs-du-ch-glorieux\/#breadcrumb"},"inLanguage":"fr-FR","potentialAction":[{"@type":"ReadAction","target":["https:\/\/calculatie.azglorieux.be\/fr\/patients\/votre-admission\/photographies-videos-et-enregistrements-sonores-par-les-patients-ou-les-visiteurs-du-ch-glorieux\/"]}]},{"@type":"BreadcrumbList","@id":"https:\/\/calculatie.azglorieux.be\/fr\/patients\/votre-admission\/photographies-videos-et-enregistrements-sonores-par-les-patients-ou-les-visiteurs-du-ch-glorieux\/#breadcrumb","itemListElement":[{"@type":"ListItem","position":1,"name":"Home","item":"https:\/\/calculatie.azglorieux.be\/fr\/"},{"@type":"ListItem","position":2,"name":"Patients","item":"https:\/\/calculatie.azglorieux.be\/fr\/patients\/"},{"@type":"ListItem","position":3,"name":"Votre admission","item":"https:\/\/calculatie.azglorieux.be\/fr\/patients\/votre-admission\/"},{"@type":"ListItem","position":4,"name":"Photographies, vid\u00e9os et enregistrements sonores par les patients ou les visiteurs du ch Glorieux"}]},{"@type":"WebSite","@id":"https:\/\/calculatie.azglorieux.be\/fr\/#website","url":"https:\/\/calculatie.azglorieux.be\/fr\/","name":"azGlorieux","description":"","potentialAction":[{"@type":"SearchAction","target":{"@type":"EntryPoint","urlTemplate":"https:\/\/calculatie.azglorieux.be\/fr\/?s={search_term_string}"},"query-input":"required name=search_term_string"}],"inLanguage":"fr-FR"}]}},"_links":{"self":[{"href":"https:\/\/calculatie.azglorieux.be\/fr\/wp-json\/wp\/v2\/pages\/5612"}],"collection":[{"href":"https:\/\/calculatie.azglorieux.be\/fr\/wp-json\/wp\/v2\/pages"}],"about":[{"href":"https:\/\/calculatie.azglorieux.be\/fr\/wp-json\/wp\/v2\/types\/page"}],"author":[{"embeddable":true,"href":"https:\/\/calculatie.azglorieux.be\/fr\/wp-json\/wp\/v2\/users\/5"}],"replies":[{"embeddable":true,"href":"https:\/\/calculatie.azglorieux.be\/fr\/wp-json\/wp\/v2\/comments?post=5612"}],"version-history":[{"count":0,"href":"https:\/\/calculatie.azglorieux.be\/fr\/wp-json\/wp\/v2\/pages\/5612\/revisions"}],"up":[{"embeddable":true,"href":"https:\/\/calculatie.azglorieux.be\/fr\/wp-json\/wp\/v2\/pages\/924"}],"wp:attachment":[{"href":"https:\/\/calculatie.azglorieux.be\/fr\/wp-json\/wp\/v2\/media?parent=5612"}],"curies":[{"name":"wp","href":"https:\/\/api.w.org\/{rel}","templated":true}]}}