{"id":6683,"date":"2021-03-31T14:54:56","date_gmt":"2021-03-31T12:54:56","guid":{"rendered":"https:\/\/calculatie.azglorieux.be\/?page_id=6683"},"modified":"2021-04-14T14:00:22","modified_gmt":"2021-04-14T12:00:22","slug":"stagiair","status":"publish","type":"page","link":"https:\/\/calculatie.azglorieux.be\/fr\/professionnels\/stagiair\/","title":{"rendered":"Stagiair"},"content":{"rendered":"<p>Le CH Glorieux est un environnement d\u2019apprentissage id\u00e9al. Nous proposons chaque ann\u00e9e de nombreux stages, notamment \u00e0 des m\u00e9decins en formation, des infirmi\u00e8res, des praticiens param\u00e9dicaux et des collaborateurs logistiques. L\u2019occasion id\u00e9ale d\u2019acqu\u00e9rir une pr\u00e9cieuse exp\u00e9rience pratique dans un environnement de soins, encadr\u00e9 tout au long de votre stage par nos enthousiastes ma\u00eetres de stage.<\/p>\n<p>Vous \u00eates \u00e0 la recherche d\u2019un stage\u2009? Cliquez <a href=\"https:\/\/glorieux.hro.be\/\">hier<\/a>.<\/p>\n<p>Consultez ci-dessous les brochures de stage du d\u00e9partement des soins infirmiers et des soins de sant\u00e9.<\/p>\n","protected":false},"excerpt":{"rendered":"<p>Le CH Glorieux est un environnement d\u2019apprentissage id\u00e9al. Nous proposons chaque ann\u00e9e de nombreux stages, notamment \u00e0 des m\u00e9decins en&#8230;<\/p>\n","protected":false},"author":4,"featured_media":0,"parent":878,"menu_order":0,"comment_status":"closed","ping_status":"closed","template":"","meta":{"_acf_changed":false,"_relevanssi_hide_post":"","_relevanssi_hide_content":"","_relevanssi_pin_for_all":"","_relevanssi_pin_keywords":"","_relevanssi_unpin_keywords":"","_relevanssi_related_keywords":"","_relevanssi_related_include_ids":"","_relevanssi_related_exclude_ids":"","_relevanssi_related_no_append":"","_relevanssi_related_not_related":"","_relevanssi_related_posts":"","_relevanssi_noindex_reason":"","inline_featured_image":false,"_exactmetrics_skip_tracking":false,"_exactmetrics_sitenote_active":false,"_exactmetrics_sitenote_note":"","_exactmetrics_sitenote_category":0,"footnotes":"","_links_to":"","_links_to_target":""},"acf":[],"yoast_head":"<!-- This site is optimized with the Yoast SEO plugin v22.4 - https:\/\/yoast.com\/wordpress\/plugins\/seo\/ -->\n<title>Stagiair - azGlorieux<\/title>\n<meta name=\"robots\" content=\"noindex, follow, max-snippet:-1, max-image-preview:large, max-video-preview:-1\" \/>\n<meta property=\"og:locale\" content=\"fr_FR\" \/>\n<meta property=\"og:type\" content=\"article\" \/>\n<meta property=\"og:title\" content=\"Stagiair - azGlorieux\" \/>\n<meta property=\"og:description\" content=\"Le CH Glorieux est un environnement d\u2019apprentissage id\u00e9al. Nous proposons chaque ann\u00e9e de nombreux stages, notamment \u00e0 des m\u00e9decins en...\" \/>\n<meta property=\"og:url\" content=\"https:\/\/calculatie.azglorieux.be\/fr\/professionnels\/stagiair\/\" \/>\n<meta property=\"og:site_name\" content=\"azGlorieux\" \/>\n<meta property=\"article:modified_time\" content=\"2021-04-14T12:00:22+00:00\" \/>\n<meta name=\"twitter:card\" content=\"summary_large_image\" \/>\n<meta name=\"twitter:label1\" content=\"Dur\u00e9e de lecture estim\u00e9e\" \/>\n\t<meta name=\"twitter:data1\" content=\"1 minute\" \/>\n<!-- \/ Yoast SEO plugin. -->","yoast_head_json":{"title":"Stagiair - azGlorieux","robots":{"index":"noindex","follow":"follow","max-snippet":"max-snippet:-1","max-image-preview":"max-image-preview:large","max-video-preview":"max-video-preview:-1"},"og_locale":"fr_FR","og_type":"article","og_title":"Stagiair - azGlorieux","og_description":"Le CH Glorieux est un environnement d\u2019apprentissage id\u00e9al. Nous proposons chaque ann\u00e9e de nombreux stages, notamment \u00e0 des m\u00e9decins en...","og_url":"https:\/\/calculatie.azglorieux.be\/fr\/professionnels\/stagiair\/","og_site_name":"azGlorieux","article_modified_time":"2021-04-14T12:00:22+00:00","twitter_card":"summary_large_image","twitter_misc":{"Dur\u00e9e de lecture estim\u00e9e":"1 minute"},"schema":{"@context":"https:\/\/schema.org","@graph":[{"@type":"WebPage","@id":"https:\/\/calculatie.azglorieux.be\/fr\/professionnels\/stagiair\/","url":"https:\/\/calculatie.azglorieux.be\/fr\/professionnels\/stagiair\/","name":"Stagiair - azGlorieux","isPartOf":{"@id":"https:\/\/calculatie.azglorieux.be\/fr\/#website"},"datePublished":"2021-03-31T12:54:56+00:00","dateModified":"2021-04-14T12:00:22+00:00","breadcrumb":{"@id":"https:\/\/calculatie.azglorieux.be\/fr\/professionnels\/stagiair\/#breadcrumb"},"inLanguage":"fr-FR","potentialAction":[{"@type":"ReadAction","target":["https:\/\/calculatie.azglorieux.be\/fr\/professionnels\/stagiair\/"]}]},{"@type":"BreadcrumbList","@id":"https:\/\/calculatie.azglorieux.be\/fr\/professionnels\/stagiair\/#breadcrumb","itemListElement":[{"@type":"ListItem","position":1,"name":"Home","item":"https:\/\/calculatie.azglorieux.be\/fr\/"},{"@type":"ListItem","position":2,"name":"Professionnels","item":"https:\/\/calculatie.azglorieux.be\/fr\/professionnels\/"},{"@type":"ListItem","position":3,"name":"Stagiair"}]},{"@type":"WebSite","@id":"https:\/\/calculatie.azglorieux.be\/fr\/#website","url":"https:\/\/calculatie.azglorieux.be\/fr\/","name":"azGlorieux","description":"","potentialAction":[{"@type":"SearchAction","target":{"@type":"EntryPoint","urlTemplate":"https:\/\/calculatie.azglorieux.be\/fr\/?s={search_term_string}"},"query-input":"required name=search_term_string"}],"inLanguage":"fr-FR"}]}},"_links":{"self":[{"href":"https:\/\/calculatie.azglorieux.be\/fr\/wp-json\/wp\/v2\/pages\/6683"}],"collection":[{"href":"https:\/\/calculatie.azglorieux.be\/fr\/wp-json\/wp\/v2\/pages"}],"about":[{"href":"https:\/\/calculatie.azglorieux.be\/fr\/wp-json\/wp\/v2\/types\/page"}],"author":[{"embeddable":true,"href":"https:\/\/calculatie.azglorieux.be\/fr\/wp-json\/wp\/v2\/users\/4"}],"replies":[{"embeddable":true,"href":"https:\/\/calculatie.azglorieux.be\/fr\/wp-json\/wp\/v2\/comments?post=6683"}],"version-history":[{"count":0,"href":"https:\/\/calculatie.azglorieux.be\/fr\/wp-json\/wp\/v2\/pages\/6683\/revisions"}],"up":[{"embeddable":true,"href":"https:\/\/calculatie.azglorieux.be\/fr\/wp-json\/wp\/v2\/pages\/878"}],"wp:attachment":[{"href":"https:\/\/calculatie.azglorieux.be\/fr\/wp-json\/wp\/v2\/media?parent=6683"}],"curies":[{"name":"wp","href":"https:\/\/api.w.org\/{rel}","templated":true}]}}