{"id":8538,"date":"2022-10-18T12:16:03","date_gmt":"2022-10-18T10:16:03","guid":{"rendered":"https:\/\/calculatie.azglorieux.be\/?page_id=8538"},"modified":"2022-10-25T15:42:06","modified_gmt":"2022-10-25T13:42:06","slug":"3-bonnes-questions","status":"publish","type":"page","link":"https:\/\/calculatie.azglorieux.be\/fr\/3-bonnes-questions\/","title":{"rendered":"Trois bonnes questions \u00e0 poser lors de l&rsquo;entretien"},"content":{"rendered":"<div class=\"wpb_text_column wpb_content_element \">\n<div class=\"wpb_wrapper\">\n<ul>\n<li><em>\u201cA peine avoir quitt\u00e9 la consultation que ma question n\u2019est revenue \u00e0 l\u2019esprit.\u00a0\u00bb <\/em><em>Beaucoup de personnes ont ce sentiment apr\u00e8s une converstation avec un m\u00e9decin. Tension et \u00e9motions y jouent un r\u00f4le important.<br \/>\n<\/em><\/li>\n<li><em>Lors de la consultation, plusieurs possibilit\u00e9s peuvent vous \u00eatre propos\u00e9es. Le traitement ou examen qui vous est le plus indiqu\u00e9 d\u00e9pend d&rsquo;un certain nombre de facteurs.<\/em><\/li>\n<li><em>Il est important d&rsquo;\u00e9tudier ces diff\u00e9rents facteurs en collaboration avec votre m\u00e9decin; les 3 questions \u00e0 poser peuvent vous y aider.<\/em><\/li>\n<\/ul>\n<p>&nbsp;<\/p>\n<\/div>\n<h3>1. Quelles sont les possibilit\u00e9s ?<\/h3>\n<p>Passez en revue, avec votre m\u00e9decin, les diff\u00e9rentes possiblit\u00e9s. Une op\u00e9ration du genou ou ne plus jouer au foot ? Un examen physique ou un scan ? Traiter en priorit\u00e9 ou adopter une attitude expectative ?<\/p>\n<p>&nbsp;<\/p>\n<div id=\"1665394733747-94fa4a5d-6fb8\" class=\"vc_tta-panel vc_active\" data-vc-content=\".vc_tta-panel-body\">\n<div class=\"vc_tta-panel-heading\">\n<h3 class=\"vc_tta-panel-title vc_tta-controls-icon-position-right\"><span class=\"vc_tta-title-text\">2. Quels sont les avantages et inconv\u00e9nients ?<\/span><\/h3>\n<\/div>\n<div class=\"vc_tta-panel-body\">\n<div class=\"wpb_text_column wpb_content_element \">\n<div class=\"wpb_wrapper\">\n<ul>\n<li>Chaque traitement pr\u00e9sente des avantages et inconv\u00e9nients. Une intervention peut rapidement vous soulager, mais toute intervention comporte des riques.<\/li>\n<li>Interrogez votre m\u00e9decin des r\u00e9sultats obtenues par les diff\u00e9rents traitements propos\u00e9s.<\/li>\n<li>Selon la th\u00e9rapie propos\u00e9e, ne manquez pas de vous informer au sujet de la p\u00e9riode de r\u00e9cup\u00e9ration, des risques, cons\u00e9quences et effets secondaires.<\/li>\n<\/ul>\n<p>&nbsp;<\/p>\n<div id=\"1665395206219-6a3e7d6d-bad2\" class=\"vc_tta-panel vc_active\" data-vc-content=\".vc_tta-panel-body\">\n<div class=\"vc_tta-panel-heading\">\n<h3 class=\"vc_tta-panel-title vc_tta-controls-icon-position-right\"><span class=\"vc_tta-title-text\">3. Que repr\u00e9sente cela pour moi ?<\/span><\/h3>\n<\/div>\n<div class=\"vc_tta-panel-body\">\n<div class=\"wpb_text_column wpb_content_element \">\n<div class=\"wpb_wrapper\">\n<ul>\n<li>Le m\u00e9decin est un expert m\u00e9dical. Mais personne ne conna\u00eet mieux la situation que vous-m\u00eame.<\/li>\n<li>En posant des questions, le m\u00e9decin acquiert une meilleure vision de votre situation et peut vous aider \u00e0 orienter votre choix d&rsquo;examen ou de traitement.<\/li>\n<\/ul>\n<p>&nbsp;<\/p>\n<\/div>\n<h2 class=\"vc_custom_heading\">Pourquoi ces 3 bonnes questions ?<\/h2>\n<div class=\"wpb_text_column wpb_content_element vc_custom_1665395676173\">\n<div class=\"wpb_wrapper\">\n<ul>\n<li>Ces questions invitent votre m\u00e9dicin \u00e0 vous informer correctement et l&rsquo;engage \u00e0 un entretien ouvert.<\/li>\n<li>En communion avec le praticien, vous pouvez choisir la th\u00e9rapie la mieux adapt\u00e9e \u00e0 votre cas.<\/li>\n<li>Vous faites ainsi un choix judicieux, vous offrant un maximum de chances de r\u00e9ussite.<\/li>\n<\/ul>\n<p>&nbsp;<\/p>\n<h2 class=\"vc_custom_heading\">Plus de conseils pour un bon entretien :<\/h2>\n<p>&nbsp;<\/p>\n<div class=\"vc_tta-container\" data-vc-action=\"collapseAll\">\n<div class=\"vc_general vc_tta vc_tta-accordion vc_tta-color-blue vc_tta-style-outline vc_tta-shape-square vc_tta-o-shape-group vc_tta-controls-align-left vc_tta-o-no-fill vc_tta-o-all-clickable vc_custom_1665396131883\">\n<div class=\"vc_tta-panels-container\">\n<div class=\"vc_tta-panels\">\n<div id=\"1665395819672-ab9cd423-4de6\" class=\"vc_tta-panel vc_active\" data-vc-content=\".vc_tta-panel-body\">\n<div class=\"vc_tta-panel-heading\">\n<h3 class=\"vc_tta-panel-title vc_tta-controls-icon-position-right\"><span class=\"vc_tta-title-text\">Comment pr\u00e9parer cet entretien?<br \/>\n<\/span><\/h3>\n<\/div>\n<div class=\"vc_tta-panel-body\">\n<div class=\"wpb_text_column wpb_content_element vc_custom_1665400210938\">\n<div class=\"wpb_wrapper\">\n<ul>\n<li>Au pr\u00e9alable r\u00e9fl\u00e9chissez aux informations souhait\u00e9es en rapport avec votre pathalogie et \u00e9ventuelles th\u00e9rapies.<\/li>\n<li>Etablissez une liste des questions et emportez-l\u00e0.<\/li>\n<li>S&rsquo;agit-il d&rsquo;un premier entretien? D\u00e9crivez pr\u00e9cisement vos plaintes ainsi que leur dur\u00e9e.<\/li>\n<li>Faites-vous accompagner. Vous n&rsquo;osez pas poser une question, votre accompagnateur s&rsquo;engagera peut-\u00eatre \u00e0 le faire pour vous. Il peut \u00eatre int\u00e9ressant d&rsquo;en discuter ensemble apr\u00e8s la consultation. Deux m\u00e9moires valent mieux qu&rsquo;une seule.<\/li>\n<li>Apportez un aper\u00e7u des m\u00e9dicaments que vous prenez.<\/li>\n<\/ul>\n<p>&nbsp;<\/p>\n<div id=\"1665395819696-e8b884dc-77fd\" class=\"vc_tta-panel vc_active\" data-vc-content=\".vc_tta-panel-body\">\n<div class=\"vc_tta-panel-heading\">\n<h3 class=\"vc_tta-panel-title vc_tta-controls-icon-position-right\"><span class=\"vc_tta-title-text\">Conseils pendant l&rsquo;entretien :<br \/>\n<\/span><\/h3>\n<\/div>\n<div class=\"vc_tta-panel-body\">\n<div class=\"wpb_text_column wpb_content_element \">\n<div class=\"wpb_wrapper\">\n<ul>\n<li>Posez votre question essentielle en premier lieu.<\/li>\n<li>Notez les r\u00e9ponses qui vous permettront de les relire \u00e0 l&rsquo;aise ut\u00e9rieurement.<\/li>\n<li>Veillez \u00e0 donner une compte-rendu complet de vos plaintes.<\/li>\n<li>Informez le m\u00e9decin de votre \u00e9tat de sant\u00e9. Pensez par exemple aux allergies, grossesse, m\u00e9dicaments.<\/li>\n<li>Vous ne comprenez pas votre m\u00e9decin? N&rsquo;hesitez pas \u00e0 lui reposer la question.<\/li>\n<li>Exprimez le moindre doute.<\/li>\n<li>Reprenez, dans votre langage, les informations du m\u00e9decin et demandez-lui si vous l&rsquo;avez bien compris.<\/li>\n<li>Accordez-vous un temps de r\u00e9flexion lorsqu&rsquo;une d\u00e9cision difficile s&rsquo;impose.<\/li>\n<\/ul>\n<\/div>\n<\/div>\n<\/div>\n<\/div>\n<\/div>\n<\/div>\n<\/div>\n<\/div>\n<\/div>\n<\/div>\n<\/div>\n<\/div>\n<\/div>\n<\/div>\n<\/div>\n<\/div>\n<\/div>\n<\/div>\n<\/div>\n<\/div>\n<\/div>\n<\/div>\n","protected":false},"excerpt":{"rendered":"<p>\u201cA peine avoir quitt\u00e9 la consultation que ma question n\u2019est revenue \u00e0 l\u2019esprit.\u00a0\u00bb Beaucoup de personnes ont ce sentiment apr\u00e8s&#8230;<\/p>\n","protected":false},"author":9,"featured_media":0,"parent":0,"menu_order":0,"comment_status":"closed","ping_status":"closed","template":"","meta":{"_acf_changed":false,"_relevanssi_hide_post":"","_relevanssi_hide_content":"","_relevanssi_pin_for_all":"","_relevanssi_pin_keywords":"","_relevanssi_unpin_keywords":"","_relevanssi_related_keywords":"","_relevanssi_related_include_ids":"","_relevanssi_related_exclude_ids":"","_relevanssi_related_no_append":"","_relevanssi_related_not_related":"","_relevanssi_related_posts":"","_relevanssi_noindex_reason":"","inline_featured_image":false,"_exactmetrics_skip_tracking":false,"_exactmetrics_sitenote_active":false,"_exactmetrics_sitenote_note":"","_exactmetrics_sitenote_category":0,"footnotes":"","_links_to":"","_links_to_target":""},"acf":[],"yoast_head":"<!-- This site is optimized with the Yoast SEO plugin v22.4 - https:\/\/yoast.com\/wordpress\/plugins\/seo\/ -->\n<title>Trois bonnes questions \u00e0 poser lors de l&#039;entretien - azGlorieux<\/title>\n<meta name=\"robots\" content=\"noindex, follow, max-snippet:-1, max-image-preview:large, max-video-preview:-1\" \/>\n<meta property=\"og:locale\" content=\"fr_FR\" \/>\n<meta property=\"og:type\" content=\"article\" \/>\n<meta property=\"og:title\" content=\"Trois bonnes questions \u00e0 poser lors de l&#039;entretien - azGlorieux\" \/>\n<meta property=\"og:description\" content=\"\u201cA peine avoir quitt\u00e9 la consultation que ma question n\u2019est revenue \u00e0 l\u2019esprit.\u00a0\u00bb Beaucoup de personnes ont ce sentiment apr\u00e8s...\" \/>\n<meta property=\"og:url\" content=\"https:\/\/calculatie.azglorieux.be\/fr\/3-bonnes-questions\/\" \/>\n<meta property=\"og:site_name\" content=\"azGlorieux\" \/>\n<meta property=\"article:modified_time\" content=\"2022-10-25T13:42:06+00:00\" \/>\n<meta name=\"twitter:card\" content=\"summary_large_image\" \/>\n<meta name=\"twitter:label1\" content=\"Dur\u00e9e de lecture estim\u00e9e\" \/>\n\t<meta name=\"twitter:data1\" content=\"3 minutes\" \/>\n<!-- \/ Yoast SEO plugin. -->","yoast_head_json":{"title":"Trois bonnes questions \u00e0 poser lors de l'entretien - azGlorieux","robots":{"index":"noindex","follow":"follow","max-snippet":"max-snippet:-1","max-image-preview":"max-image-preview:large","max-video-preview":"max-video-preview:-1"},"og_locale":"fr_FR","og_type":"article","og_title":"Trois bonnes questions \u00e0 poser lors de l'entretien - azGlorieux","og_description":"\u201cA peine avoir quitt\u00e9 la consultation que ma question n\u2019est revenue \u00e0 l\u2019esprit.\u00a0\u00bb Beaucoup de personnes ont ce sentiment apr\u00e8s...","og_url":"https:\/\/calculatie.azglorieux.be\/fr\/3-bonnes-questions\/","og_site_name":"azGlorieux","article_modified_time":"2022-10-25T13:42:06+00:00","twitter_card":"summary_large_image","twitter_misc":{"Dur\u00e9e de lecture estim\u00e9e":"3 minutes"},"schema":{"@context":"https:\/\/schema.org","@graph":[{"@type":"WebPage","@id":"https:\/\/calculatie.azglorieux.be\/fr\/3-bonnes-questions\/","url":"https:\/\/calculatie.azglorieux.be\/fr\/3-bonnes-questions\/","name":"Trois bonnes questions \u00e0 poser lors de l'entretien - azGlorieux","isPartOf":{"@id":"https:\/\/calculatie.azglorieux.be\/fr\/#website"},"datePublished":"2022-10-18T10:16:03+00:00","dateModified":"2022-10-25T13:42:06+00:00","breadcrumb":{"@id":"https:\/\/calculatie.azglorieux.be\/fr\/3-bonnes-questions\/#breadcrumb"},"inLanguage":"fr-FR","potentialAction":[{"@type":"ReadAction","target":["https:\/\/calculatie.azglorieux.be\/fr\/3-bonnes-questions\/"]}]},{"@type":"BreadcrumbList","@id":"https:\/\/calculatie.azglorieux.be\/fr\/3-bonnes-questions\/#breadcrumb","itemListElement":[{"@type":"ListItem","position":1,"name":"Home","item":"https:\/\/calculatie.azglorieux.be\/fr\/"},{"@type":"ListItem","position":2,"name":"Trois bonnes questions \u00e0 poser lors de l&#8217;entretien"}]},{"@type":"WebSite","@id":"https:\/\/calculatie.azglorieux.be\/fr\/#website","url":"https:\/\/calculatie.azglorieux.be\/fr\/","name":"azGlorieux","description":"","potentialAction":[{"@type":"SearchAction","target":{"@type":"EntryPoint","urlTemplate":"https:\/\/calculatie.azglorieux.be\/fr\/?s={search_term_string}"},"query-input":"required name=search_term_string"}],"inLanguage":"fr-FR"}]}},"_links":{"self":[{"href":"https:\/\/calculatie.azglorieux.be\/fr\/wp-json\/wp\/v2\/pages\/8538"}],"collection":[{"href":"https:\/\/calculatie.azglorieux.be\/fr\/wp-json\/wp\/v2\/pages"}],"about":[{"href":"https:\/\/calculatie.azglorieux.be\/fr\/wp-json\/wp\/v2\/types\/page"}],"author":[{"embeddable":true,"href":"https:\/\/calculatie.azglorieux.be\/fr\/wp-json\/wp\/v2\/users\/9"}],"replies":[{"embeddable":true,"href":"https:\/\/calculatie.azglorieux.be\/fr\/wp-json\/wp\/v2\/comments?post=8538"}],"version-history":[{"count":6,"href":"https:\/\/calculatie.azglorieux.be\/fr\/wp-json\/wp\/v2\/pages\/8538\/revisions"}],"predecessor-version":[{"id":8586,"href":"https:\/\/calculatie.azglorieux.be\/fr\/wp-json\/wp\/v2\/pages\/8538\/revisions\/8586"}],"wp:attachment":[{"href":"https:\/\/calculatie.azglorieux.be\/fr\/wp-json\/wp\/v2\/media?parent=8538"}],"curies":[{"name":"wp","href":"https:\/\/api.w.org\/{rel}","templated":true}]}}