{"id":864,"date":"2018-09-19T13:56:11","date_gmt":"2018-09-19T11:56:11","guid":{"rendered":"https:\/\/calculatie.azglorieux.be\/cookie-policy\/"},"modified":"2023-03-13T17:26:09","modified_gmt":"2023-03-13T15:26:09","slug":"cookie-policy","status":"publish","type":"page","link":"https:\/\/calculatie.azglorieux.be\/fr\/cookie-policy\/","title":{"rendered":"Politique en mati\u00e8re de cookies"},"content":{"rendered":"<p><em>Derni\u00e8re mise \u00e0 jour le 25\/08\/2020.<\/em><\/p>\n<h2>1.\u00a0\u00a0\u00a0\u00a0 Bienvenue<\/h2>\n<p>Nous sommes Werken Glorieux, un ASBL \u00e9tablie \u00e0 Stefaan Modest Glorieuxlaan 55, 9600 Ronse, avec num\u00e9ro d\u2019entreprise BE0424380938.<\/p>\n<p>Dans la pr\u00e9sente Politique en mati\u00e8re de cookies, nous vous expliquons quelles informations nous pouvons collecter via notre site Internet gr\u00e2ce aux cookies et comment nous les utilisons pour am\u00e9liorer nos services.<\/p>\n<p>En utilisant notre site Internet, vous acceptez notre usage des cookies.<\/p>\n<p>Cette Politique en mati\u00e8re de cookies fait partie int\u00e9grante de nos <a href=\"https:\/\/calculatie.azglorieux.be\/fr\/conditions-utilisation\/\"><u>Conditions g\u00e9n\u00e9rales<\/u><\/a>.<\/p>\n<h2>2.\u00a0\u00a0\u00a0\u00a0 Cookies<\/h2>\n<p>Un <em>cookie<\/em> est un petit fichier install\u00e9 temporairement par une page Internet sur votre ordinateur ou appareil mobile quand vous visitez un site Internet. Un cookie nous permet d\u2019identifier l\u2019appareil avec lequel vous visitez notre site sans que cela nous donne acc\u00e8s \u00e0 vos donn\u00e9es personnelles.<\/p>\n<p>Les cookies sont faciles \u00e0 supprimer via les r\u00e9glages de votre navigateur. Vous pouvez param\u00e9trer votre navigateur de mani\u00e8re \u00e0 ce qu\u2019il refuse syst\u00e9matiquement les cookies. Cependant, cela peut g\u00eaner l\u2019utilisation de notre site Internet ou emp\u00eacher l\u2019acc\u00e8s \u00e0 certaines fonctionnalit\u00e9s.<\/p>\n<h2>Types de cookies<\/h2>\n<p><script type=\"text\/javascript\" charset=\"UTF-8\"  data-cookiescriptreport=\"report\" src=\"\/\/report.cookie-script.com\/r\/351c39d4ee2dc8491fd4243f66a3cc19.js\"><\/script><\/p>\n","protected":false},"excerpt":{"rendered":"<p>Derni\u00e8re mise \u00e0 jour le 25\/08\/2020. 1.\u00a0\u00a0\u00a0\u00a0 Bienvenue Nous sommes Werken Glorieux, un ASBL \u00e9tablie \u00e0 Stefaan Modest Glorieuxlaan 55,&#8230;<\/p>\n","protected":false},"author":4,"featured_media":0,"parent":0,"menu_order":0,"comment_status":"closed","ping_status":"closed","template":"templates\/without-sidebar-page.php","meta":{"_acf_changed":false,"_relevanssi_hide_post":"","_relevanssi_hide_content":"","_relevanssi_pin_for_all":"","_relevanssi_pin_keywords":"","_relevanssi_unpin_keywords":"","_relevanssi_related_keywords":"","_relevanssi_related_include_ids":"","_relevanssi_related_exclude_ids":"","_relevanssi_related_no_append":"","_relevanssi_related_not_related":"","_relevanssi_related_posts":"","_relevanssi_noindex_reason":"","inline_featured_image":false,"_exactmetrics_skip_tracking":false,"_exactmetrics_sitenote_active":false,"_exactmetrics_sitenote_note":"","_exactmetrics_sitenote_category":0,"footnotes":"","_links_to":"","_links_to_target":""},"acf":[],"yoast_head":"<!-- This site is optimized with the Yoast SEO plugin v22.4 - https:\/\/yoast.com\/wordpress\/plugins\/seo\/ -->\n<title>Politique en mati\u00e8re de cookies - azGlorieux<\/title>\n<meta name=\"robots\" content=\"noindex, follow, max-snippet:-1, max-image-preview:large, max-video-preview:-1\" \/>\n<meta property=\"og:locale\" content=\"fr_FR\" \/>\n<meta property=\"og:type\" content=\"article\" \/>\n<meta property=\"og:title\" content=\"Politique en mati\u00e8re de cookies - azGlorieux\" \/>\n<meta property=\"og:description\" content=\"Derni\u00e8re mise \u00e0 jour le 25\/08\/2020. 1.\u00a0\u00a0\u00a0\u00a0 Bienvenue Nous sommes Werken Glorieux, un ASBL \u00e9tablie \u00e0 Stefaan Modest Glorieuxlaan 55,...\" \/>\n<meta property=\"og:url\" content=\"https:\/\/calculatie.azglorieux.be\/fr\/cookie-policy\/\" \/>\n<meta property=\"og:site_name\" content=\"azGlorieux\" \/>\n<meta property=\"article:modified_time\" content=\"2023-03-13T15:26:09+00:00\" \/>\n<meta name=\"twitter:card\" content=\"summary_large_image\" \/>\n<meta name=\"twitter:label1\" content=\"Dur\u00e9e de lecture estim\u00e9e\" \/>\n\t<meta name=\"twitter:data1\" content=\"1 minute\" \/>\n<!-- \/ Yoast SEO plugin. -->","yoast_head_json":{"title":"Politique en mati\u00e8re de cookies - azGlorieux","robots":{"index":"noindex","follow":"follow","max-snippet":"max-snippet:-1","max-image-preview":"max-image-preview:large","max-video-preview":"max-video-preview:-1"},"og_locale":"fr_FR","og_type":"article","og_title":"Politique en mati\u00e8re de cookies - azGlorieux","og_description":"Derni\u00e8re mise \u00e0 jour le 25\/08\/2020. 1.\u00a0\u00a0\u00a0\u00a0 Bienvenue Nous sommes Werken Glorieux, un ASBL \u00e9tablie \u00e0 Stefaan Modest Glorieuxlaan 55,...","og_url":"https:\/\/calculatie.azglorieux.be\/fr\/cookie-policy\/","og_site_name":"azGlorieux","article_modified_time":"2023-03-13T15:26:09+00:00","twitter_card":"summary_large_image","twitter_misc":{"Dur\u00e9e de lecture estim\u00e9e":"1 minute"},"schema":{"@context":"https:\/\/schema.org","@graph":[{"@type":"WebPage","@id":"https:\/\/calculatie.azglorieux.be\/fr\/cookie-policy\/","url":"https:\/\/calculatie.azglorieux.be\/fr\/cookie-policy\/","name":"Politique en mati\u00e8re de cookies - azGlorieux","isPartOf":{"@id":"https:\/\/calculatie.azglorieux.be\/fr\/#website"},"datePublished":"2018-09-19T11:56:11+00:00","dateModified":"2023-03-13T15:26:09+00:00","breadcrumb":{"@id":"https:\/\/calculatie.azglorieux.be\/fr\/cookie-policy\/#breadcrumb"},"inLanguage":"fr-FR","potentialAction":[{"@type":"ReadAction","target":["https:\/\/calculatie.azglorieux.be\/fr\/cookie-policy\/"]}]},{"@type":"BreadcrumbList","@id":"https:\/\/calculatie.azglorieux.be\/fr\/cookie-policy\/#breadcrumb","itemListElement":[{"@type":"ListItem","position":1,"name":"Home","item":"https:\/\/calculatie.azglorieux.be\/fr\/"},{"@type":"ListItem","position":2,"name":"Politique en mati\u00e8re de cookies"}]},{"@type":"WebSite","@id":"https:\/\/calculatie.azglorieux.be\/fr\/#website","url":"https:\/\/calculatie.azglorieux.be\/fr\/","name":"azGlorieux","description":"","potentialAction":[{"@type":"SearchAction","target":{"@type":"EntryPoint","urlTemplate":"https:\/\/calculatie.azglorieux.be\/fr\/?s={search_term_string}"},"query-input":"required name=search_term_string"}],"inLanguage":"fr-FR"}]}},"_links":{"self":[{"href":"https:\/\/calculatie.azglorieux.be\/fr\/wp-json\/wp\/v2\/pages\/864"}],"collection":[{"href":"https:\/\/calculatie.azglorieux.be\/fr\/wp-json\/wp\/v2\/pages"}],"about":[{"href":"https:\/\/calculatie.azglorieux.be\/fr\/wp-json\/wp\/v2\/types\/page"}],"author":[{"embeddable":true,"href":"https:\/\/calculatie.azglorieux.be\/fr\/wp-json\/wp\/v2\/users\/4"}],"replies":[{"embeddable":true,"href":"https:\/\/calculatie.azglorieux.be\/fr\/wp-json\/wp\/v2\/comments?post=864"}],"version-history":[{"count":1,"href":"https:\/\/calculatie.azglorieux.be\/fr\/wp-json\/wp\/v2\/pages\/864\/revisions"}],"predecessor-version":[{"id":8960,"href":"https:\/\/calculatie.azglorieux.be\/fr\/wp-json\/wp\/v2\/pages\/864\/revisions\/8960"}],"wp:attachment":[{"href":"https:\/\/calculatie.azglorieux.be\/fr\/wp-json\/wp\/v2\/media?parent=864"}],"curies":[{"name":"wp","href":"https:\/\/api.w.org\/{rel}","templated":true}]}}