{"id":872,"date":"2020-02-14T14:14:10","date_gmt":"2020-02-14T12:14:10","guid":{"rendered":"https:\/\/calculatie.azglorieux.be\/over-az-glorieux\/"},"modified":"2022-04-28T10:39:39","modified_gmt":"2022-04-28T08:39:39","slug":"a-propos-du-ch-glorieux","status":"publish","type":"page","link":"https:\/\/calculatie.azglorieux.be\/fr\/a-propos-du-ch-glorieux\/","title":{"rendered":"\u00c0 propos du CH\u00a0Glorieux"},"content":{"rendered":"<p>Au CH\u00a0Glorieux, la dispense de soins de haute qualit\u00e9 est une priorit\u00e9 et le patient occupe une place centrale. L\u2019h\u00f4pital est exceptionnellement bien situ\u00e9, \u00e0 la fronti\u00e8re linguistique entre les Ardennes flamandes et le Pays des Collines.<\/p>\n<p>L\u2019h\u00f4pital est une partie du premier pilier de l\u2019organisation fa\u00eeti\u00e8re ASBL Werken Glorieux vzw. Avec les deux autres piliers, \u00ab\u00a0services aux enfants et \u00e0 la jeunesse\u00a0\u00bb et \u00ab\u00a0soins aux personnes \u00e2g\u00e9es\u00a0\u00bb, un trajet de suivi tout au long de la vie est ainsi propos\u00e9.<br \/>\nLa dialyse r\u00e9nale du CH\u00a0Glorieux dispose de trois unit\u00e9s satellites externes et est ainsi l\u2019un des principaux acteurs en Flandre dans ce domaine. Les centres m\u00e9dicaux d\u2019Avelgem, de Brakel et de Lessines rassemblent plusieurs disciplines m\u00e9dicales.<\/p>\n","protected":false},"excerpt":{"rendered":"<p>Au CH\u00a0Glorieux, la dispense de soins de haute qualit\u00e9 est une priorit\u00e9 et le patient occupe une place centrale. L\u2019h\u00f4pital&#8230;<\/p>\n","protected":false},"author":4,"featured_media":8069,"parent":0,"menu_order":0,"comment_status":"closed","ping_status":"closed","template":"","meta":{"_acf_changed":false,"_relevanssi_hide_post":"","_relevanssi_hide_content":"","_relevanssi_pin_for_all":"","_relevanssi_pin_keywords":"","_relevanssi_unpin_keywords":"","_relevanssi_related_keywords":"","_relevanssi_related_include_ids":"","_relevanssi_related_exclude_ids":"","_relevanssi_related_no_append":"","_relevanssi_related_not_related":"","_relevanssi_related_posts":"","_relevanssi_noindex_reason":"","inline_featured_image":false,"_exactmetrics_skip_tracking":false,"_exactmetrics_sitenote_active":false,"_exactmetrics_sitenote_note":"","_exactmetrics_sitenote_category":0,"footnotes":"","_links_to":"","_links_to_target":""},"acf":[],"yoast_head":"<!-- This site is optimized with the Yoast SEO plugin v22.4 - https:\/\/yoast.com\/wordpress\/plugins\/seo\/ -->\n<title>\u00c0 propos du CH\u00a0Glorieux - azGlorieux<\/title>\n<meta name=\"robots\" content=\"noindex, follow, max-snippet:-1, max-image-preview:large, max-video-preview:-1\" \/>\n<meta property=\"og:locale\" content=\"fr_FR\" \/>\n<meta property=\"og:type\" content=\"article\" \/>\n<meta property=\"og:title\" content=\"\u00c0 propos du CH\u00a0Glorieux - azGlorieux\" \/>\n<meta property=\"og:description\" content=\"Au CH\u00a0Glorieux, la dispense de soins de haute qualit\u00e9 est une priorit\u00e9 et le patient occupe une place centrale. L\u2019h\u00f4pital...\" \/>\n<meta property=\"og:url\" content=\"https:\/\/calculatie.azglorieux.be\/fr\/a-propos-du-ch-glorieux\/\" \/>\n<meta property=\"og:site_name\" content=\"azGlorieux\" \/>\n<meta property=\"article:modified_time\" content=\"2022-04-28T08:39:39+00:00\" \/>\n<meta property=\"og:image\" content=\"https:\/\/calculatie.azglorieux.be\/wp-content\/uploads\/2020\/07\/AZG_SITE_INT_DJI_0571-e1594129020596.jpg\" \/>\n\t<meta property=\"og:image:width\" content=\"2200\" \/>\n\t<meta property=\"og:image:height\" content=\"440\" \/>\n\t<meta property=\"og:image:type\" content=\"image\/jpeg\" \/>\n<meta name=\"twitter:card\" content=\"summary_large_image\" \/>\n<meta name=\"twitter:label1\" content=\"Dur\u00e9e de lecture estim\u00e9e\" \/>\n\t<meta name=\"twitter:data1\" content=\"1 minute\" \/>\n<!-- \/ Yoast SEO plugin. -->","yoast_head_json":{"title":"\u00c0 propos du CH\u00a0Glorieux - azGlorieux","robots":{"index":"noindex","follow":"follow","max-snippet":"max-snippet:-1","max-image-preview":"max-image-preview:large","max-video-preview":"max-video-preview:-1"},"og_locale":"fr_FR","og_type":"article","og_title":"\u00c0 propos du CH\u00a0Glorieux - azGlorieux","og_description":"Au CH\u00a0Glorieux, la dispense de soins de haute qualit\u00e9 est une priorit\u00e9 et le patient occupe une place centrale. L\u2019h\u00f4pital...","og_url":"https:\/\/calculatie.azglorieux.be\/fr\/a-propos-du-ch-glorieux\/","og_site_name":"azGlorieux","article_modified_time":"2022-04-28T08:39:39+00:00","og_image":[{"width":2200,"height":440,"url":"https:\/\/calculatie.azglorieux.be\/wp-content\/uploads\/2020\/07\/AZG_SITE_INT_DJI_0571-e1594129020596.jpg","type":"image\/jpeg"}],"twitter_card":"summary_large_image","twitter_misc":{"Dur\u00e9e de lecture estim\u00e9e":"1 minute"},"schema":{"@context":"https:\/\/schema.org","@graph":[{"@type":"WebPage","@id":"https:\/\/calculatie.azglorieux.be\/fr\/a-propos-du-ch-glorieux\/","url":"https:\/\/calculatie.azglorieux.be\/fr\/a-propos-du-ch-glorieux\/","name":"\u00c0 propos du CH\u00a0Glorieux - azGlorieux","isPartOf":{"@id":"https:\/\/calculatie.azglorieux.be\/fr\/#website"},"primaryImageOfPage":{"@id":"https:\/\/calculatie.azglorieux.be\/fr\/a-propos-du-ch-glorieux\/#primaryimage"},"image":{"@id":"https:\/\/calculatie.azglorieux.be\/fr\/a-propos-du-ch-glorieux\/#primaryimage"},"thumbnailUrl":"https:\/\/calculatie.azglorieux.be\/wp-content\/uploads\/2020\/07\/AZG_SITE_INT_DJI_0571-e1594129020596.jpg","datePublished":"2020-02-14T12:14:10+00:00","dateModified":"2022-04-28T08:39:39+00:00","breadcrumb":{"@id":"https:\/\/calculatie.azglorieux.be\/fr\/a-propos-du-ch-glorieux\/#breadcrumb"},"inLanguage":"fr-FR","potentialAction":[{"@type":"ReadAction","target":["https:\/\/calculatie.azglorieux.be\/fr\/a-propos-du-ch-glorieux\/"]}]},{"@type":"ImageObject","inLanguage":"fr-FR","@id":"https:\/\/calculatie.azglorieux.be\/fr\/a-propos-du-ch-glorieux\/#primaryimage","url":"https:\/\/calculatie.azglorieux.be\/wp-content\/uploads\/2020\/07\/AZG_SITE_INT_DJI_0571-e1594129020596.jpg","contentUrl":"https:\/\/calculatie.azglorieux.be\/wp-content\/uploads\/2020\/07\/AZG_SITE_INT_DJI_0571-e1594129020596.jpg","width":2200,"height":440},{"@type":"BreadcrumbList","@id":"https:\/\/calculatie.azglorieux.be\/fr\/a-propos-du-ch-glorieux\/#breadcrumb","itemListElement":[{"@type":"ListItem","position":1,"name":"Home","item":"https:\/\/calculatie.azglorieux.be\/fr\/"},{"@type":"ListItem","position":2,"name":"\u00c0 propos du CH\u00a0Glorieux"}]},{"@type":"WebSite","@id":"https:\/\/calculatie.azglorieux.be\/fr\/#website","url":"https:\/\/calculatie.azglorieux.be\/fr\/","name":"azGlorieux","description":"","potentialAction":[{"@type":"SearchAction","target":{"@type":"EntryPoint","urlTemplate":"https:\/\/calculatie.azglorieux.be\/fr\/?s={search_term_string}"},"query-input":"required name=search_term_string"}],"inLanguage":"fr-FR"}]}},"_links":{"self":[{"href":"https:\/\/calculatie.azglorieux.be\/fr\/wp-json\/wp\/v2\/pages\/872"}],"collection":[{"href":"https:\/\/calculatie.azglorieux.be\/fr\/wp-json\/wp\/v2\/pages"}],"about":[{"href":"https:\/\/calculatie.azglorieux.be\/fr\/wp-json\/wp\/v2\/types\/page"}],"author":[{"embeddable":true,"href":"https:\/\/calculatie.azglorieux.be\/fr\/wp-json\/wp\/v2\/users\/4"}],"replies":[{"embeddable":true,"href":"https:\/\/calculatie.azglorieux.be\/fr\/wp-json\/wp\/v2\/comments?post=872"}],"version-history":[{"count":1,"href":"https:\/\/calculatie.azglorieux.be\/fr\/wp-json\/wp\/v2\/pages\/872\/revisions"}],"predecessor-version":[{"id":8074,"href":"https:\/\/calculatie.azglorieux.be\/fr\/wp-json\/wp\/v2\/pages\/872\/revisions\/8074"}],"wp:featuredmedia":[{"embeddable":true,"href":"https:\/\/calculatie.azglorieux.be\/fr\/wp-json\/wp\/v2\/media\/8069"}],"wp:attachment":[{"href":"https:\/\/calculatie.azglorieux.be\/fr\/wp-json\/wp\/v2\/media?parent=872"}],"curies":[{"name":"wp","href":"https:\/\/api.w.org\/{rel}","templated":true}]}}