{"id":878,"date":"2020-02-14T14:36:22","date_gmt":"2020-02-14T12:36:22","guid":{"rendered":"https:\/\/calculatie.azglorieux.be\/professionelen\/"},"modified":"2020-08-21T20:27:31","modified_gmt":"2020-08-21T18:27:31","slug":"professionnels","status":"publish","type":"page","link":"https:\/\/calculatie.azglorieux.be\/fr\/professionnels\/","title":{"rendered":"Professionnels"},"content":{"rendered":"<p>Connectez-vous ici sur mynexuzhealthpro pour parcourir le dossier m\u00e9dical de vos patients ou consultez PACSonWEB pour examiner les r\u00e9sultats d&rsquo;imagerie m\u00e9dicale et comptes rendus d&rsquo;examens.<\/p>\n","protected":false},"excerpt":{"rendered":"<p>Connectez-vous ici sur mynexuzhealthpro pour parcourir le dossier m\u00e9dical de vos patients ou consultez PACSonWEB pour examiner les r\u00e9sultats d&rsquo;imagerie&#8230;<\/p>\n","protected":false},"author":4,"featured_media":4836,"parent":0,"menu_order":0,"comment_status":"closed","ping_status":"closed","template":"","meta":{"_acf_changed":false,"_relevanssi_hide_post":"","_relevanssi_hide_content":"","_relevanssi_pin_for_all":"","_relevanssi_pin_keywords":"","_relevanssi_unpin_keywords":"","_relevanssi_related_keywords":"","_relevanssi_related_include_ids":"","_relevanssi_related_exclude_ids":"","_relevanssi_related_no_append":"","_relevanssi_related_not_related":"","_relevanssi_related_posts":"","_relevanssi_noindex_reason":"","inline_featured_image":false,"_exactmetrics_skip_tracking":false,"_exactmetrics_sitenote_active":false,"_exactmetrics_sitenote_note":"","_exactmetrics_sitenote_category":0,"footnotes":"","_links_to":"","_links_to_target":""},"acf":[],"yoast_head":"<!-- This site is optimized with the Yoast SEO plugin v22.4 - https:\/\/yoast.com\/wordpress\/plugins\/seo\/ -->\n<title>Professionnels - azGlorieux<\/title>\n<meta name=\"robots\" content=\"noindex, follow, max-snippet:-1, max-image-preview:large, max-video-preview:-1\" \/>\n<meta property=\"og:locale\" content=\"fr_FR\" \/>\n<meta property=\"og:type\" content=\"article\" \/>\n<meta property=\"og:title\" content=\"Professionnels - azGlorieux\" \/>\n<meta property=\"og:description\" content=\"Connectez-vous ici sur mynexuzhealthpro pour parcourir le dossier m\u00e9dical de vos patients ou consultez PACSonWEB pour examiner les r\u00e9sultats d&rsquo;imagerie...\" \/>\n<meta property=\"og:url\" content=\"https:\/\/calculatie.azglorieux.be\/fr\/professionnels\/\" \/>\n<meta property=\"og:site_name\" content=\"azGlorieux\" \/>\n<meta property=\"article:modified_time\" content=\"2020-08-21T18:27:31+00:00\" \/>\n<meta property=\"og:image\" content=\"https:\/\/calculatie.azglorieux.be\/wp-content\/uploads\/2020\/07\/AZG_SITE_INT_DSC_9586-e1594134586500.jpg\" \/>\n\t<meta property=\"og:image:width\" content=\"2200\" \/>\n\t<meta property=\"og:image:height\" content=\"440\" \/>\n\t<meta property=\"og:image:type\" content=\"image\/jpeg\" \/>\n<meta name=\"twitter:card\" content=\"summary_large_image\" \/>\n<!-- \/ Yoast SEO plugin. -->","yoast_head_json":{"title":"Professionnels - azGlorieux","robots":{"index":"noindex","follow":"follow","max-snippet":"max-snippet:-1","max-image-preview":"max-image-preview:large","max-video-preview":"max-video-preview:-1"},"og_locale":"fr_FR","og_type":"article","og_title":"Professionnels - azGlorieux","og_description":"Connectez-vous ici sur mynexuzhealthpro pour parcourir le dossier m\u00e9dical de vos patients ou consultez PACSonWEB pour examiner les r\u00e9sultats d&rsquo;imagerie...","og_url":"https:\/\/calculatie.azglorieux.be\/fr\/professionnels\/","og_site_name":"azGlorieux","article_modified_time":"2020-08-21T18:27:31+00:00","og_image":[{"width":2200,"height":440,"url":"https:\/\/calculatie.azglorieux.be\/wp-content\/uploads\/2020\/07\/AZG_SITE_INT_DSC_9586-e1594134586500.jpg","type":"image\/jpeg"}],"twitter_card":"summary_large_image","schema":{"@context":"https:\/\/schema.org","@graph":[{"@type":"WebPage","@id":"https:\/\/calculatie.azglorieux.be\/fr\/professionnels\/","url":"https:\/\/calculatie.azglorieux.be\/fr\/professionnels\/","name":"Professionnels - azGlorieux","isPartOf":{"@id":"https:\/\/calculatie.azglorieux.be\/fr\/#website"},"primaryImageOfPage":{"@id":"https:\/\/calculatie.azglorieux.be\/fr\/professionnels\/#primaryimage"},"image":{"@id":"https:\/\/calculatie.azglorieux.be\/fr\/professionnels\/#primaryimage"},"thumbnailUrl":"https:\/\/calculatie.azglorieux.be\/wp-content\/uploads\/2020\/07\/AZG_SITE_INT_DSC_9586-e1594134586500.jpg","datePublished":"2020-02-14T12:36:22+00:00","dateModified":"2020-08-21T18:27:31+00:00","breadcrumb":{"@id":"https:\/\/calculatie.azglorieux.be\/fr\/professionnels\/#breadcrumb"},"inLanguage":"fr-FR","potentialAction":[{"@type":"ReadAction","target":["https:\/\/calculatie.azglorieux.be\/fr\/professionnels\/"]}]},{"@type":"ImageObject","inLanguage":"fr-FR","@id":"https:\/\/calculatie.azglorieux.be\/fr\/professionnels\/#primaryimage","url":"https:\/\/calculatie.azglorieux.be\/wp-content\/uploads\/2020\/07\/AZG_SITE_INT_DSC_9586-e1594134586500.jpg","contentUrl":"https:\/\/calculatie.azglorieux.be\/wp-content\/uploads\/2020\/07\/AZG_SITE_INT_DSC_9586-e1594134586500.jpg","width":2200,"height":440},{"@type":"BreadcrumbList","@id":"https:\/\/calculatie.azglorieux.be\/fr\/professionnels\/#breadcrumb","itemListElement":[{"@type":"ListItem","position":1,"name":"Home","item":"https:\/\/calculatie.azglorieux.be\/fr\/"},{"@type":"ListItem","position":2,"name":"Professionnels"}]},{"@type":"WebSite","@id":"https:\/\/calculatie.azglorieux.be\/fr\/#website","url":"https:\/\/calculatie.azglorieux.be\/fr\/","name":"azGlorieux","description":"","potentialAction":[{"@type":"SearchAction","target":{"@type":"EntryPoint","urlTemplate":"https:\/\/calculatie.azglorieux.be\/fr\/?s={search_term_string}"},"query-input":"required name=search_term_string"}],"inLanguage":"fr-FR"}]}},"_links":{"self":[{"href":"https:\/\/calculatie.azglorieux.be\/fr\/wp-json\/wp\/v2\/pages\/878"}],"collection":[{"href":"https:\/\/calculatie.azglorieux.be\/fr\/wp-json\/wp\/v2\/pages"}],"about":[{"href":"https:\/\/calculatie.azglorieux.be\/fr\/wp-json\/wp\/v2\/types\/page"}],"author":[{"embeddable":true,"href":"https:\/\/calculatie.azglorieux.be\/fr\/wp-json\/wp\/v2\/users\/4"}],"replies":[{"embeddable":true,"href":"https:\/\/calculatie.azglorieux.be\/fr\/wp-json\/wp\/v2\/comments?post=878"}],"version-history":[{"count":0,"href":"https:\/\/calculatie.azglorieux.be\/fr\/wp-json\/wp\/v2\/pages\/878\/revisions"}],"wp:featuredmedia":[{"embeddable":true,"href":"https:\/\/calculatie.azglorieux.be\/fr\/wp-json\/wp\/v2\/media\/4836"}],"wp:attachment":[{"href":"https:\/\/calculatie.azglorieux.be\/fr\/wp-json\/wp\/v2\/media?parent=878"}],"curies":[{"name":"wp","href":"https:\/\/api.w.org\/{rel}","templated":true}]}}