{"id":8784,"date":"2023-07-27T10:19:26","date_gmt":"2023-07-27T08:19:26","guid":{"rendered":"https:\/\/calculatie.azglorieux.be\/?page_id=8784"},"modified":"2023-07-27T10:20:05","modified_gmt":"2023-07-27T08:20:05","slug":"notifications-et-plaintes-2","status":"publish","type":"page","link":"https:\/\/calculatie.azglorieux.be\/fr\/patients\/service-de-mediation\/notifications-et-plaintes-2\/","title":{"rendered":"Notifications et plaintes"},"content":{"rendered":"<p>Les m\u00e9decins, les soignants et les collaborateurs du CH\u00a0Glorieux misent sur l\u2019excellence des soins de sant\u00e9. Malgr\u00e9 tous leurs efforts, il est possible que certains \u00e9l\u00e9ments ne r\u00e9pondent pas \u00e0 vos attentes. Nous vous conseillons dans un premier temps d\u2019en parler directement avec le(s) soignant(s)\/collaborateur(s) en question.<\/p>\n<p>Si vous ne pouvez pas trouver de solution satisfaisante avec la personne concern\u00e9e, vous pouvez en informer le service de m\u00e9diation. Le m\u00e9diateur \u00e9coute\u00a0 vos r\u00e9clamations, essaie de faciliter la communication entre vous et le(s) soignant(s)\/collaborateur(s) concern\u00e9(s), organise une m\u00e9diation entre les parties concern\u00e9es et apporte son soutien pour rechercher une solution. Le m\u00e9diateur agit en toute neutralit\u00e9 et sans prendre parti, et ce, tout au long de la proc\u00e9dure. Si les deux parties ne peuvent pas trouver d\u2019accord, vous recevrez des informations concernant les autres \u00e9tapes possibles.<\/p>\n<p>Vous pouvez contacter le service de m\u00e9diation\u00a0:<\/p>\n<ul>\n<li><strong>par<\/strong> <strong>courrier<\/strong>: Service de m\u00e9diation, Glorieuxlaan 55, 9600 Renaix<\/li>\n<li><strong>par e-mail:<\/strong> <a href=\"mailto:ombudsdienst@azglorieux.be\">ombudsdienst@azglorieux.be<\/a><\/li>\n<li><strong>par t\u00e9l\u00e9phone<\/strong> +32 55 23 30 30<\/li>\n<li>il est possible d\u2019obtenir <strong>un entretien personnel sur rendez-vous.<\/strong><\/li>\n<\/ul>\n<p>Le service de m\u00e9diation est disponible en semaine :<\/p>\n<ul>\n<li>lundi 8.30h &#8211; 16.30h<\/li>\n<li>mardi 8.30h &#8211; 16.30h<\/li>\n<li>jeudi 8.30h &#8211; 16.30h<\/li>\n<li>vendredi 8.30h &#8211; 12.00h<\/li>\n<\/ul>\n<p>Les\u00a0 notifications sont trait\u00e9es dans un d\u00e9lai raisonnable. Le fonctionnement et la proc\u00e9dure de plaintes du service de m\u00e9diation sont d\u00e9finis dans le<a href=\"https:\/\/calculatie.azglorieux.be\/wp-content\/uploads\/2022\/09\/huishoudelijk-reglement-ombudsdienst.pdf\"> <u>r\u00e8glement d\u2019ordre int\u00e9rieur.<\/u><\/a><\/p>\n","protected":false},"excerpt":{"rendered":"<p>Les m\u00e9decins, les soignants et les collaborateurs du CH\u00a0Glorieux misent sur l\u2019excellence des soins de sant\u00e9. Malgr\u00e9 tous leurs efforts,&#8230;<\/p>\n","protected":false},"author":9,"featured_media":4776,"parent":920,"menu_order":0,"comment_status":"closed","ping_status":"closed","template":"","meta":{"_acf_changed":false,"_relevanssi_hide_post":"","_relevanssi_hide_content":"","_relevanssi_pin_for_all":"","_relevanssi_pin_keywords":"","_relevanssi_unpin_keywords":"","_relevanssi_related_keywords":"","_relevanssi_related_include_ids":"","_relevanssi_related_exclude_ids":"","_relevanssi_related_no_append":"","_relevanssi_related_not_related":"","_relevanssi_related_posts":"","_relevanssi_noindex_reason":"","inline_featured_image":false,"_exactmetrics_skip_tracking":false,"_exactmetrics_sitenote_active":false,"_exactmetrics_sitenote_note":"","_exactmetrics_sitenote_category":0,"footnotes":"","_links_to":"","_links_to_target":""},"acf":[],"yoast_head":"<!-- This site is optimized with the Yoast SEO plugin v22.4 - https:\/\/yoast.com\/wordpress\/plugins\/seo\/ -->\n<title>Notifications et plaintes - azGlorieux<\/title>\n<meta name=\"robots\" content=\"noindex, follow, max-snippet:-1, max-image-preview:large, max-video-preview:-1\" \/>\n<meta property=\"og:locale\" content=\"fr_FR\" \/>\n<meta property=\"og:type\" content=\"article\" \/>\n<meta property=\"og:title\" content=\"Notifications et plaintes - azGlorieux\" \/>\n<meta property=\"og:description\" content=\"Les m\u00e9decins, les soignants et les collaborateurs du CH\u00a0Glorieux misent sur l\u2019excellence des soins de sant\u00e9. Malgr\u00e9 tous leurs efforts,...\" \/>\n<meta property=\"og:url\" content=\"https:\/\/calculatie.azglorieux.be\/fr\/patients\/service-de-mediation\/notifications-et-plaintes-2\/\" \/>\n<meta property=\"og:site_name\" content=\"azGlorieux\" \/>\n<meta property=\"article:modified_time\" content=\"2023-07-27T08:20:05+00:00\" \/>\n<meta property=\"og:image\" content=\"https:\/\/calculatie.azglorieux.be\/wp-content\/uploads\/2020\/03\/AZG_SITE_INT_STILLS_1.16.1.jpg\" \/>\n\t<meta property=\"og:image:width\" content=\"2200\" \/>\n\t<meta property=\"og:image:height\" content=\"485\" \/>\n\t<meta property=\"og:image:type\" content=\"image\/jpeg\" \/>\n<meta name=\"twitter:card\" content=\"summary_large_image\" \/>\n<meta name=\"twitter:label1\" content=\"Dur\u00e9e de lecture estim\u00e9e\" \/>\n\t<meta name=\"twitter:data1\" content=\"2 minutes\" \/>\n<!-- \/ Yoast SEO plugin. -->","yoast_head_json":{"title":"Notifications et plaintes - azGlorieux","robots":{"index":"noindex","follow":"follow","max-snippet":"max-snippet:-1","max-image-preview":"max-image-preview:large","max-video-preview":"max-video-preview:-1"},"og_locale":"fr_FR","og_type":"article","og_title":"Notifications et plaintes - azGlorieux","og_description":"Les m\u00e9decins, les soignants et les collaborateurs du CH\u00a0Glorieux misent sur l\u2019excellence des soins de sant\u00e9. Malgr\u00e9 tous leurs efforts,...","og_url":"https:\/\/calculatie.azglorieux.be\/fr\/patients\/service-de-mediation\/notifications-et-plaintes-2\/","og_site_name":"azGlorieux","article_modified_time":"2023-07-27T08:20:05+00:00","og_image":[{"width":2200,"height":485,"url":"https:\/\/calculatie.azglorieux.be\/wp-content\/uploads\/2020\/03\/AZG_SITE_INT_STILLS_1.16.1.jpg","type":"image\/jpeg"}],"twitter_card":"summary_large_image","twitter_misc":{"Dur\u00e9e de lecture estim\u00e9e":"2 minutes"},"schema":{"@context":"https:\/\/schema.org","@graph":[{"@type":"WebPage","@id":"https:\/\/calculatie.azglorieux.be\/fr\/patients\/service-de-mediation\/notifications-et-plaintes-2\/","url":"https:\/\/calculatie.azglorieux.be\/fr\/patients\/service-de-mediation\/notifications-et-plaintes-2\/","name":"Notifications et plaintes - azGlorieux","isPartOf":{"@id":"https:\/\/calculatie.azglorieux.be\/fr\/#website"},"primaryImageOfPage":{"@id":"https:\/\/calculatie.azglorieux.be\/fr\/patients\/service-de-mediation\/notifications-et-plaintes-2\/#primaryimage"},"image":{"@id":"https:\/\/calculatie.azglorieux.be\/fr\/patients\/service-de-mediation\/notifications-et-plaintes-2\/#primaryimage"},"thumbnailUrl":"https:\/\/calculatie.azglorieux.be\/wp-content\/uploads\/2020\/03\/AZG_SITE_INT_STILLS_1.16.1.jpg","datePublished":"2023-07-27T08:19:26+00:00","dateModified":"2023-07-27T08:20:05+00:00","breadcrumb":{"@id":"https:\/\/calculatie.azglorieux.be\/fr\/patients\/service-de-mediation\/notifications-et-plaintes-2\/#breadcrumb"},"inLanguage":"fr-FR","potentialAction":[{"@type":"ReadAction","target":["https:\/\/calculatie.azglorieux.be\/fr\/patients\/service-de-mediation\/notifications-et-plaintes-2\/"]}]},{"@type":"ImageObject","inLanguage":"fr-FR","@id":"https:\/\/calculatie.azglorieux.be\/fr\/patients\/service-de-mediation\/notifications-et-plaintes-2\/#primaryimage","url":"https:\/\/calculatie.azglorieux.be\/wp-content\/uploads\/2020\/03\/AZG_SITE_INT_STILLS_1.16.1.jpg","contentUrl":"https:\/\/calculatie.azglorieux.be\/wp-content\/uploads\/2020\/03\/AZG_SITE_INT_STILLS_1.16.1.jpg","width":2200,"height":485},{"@type":"BreadcrumbList","@id":"https:\/\/calculatie.azglorieux.be\/fr\/patients\/service-de-mediation\/notifications-et-plaintes-2\/#breadcrumb","itemListElement":[{"@type":"ListItem","position":1,"name":"Home","item":"https:\/\/calculatie.azglorieux.be\/fr\/"},{"@type":"ListItem","position":2,"name":"Patients","item":"https:\/\/calculatie.azglorieux.be\/fr\/patients\/"},{"@type":"ListItem","position":3,"name":"Service de m\u00e9diation","item":"https:\/\/calculatie.azglorieux.be\/fr\/patients\/service-de-mediation\/"},{"@type":"ListItem","position":4,"name":"Notifications et plaintes"}]},{"@type":"WebSite","@id":"https:\/\/calculatie.azglorieux.be\/fr\/#website","url":"https:\/\/calculatie.azglorieux.be\/fr\/","name":"azGlorieux","description":"","potentialAction":[{"@type":"SearchAction","target":{"@type":"EntryPoint","urlTemplate":"https:\/\/calculatie.azglorieux.be\/fr\/?s={search_term_string}"},"query-input":"required name=search_term_string"}],"inLanguage":"fr-FR"}]}},"_links":{"self":[{"href":"https:\/\/calculatie.azglorieux.be\/fr\/wp-json\/wp\/v2\/pages\/8784"}],"collection":[{"href":"https:\/\/calculatie.azglorieux.be\/fr\/wp-json\/wp\/v2\/pages"}],"about":[{"href":"https:\/\/calculatie.azglorieux.be\/fr\/wp-json\/wp\/v2\/types\/page"}],"author":[{"embeddable":true,"href":"https:\/\/calculatie.azglorieux.be\/fr\/wp-json\/wp\/v2\/users\/9"}],"replies":[{"embeddable":true,"href":"https:\/\/calculatie.azglorieux.be\/fr\/wp-json\/wp\/v2\/comments?post=8784"}],"version-history":[{"count":2,"href":"https:\/\/calculatie.azglorieux.be\/fr\/wp-json\/wp\/v2\/pages\/8784\/revisions"}],"predecessor-version":[{"id":9778,"href":"https:\/\/calculatie.azglorieux.be\/fr\/wp-json\/wp\/v2\/pages\/8784\/revisions\/9778"}],"up":[{"embeddable":true,"href":"https:\/\/calculatie.azglorieux.be\/fr\/wp-json\/wp\/v2\/pages\/920"}],"wp:featuredmedia":[{"embeddable":true,"href":"https:\/\/calculatie.azglorieux.be\/fr\/wp-json\/wp\/v2\/media\/4776"}],"wp:attachment":[{"href":"https:\/\/calculatie.azglorieux.be\/fr\/wp-json\/wp\/v2\/media?parent=8784"}],"curies":[{"name":"wp","href":"https:\/\/api.w.org\/{rel}","templated":true}]}}