{"id":880,"date":"2018-08-28T10:22:20","date_gmt":"2018-08-28T08:22:20","guid":{"rendered":"https:\/\/calculatie.azglorieux.be\/privacy-policy\/"},"modified":"2020-08-31T15:47:51","modified_gmt":"2020-08-31T13:47:51","slug":"privacy-policy","status":"publish","type":"page","link":"https:\/\/calculatie.azglorieux.be\/fr\/privacy-policy\/","title":{"rendered":"Politique de confidentialit\u00e9"},"content":{"rendered":"<p><em>Derni\u00e8re mise \u00e0 jour le 25\/08\/2020.<\/em><\/p>\n<h2>1.\u00a0\u00a0\u00a0\u00a0 Bienvenue<\/h2>\n<p>Nous sommes Werken Glorieux, un ASBL \u00e9tablie \u00e0 Stefaan Modest Glorieuxlaan 55, 9600 Ronse, avec num\u00e9ro d\u2019entreprise BE0424380938.<\/p>\n<p>Dans la pr\u00e9sente Politique de confidentialit\u00e9, nous vous expliquons quelles donn\u00e9es personnelles nous collectons en tant que <em>responsable du traitement<\/em>\u00a0et comment nous les utilisons et les partageons pour am\u00e9liorer nos services.<\/p>\n<p>Cette Politique en mati\u00e8re de cookies fait partie int\u00e9grante de nos <a href=\"https:\/\/calculatie.azglorieux.be\/fr\/conditions-utilisation\/\"><u>Conditions g\u00e9n\u00e9rales<\/u><\/a>.<\/p>\n<h2>2.\u00a0\u00a0\u00a0\u00a0 Donn\u00e9es \u00e0 caract\u00e8re personnel<\/h2>\n<p>Les quantit\u00e9s limit\u00e9es de donn\u00e9es \u00e0 caract\u00e8re personnel que nous conservons sont collect\u00e9es des mani\u00e8res suivantes\u00a0:<\/p>\n<ul>\n<li><u>Site Interne<\/u>t\u00a0: lors d\u2019une visite sur notre site Internet, certaines donn\u00e9es sont enregistr\u00e9es via des cookies (notamment votre adresse IP) pour l\u2019entretien et l\u2019am\u00e9lioration de notre site Internet. Vous trouverez plus d\u2019informations au sujet des cookies dans notre <u>Politique en mati\u00e8re de cookies.<\/u><\/li>\n<\/ul>\n<p>&nbsp;<\/p>\n<ul>\n<li><u>Relation commerciale<\/u>: quand, dans le cadre de nos services, vous prenez contact avec nous en tant que client (potentiel) ou partenaire, nous traitons votre nom complet, vos donn\u00e9es de contact (adresse e-mail, num\u00e9ro de t\u00e9l\u00e9phone, adresse priv\u00e9e et\/ou professionnelle) et d\u2019autres donn\u00e9es n\u00e9cessaires \u00e0 la commande, \u00e0 la facturation ou \u00e0 la collaboration (par exemple, vos donn\u00e9es bancaires, votre historique de contacts ou des donn\u00e9es concernant vos commandes ant\u00e9rieures).<\/li>\n<\/ul>\n<p>&nbsp;<\/p>\n<ul>\n<li><u>Marketing<\/u>: si vous nous y autorisez explicitement, nous traitons votre nom complet et votre adresse e-mail pour l\u2019envoi de marketing direct, de newsletters, d\u2019actions et de promotions concernant nos produits et services. Vous pouvez toujours vous d\u00e9sinscrire facilement.<\/li>\n<\/ul>\n<p>&nbsp;<\/p>\n<p>Bien que vous n\u2019ayez jamais l\u2019obligation de divulguer des donn\u00e9es \u00e0 caract\u00e8re personnel, un refus de communiquer des informations n\u00e9cessaires peut entraver ou emp\u00eacher la prestation de nos services.<\/p>\n<h2>3.\u00a0\u00a0\u00a0\u00a0 Objectifs du traitement<\/h2>\n<p>Nous traitons des donn\u00e9es \u00e0 caract\u00e8re personnel dans le cadre de notre gestion g\u00e9n\u00e9rale des clients et des commandes, ou pour pouvoir fournir nos services. Il s\u2019agit entre autres de l\u2019administration de la client\u00e8le, du suivi des commandes et des livraisons, de la facturation, des r\u00e9ponses aux questions. Nous les utilisons aussi \u00e0 des fins de marketing.<\/p>\n<p>Le traitement se fait sur la base des cat\u00e9gories suivantes de fondements juridiques\u00a0:<\/p>\n<ul>\n<li>sur la base de votre consentement\u00a0;<\/li>\n<li>par n\u00e9cessit\u00e9 en vue de l\u2019ex\u00e9cution d\u2019un contrat\u00a0;<\/li>\n<li>par n\u00e9cessit\u00e9 en vue de respecter une obligation l\u00e9gale\u00a0;<\/li>\n<li>en vue de prot\u00e9ger vos int\u00e9r\u00eats vitaux ou ceux d\u2019une autre personne\u00a0;<\/li>\n<li>en vue d\u2019accomplir une t\u00e2che d\u2019int\u00e9r\u00eat g\u00e9n\u00e9ral\u00a0;<\/li>\n<li>par n\u00e9cessit\u00e9 en vue de d\u00e9fendre nos int\u00e9r\u00eats l\u00e9gitimes \u00e0 entreprendre.<\/li>\n<\/ul>\n<p>Pour autant que le traitement des donn\u00e9es \u00e0 caract\u00e8re personnel se fasse sur la base de votre consentement expr\u00e8s, vous avez toujours le droit de r\u00e9tracter l\u2019autorisation que vous avez donn\u00e9e.<\/p>\n<h2>4.\u00a0\u00a0\u00a0\u00a0 Partage avec des tiers<\/h2>\n<p>Si cela s\u2019av\u00e8re n\u00e9cessaire \u00e0 la r\u00e9alisation des objectifs fix\u00e9s, nous pouvons partager des donn\u00e9es \u00e0 caract\u00e8re personnel avec des employ\u00e9s ou avec nos partenaires professionnels. Nos partenaires prendront \u00e0 leur tour les mesures techniques et organisationnelles n\u00e9cessaires pour prot\u00e9ger ces donn\u00e9es \u00e0 caract\u00e8re personnel.<\/p>\n<p>Nous ne commercialiserons jamais vos donn\u00e9es personnelles en les transmettant \u00e0 des tiers. Dans le cadre d\u2019une \u00e9ventuelle r\u00e9organisation, faillite ou cession d\u2019activit\u00e9s, des donn\u00e9es relevant de nos activit\u00e9s \u00e9conomiques peuvent toutefois \u00eatre transf\u00e9r\u00e9es \u00e0 des tiers.<\/p>\n<p>Dans des cas limit\u00e9s, nous pouvons aussi \u00eatre tenus de partager des donn\u00e9es \u00e0 caract\u00e8re personnel en vertu d\u2019une ordonnance judiciaire ou d\u2019une l\u00e9gislation contraignante, notamment dans le cadre de la lutte contre la fraude ou de probl\u00e8mes de s\u00e9curit\u00e9, ou encore pour d\u00e9fendre nos droits.<\/p>\n<h2>5.\u00a0\u00a0\u00a0\u00a0 P\u00e9riode de conservation<\/h2>\n<p>Nous traitons les donn\u00e9es \u00e0 caract\u00e8re personnel et les conservons pendant un d\u00e9lai raisonnable n\u00e9cessaire \u00e0 la r\u00e9alisation des objectifs fix\u00e9s, en fonction de notre relation contractuelle, pour respecter des exigences l\u00e9gales ou dans le cadre de m\u00e9canismes habituels de conservation qui sont raisonnablement limit\u00e9s dans le temps (<em>back-up<\/em>).<\/p>\n<h2>6.\u00a0\u00a0\u00a0\u00a0 Vos droits<\/h2>\n<p>Toutes les personnes dont nous conservons les donn\u00e9es \u00e0 caract\u00e8re personnel ont toujours le droit\u00a0:<\/p>\n<ul>\n<li>d\u2019obtenir l\u2019acc\u00e8s \u00e0 leurs donn\u00e9es \u00e0 caract\u00e8re personnel\u00a0;<\/li>\n<li>de faire rectifier ou compl\u00e9ter leurs donn\u00e9es \u00e0 caract\u00e8re personnel si elles ne sont pas correctes ou compl\u00e8tes\u00a0;<\/li>\n<li>de faire effacer leurs donn\u00e9es \u00e0 caract\u00e8re personnel\u00a0;<\/li>\n<li>de faire limiter le traitement de leurs donn\u00e9es \u00e0 caract\u00e8re personnel\u00a0;<\/li>\n<li>de s\u2019opposer au traitement de leurs donn\u00e9es \u00e0 caract\u00e8re personnel pour un motif imp\u00e9rieux et l\u00e9gitime\u00a0;<\/li>\n<li>de faire transf\u00e9rer leurs donn\u00e9es \u00e0 caract\u00e8re personnel \u00e0 une autre soci\u00e9t\u00e9.<\/li>\n<\/ul>\n<p>Pour exercer les droits ci-dessus, vous pouvez prendre contact avec nous par courrier ou \u00e0 l\u2019adresse <a href=\"mailto:info@azglorieux.be\">info@azglorieux.be<\/a>. Lors de la r\u00e9ception de votre demande, nous devrons pouvoir vous identifier.<\/p>\n<h2>7.\u00a0\u00a0\u00a0\u00a0 R\u00e9clamations<\/h2>\n<p>Si vous avez des remarques ou des questions sur notre politique de confidentialit\u00e9, nous sommes dispos\u00e9s \u00e0 les \u00e9couter.<\/p>\n<p>Toutes les personnes dont nous conservons les donn\u00e9es \u00e0 caract\u00e8re personnel ont \u00e9galement le droit d\u2019introduire une r\u00e9clamation aupr\u00e8s de l\u2019Autorit\u00e9 de Protection des Donn\u00e9es (rue de l\u2019Imprimerie 35 \u00e0 1000 Bruxelles, <a href=\"mailto:commission@privacycommission.be\">commission@privacycommission.be<\/a>).<\/p>\n<h2>8.\u00a0\u00a0\u00a0\u00a0 S\u00e9curit\u00e9<\/h2>\n<p>Nous appliquons au moins les mesures de s\u00e9curisation techniques et organisationnelles qui peuvent raisonnablement \u00eatre attendues de notre part pour prot\u00e9ger vos donn\u00e9es \u00e0 caract\u00e8re personnel contre leur destruction, perte, modification, falsification, diffusion ou tout acc\u00e8s ill\u00e9gal \u00e0 celles-ci.<\/p>\n<p>Les donn\u00e9es \u00e0 caract\u00e8re personnel ne seront transmises \u00e0 un partenaire \u00e9tabli dans un pays ne faisant pas partie de l\u2019Espace \u00e9conomique europ\u00e9en que si ce pays garantit un niveau de protection ad\u00e9quat pour vos donn\u00e9es \u00e0 caract\u00e8re personnel. Avant de partager des donn\u00e9es \u00e0 caract\u00e8re personnel avec un partenaire aux \u00c9tats-Unis d\u2019Am\u00e9rique, nous exigeons un accord de traitement distinct ou une certification en vertu du Privacy Shield Framework (<a href=\"http:\/\/www.privacyshield.gov\">www.privacyshield.gov<\/a>).<\/p>\n<p>Nous d\u00e9clinons toute responsabilit\u00e9 pour l\u2019utilisation fautive ou illicite de donn\u00e9es \u00e0 caract\u00e8re personnel par un tiers. En outre, la confidentialit\u00e9 et l\u2019utilisation de votre ordinateur, de votre adresse IP et de vos donn\u00e9es de connexion et d\u2019identification continuent de relever de votre propre responsabilit\u00e9.<\/p>\n<h2>9.\u00a0\u00a0\u00a0\u00a0 Votre vie priv\u00e9e<\/h2>\n<p>Votre vie priv\u00e9e est importante pour nous.<\/p>\n<p>Nous mettons d\u00e8s lors tout en \u0153uvre pour la prot\u00e9ger le mieux possible et nous accordons beaucoup d\u2019importance au respect (i) de la Loi du 8 d\u00e9cembre 1992 relative \u00e0 la protection de la vie priv\u00e9e \u00e0 l\u2019\u00e9gard des traitements de donn\u00e9es \u00e0 caract\u00e8re personnel (telle que modifi\u00e9e par la Loi du 11 d\u00e9cembre 1998, \u00ab\u00a0Loi traitement de donn\u00e9es \u00e0 caract\u00e8re personnel\u00a0\u00bb)\u00a0; (ii) des dispositions anti-spam du Livre XII du Code de droit \u00e9conomique concernant le droit de l\u2019\u00e9conomie \u00e9lectronique\u00a0; et (iii) du R\u00e8glement europ\u00e9en 2016\/679 du 27\u00a0avril 2016 relatif \u00e0 la protection des donn\u00e9es \u00e0 caract\u00e8re personnel (\u00ab\u00a0R\u00e8glement g\u00e9n\u00e9ral sur la protection des donn\u00e9es\u00a0\u00bb).<\/p>\n","protected":false},"excerpt":{"rendered":"<p>Derni\u00e8re mise \u00e0 jour le 25\/08\/2020. 1.\u00a0\u00a0\u00a0\u00a0 Bienvenue Nous sommes Werken Glorieux, un ASBL \u00e9tablie \u00e0 Stefaan Modest Glorieuxlaan 55,&#8230;<\/p>\n","protected":false},"author":4,"featured_media":0,"parent":0,"menu_order":0,"comment_status":"closed","ping_status":"closed","template":"templates\/without-sidebar-page.php","meta":{"_acf_changed":false,"_relevanssi_hide_post":"","_relevanssi_hide_content":"","_relevanssi_pin_for_all":"","_relevanssi_pin_keywords":"","_relevanssi_unpin_keywords":"","_relevanssi_related_keywords":"","_relevanssi_related_include_ids":"","_relevanssi_related_exclude_ids":"","_relevanssi_related_no_append":"","_relevanssi_related_not_related":"","_relevanssi_related_posts":"","_relevanssi_noindex_reason":"","inline_featured_image":false,"_exactmetrics_skip_tracking":false,"_exactmetrics_sitenote_active":false,"_exactmetrics_sitenote_note":"","_exactmetrics_sitenote_category":0,"footnotes":"","_links_to":"","_links_to_target":""},"acf":[],"yoast_head":"<!-- This site is optimized with the Yoast SEO plugin v22.4 - https:\/\/yoast.com\/wordpress\/plugins\/seo\/ -->\n<title>Politique de confidentialit\u00e9 - azGlorieux<\/title>\n<meta name=\"robots\" content=\"noindex, follow, max-snippet:-1, max-image-preview:large, max-video-preview:-1\" \/>\n<meta property=\"og:locale\" content=\"fr_FR\" \/>\n<meta property=\"og:type\" content=\"article\" \/>\n<meta property=\"og:title\" content=\"Politique de confidentialit\u00e9 - azGlorieux\" \/>\n<meta property=\"og:description\" content=\"Derni\u00e8re mise \u00e0 jour le 25\/08\/2020. 1.\u00a0\u00a0\u00a0\u00a0 Bienvenue Nous sommes Werken Glorieux, un ASBL \u00e9tablie \u00e0 Stefaan Modest Glorieuxlaan 55,...\" \/>\n<meta property=\"og:url\" content=\"https:\/\/calculatie.azglorieux.be\/fr\/privacy-policy\/\" \/>\n<meta property=\"og:site_name\" content=\"azGlorieux\" \/>\n<meta property=\"article:modified_time\" content=\"2020-08-31T13:47:51+00:00\" \/>\n<meta name=\"twitter:card\" content=\"summary_large_image\" \/>\n<meta name=\"twitter:label1\" content=\"Dur\u00e9e de lecture estim\u00e9e\" \/>\n\t<meta name=\"twitter:data1\" content=\"6 minutes\" \/>\n<!-- \/ Yoast SEO plugin. -->","yoast_head_json":{"title":"Politique de confidentialit\u00e9 - azGlorieux","robots":{"index":"noindex","follow":"follow","max-snippet":"max-snippet:-1","max-image-preview":"max-image-preview:large","max-video-preview":"max-video-preview:-1"},"og_locale":"fr_FR","og_type":"article","og_title":"Politique de confidentialit\u00e9 - azGlorieux","og_description":"Derni\u00e8re mise \u00e0 jour le 25\/08\/2020. 1.\u00a0\u00a0\u00a0\u00a0 Bienvenue Nous sommes Werken Glorieux, un ASBL \u00e9tablie \u00e0 Stefaan Modest Glorieuxlaan 55,...","og_url":"https:\/\/calculatie.azglorieux.be\/fr\/privacy-policy\/","og_site_name":"azGlorieux","article_modified_time":"2020-08-31T13:47:51+00:00","twitter_card":"summary_large_image","twitter_misc":{"Dur\u00e9e de lecture estim\u00e9e":"6 minutes"},"schema":{"@context":"https:\/\/schema.org","@graph":[{"@type":"WebPage","@id":"https:\/\/calculatie.azglorieux.be\/fr\/privacy-policy\/","url":"https:\/\/calculatie.azglorieux.be\/fr\/privacy-policy\/","name":"Politique de confidentialit\u00e9 - azGlorieux","isPartOf":{"@id":"https:\/\/calculatie.azglorieux.be\/fr\/#website"},"datePublished":"2018-08-28T08:22:20+00:00","dateModified":"2020-08-31T13:47:51+00:00","breadcrumb":{"@id":"https:\/\/calculatie.azglorieux.be\/fr\/privacy-policy\/#breadcrumb"},"inLanguage":"fr-FR","potentialAction":[{"@type":"ReadAction","target":["https:\/\/calculatie.azglorieux.be\/fr\/privacy-policy\/"]}]},{"@type":"BreadcrumbList","@id":"https:\/\/calculatie.azglorieux.be\/fr\/privacy-policy\/#breadcrumb","itemListElement":[{"@type":"ListItem","position":1,"name":"Home","item":"https:\/\/calculatie.azglorieux.be\/fr\/"},{"@type":"ListItem","position":2,"name":"Politique de confidentialit\u00e9"}]},{"@type":"WebSite","@id":"https:\/\/calculatie.azglorieux.be\/fr\/#website","url":"https:\/\/calculatie.azglorieux.be\/fr\/","name":"azGlorieux","description":"","potentialAction":[{"@type":"SearchAction","target":{"@type":"EntryPoint","urlTemplate":"https:\/\/calculatie.azglorieux.be\/fr\/?s={search_term_string}"},"query-input":"required name=search_term_string"}],"inLanguage":"fr-FR"}]}},"_links":{"self":[{"href":"https:\/\/calculatie.azglorieux.be\/fr\/wp-json\/wp\/v2\/pages\/880"}],"collection":[{"href":"https:\/\/calculatie.azglorieux.be\/fr\/wp-json\/wp\/v2\/pages"}],"about":[{"href":"https:\/\/calculatie.azglorieux.be\/fr\/wp-json\/wp\/v2\/types\/page"}],"author":[{"embeddable":true,"href":"https:\/\/calculatie.azglorieux.be\/fr\/wp-json\/wp\/v2\/users\/4"}],"replies":[{"embeddable":true,"href":"https:\/\/calculatie.azglorieux.be\/fr\/wp-json\/wp\/v2\/comments?post=880"}],"version-history":[{"count":0,"href":"https:\/\/calculatie.azglorieux.be\/fr\/wp-json\/wp\/v2\/pages\/880\/revisions"}],"wp:attachment":[{"href":"https:\/\/calculatie.azglorieux.be\/fr\/wp-json\/wp\/v2\/media?parent=880"}],"curies":[{"name":"wp","href":"https:\/\/api.w.org\/{rel}","templated":true}]}}