{"id":882,"date":"2020-02-17T08:38:01","date_gmt":"2020-02-17T06:38:01","guid":{"rendered":"https:\/\/calculatie.azglorieux.be\/patienten\/"},"modified":"2020-08-21T20:43:52","modified_gmt":"2020-08-21T18:43:52","slug":"patients","status":"publish","type":"page","link":"https:\/\/calculatie.azglorieux.be\/fr\/patients\/","title":{"rendered":"Patients"},"content":{"rendered":"<p>Lors de votre admission \u00e0 l\u2019h\u00f4pital, vous recevez de nombreuses informations. Pour vous aiguiller tout au long de votre trajet de soins, vous pouvez consulter ici les informations concernant votre dossier, votre s\u00e9jour, le service infirmier dans lequel vous \u00eates hospitalis\u00e9(e), poser des questions sur les informations financi\u00e8res et les possibilit\u00e9s <a href=\"https:\/\/calculatie.azglorieux.be\/patienten\/patientenbegeleiding\/\">d\u2019accompagnement des patients<\/a>. Vous pouvez \u00e9galement notifier le service de m\u00e9diation et obtenir les informations n\u00e9cessaires concernant vos droits et obligations en tant que patient.<\/p>\n","protected":false},"excerpt":{"rendered":"<p>Lors de votre admission \u00e0 l\u2019h\u00f4pital, vous recevez de nombreuses informations. Pour vous aiguiller tout au long de votre trajet&#8230;<\/p>\n","protected":false},"author":4,"featured_media":4847,"parent":0,"menu_order":0,"comment_status":"closed","ping_status":"closed","template":"","meta":{"_acf_changed":false,"_relevanssi_hide_post":"","_relevanssi_hide_content":"","_relevanssi_pin_for_all":"","_relevanssi_pin_keywords":"","_relevanssi_unpin_keywords":"","_relevanssi_related_keywords":"","_relevanssi_related_include_ids":"","_relevanssi_related_exclude_ids":"","_relevanssi_related_no_append":"","_relevanssi_related_not_related":"","_relevanssi_related_posts":"","_relevanssi_noindex_reason":"","inline_featured_image":false,"_exactmetrics_skip_tracking":false,"_exactmetrics_sitenote_active":false,"_exactmetrics_sitenote_note":"","_exactmetrics_sitenote_category":0,"footnotes":"","_links_to":"","_links_to_target":""},"acf":[],"yoast_head":"<!-- This site is optimized with the Yoast SEO plugin v22.4 - https:\/\/yoast.com\/wordpress\/plugins\/seo\/ -->\n<title>Patients - azGlorieux<\/title>\n<meta name=\"robots\" content=\"noindex, follow, max-snippet:-1, max-image-preview:large, max-video-preview:-1\" \/>\n<meta property=\"og:locale\" content=\"fr_FR\" \/>\n<meta property=\"og:type\" content=\"article\" \/>\n<meta property=\"og:title\" content=\"Patients - azGlorieux\" \/>\n<meta property=\"og:description\" content=\"Lors de votre admission \u00e0 l\u2019h\u00f4pital, vous recevez de nombreuses informations. Pour vous aiguiller tout au long de votre trajet...\" \/>\n<meta property=\"og:url\" content=\"https:\/\/calculatie.azglorieux.be\/fr\/patients\/\" \/>\n<meta property=\"og:site_name\" content=\"azGlorieux\" \/>\n<meta property=\"article:modified_time\" content=\"2020-08-21T18:43:52+00:00\" \/>\n<meta property=\"og:image\" content=\"https:\/\/calculatie.azglorieux.be\/wp-content\/uploads\/2020\/07\/AZG_SITE_INT_DSC_9889-e1594132577673.jpg\" \/>\n\t<meta property=\"og:image:width\" content=\"2200\" \/>\n\t<meta property=\"og:image:height\" content=\"440\" \/>\n\t<meta property=\"og:image:type\" content=\"image\/jpeg\" \/>\n<meta name=\"twitter:card\" content=\"summary_large_image\" \/>\n<!-- \/ Yoast SEO plugin. -->","yoast_head_json":{"title":"Patients - azGlorieux","robots":{"index":"noindex","follow":"follow","max-snippet":"max-snippet:-1","max-image-preview":"max-image-preview:large","max-video-preview":"max-video-preview:-1"},"og_locale":"fr_FR","og_type":"article","og_title":"Patients - azGlorieux","og_description":"Lors de votre admission \u00e0 l\u2019h\u00f4pital, vous recevez de nombreuses informations. Pour vous aiguiller tout au long de votre trajet...","og_url":"https:\/\/calculatie.azglorieux.be\/fr\/patients\/","og_site_name":"azGlorieux","article_modified_time":"2020-08-21T18:43:52+00:00","og_image":[{"width":2200,"height":440,"url":"https:\/\/calculatie.azglorieux.be\/wp-content\/uploads\/2020\/07\/AZG_SITE_INT_DSC_9889-e1594132577673.jpg","type":"image\/jpeg"}],"twitter_card":"summary_large_image","schema":{"@context":"https:\/\/schema.org","@graph":[{"@type":"WebPage","@id":"https:\/\/calculatie.azglorieux.be\/fr\/patients\/","url":"https:\/\/calculatie.azglorieux.be\/fr\/patients\/","name":"Patients - azGlorieux","isPartOf":{"@id":"https:\/\/calculatie.azglorieux.be\/fr\/#website"},"primaryImageOfPage":{"@id":"https:\/\/calculatie.azglorieux.be\/fr\/patients\/#primaryimage"},"image":{"@id":"https:\/\/calculatie.azglorieux.be\/fr\/patients\/#primaryimage"},"thumbnailUrl":"https:\/\/calculatie.azglorieux.be\/wp-content\/uploads\/2020\/07\/AZG_SITE_INT_DSC_9889-e1594132577673.jpg","datePublished":"2020-02-17T06:38:01+00:00","dateModified":"2020-08-21T18:43:52+00:00","breadcrumb":{"@id":"https:\/\/calculatie.azglorieux.be\/fr\/patients\/#breadcrumb"},"inLanguage":"fr-FR","potentialAction":[{"@type":"ReadAction","target":["https:\/\/calculatie.azglorieux.be\/fr\/patients\/"]}]},{"@type":"ImageObject","inLanguage":"fr-FR","@id":"https:\/\/calculatie.azglorieux.be\/fr\/patients\/#primaryimage","url":"https:\/\/calculatie.azglorieux.be\/wp-content\/uploads\/2020\/07\/AZG_SITE_INT_DSC_9889-e1594132577673.jpg","contentUrl":"https:\/\/calculatie.azglorieux.be\/wp-content\/uploads\/2020\/07\/AZG_SITE_INT_DSC_9889-e1594132577673.jpg","width":2200,"height":440},{"@type":"BreadcrumbList","@id":"https:\/\/calculatie.azglorieux.be\/fr\/patients\/#breadcrumb","itemListElement":[{"@type":"ListItem","position":1,"name":"Home","item":"https:\/\/calculatie.azglorieux.be\/fr\/"},{"@type":"ListItem","position":2,"name":"Patients"}]},{"@type":"WebSite","@id":"https:\/\/calculatie.azglorieux.be\/fr\/#website","url":"https:\/\/calculatie.azglorieux.be\/fr\/","name":"azGlorieux","description":"","potentialAction":[{"@type":"SearchAction","target":{"@type":"EntryPoint","urlTemplate":"https:\/\/calculatie.azglorieux.be\/fr\/?s={search_term_string}"},"query-input":"required name=search_term_string"}],"inLanguage":"fr-FR"}]}},"_links":{"self":[{"href":"https:\/\/calculatie.azglorieux.be\/fr\/wp-json\/wp\/v2\/pages\/882"}],"collection":[{"href":"https:\/\/calculatie.azglorieux.be\/fr\/wp-json\/wp\/v2\/pages"}],"about":[{"href":"https:\/\/calculatie.azglorieux.be\/fr\/wp-json\/wp\/v2\/types\/page"}],"author":[{"embeddable":true,"href":"https:\/\/calculatie.azglorieux.be\/fr\/wp-json\/wp\/v2\/users\/4"}],"replies":[{"embeddable":true,"href":"https:\/\/calculatie.azglorieux.be\/fr\/wp-json\/wp\/v2\/comments?post=882"}],"version-history":[{"count":0,"href":"https:\/\/calculatie.azglorieux.be\/fr\/wp-json\/wp\/v2\/pages\/882\/revisions"}],"wp:featuredmedia":[{"embeddable":true,"href":"https:\/\/calculatie.azglorieux.be\/fr\/wp-json\/wp\/v2\/media\/4847"}],"wp:attachment":[{"href":"https:\/\/calculatie.azglorieux.be\/fr\/wp-json\/wp\/v2\/media?parent=882"}],"curies":[{"name":"wp","href":"https:\/\/api.w.org\/{rel}","templated":true}]}}