{"id":887,"date":"2020-02-17T08:09:31","date_gmt":"2020-02-17T06:09:31","guid":{"rendered":"https:\/\/calculatie.azglorieux.be\/bezoekers\/faciliteiten\/"},"modified":"2022-10-20T12:46:40","modified_gmt":"2022-10-20T10:46:40","slug":"commodites","status":"publish","type":"page","link":"https:\/\/calculatie.azglorieux.be\/fr\/visiteurs\/commodites\/","title":{"rendered":"Commodit\u00e9s"},"content":{"rendered":"<h3><strong>Restaurant <\/strong><\/h3>\n<p>Le restaurant se trouve \u00e0 l\u2019\u00e9tage 0. Vous pouvez vous y rendre pour une boisson, un sandwich ou un repas (petit-d\u00e9jeuner, d\u00e9jeuner ou souper).\u00a0 Dans la caf\u00e9t\u00e9ria, un hotspot permet de se connecter au r\u00e9seau WiFi. Pour obtenir les instructions d\u2019ordre pratique, vous pouvez vous adresser \u00e0 la r\u00e9ception.<\/p>\n<p><strong><span style=\"color: #339966;\">Le restaurant est ouvert tous les jours de 8h \u00e0 19h.<\/span><\/strong><\/p>\n<h3><strong>Magasins et distributeurs automatiques<\/strong><\/h3>\n<p>Le magasin se trouve dans le hall d\u2019accueil au niveau -2. Si vous le souhaitez, votre journal peut \u00eatre d\u00e9pos\u00e9 tous les jours dans votre chambre. Pour cela, il suffit d\u2019en informer l\u2019infirmier responsable.<\/p>\n<h3><strong>WiFi<\/strong><\/h3>\n<p>Vous pouvez vous connecter \u00e0 notre r\u00e9seau sans fil avec un ordinateur portable ou un smartphone en choisissant internet_pati\u00ebnten.<\/p>\n","protected":false},"excerpt":{"rendered":"<p>Restaurant Le restaurant se trouve \u00e0 l\u2019\u00e9tage 0. Vous pouvez vous y rendre pour une boisson, un sandwich ou un&#8230;<\/p>\n","protected":false},"author":4,"featured_media":5535,"parent":858,"menu_order":0,"comment_status":"closed","ping_status":"closed","template":"","meta":{"_acf_changed":false,"_relevanssi_hide_post":"","_relevanssi_hide_content":"","_relevanssi_pin_for_all":"","_relevanssi_pin_keywords":"","_relevanssi_unpin_keywords":"","_relevanssi_related_keywords":"","_relevanssi_related_include_ids":"","_relevanssi_related_exclude_ids":"","_relevanssi_related_no_append":"","_relevanssi_related_not_related":"","_relevanssi_related_posts":"","_relevanssi_noindex_reason":"","inline_featured_image":false,"_exactmetrics_skip_tracking":false,"_exactmetrics_sitenote_active":false,"_exactmetrics_sitenote_note":"","_exactmetrics_sitenote_category":0,"footnotes":"","_links_to":"","_links_to_target":""},"acf":[],"yoast_head":"<!-- This site is optimized with the Yoast SEO plugin v22.4 - https:\/\/yoast.com\/wordpress\/plugins\/seo\/ -->\n<title>Commodit\u00e9s - azGlorieux<\/title>\n<meta name=\"robots\" content=\"noindex, follow, max-snippet:-1, max-image-preview:large, max-video-preview:-1\" \/>\n<meta property=\"og:locale\" content=\"fr_FR\" \/>\n<meta property=\"og:type\" content=\"article\" \/>\n<meta property=\"og:title\" content=\"Commodit\u00e9s - azGlorieux\" \/>\n<meta property=\"og:description\" content=\"Restaurant Le restaurant se trouve \u00e0 l\u2019\u00e9tage 0. Vous pouvez vous y rendre pour une boisson, un sandwich ou un...\" \/>\n<meta property=\"og:url\" content=\"https:\/\/calculatie.azglorieux.be\/fr\/visiteurs\/commodites\/\" \/>\n<meta property=\"og:site_name\" content=\"azGlorieux\" \/>\n<meta property=\"article:modified_time\" content=\"2022-10-20T10:46:40+00:00\" \/>\n<meta property=\"og:image\" content=\"https:\/\/calculatie.azglorieux.be\/wp-content\/uploads\/2020\/07\/AZG_SITE_INT_DSC_8936-e1594133535635.jpg\" \/>\n\t<meta property=\"og:image:width\" content=\"2200\" \/>\n\t<meta property=\"og:image:height\" content=\"440\" \/>\n\t<meta property=\"og:image:type\" content=\"image\/jpeg\" \/>\n<meta name=\"twitter:card\" content=\"summary_large_image\" \/>\n<meta name=\"twitter:label1\" content=\"Dur\u00e9e de lecture estim\u00e9e\" \/>\n\t<meta name=\"twitter:data1\" content=\"1 minute\" \/>\n<!-- \/ Yoast SEO plugin. -->","yoast_head_json":{"title":"Commodit\u00e9s - azGlorieux","robots":{"index":"noindex","follow":"follow","max-snippet":"max-snippet:-1","max-image-preview":"max-image-preview:large","max-video-preview":"max-video-preview:-1"},"og_locale":"fr_FR","og_type":"article","og_title":"Commodit\u00e9s - azGlorieux","og_description":"Restaurant Le restaurant se trouve \u00e0 l\u2019\u00e9tage 0. Vous pouvez vous y rendre pour une boisson, un sandwich ou un...","og_url":"https:\/\/calculatie.azglorieux.be\/fr\/visiteurs\/commodites\/","og_site_name":"azGlorieux","article_modified_time":"2022-10-20T10:46:40+00:00","og_image":[{"width":2200,"height":440,"url":"https:\/\/calculatie.azglorieux.be\/wp-content\/uploads\/2020\/07\/AZG_SITE_INT_DSC_8936-e1594133535635.jpg","type":"image\/jpeg"}],"twitter_card":"summary_large_image","twitter_misc":{"Dur\u00e9e de lecture estim\u00e9e":"1 minute"},"schema":{"@context":"https:\/\/schema.org","@graph":[{"@type":"WebPage","@id":"https:\/\/calculatie.azglorieux.be\/fr\/visiteurs\/commodites\/","url":"https:\/\/calculatie.azglorieux.be\/fr\/visiteurs\/commodites\/","name":"Commodit\u00e9s - azGlorieux","isPartOf":{"@id":"https:\/\/calculatie.azglorieux.be\/fr\/#website"},"primaryImageOfPage":{"@id":"https:\/\/calculatie.azglorieux.be\/fr\/visiteurs\/commodites\/#primaryimage"},"image":{"@id":"https:\/\/calculatie.azglorieux.be\/fr\/visiteurs\/commodites\/#primaryimage"},"thumbnailUrl":"https:\/\/calculatie.azglorieux.be\/wp-content\/uploads\/2020\/07\/AZG_SITE_INT_DSC_8936-e1594133535635.jpg","datePublished":"2020-02-17T06:09:31+00:00","dateModified":"2022-10-20T10:46:40+00:00","breadcrumb":{"@id":"https:\/\/calculatie.azglorieux.be\/fr\/visiteurs\/commodites\/#breadcrumb"},"inLanguage":"fr-FR","potentialAction":[{"@type":"ReadAction","target":["https:\/\/calculatie.azglorieux.be\/fr\/visiteurs\/commodites\/"]}]},{"@type":"ImageObject","inLanguage":"fr-FR","@id":"https:\/\/calculatie.azglorieux.be\/fr\/visiteurs\/commodites\/#primaryimage","url":"https:\/\/calculatie.azglorieux.be\/wp-content\/uploads\/2020\/07\/AZG_SITE_INT_DSC_8936-e1594133535635.jpg","contentUrl":"https:\/\/calculatie.azglorieux.be\/wp-content\/uploads\/2020\/07\/AZG_SITE_INT_DSC_8936-e1594133535635.jpg","width":2200,"height":440},{"@type":"BreadcrumbList","@id":"https:\/\/calculatie.azglorieux.be\/fr\/visiteurs\/commodites\/#breadcrumb","itemListElement":[{"@type":"ListItem","position":1,"name":"Home","item":"https:\/\/calculatie.azglorieux.be\/fr\/"},{"@type":"ListItem","position":2,"name":"Visiteurs","item":"https:\/\/calculatie.azglorieux.be\/fr\/visiteurs\/"},{"@type":"ListItem","position":3,"name":"Commodit\u00e9s"}]},{"@type":"WebSite","@id":"https:\/\/calculatie.azglorieux.be\/fr\/#website","url":"https:\/\/calculatie.azglorieux.be\/fr\/","name":"azGlorieux","description":"","potentialAction":[{"@type":"SearchAction","target":{"@type":"EntryPoint","urlTemplate":"https:\/\/calculatie.azglorieux.be\/fr\/?s={search_term_string}"},"query-input":"required name=search_term_string"}],"inLanguage":"fr-FR"}]}},"_links":{"self":[{"href":"https:\/\/calculatie.azglorieux.be\/fr\/wp-json\/wp\/v2\/pages\/887"}],"collection":[{"href":"https:\/\/calculatie.azglorieux.be\/fr\/wp-json\/wp\/v2\/pages"}],"about":[{"href":"https:\/\/calculatie.azglorieux.be\/fr\/wp-json\/wp\/v2\/types\/page"}],"author":[{"embeddable":true,"href":"https:\/\/calculatie.azglorieux.be\/fr\/wp-json\/wp\/v2\/users\/4"}],"replies":[{"embeddable":true,"href":"https:\/\/calculatie.azglorieux.be\/fr\/wp-json\/wp\/v2\/comments?post=887"}],"version-history":[{"count":3,"href":"https:\/\/calculatie.azglorieux.be\/fr\/wp-json\/wp\/v2\/pages\/887\/revisions"}],"predecessor-version":[{"id":8555,"href":"https:\/\/calculatie.azglorieux.be\/fr\/wp-json\/wp\/v2\/pages\/887\/revisions\/8555"}],"up":[{"embeddable":true,"href":"https:\/\/calculatie.azglorieux.be\/fr\/wp-json\/wp\/v2\/pages\/858"}],"wp:featuredmedia":[{"embeddable":true,"href":"https:\/\/calculatie.azglorieux.be\/fr\/wp-json\/wp\/v2\/media\/5535"}],"wp:attachment":[{"href":"https:\/\/calculatie.azglorieux.be\/fr\/wp-json\/wp\/v2\/media?parent=887"}],"curies":[{"name":"wp","href":"https:\/\/api.w.org\/{rel}","templated":true}]}}