{"id":889,"date":"2020-02-17T08:09:12","date_gmt":"2020-02-17T06:09:12","guid":{"rendered":"https:\/\/calculatie.azglorieux.be\/bezoekers\/route-en-parkeren\/"},"modified":"2023-06-30T14:59:27","modified_gmt":"2023-06-30T12:59:27","slug":"acces-et-stationnement","status":"publish","type":"page","link":"https:\/\/calculatie.azglorieux.be\/fr\/visiteurs\/acces-et-stationnement\/","title":{"rendered":"Acc\u00e8s et stationnement"},"content":{"rendered":"<h3><strong>Situation g\u00e9ographique et accessibilit\u00e9<\/strong><\/h3>\n<p>Le CH Glorieux est situ\u00e9 Glorieuxlaan\u00a055, Renaix.<\/p>\n<p>En raison de travaux routiers, l&rsquo;entr\u00e9e de l&rsquo;h\u00f4pital n&rsquo;est accessible que par Broekeou via Hogerlucht. Comme toujours, les visiteurs peuvent acc\u00e9der \u00e0 l&rsquo;h\u00f4pital par l&rsquo;entr\u00e9e principale. Les travaux dureront approximativement jusqu&rsquo;\u00e0 la fin du mois d&rsquo;ao\u00fbt.. Les travaux dureront approximativement jusqu&rsquo;\u00e0 la fin du mois d&rsquo;ao\u00fbt.<br \/>\nDe Lijn peut adapter son itin\u00e9raire en fonction de la d\u00e9viation et des arr\u00eats temporaires seront pr\u00e9vus. Pour plus d&rsquo;informations, veuillez consulter le site <a href=\"http:\/\/www.delijn.be\">www.delijn.be<\/a>.<\/p>\n<p>&nbsp;<\/p>\n<p><iframe loading=\"lazy\" style=\"border: 0;\" tabindex=\"0\" src=\"https:\/\/www.google.com\/maps\/embed?pb=!1m18!1m12!1m3!1d2524.1260388406567!2d3.599013715742448!3d50.754696579518516!2m3!1f0!2f0!3f0!3m2!1i1024!2i768!4f13.1!3m3!1m2!1s0x47c31ad34c4aaf13%3A0x74b3dcdca04e599a!2sStefaan-Modest%20Glorieuxlaan%2055%2C%209600%20Ronse!5e0!3m2!1snl!2sbe!4v1585403941482!5m2!1snl!2sbe\" width=\"600\" height=\"450\" frameborder=\"0\" allowfullscreen=\"allowfullscreen\" aria-hidden=\"false\"><\/iframe><\/p>\n<h3><strong>COORDONN\u00c9ES GPS\u00a0:<\/strong><\/h3>\n<p>50\u00b045\u201916.908\u201d \/ 3\u00b036\u20194.328\u2019\u2019<\/p>\n<h3><strong>Stationner<\/strong><\/h3>\n<p>Suivez la signalisation depuis les grandes voies d\u2019acc\u00e8s jusqu\u2019\u00e0 Renaix. Vous arriverez sur notre parking situ\u00e9 au centre de l\u2019h\u00f4pital. Prenez un ticket de parking aux barri\u00e8res. N\u2019oubliez pas de le valider avant de quitter l\u2019h\u00f4pital. Le terminal de paiement se trouve au niveau de l\u2019entr\u00e9e principale.<\/p>\n<h3><strong>D\u00e9pose-minute<\/strong><\/h3>\n<p>Vous pouvez garer votre voiture provisoirement \u00e0 l\u2019entr\u00e9e principale de l\u2019h\u00f4pital pour faciliter le d\u00e9p\u00f4t ou la reprise d\u2019un patient. Un parking est r\u00e9serv\u00e9 aux personnes handicap\u00e9es. Des fauteuils roulants sont \u00e0 votre disposition \u00e0 proximit\u00e9 imm\u00e9diate de l\u2019entr\u00e9e principale. Un r\u00e9ceptionniste vous accueille au guichet de l\u2019entr\u00e9e et vous accompagne en cas d\u2019hospitalisation ou de visite.<\/p>\n<h3><strong>Mobilit\u00e9<\/strong><\/h3>\n<p>Vous pouvez facilement acc\u00e9der au CH\u00a0Glorieux avec les transports en commun (Belbus, De\u00a0Lijn). Toutes les 30\u00a0minutes\u00a0: Ligne 73\u00a0: gare \u2013 arr\u00eat Hogerlucht (campus Glorieux, arr\u00eat \u00e0 l\u2019entr\u00e9e principale).<\/p>\n<p>En raison des travaux routiers, De Lijn peut adapter son itin\u00e9raire en fonction de la d\u00e9viation et des arr\u00eats temporaires seront pr\u00e9vus. De plus amples informations sont disponibles sur le site www.delijn.be. L&rsquo;arr\u00eat Hogerlucht restera accessible aux bus \u00e0 tout moment.<\/p>\n<p>L\u2019entr\u00e9e principale est ouverte du lundi au vendredi de 6\u00a0h\u00a030 \u00e0 20\u00a0h\u00a045, et le week-end et les jours f\u00e9ri\u00e9s de 7\u00a0h\u00a030 \u00e0 20\u00a0h\u00a015.<\/p>\n<p>En dehors de ces heures, l\u2019h\u00f4pital est uniquement accessible via le service des urgences.<\/p>\n","protected":false},"excerpt":{"rendered":"<p>Situation g\u00e9ographique et accessibilit\u00e9 Le CH Glorieux est situ\u00e9 Glorieuxlaan\u00a055, Renaix. En raison de travaux routiers, l&rsquo;entr\u00e9e de l&rsquo;h\u00f4pital n&rsquo;est&#8230;<\/p>\n","protected":false},"author":4,"featured_media":8069,"parent":858,"menu_order":0,"comment_status":"closed","ping_status":"closed","template":"","meta":{"_acf_changed":false,"_relevanssi_hide_post":"","_relevanssi_hide_content":"","_relevanssi_pin_for_all":"","_relevanssi_pin_keywords":"","_relevanssi_unpin_keywords":"","_relevanssi_related_keywords":"","_relevanssi_related_include_ids":"","_relevanssi_related_exclude_ids":"","_relevanssi_related_no_append":"","_relevanssi_related_not_related":"","_relevanssi_related_posts":"","_relevanssi_noindex_reason":"","inline_featured_image":false,"_exactmetrics_skip_tracking":false,"_exactmetrics_sitenote_active":false,"_exactmetrics_sitenote_note":"","_exactmetrics_sitenote_category":0,"footnotes":"","_links_to":"","_links_to_target":""},"acf":[],"yoast_head":"<!-- This site is optimized with the Yoast SEO plugin v22.4 - https:\/\/yoast.com\/wordpress\/plugins\/seo\/ -->\n<title>Acc\u00e8s et stationnement - azGlorieux<\/title>\n<meta name=\"robots\" content=\"noindex, follow, max-snippet:-1, max-image-preview:large, max-video-preview:-1\" \/>\n<meta property=\"og:locale\" content=\"fr_FR\" \/>\n<meta property=\"og:type\" content=\"article\" \/>\n<meta property=\"og:title\" content=\"Acc\u00e8s et stationnement - azGlorieux\" \/>\n<meta property=\"og:description\" content=\"Situation g\u00e9ographique et accessibilit\u00e9 Le CH Glorieux est situ\u00e9 Glorieuxlaan\u00a055, Renaix. En raison de travaux routiers, l&rsquo;entr\u00e9e de l&rsquo;h\u00f4pital n&rsquo;est...\" \/>\n<meta property=\"og:url\" content=\"https:\/\/calculatie.azglorieux.be\/fr\/visiteurs\/acces-et-stationnement\/\" \/>\n<meta property=\"og:site_name\" content=\"azGlorieux\" \/>\n<meta property=\"article:modified_time\" content=\"2023-06-30T12:59:27+00:00\" \/>\n<meta property=\"og:image\" content=\"https:\/\/calculatie.azglorieux.be\/wp-content\/uploads\/2020\/07\/AZG_SITE_INT_DJI_0571-e1594129020596.jpg\" \/>\n\t<meta property=\"og:image:width\" content=\"2200\" \/>\n\t<meta property=\"og:image:height\" content=\"440\" \/>\n\t<meta property=\"og:image:type\" content=\"image\/jpeg\" \/>\n<meta name=\"twitter:card\" content=\"summary_large_image\" \/>\n<meta name=\"twitter:label1\" content=\"Dur\u00e9e de lecture estim\u00e9e\" \/>\n\t<meta name=\"twitter:data1\" content=\"2 minutes\" \/>\n<!-- \/ Yoast SEO plugin. -->","yoast_head_json":{"title":"Acc\u00e8s et stationnement - azGlorieux","robots":{"index":"noindex","follow":"follow","max-snippet":"max-snippet:-1","max-image-preview":"max-image-preview:large","max-video-preview":"max-video-preview:-1"},"og_locale":"fr_FR","og_type":"article","og_title":"Acc\u00e8s et stationnement - azGlorieux","og_description":"Situation g\u00e9ographique et accessibilit\u00e9 Le CH Glorieux est situ\u00e9 Glorieuxlaan\u00a055, Renaix. En raison de travaux routiers, l&rsquo;entr\u00e9e de l&rsquo;h\u00f4pital n&rsquo;est...","og_url":"https:\/\/calculatie.azglorieux.be\/fr\/visiteurs\/acces-et-stationnement\/","og_site_name":"azGlorieux","article_modified_time":"2023-06-30T12:59:27+00:00","og_image":[{"width":2200,"height":440,"url":"https:\/\/calculatie.azglorieux.be\/wp-content\/uploads\/2020\/07\/AZG_SITE_INT_DJI_0571-e1594129020596.jpg","type":"image\/jpeg"}],"twitter_card":"summary_large_image","twitter_misc":{"Dur\u00e9e de lecture estim\u00e9e":"2 minutes"},"schema":{"@context":"https:\/\/schema.org","@graph":[{"@type":"WebPage","@id":"https:\/\/calculatie.azglorieux.be\/fr\/visiteurs\/acces-et-stationnement\/","url":"https:\/\/calculatie.azglorieux.be\/fr\/visiteurs\/acces-et-stationnement\/","name":"Acc\u00e8s et stationnement - azGlorieux","isPartOf":{"@id":"https:\/\/calculatie.azglorieux.be\/fr\/#website"},"primaryImageOfPage":{"@id":"https:\/\/calculatie.azglorieux.be\/fr\/visiteurs\/acces-et-stationnement\/#primaryimage"},"image":{"@id":"https:\/\/calculatie.azglorieux.be\/fr\/visiteurs\/acces-et-stationnement\/#primaryimage"},"thumbnailUrl":"https:\/\/calculatie.azglorieux.be\/wp-content\/uploads\/2020\/07\/AZG_SITE_INT_DJI_0571-e1594129020596.jpg","datePublished":"2020-02-17T06:09:12+00:00","dateModified":"2023-06-30T12:59:27+00:00","breadcrumb":{"@id":"https:\/\/calculatie.azglorieux.be\/fr\/visiteurs\/acces-et-stationnement\/#breadcrumb"},"inLanguage":"fr-FR","potentialAction":[{"@type":"ReadAction","target":["https:\/\/calculatie.azglorieux.be\/fr\/visiteurs\/acces-et-stationnement\/"]}]},{"@type":"ImageObject","inLanguage":"fr-FR","@id":"https:\/\/calculatie.azglorieux.be\/fr\/visiteurs\/acces-et-stationnement\/#primaryimage","url":"https:\/\/calculatie.azglorieux.be\/wp-content\/uploads\/2020\/07\/AZG_SITE_INT_DJI_0571-e1594129020596.jpg","contentUrl":"https:\/\/calculatie.azglorieux.be\/wp-content\/uploads\/2020\/07\/AZG_SITE_INT_DJI_0571-e1594129020596.jpg","width":2200,"height":440},{"@type":"BreadcrumbList","@id":"https:\/\/calculatie.azglorieux.be\/fr\/visiteurs\/acces-et-stationnement\/#breadcrumb","itemListElement":[{"@type":"ListItem","position":1,"name":"Home","item":"https:\/\/calculatie.azglorieux.be\/fr\/"},{"@type":"ListItem","position":2,"name":"Visiteurs","item":"https:\/\/calculatie.azglorieux.be\/fr\/visiteurs\/"},{"@type":"ListItem","position":3,"name":"Acc\u00e8s et stationnement"}]},{"@type":"WebSite","@id":"https:\/\/calculatie.azglorieux.be\/fr\/#website","url":"https:\/\/calculatie.azglorieux.be\/fr\/","name":"azGlorieux","description":"","potentialAction":[{"@type":"SearchAction","target":{"@type":"EntryPoint","urlTemplate":"https:\/\/calculatie.azglorieux.be\/fr\/?s={search_term_string}"},"query-input":"required name=search_term_string"}],"inLanguage":"fr-FR"}]}},"_links":{"self":[{"href":"https:\/\/calculatie.azglorieux.be\/fr\/wp-json\/wp\/v2\/pages\/889"}],"collection":[{"href":"https:\/\/calculatie.azglorieux.be\/fr\/wp-json\/wp\/v2\/pages"}],"about":[{"href":"https:\/\/calculatie.azglorieux.be\/fr\/wp-json\/wp\/v2\/types\/page"}],"author":[{"embeddable":true,"href":"https:\/\/calculatie.azglorieux.be\/fr\/wp-json\/wp\/v2\/users\/4"}],"replies":[{"embeddable":true,"href":"https:\/\/calculatie.azglorieux.be\/fr\/wp-json\/wp\/v2\/comments?post=889"}],"version-history":[{"count":3,"href":"https:\/\/calculatie.azglorieux.be\/fr\/wp-json\/wp\/v2\/pages\/889\/revisions"}],"predecessor-version":[{"id":9550,"href":"https:\/\/calculatie.azglorieux.be\/fr\/wp-json\/wp\/v2\/pages\/889\/revisions\/9550"}],"up":[{"embeddable":true,"href":"https:\/\/calculatie.azglorieux.be\/fr\/wp-json\/wp\/v2\/pages\/858"}],"wp:featuredmedia":[{"embeddable":true,"href":"https:\/\/calculatie.azglorieux.be\/fr\/wp-json\/wp\/v2\/media\/8069"}],"wp:attachment":[{"href":"https:\/\/calculatie.azglorieux.be\/fr\/wp-json\/wp\/v2\/media?parent=889"}],"curies":[{"name":"wp","href":"https:\/\/api.w.org\/{rel}","templated":true}]}}