{"id":891,"date":"2020-02-17T08:20:05","date_gmt":"2020-02-17T06:20:05","guid":{"rendered":"https:\/\/calculatie.azglorieux.be\/kwaliteit-en-patentveilgheid\/accreditatie\/"},"modified":"2020-08-22T15:07:22","modified_gmt":"2020-08-22T13:07:22","slug":"accreditation","status":"publish","type":"page","link":"https:\/\/calculatie.azglorieux.be\/fr\/qualite-et-securite-du-patient\/accreditation\/","title":{"rendered":"Accr\u00e9ditation"},"content":{"rendered":"<p>L\u2019h\u00f4pital a pour ambition d\u2019obtenir en 2020 le label d\u2019accr\u00e9ditation JCI (Joint Commission International) pour la deuxi\u00e8me fois cons\u00e9cutive. <img loading=\"lazy\" decoding=\"async\" class=\"alignright wp-image-2324\" src=\"https:\/\/calculatie.azglorieux.be\/wp-content\/uploads\/2020\/05\/JCI-e1590488773269.png\" alt=\"\" width=\"226\" height=\"226\" \/>Ce label de qualit\u00e9 est d\u00e9cern\u00e9 par une organisation externe qui examine comment l\u2019h\u00f4pital satisfait aux normes internationales strictes en termes de qualit\u00e9 et de s\u00e9curit\u00e9 des patients. Ces normes concernent notamment l\u2019uniformit\u00e9 des soins, l\u2019infrastructure, le nettoyage, la gestion des m\u00e9dicaments, la formation des collaborateurs, l\u2019hygi\u00e8ne&#8230; Pour chaque norme, la s\u00e9curit\u00e9 du patient, du collaborateur et du visiteur occupe une place centrale.<\/p>\n<p>La pr\u00e9paration pour un tel trajet d\u2019accr\u00e9ditation r\u00e9v\u00e8le de nombreuses possibilit\u00e9s visant l\u2019excellence des soins.<\/p>\n<p>Dans le cadre de ce trajet, des traceurs, rondes de s\u00e9curit\u00e9, etc. sont r\u00e9guli\u00e8rement effectu\u00e9s dans l\u2019h\u00f4pital. Lors d\u2019un traceur ou d\u2019une ronde de s\u00e9curit\u00e9, un contr\u00f4le de l\u2019ensemble des modalit\u00e9s op\u00e9ratoires est effectu\u00e9. \u00c0 chaque fois, il est examin\u00e9 si des adaptations sont indispensables et quelles am\u00e9liorations sont n\u00e9cessaires.<\/p>\n<p>&nbsp;<\/p>\n<p>&nbsp;<\/p>\n","protected":false},"excerpt":{"rendered":"<p>L\u2019h\u00f4pital a pour ambition d\u2019obtenir en 2020 le label d\u2019accr\u00e9ditation JCI (Joint Commission International) pour la deuxi\u00e8me fois cons\u00e9cutive. Ce&#8230;<\/p>\n","protected":false},"author":4,"featured_media":4774,"parent":866,"menu_order":0,"comment_status":"closed","ping_status":"closed","template":"","meta":{"_acf_changed":false,"_relevanssi_hide_post":"","_relevanssi_hide_content":"","_relevanssi_pin_for_all":"","_relevanssi_pin_keywords":"","_relevanssi_unpin_keywords":"","_relevanssi_related_keywords":"","_relevanssi_related_include_ids":"","_relevanssi_related_exclude_ids":"","_relevanssi_related_no_append":"","_relevanssi_related_not_related":"","_relevanssi_related_posts":"","_relevanssi_noindex_reason":"","inline_featured_image":false,"_exactmetrics_skip_tracking":false,"_exactmetrics_sitenote_active":false,"_exactmetrics_sitenote_note":"","_exactmetrics_sitenote_category":0,"footnotes":"","_links_to":"","_links_to_target":""},"acf":[],"yoast_head":"<!-- This site is optimized with the Yoast SEO plugin v22.4 - https:\/\/yoast.com\/wordpress\/plugins\/seo\/ -->\n<title>Accr\u00e9ditation - azGlorieux<\/title>\n<meta name=\"robots\" content=\"noindex, follow, max-snippet:-1, max-image-preview:large, max-video-preview:-1\" \/>\n<meta property=\"og:locale\" content=\"fr_FR\" \/>\n<meta property=\"og:type\" content=\"article\" \/>\n<meta property=\"og:title\" content=\"Accr\u00e9ditation - azGlorieux\" \/>\n<meta property=\"og:description\" content=\"L\u2019h\u00f4pital a pour ambition d\u2019obtenir en 2020 le label d\u2019accr\u00e9ditation JCI (Joint Commission International) pour la deuxi\u00e8me fois cons\u00e9cutive. Ce...\" \/>\n<meta property=\"og:url\" content=\"https:\/\/calculatie.azglorieux.be\/fr\/qualite-et-securite-du-patient\/accreditation\/\" \/>\n<meta property=\"og:site_name\" content=\"azGlorieux\" \/>\n<meta property=\"article:modified_time\" content=\"2020-08-22T13:07:22+00:00\" \/>\n<meta property=\"og:image\" content=\"https:\/\/calculatie.azglorieux.be\/wp-content\/uploads\/2020\/03\/AZG_SITE_INT_STILLS_1.14.1.jpg\" \/>\n\t<meta property=\"og:image:width\" content=\"2200\" \/>\n\t<meta property=\"og:image:height\" content=\"485\" \/>\n\t<meta property=\"og:image:type\" content=\"image\/jpeg\" \/>\n<meta name=\"twitter:card\" content=\"summary_large_image\" \/>\n<meta name=\"twitter:label1\" content=\"Dur\u00e9e de lecture estim\u00e9e\" \/>\n\t<meta name=\"twitter:data1\" content=\"1 minute\" \/>\n<!-- \/ Yoast SEO plugin. -->","yoast_head_json":{"title":"Accr\u00e9ditation - azGlorieux","robots":{"index":"noindex","follow":"follow","max-snippet":"max-snippet:-1","max-image-preview":"max-image-preview:large","max-video-preview":"max-video-preview:-1"},"og_locale":"fr_FR","og_type":"article","og_title":"Accr\u00e9ditation - azGlorieux","og_description":"L\u2019h\u00f4pital a pour ambition d\u2019obtenir en 2020 le label d\u2019accr\u00e9ditation JCI (Joint Commission International) pour la deuxi\u00e8me fois cons\u00e9cutive. Ce...","og_url":"https:\/\/calculatie.azglorieux.be\/fr\/qualite-et-securite-du-patient\/accreditation\/","og_site_name":"azGlorieux","article_modified_time":"2020-08-22T13:07:22+00:00","og_image":[{"width":2200,"height":485,"url":"https:\/\/calculatie.azglorieux.be\/wp-content\/uploads\/2020\/03\/AZG_SITE_INT_STILLS_1.14.1.jpg","type":"image\/jpeg"}],"twitter_card":"summary_large_image","twitter_misc":{"Dur\u00e9e de lecture estim\u00e9e":"1 minute"},"schema":{"@context":"https:\/\/schema.org","@graph":[{"@type":"WebPage","@id":"https:\/\/calculatie.azglorieux.be\/fr\/qualite-et-securite-du-patient\/accreditation\/","url":"https:\/\/calculatie.azglorieux.be\/fr\/qualite-et-securite-du-patient\/accreditation\/","name":"Accr\u00e9ditation - azGlorieux","isPartOf":{"@id":"https:\/\/calculatie.azglorieux.be\/fr\/#website"},"primaryImageOfPage":{"@id":"https:\/\/calculatie.azglorieux.be\/fr\/qualite-et-securite-du-patient\/accreditation\/#primaryimage"},"image":{"@id":"https:\/\/calculatie.azglorieux.be\/fr\/qualite-et-securite-du-patient\/accreditation\/#primaryimage"},"thumbnailUrl":"https:\/\/calculatie.azglorieux.be\/wp-content\/uploads\/2020\/03\/AZG_SITE_INT_STILLS_1.14.1.jpg","datePublished":"2020-02-17T06:20:05+00:00","dateModified":"2020-08-22T13:07:22+00:00","breadcrumb":{"@id":"https:\/\/calculatie.azglorieux.be\/fr\/qualite-et-securite-du-patient\/accreditation\/#breadcrumb"},"inLanguage":"fr-FR","potentialAction":[{"@type":"ReadAction","target":["https:\/\/calculatie.azglorieux.be\/fr\/qualite-et-securite-du-patient\/accreditation\/"]}]},{"@type":"ImageObject","inLanguage":"fr-FR","@id":"https:\/\/calculatie.azglorieux.be\/fr\/qualite-et-securite-du-patient\/accreditation\/#primaryimage","url":"https:\/\/calculatie.azglorieux.be\/wp-content\/uploads\/2020\/03\/AZG_SITE_INT_STILLS_1.14.1.jpg","contentUrl":"https:\/\/calculatie.azglorieux.be\/wp-content\/uploads\/2020\/03\/AZG_SITE_INT_STILLS_1.14.1.jpg","width":2200,"height":485},{"@type":"BreadcrumbList","@id":"https:\/\/calculatie.azglorieux.be\/fr\/qualite-et-securite-du-patient\/accreditation\/#breadcrumb","itemListElement":[{"@type":"ListItem","position":1,"name":"Home","item":"https:\/\/calculatie.azglorieux.be\/fr\/"},{"@type":"ListItem","position":2,"name":"Qualit\u00e9 et s\u00e9curit\u00e9 du patient","item":"https:\/\/calculatie.azglorieux.be\/fr\/qualite-et-securite-du-patient\/"},{"@type":"ListItem","position":3,"name":"Accr\u00e9ditation"}]},{"@type":"WebSite","@id":"https:\/\/calculatie.azglorieux.be\/fr\/#website","url":"https:\/\/calculatie.azglorieux.be\/fr\/","name":"azGlorieux","description":"","potentialAction":[{"@type":"SearchAction","target":{"@type":"EntryPoint","urlTemplate":"https:\/\/calculatie.azglorieux.be\/fr\/?s={search_term_string}"},"query-input":"required name=search_term_string"}],"inLanguage":"fr-FR"}]}},"_links":{"self":[{"href":"https:\/\/calculatie.azglorieux.be\/fr\/wp-json\/wp\/v2\/pages\/891"}],"collection":[{"href":"https:\/\/calculatie.azglorieux.be\/fr\/wp-json\/wp\/v2\/pages"}],"about":[{"href":"https:\/\/calculatie.azglorieux.be\/fr\/wp-json\/wp\/v2\/types\/page"}],"author":[{"embeddable":true,"href":"https:\/\/calculatie.azglorieux.be\/fr\/wp-json\/wp\/v2\/users\/4"}],"replies":[{"embeddable":true,"href":"https:\/\/calculatie.azglorieux.be\/fr\/wp-json\/wp\/v2\/comments?post=891"}],"version-history":[{"count":0,"href":"https:\/\/calculatie.azglorieux.be\/fr\/wp-json\/wp\/v2\/pages\/891\/revisions"}],"up":[{"embeddable":true,"href":"https:\/\/calculatie.azglorieux.be\/fr\/wp-json\/wp\/v2\/pages\/866"}],"wp:featuredmedia":[{"embeddable":true,"href":"https:\/\/calculatie.azglorieux.be\/fr\/wp-json\/wp\/v2\/media\/4774"}],"wp:attachment":[{"href":"https:\/\/calculatie.azglorieux.be\/fr\/wp-json\/wp\/v2\/media?parent=891"}],"curies":[{"name":"wp","href":"https:\/\/api.w.org\/{rel}","templated":true}]}}