{"id":893,"date":"2020-02-17T08:19:36","date_gmt":"2020-02-17T06:19:36","guid":{"rendered":"https:\/\/calculatie.azglorieux.be\/kwaliteit-en-patentveilgheid\/kwaliteitsbeleid\/"},"modified":"2020-08-22T14:49:18","modified_gmt":"2020-08-22T12:49:18","slug":"indicateurs-de-qualite","status":"publish","type":"page","link":"https:\/\/calculatie.azglorieux.be\/fr\/qualite-et-securite-du-patient\/indicateurs-de-qualite\/","title":{"rendered":"Indicateurs de qualit\u00e9"},"content":{"rendered":"<p>Le CH\u00a0Glorieux met continuellement en place une culture de s\u00e9curit\u00e9 du patient. Cela se traduit dans la strat\u00e9gie de l\u2019h\u00f4pital et dans les valeurs de nos m\u00e9decins et collaborateurs. La qualit\u00e9 et la s\u00e9curit\u00e9 des patients\u00a0 ne sont pas le fruit du hasard dans un h\u00f4pital. Il doit y avoir un syst\u00e8me en place qui permet \u00e0 la fois de surveiller la qualit\u00e9 des soins et de l\u2019am\u00e9liorer.<\/p>\n<p>&nbsp;<\/p>\n","protected":false},"excerpt":{"rendered":"<p>Le CH\u00a0Glorieux met continuellement en place une culture de s\u00e9curit\u00e9 du patient. Cela se traduit dans la strat\u00e9gie de l\u2019h\u00f4pital&#8230;<\/p>\n","protected":false},"author":4,"featured_media":0,"parent":866,"menu_order":0,"comment_status":"closed","ping_status":"closed","template":"","meta":{"_acf_changed":false,"_relevanssi_hide_post":"","_relevanssi_hide_content":"","_relevanssi_pin_for_all":"","_relevanssi_pin_keywords":"","_relevanssi_unpin_keywords":"","_relevanssi_related_keywords":"","_relevanssi_related_include_ids":"","_relevanssi_related_exclude_ids":"","_relevanssi_related_no_append":"","_relevanssi_related_not_related":"","_relevanssi_related_posts":"","_relevanssi_noindex_reason":"","inline_featured_image":false,"_exactmetrics_skip_tracking":false,"_exactmetrics_sitenote_active":false,"_exactmetrics_sitenote_note":"","_exactmetrics_sitenote_category":0,"footnotes":"","_links_to":"","_links_to_target":""},"acf":[],"yoast_head":"<!-- This site is optimized with the Yoast SEO plugin v22.4 - https:\/\/yoast.com\/wordpress\/plugins\/seo\/ -->\n<title>Indicateurs de qualit\u00e9 - azGlorieux<\/title>\n<meta name=\"robots\" content=\"noindex, follow, max-snippet:-1, max-image-preview:large, max-video-preview:-1\" \/>\n<meta property=\"og:locale\" content=\"fr_FR\" \/>\n<meta property=\"og:type\" content=\"article\" \/>\n<meta property=\"og:title\" content=\"Indicateurs de qualit\u00e9 - azGlorieux\" \/>\n<meta property=\"og:description\" content=\"Le CH\u00a0Glorieux met continuellement en place une culture de s\u00e9curit\u00e9 du patient. Cela se traduit dans la strat\u00e9gie de l\u2019h\u00f4pital...\" \/>\n<meta property=\"og:url\" content=\"https:\/\/calculatie.azglorieux.be\/fr\/qualite-et-securite-du-patient\/indicateurs-de-qualite\/\" \/>\n<meta property=\"og:site_name\" content=\"azGlorieux\" \/>\n<meta property=\"article:modified_time\" content=\"2020-08-22T12:49:18+00:00\" \/>\n<meta name=\"twitter:card\" content=\"summary_large_image\" \/>\n<!-- \/ Yoast SEO plugin. -->","yoast_head_json":{"title":"Indicateurs de qualit\u00e9 - azGlorieux","robots":{"index":"noindex","follow":"follow","max-snippet":"max-snippet:-1","max-image-preview":"max-image-preview:large","max-video-preview":"max-video-preview:-1"},"og_locale":"fr_FR","og_type":"article","og_title":"Indicateurs de qualit\u00e9 - azGlorieux","og_description":"Le CH\u00a0Glorieux met continuellement en place une culture de s\u00e9curit\u00e9 du patient. Cela se traduit dans la strat\u00e9gie de l\u2019h\u00f4pital...","og_url":"https:\/\/calculatie.azglorieux.be\/fr\/qualite-et-securite-du-patient\/indicateurs-de-qualite\/","og_site_name":"azGlorieux","article_modified_time":"2020-08-22T12:49:18+00:00","twitter_card":"summary_large_image","schema":{"@context":"https:\/\/schema.org","@graph":[{"@type":"WebPage","@id":"https:\/\/calculatie.azglorieux.be\/fr\/qualite-et-securite-du-patient\/indicateurs-de-qualite\/","url":"https:\/\/calculatie.azglorieux.be\/fr\/qualite-et-securite-du-patient\/indicateurs-de-qualite\/","name":"Indicateurs de qualit\u00e9 - azGlorieux","isPartOf":{"@id":"https:\/\/calculatie.azglorieux.be\/fr\/#website"},"datePublished":"2020-02-17T06:19:36+00:00","dateModified":"2020-08-22T12:49:18+00:00","breadcrumb":{"@id":"https:\/\/calculatie.azglorieux.be\/fr\/qualite-et-securite-du-patient\/indicateurs-de-qualite\/#breadcrumb"},"inLanguage":"fr-FR","potentialAction":[{"@type":"ReadAction","target":["https:\/\/calculatie.azglorieux.be\/fr\/qualite-et-securite-du-patient\/indicateurs-de-qualite\/"]}]},{"@type":"BreadcrumbList","@id":"https:\/\/calculatie.azglorieux.be\/fr\/qualite-et-securite-du-patient\/indicateurs-de-qualite\/#breadcrumb","itemListElement":[{"@type":"ListItem","position":1,"name":"Home","item":"https:\/\/calculatie.azglorieux.be\/fr\/"},{"@type":"ListItem","position":2,"name":"Qualit\u00e9 et s\u00e9curit\u00e9 du patient","item":"https:\/\/calculatie.azglorieux.be\/fr\/qualite-et-securite-du-patient\/"},{"@type":"ListItem","position":3,"name":"Indicateurs de qualit\u00e9"}]},{"@type":"WebSite","@id":"https:\/\/calculatie.azglorieux.be\/fr\/#website","url":"https:\/\/calculatie.azglorieux.be\/fr\/","name":"azGlorieux","description":"","potentialAction":[{"@type":"SearchAction","target":{"@type":"EntryPoint","urlTemplate":"https:\/\/calculatie.azglorieux.be\/fr\/?s={search_term_string}"},"query-input":"required name=search_term_string"}],"inLanguage":"fr-FR"}]}},"_links":{"self":[{"href":"https:\/\/calculatie.azglorieux.be\/fr\/wp-json\/wp\/v2\/pages\/893"}],"collection":[{"href":"https:\/\/calculatie.azglorieux.be\/fr\/wp-json\/wp\/v2\/pages"}],"about":[{"href":"https:\/\/calculatie.azglorieux.be\/fr\/wp-json\/wp\/v2\/types\/page"}],"author":[{"embeddable":true,"href":"https:\/\/calculatie.azglorieux.be\/fr\/wp-json\/wp\/v2\/users\/4"}],"replies":[{"embeddable":true,"href":"https:\/\/calculatie.azglorieux.be\/fr\/wp-json\/wp\/v2\/comments?post=893"}],"version-history":[{"count":0,"href":"https:\/\/calculatie.azglorieux.be\/fr\/wp-json\/wp\/v2\/pages\/893\/revisions"}],"up":[{"embeddable":true,"href":"https:\/\/calculatie.azglorieux.be\/fr\/wp-json\/wp\/v2\/pages\/866"}],"wp:attachment":[{"href":"https:\/\/calculatie.azglorieux.be\/fr\/wp-json\/wp\/v2\/media?parent=893"}],"curies":[{"name":"wp","href":"https:\/\/api.w.org\/{rel}","templated":true}]}}