{"id":895,"date":"2020-02-17T08:19:50","date_gmt":"2020-02-17T06:19:50","guid":{"rendered":"https:\/\/calculatie.azglorieux.be\/kwaliteit-en-patentveilgheid\/kwaliteitsindicatoren\/"},"modified":"2021-06-03T11:31:58","modified_gmt":"2021-06-03T09:31:58","slug":"indicateurs","status":"publish","type":"page","link":"https:\/\/calculatie.azglorieux.be\/fr\/qualite-et-securite-du-patient\/indicateurs-de-qualite\/indicateurs\/","title":{"rendered":"Indicateurs"},"content":{"rendered":"<p>Au CH\u00a0Glorieux, nous veillons en continu \u00e0 prodiguer les meilleurs soins \u00e0 nos patients, tout en misant sur la qualit\u00e9 et la s\u00e9curit\u00e9 du patient. Au quotidien, nous mettons tout en \u0153uvre pour assurer cette qualit\u00e9 des soins, mais \u00e9galement pour l\u2019am\u00e9liorer et l\u2019optimiser.<\/p>\n<p>Afin d\u2019identifier nos points forts ainsi que les points \u00e0 am\u00e9liorer, et de disposer d\u2019informations chiffr\u00e9es, le CH\u00a0Glorieux participe notamment au projet flamand des indicateurs de qualit\u00e9 pour patients et professionnels (en abr\u00e9g\u00e9 VIP\u00b2). L\u2019un de ces indicateurs mesure la satisfaction des patients. Retrouvez plus d\u2019informations sur ces indicateurs VIP\u00b2 sur le site Internet <a href=\"https:\/\/zorgkwaliteit.be\/ziekenhuis\/algemeen-ziekenhuis-glorieux-ronse\">www.zorgkwaliteit.be<\/a>. Les r\u00e9sultats de ces mesures effectu\u00e9es sur une base volontaire sont \u00e9galement publi\u00e9s sur notre site Internet.<\/p>\n","protected":false},"excerpt":{"rendered":"<p>Au CH\u00a0Glorieux, nous veillons en continu \u00e0 prodiguer les meilleurs soins \u00e0 nos patients, tout en misant sur la qualit\u00e9&#8230;<\/p>\n","protected":false},"author":4,"featured_media":0,"parent":893,"menu_order":0,"comment_status":"closed","ping_status":"closed","template":"","meta":{"_acf_changed":false,"_relevanssi_hide_post":"","_relevanssi_hide_content":"","_relevanssi_pin_for_all":"","_relevanssi_pin_keywords":"","_relevanssi_unpin_keywords":"","_relevanssi_related_keywords":"","_relevanssi_related_include_ids":"","_relevanssi_related_exclude_ids":"","_relevanssi_related_no_append":"","_relevanssi_related_not_related":"","_relevanssi_related_posts":"","_relevanssi_noindex_reason":"","inline_featured_image":false,"_exactmetrics_skip_tracking":false,"_exactmetrics_sitenote_active":false,"_exactmetrics_sitenote_note":"","_exactmetrics_sitenote_category":0,"footnotes":"","_links_to":"","_links_to_target":""},"acf":[],"yoast_head":"<!-- This site is optimized with the Yoast SEO plugin v22.4 - https:\/\/yoast.com\/wordpress\/plugins\/seo\/ -->\n<title>Indicateurs - azGlorieux<\/title>\n<meta name=\"robots\" content=\"noindex, follow, max-snippet:-1, max-image-preview:large, max-video-preview:-1\" \/>\n<meta property=\"og:locale\" content=\"fr_FR\" \/>\n<meta property=\"og:type\" content=\"article\" \/>\n<meta property=\"og:title\" content=\"Indicateurs - azGlorieux\" \/>\n<meta property=\"og:description\" content=\"Au CH\u00a0Glorieux, nous veillons en continu \u00e0 prodiguer les meilleurs soins \u00e0 nos patients, tout en misant sur la qualit\u00e9...\" \/>\n<meta property=\"og:url\" content=\"https:\/\/calculatie.azglorieux.be\/fr\/qualite-et-securite-du-patient\/indicateurs-de-qualite\/indicateurs\/\" \/>\n<meta property=\"og:site_name\" content=\"azGlorieux\" \/>\n<meta property=\"article:modified_time\" content=\"2021-06-03T09:31:58+00:00\" \/>\n<meta name=\"twitter:card\" content=\"summary_large_image\" \/>\n<meta name=\"twitter:label1\" content=\"Dur\u00e9e de lecture estim\u00e9e\" \/>\n\t<meta name=\"twitter:data1\" content=\"1 minute\" \/>\n<!-- \/ Yoast SEO plugin. -->","yoast_head_json":{"title":"Indicateurs - azGlorieux","robots":{"index":"noindex","follow":"follow","max-snippet":"max-snippet:-1","max-image-preview":"max-image-preview:large","max-video-preview":"max-video-preview:-1"},"og_locale":"fr_FR","og_type":"article","og_title":"Indicateurs - azGlorieux","og_description":"Au CH\u00a0Glorieux, nous veillons en continu \u00e0 prodiguer les meilleurs soins \u00e0 nos patients, tout en misant sur la qualit\u00e9...","og_url":"https:\/\/calculatie.azglorieux.be\/fr\/qualite-et-securite-du-patient\/indicateurs-de-qualite\/indicateurs\/","og_site_name":"azGlorieux","article_modified_time":"2021-06-03T09:31:58+00:00","twitter_card":"summary_large_image","twitter_misc":{"Dur\u00e9e de lecture estim\u00e9e":"1 minute"},"schema":{"@context":"https:\/\/schema.org","@graph":[{"@type":"WebPage","@id":"https:\/\/calculatie.azglorieux.be\/fr\/qualite-et-securite-du-patient\/indicateurs-de-qualite\/indicateurs\/","url":"https:\/\/calculatie.azglorieux.be\/fr\/qualite-et-securite-du-patient\/indicateurs-de-qualite\/indicateurs\/","name":"Indicateurs - azGlorieux","isPartOf":{"@id":"https:\/\/calculatie.azglorieux.be\/fr\/#website"},"datePublished":"2020-02-17T06:19:50+00:00","dateModified":"2021-06-03T09:31:58+00:00","breadcrumb":{"@id":"https:\/\/calculatie.azglorieux.be\/fr\/qualite-et-securite-du-patient\/indicateurs-de-qualite\/indicateurs\/#breadcrumb"},"inLanguage":"fr-FR","potentialAction":[{"@type":"ReadAction","target":["https:\/\/calculatie.azglorieux.be\/fr\/qualite-et-securite-du-patient\/indicateurs-de-qualite\/indicateurs\/"]}]},{"@type":"BreadcrumbList","@id":"https:\/\/calculatie.azglorieux.be\/fr\/qualite-et-securite-du-patient\/indicateurs-de-qualite\/indicateurs\/#breadcrumb","itemListElement":[{"@type":"ListItem","position":1,"name":"Home","item":"https:\/\/calculatie.azglorieux.be\/fr\/"},{"@type":"ListItem","position":2,"name":"Qualit\u00e9 et s\u00e9curit\u00e9 du patient","item":"https:\/\/calculatie.azglorieux.be\/fr\/qualite-et-securite-du-patient\/"},{"@type":"ListItem","position":3,"name":"Indicateurs de qualit\u00e9","item":"https:\/\/calculatie.azglorieux.be\/fr\/qualite-et-securite-du-patient\/indicateurs-de-qualite\/"},{"@type":"ListItem","position":4,"name":"Indicateurs"}]},{"@type":"WebSite","@id":"https:\/\/calculatie.azglorieux.be\/fr\/#website","url":"https:\/\/calculatie.azglorieux.be\/fr\/","name":"azGlorieux","description":"","potentialAction":[{"@type":"SearchAction","target":{"@type":"EntryPoint","urlTemplate":"https:\/\/calculatie.azglorieux.be\/fr\/?s={search_term_string}"},"query-input":"required name=search_term_string"}],"inLanguage":"fr-FR"}]}},"_links":{"self":[{"href":"https:\/\/calculatie.azglorieux.be\/fr\/wp-json\/wp\/v2\/pages\/895"}],"collection":[{"href":"https:\/\/calculatie.azglorieux.be\/fr\/wp-json\/wp\/v2\/pages"}],"about":[{"href":"https:\/\/calculatie.azglorieux.be\/fr\/wp-json\/wp\/v2\/types\/page"}],"author":[{"embeddable":true,"href":"https:\/\/calculatie.azglorieux.be\/fr\/wp-json\/wp\/v2\/users\/4"}],"replies":[{"embeddable":true,"href":"https:\/\/calculatie.azglorieux.be\/fr\/wp-json\/wp\/v2\/comments?post=895"}],"version-history":[{"count":0,"href":"https:\/\/calculatie.azglorieux.be\/fr\/wp-json\/wp\/v2\/pages\/895\/revisions"}],"up":[{"embeddable":true,"href":"https:\/\/calculatie.azglorieux.be\/fr\/wp-json\/wp\/v2\/pages\/893"}],"wp:attachment":[{"href":"https:\/\/calculatie.azglorieux.be\/fr\/wp-json\/wp\/v2\/media?parent=895"}],"curies":[{"name":"wp","href":"https:\/\/api.w.org\/{rel}","templated":true}]}}