{"id":897,"date":"2020-02-17T08:22:11","date_gmt":"2020-02-17T06:22:11","guid":{"rendered":"https:\/\/calculatie.azglorieux.be\/kwaliteit-en-patentveilgheid\/verbetersuggesties\/"},"modified":"2020-10-01T11:19:46","modified_gmt":"2020-10-01T09:19:46","slug":"suggestions-damelioration","status":"publish","type":"page","link":"https:\/\/calculatie.azglorieux.be\/fr\/qualite-et-securite-du-patient\/indicateurs-de-qualite\/suggestions-damelioration\/","title":{"rendered":"Suggestions d\u2019am\u00e9lioration"},"content":{"rendered":"<p>Avez-vous une suggestion ou une inqui\u00e9tude concernant la qualit\u00e9 et la s\u00e9curit\u00e9 des patients\u00a0? Vous pouvez nous en faire part ici.<\/p>\n<p>Cela peut notamment concerner\u00a0:<\/p>\n<ul>\n<li>la mani\u00e8re dont nous pouvons am\u00e9liorer le confort du patient\u00a0;<\/li>\n<li>la mani\u00e8re dont nous pouvons am\u00e9liorer la communication entre les m\u00e9decins traitants et notre h\u00f4pital\u00a0;<\/li>\n<li>la mani\u00e8re d\u2019am\u00e9liorer la s\u00e9curit\u00e9 des patients\/d\u2019\u00e9viter les incidents\u00a0;<\/li>\n<li>etc.<\/li>\n<\/ul>\n<p>Vous pouvez envoyer un e-mail \u00e0 l&rsquo;adresse e-mail <a href=\"kwaliteit@azglorieux.be\">kwaliteit@azglorieux.be<\/a>. Toutes les suggestions d\u2019am\u00e9lioration sont discut\u00e9es en interne et jug\u00e9es en fonction de leur faisabilit\u00e9 et de la plus-value pour le patient. Dans la mesure du possible, \u00a0nous essayons de r\u00e9pondre au patient qui nous a fait part d\u2019une suggestion d\u2019am\u00e9lioration, sans toutefois nous engager \u00e0 la mettre effectivement en place.<\/p>\n<p>Si, en tant que patient, vous avez des attentes concr\u00e8tes par rapport \u00e0 l\u2019h\u00f4pital et\/ou \u00e0 son personnel,\u00a0 nous vous invitons \u00e0 <a href=\"https:\/\/calculatie.azglorieux.be\/fr\/patients\/service-de-mediation\/notifications\/\">transmettre votre suggestion<\/a> au service de m\u00e9diation.<\/p>\n<p>Le CH\u00a0Glorieux est accr\u00e9dit\u00e9 par la Joint Commission International\u00a0\u00a0 et s\u2019est vu attribuer un label de qualit\u00e9 international r\u00e9pondant \u00e0 des crit\u00e8res stricts. Si vous le souhaitez, vous pouvez faire part de vos questions sur la qualit\u00e9 et la s\u00e9curit\u00e9 des patients dans notre h\u00f4pital \u00e0 cette organisation (<a href=\"mailto:jciaccreditation@jcrinc.com\">jciaccreditation@jcrinc.com<\/a>).<\/p>\n<p>Votre avis\u00a0 nous permet d\u2019am\u00e9liorer nos services o\u00f9 cela s\u2019av\u00e8re n\u00e9cessaire. Merci d\u2019avance pour \u00a0votre contribution.<\/p>\n","protected":false},"excerpt":{"rendered":"<p>Avez-vous une suggestion ou une inqui\u00e9tude concernant la qualit\u00e9 et la s\u00e9curit\u00e9 des patients\u00a0? Vous pouvez nous en faire part&#8230;<\/p>\n","protected":false},"author":4,"featured_media":0,"parent":893,"menu_order":0,"comment_status":"closed","ping_status":"closed","template":"","meta":{"_acf_changed":false,"_relevanssi_hide_post":"","_relevanssi_hide_content":"","_relevanssi_pin_for_all":"","_relevanssi_pin_keywords":"","_relevanssi_unpin_keywords":"","_relevanssi_related_keywords":"","_relevanssi_related_include_ids":"","_relevanssi_related_exclude_ids":"","_relevanssi_related_no_append":"","_relevanssi_related_not_related":"","_relevanssi_related_posts":"","_relevanssi_noindex_reason":"","inline_featured_image":false,"_exactmetrics_skip_tracking":false,"_exactmetrics_sitenote_active":false,"_exactmetrics_sitenote_note":"","_exactmetrics_sitenote_category":0,"footnotes":"","_links_to":"","_links_to_target":""},"acf":[],"yoast_head":"<!-- This site is optimized with the Yoast SEO plugin v22.4 - https:\/\/yoast.com\/wordpress\/plugins\/seo\/ -->\n<title>Suggestions d\u2019am\u00e9lioration - azGlorieux<\/title>\n<meta name=\"robots\" content=\"noindex, follow, max-snippet:-1, max-image-preview:large, max-video-preview:-1\" \/>\n<meta property=\"og:locale\" content=\"fr_FR\" \/>\n<meta property=\"og:type\" content=\"article\" \/>\n<meta property=\"og:title\" content=\"Suggestions d\u2019am\u00e9lioration - azGlorieux\" \/>\n<meta property=\"og:description\" content=\"Avez-vous une suggestion ou une inqui\u00e9tude concernant la qualit\u00e9 et la s\u00e9curit\u00e9 des patients\u00a0? Vous pouvez nous en faire part...\" \/>\n<meta property=\"og:url\" content=\"https:\/\/calculatie.azglorieux.be\/fr\/qualite-et-securite-du-patient\/indicateurs-de-qualite\/suggestions-damelioration\/\" \/>\n<meta property=\"og:site_name\" content=\"azGlorieux\" \/>\n<meta property=\"article:modified_time\" content=\"2020-10-01T09:19:46+00:00\" \/>\n<meta name=\"twitter:card\" content=\"summary_large_image\" \/>\n<meta name=\"twitter:label1\" content=\"Dur\u00e9e de lecture estim\u00e9e\" \/>\n\t<meta name=\"twitter:data1\" content=\"1 minute\" \/>\n<!-- \/ Yoast SEO plugin. -->","yoast_head_json":{"title":"Suggestions d\u2019am\u00e9lioration - azGlorieux","robots":{"index":"noindex","follow":"follow","max-snippet":"max-snippet:-1","max-image-preview":"max-image-preview:large","max-video-preview":"max-video-preview:-1"},"og_locale":"fr_FR","og_type":"article","og_title":"Suggestions d\u2019am\u00e9lioration - azGlorieux","og_description":"Avez-vous une suggestion ou une inqui\u00e9tude concernant la qualit\u00e9 et la s\u00e9curit\u00e9 des patients\u00a0? Vous pouvez nous en faire part...","og_url":"https:\/\/calculatie.azglorieux.be\/fr\/qualite-et-securite-du-patient\/indicateurs-de-qualite\/suggestions-damelioration\/","og_site_name":"azGlorieux","article_modified_time":"2020-10-01T09:19:46+00:00","twitter_card":"summary_large_image","twitter_misc":{"Dur\u00e9e de lecture estim\u00e9e":"1 minute"},"schema":{"@context":"https:\/\/schema.org","@graph":[{"@type":"WebPage","@id":"https:\/\/calculatie.azglorieux.be\/fr\/qualite-et-securite-du-patient\/indicateurs-de-qualite\/suggestions-damelioration\/","url":"https:\/\/calculatie.azglorieux.be\/fr\/qualite-et-securite-du-patient\/indicateurs-de-qualite\/suggestions-damelioration\/","name":"Suggestions d\u2019am\u00e9lioration - azGlorieux","isPartOf":{"@id":"https:\/\/calculatie.azglorieux.be\/fr\/#website"},"datePublished":"2020-02-17T06:22:11+00:00","dateModified":"2020-10-01T09:19:46+00:00","breadcrumb":{"@id":"https:\/\/calculatie.azglorieux.be\/fr\/qualite-et-securite-du-patient\/indicateurs-de-qualite\/suggestions-damelioration\/#breadcrumb"},"inLanguage":"fr-FR","potentialAction":[{"@type":"ReadAction","target":["https:\/\/calculatie.azglorieux.be\/fr\/qualite-et-securite-du-patient\/indicateurs-de-qualite\/suggestions-damelioration\/"]}]},{"@type":"BreadcrumbList","@id":"https:\/\/calculatie.azglorieux.be\/fr\/qualite-et-securite-du-patient\/indicateurs-de-qualite\/suggestions-damelioration\/#breadcrumb","itemListElement":[{"@type":"ListItem","position":1,"name":"Home","item":"https:\/\/calculatie.azglorieux.be\/fr\/"},{"@type":"ListItem","position":2,"name":"Qualit\u00e9 et s\u00e9curit\u00e9 du patient","item":"https:\/\/calculatie.azglorieux.be\/fr\/qualite-et-securite-du-patient\/"},{"@type":"ListItem","position":3,"name":"Indicateurs de qualit\u00e9","item":"https:\/\/calculatie.azglorieux.be\/fr\/qualite-et-securite-du-patient\/indicateurs-de-qualite\/"},{"@type":"ListItem","position":4,"name":"Suggestions d\u2019am\u00e9lioration"}]},{"@type":"WebSite","@id":"https:\/\/calculatie.azglorieux.be\/fr\/#website","url":"https:\/\/calculatie.azglorieux.be\/fr\/","name":"azGlorieux","description":"","potentialAction":[{"@type":"SearchAction","target":{"@type":"EntryPoint","urlTemplate":"https:\/\/calculatie.azglorieux.be\/fr\/?s={search_term_string}"},"query-input":"required name=search_term_string"}],"inLanguage":"fr-FR"}]}},"_links":{"self":[{"href":"https:\/\/calculatie.azglorieux.be\/fr\/wp-json\/wp\/v2\/pages\/897"}],"collection":[{"href":"https:\/\/calculatie.azglorieux.be\/fr\/wp-json\/wp\/v2\/pages"}],"about":[{"href":"https:\/\/calculatie.azglorieux.be\/fr\/wp-json\/wp\/v2\/types\/page"}],"author":[{"embeddable":true,"href":"https:\/\/calculatie.azglorieux.be\/fr\/wp-json\/wp\/v2\/users\/4"}],"replies":[{"embeddable":true,"href":"https:\/\/calculatie.azglorieux.be\/fr\/wp-json\/wp\/v2\/comments?post=897"}],"version-history":[{"count":0,"href":"https:\/\/calculatie.azglorieux.be\/fr\/wp-json\/wp\/v2\/pages\/897\/revisions"}],"up":[{"embeddable":true,"href":"https:\/\/calculatie.azglorieux.be\/fr\/wp-json\/wp\/v2\/pages\/893"}],"wp:attachment":[{"href":"https:\/\/calculatie.azglorieux.be\/fr\/wp-json\/wp\/v2\/media?parent=897"}],"curies":[{"name":"wp","href":"https:\/\/api.w.org\/{rel}","templated":true}]}}