{"id":8988,"date":"2023-03-21T10:58:11","date_gmt":"2023-03-21T08:58:11","guid":{"rendered":"https:\/\/calculatie.azglorieux.be\/?page_id=8988"},"modified":"2023-03-21T10:58:11","modified_gmt":"2023-03-21T08:58:11","slug":"loi-relative-aux-droits-des-patients","status":"publish","type":"page","link":"https:\/\/calculatie.azglorieux.be\/fr\/patients\/service-de-mediation\/loi-relative-aux-droits-des-patients\/","title":{"rendered":"Loi relative aux droits des patients"},"content":{"rendered":"<p>Le patient a droit de recevoir de la part de l\u2019h\u00f4pital des informations g\u00e9n\u00e9rales et personnelles concernant la nature des relations juridiques entre l\u2019h\u00f4pital et les aides-soignants qui y travaillent.<\/p>\n<h3>1. L&rsquo;information generale<\/h3>\n<p>Les infirmiers, infirmi\u00e8res, sages-femmes, aides-soignant(e)s, physioth\u00e9rapeutes, les pharmaciens et autre personnel param\u00e9dical ont une relation contractuelle avec l\u2019h\u00f4pital. Ils sont consid\u00e9r\u00e9s comme \u00e9tant personnel de l\u2019h\u00f4pital.<\/p>\n<p>Les m\u00e9decins sont ind\u00e9pendants.<\/p>\n<p>Les m\u00e9decins-sp\u00e9cialistes en formation n\u2019ont aucune relation juridique contractuelle avec l\u2019h\u00f4pital.<\/p>\n<p>Les m\u00e9decins qui travaillent dans l\u2019h\u00f4pital ont une responsabilit\u00e9 personnelle et illimit\u00e9e pour des erreurs, lacunes ou n\u00e9gligences effectu\u00e9es lors de leurs prestations. Cependant, l\u2019h\u00f4pital d\u00e9cline toute responsabilit\u00e9 pour des lacunes commisent par les m\u00e9decins travaillant dans l\u2019h\u00f4pital, concernant le respect des droits des patients.<\/p>\n<h3>2. L\u2019information individuelis\u00e9e<\/h3>\n<p>L\u2019information individualis\u00e9e concerne l\u2019information concernant le statut d\u2019un certain prestataire. Cette information mentionne \u00e9galement si l\u2019h\u00f4pital exclut la responsabilit\u00e9 concernant le prestataire en question.<\/p>\n<p>L\u2019information individualis\u00e9e peut \u00eatre demand\u00e9e aupr\u00e8s des services suivants :<\/p>\n<p>Le service de m\u00e9diation : <a href=\"tel:055233030\">055 23 30 30<\/a> ou par mail : <a href=\"mailto:ombudsdienst@azglorieux.be\">ombudsdienst@azglorieux.be<\/a><\/p>\n<p>Le service accueil et admission : 055 23 36 25 ou par mail : <a href=\"mailto:opname@azglorieux.be\">opname@azglorieux.be<\/a><\/p>\n","protected":false},"excerpt":{"rendered":"<p>Le patient a droit de recevoir de la part de l\u2019h\u00f4pital des informations g\u00e9n\u00e9rales et personnelles concernant la nature des&#8230;<\/p>\n","protected":false},"author":9,"featured_media":0,"parent":920,"menu_order":0,"comment_status":"closed","ping_status":"closed","template":"","meta":{"_acf_changed":false,"_relevanssi_hide_post":"","_relevanssi_hide_content":"","_relevanssi_pin_for_all":"","_relevanssi_pin_keywords":"","_relevanssi_unpin_keywords":"","_relevanssi_related_keywords":"","_relevanssi_related_include_ids":"","_relevanssi_related_exclude_ids":"","_relevanssi_related_no_append":"","_relevanssi_related_not_related":"","_relevanssi_related_posts":"","_relevanssi_noindex_reason":"","inline_featured_image":false,"_exactmetrics_skip_tracking":false,"_exactmetrics_sitenote_active":false,"_exactmetrics_sitenote_note":"","_exactmetrics_sitenote_category":0,"footnotes":"","_links_to":"","_links_to_target":""},"acf":[],"yoast_head":"<!-- This site is optimized with the Yoast SEO plugin v22.4 - https:\/\/yoast.com\/wordpress\/plugins\/seo\/ -->\n<title>Loi relative aux droits des patients - azGlorieux<\/title>\n<meta name=\"robots\" content=\"noindex, follow, max-snippet:-1, max-image-preview:large, max-video-preview:-1\" \/>\n<meta property=\"og:locale\" content=\"fr_FR\" \/>\n<meta property=\"og:type\" content=\"article\" \/>\n<meta property=\"og:title\" content=\"Loi relative aux droits des patients - azGlorieux\" \/>\n<meta property=\"og:description\" content=\"Le patient a droit de recevoir de la part de l\u2019h\u00f4pital des informations g\u00e9n\u00e9rales et personnelles concernant la nature des...\" \/>\n<meta property=\"og:url\" content=\"https:\/\/calculatie.azglorieux.be\/fr\/patients\/service-de-mediation\/loi-relative-aux-droits-des-patients\/\" \/>\n<meta property=\"og:site_name\" content=\"azGlorieux\" \/>\n<meta property=\"og:image\" content=\"https:\/\/calculatie.azglorieux.be\/wp-content\/uploads\/2020\/03\/AZG_SITE_INT_STILLS_1.16.1.jpg\" \/>\n\t<meta property=\"og:image:width\" content=\"2200\" \/>\n\t<meta property=\"og:image:height\" content=\"485\" \/>\n\t<meta property=\"og:image:type\" content=\"image\/jpeg\" \/>\n<meta name=\"twitter:card\" content=\"summary_large_image\" \/>\n<meta name=\"twitter:label1\" content=\"Dur\u00e9e de lecture estim\u00e9e\" \/>\n\t<meta name=\"twitter:data1\" content=\"1 minute\" \/>\n<!-- \/ Yoast SEO plugin. -->","yoast_head_json":{"title":"Loi relative aux droits des patients - azGlorieux","robots":{"index":"noindex","follow":"follow","max-snippet":"max-snippet:-1","max-image-preview":"max-image-preview:large","max-video-preview":"max-video-preview:-1"},"og_locale":"fr_FR","og_type":"article","og_title":"Loi relative aux droits des patients - azGlorieux","og_description":"Le patient a droit de recevoir de la part de l\u2019h\u00f4pital des informations g\u00e9n\u00e9rales et personnelles concernant la nature des...","og_url":"https:\/\/calculatie.azglorieux.be\/fr\/patients\/service-de-mediation\/loi-relative-aux-droits-des-patients\/","og_site_name":"azGlorieux","og_image":[{"width":2200,"height":485,"url":"https:\/\/calculatie.azglorieux.be\/wp-content\/uploads\/2020\/03\/AZG_SITE_INT_STILLS_1.16.1.jpg","type":"image\/jpeg"}],"twitter_card":"summary_large_image","twitter_misc":{"Dur\u00e9e de lecture estim\u00e9e":"1 minute"},"schema":{"@context":"https:\/\/schema.org","@graph":[{"@type":"WebPage","@id":"https:\/\/calculatie.azglorieux.be\/fr\/patients\/service-de-mediation\/loi-relative-aux-droits-des-patients\/","url":"https:\/\/calculatie.azglorieux.be\/fr\/patients\/service-de-mediation\/loi-relative-aux-droits-des-patients\/","name":"Loi relative aux droits des patients - azGlorieux","isPartOf":{"@id":"https:\/\/calculatie.azglorieux.be\/fr\/#website"},"datePublished":"2023-03-21T08:58:11+00:00","dateModified":"2023-03-21T08:58:11+00:00","breadcrumb":{"@id":"https:\/\/calculatie.azglorieux.be\/fr\/patients\/service-de-mediation\/loi-relative-aux-droits-des-patients\/#breadcrumb"},"inLanguage":"fr-FR","potentialAction":[{"@type":"ReadAction","target":["https:\/\/calculatie.azglorieux.be\/fr\/patients\/service-de-mediation\/loi-relative-aux-droits-des-patients\/"]}]},{"@type":"BreadcrumbList","@id":"https:\/\/calculatie.azglorieux.be\/fr\/patients\/service-de-mediation\/loi-relative-aux-droits-des-patients\/#breadcrumb","itemListElement":[{"@type":"ListItem","position":1,"name":"Home","item":"https:\/\/calculatie.azglorieux.be\/fr\/"},{"@type":"ListItem","position":2,"name":"Patients","item":"https:\/\/calculatie.azglorieux.be\/fr\/patients\/"},{"@type":"ListItem","position":3,"name":"Service de m\u00e9diation","item":"https:\/\/calculatie.azglorieux.be\/fr\/patients\/service-de-mediation\/"},{"@type":"ListItem","position":4,"name":"Loi relative aux droits des patients"}]},{"@type":"WebSite","@id":"https:\/\/calculatie.azglorieux.be\/fr\/#website","url":"https:\/\/calculatie.azglorieux.be\/fr\/","name":"azGlorieux","description":"","potentialAction":[{"@type":"SearchAction","target":{"@type":"EntryPoint","urlTemplate":"https:\/\/calculatie.azglorieux.be\/fr\/?s={search_term_string}"},"query-input":"required name=search_term_string"}],"inLanguage":"fr-FR"}]}},"_links":{"self":[{"href":"https:\/\/calculatie.azglorieux.be\/fr\/wp-json\/wp\/v2\/pages\/8988"}],"collection":[{"href":"https:\/\/calculatie.azglorieux.be\/fr\/wp-json\/wp\/v2\/pages"}],"about":[{"href":"https:\/\/calculatie.azglorieux.be\/fr\/wp-json\/wp\/v2\/types\/page"}],"author":[{"embeddable":true,"href":"https:\/\/calculatie.azglorieux.be\/fr\/wp-json\/wp\/v2\/users\/9"}],"replies":[{"embeddable":true,"href":"https:\/\/calculatie.azglorieux.be\/fr\/wp-json\/wp\/v2\/comments?post=8988"}],"version-history":[{"count":1,"href":"https:\/\/calculatie.azglorieux.be\/fr\/wp-json\/wp\/v2\/pages\/8988\/revisions"}],"predecessor-version":[{"id":8990,"href":"https:\/\/calculatie.azglorieux.be\/fr\/wp-json\/wp\/v2\/pages\/8988\/revisions\/8990"}],"up":[{"embeddable":true,"href":"https:\/\/calculatie.azglorieux.be\/fr\/wp-json\/wp\/v2\/pages\/920"}],"wp:attachment":[{"href":"https:\/\/calculatie.azglorieux.be\/fr\/wp-json\/wp\/v2\/media?parent=8988"}],"curies":[{"name":"wp","href":"https:\/\/api.w.org\/{rel}","templated":true}]}}