{"id":904,"date":"2020-02-14T14:15:34","date_gmt":"2020-02-14T12:15:34","guid":{"rendered":"https:\/\/calculatie.azglorieux.be\/over-az-glorieux\/historiek\/"},"modified":"2020-08-22T14:39:19","modified_gmt":"2020-08-22T12:39:19","slug":"historique","status":"publish","type":"page","link":"https:\/\/calculatie.azglorieux.be\/fr\/a-propos-du-ch-glorieux\/historique\/","title":{"rendered":"Historique"},"content":{"rendered":"<p>Le Centre Hospitalier Glorieux a \u00e9t\u00e9 fond\u00e9 en octobre 1952 et est reconnu par le minist\u00e8re de la Sant\u00e9 publique sous le num\u00e9ro\u00a0550. Depuis 1982, l\u2019h\u00f4pital fait partie de l\u2019ASBL Werken Glorieux VZW \u00e0 Renaix. Le 1er janvier 2003, le CH\u00a0Glorieux a fusionn\u00e9 suite \u00e0 la reprise de l\u2019h\u00f4pital Aurora, campus Renaix.<\/p>\n<ul>\n<li>1952\u00a0: Fondation de l\u2019h\u00f4pital des S\u0153urs de la Charit\u00e9<\/li>\n<li>1982\u00a0: Inclusion dans l\u2019ASBL Werken Glorieux VZW<\/li>\n<li>2003\u00a0: Fusion et reprise de l\u2019h\u00f4pital civil de Renaix<\/li>\n<li>2006\u00a0: Campus unique<\/li>\n<li>2008\u00a0: Groupement ADR (Alost &#8211; Dendermonde &#8211; Renaix)<\/li>\n<li>2010\u00a0: Nouveau nom \u00ab\u00a0AZ Glorieux\u00a0\u00bb (CH\u00a0Glorieux) et nouveau logo<\/li>\n<li>2017\u00a0: Obtention du label d\u2019accr\u00e9ditation JCI<\/li>\n<li>2018\u00a0: Collaboration locor\u00e9gionale \u00ab\u00a0ZoRg\u00a0\u00bb avec le CH Sint-Elisabeth de Zottegem<\/li>\n<li>2020\u00a0: Membre du r\u00e9seau hospitalier\u00a0E17<\/li>\n<\/ul>\n","protected":false},"excerpt":{"rendered":"<p>Le Centre Hospitalier Glorieux a \u00e9t\u00e9 fond\u00e9 en octobre 1952 et est reconnu par le minist\u00e8re de la Sant\u00e9 publique&#8230;<\/p>\n","protected":false},"author":4,"featured_media":2560,"parent":872,"menu_order":0,"comment_status":"closed","ping_status":"closed","template":"","meta":{"_acf_changed":false,"_relevanssi_hide_post":"","_relevanssi_hide_content":"","_relevanssi_pin_for_all":"","_relevanssi_pin_keywords":"","_relevanssi_unpin_keywords":"","_relevanssi_related_keywords":"","_relevanssi_related_include_ids":"","_relevanssi_related_exclude_ids":"","_relevanssi_related_no_append":"","_relevanssi_related_not_related":"","_relevanssi_related_posts":"","_relevanssi_noindex_reason":"","inline_featured_image":false,"_exactmetrics_skip_tracking":false,"_exactmetrics_sitenote_active":false,"_exactmetrics_sitenote_note":"","_exactmetrics_sitenote_category":0,"footnotes":"","_links_to":"","_links_to_target":""},"acf":[],"yoast_head":"<!-- This site is optimized with the Yoast SEO plugin v22.4 - https:\/\/yoast.com\/wordpress\/plugins\/seo\/ -->\n<title>Historique - azGlorieux<\/title>\n<meta name=\"robots\" content=\"noindex, follow, max-snippet:-1, max-image-preview:large, max-video-preview:-1\" \/>\n<meta property=\"og:locale\" content=\"fr_FR\" \/>\n<meta property=\"og:type\" content=\"article\" \/>\n<meta property=\"og:title\" content=\"Historique - azGlorieux\" \/>\n<meta property=\"og:description\" content=\"Le Centre Hospitalier Glorieux a \u00e9t\u00e9 fond\u00e9 en octobre 1952 et est reconnu par le minist\u00e8re de la Sant\u00e9 publique...\" \/>\n<meta property=\"og:url\" content=\"https:\/\/calculatie.azglorieux.be\/fr\/a-propos-du-ch-glorieux\/historique\/\" \/>\n<meta property=\"og:site_name\" content=\"azGlorieux\" \/>\n<meta property=\"article:modified_time\" content=\"2020-08-22T12:39:19+00:00\" \/>\n<meta property=\"og:image\" content=\"https:\/\/calculatie.azglorieux.be\/wp-content\/uploads\/2020\/07\/AZG_SITE_INT_DJI_0660-e1594198338662.jpg\" \/>\n\t<meta property=\"og:image:width\" content=\"2200\" \/>\n\t<meta property=\"og:image:height\" content=\"440\" \/>\n\t<meta property=\"og:image:type\" content=\"image\/jpeg\" \/>\n<meta name=\"twitter:card\" content=\"summary_large_image\" \/>\n<meta name=\"twitter:label1\" content=\"Dur\u00e9e de lecture estim\u00e9e\" \/>\n\t<meta name=\"twitter:data1\" content=\"1 minute\" \/>\n<!-- \/ Yoast SEO plugin. -->","yoast_head_json":{"title":"Historique - azGlorieux","robots":{"index":"noindex","follow":"follow","max-snippet":"max-snippet:-1","max-image-preview":"max-image-preview:large","max-video-preview":"max-video-preview:-1"},"og_locale":"fr_FR","og_type":"article","og_title":"Historique - azGlorieux","og_description":"Le Centre Hospitalier Glorieux a \u00e9t\u00e9 fond\u00e9 en octobre 1952 et est reconnu par le minist\u00e8re de la Sant\u00e9 publique...","og_url":"https:\/\/calculatie.azglorieux.be\/fr\/a-propos-du-ch-glorieux\/historique\/","og_site_name":"azGlorieux","article_modified_time":"2020-08-22T12:39:19+00:00","og_image":[{"width":2200,"height":440,"url":"https:\/\/calculatie.azglorieux.be\/wp-content\/uploads\/2020\/07\/AZG_SITE_INT_DJI_0660-e1594198338662.jpg","type":"image\/jpeg"}],"twitter_card":"summary_large_image","twitter_misc":{"Dur\u00e9e de lecture estim\u00e9e":"1 minute"},"schema":{"@context":"https:\/\/schema.org","@graph":[{"@type":"WebPage","@id":"https:\/\/calculatie.azglorieux.be\/fr\/a-propos-du-ch-glorieux\/historique\/","url":"https:\/\/calculatie.azglorieux.be\/fr\/a-propos-du-ch-glorieux\/historique\/","name":"Historique - azGlorieux","isPartOf":{"@id":"https:\/\/calculatie.azglorieux.be\/fr\/#website"},"primaryImageOfPage":{"@id":"https:\/\/calculatie.azglorieux.be\/fr\/a-propos-du-ch-glorieux\/historique\/#primaryimage"},"image":{"@id":"https:\/\/calculatie.azglorieux.be\/fr\/a-propos-du-ch-glorieux\/historique\/#primaryimage"},"thumbnailUrl":"https:\/\/calculatie.azglorieux.be\/wp-content\/uploads\/2020\/07\/AZG_SITE_INT_DJI_0660-e1594198338662.jpg","datePublished":"2020-02-14T12:15:34+00:00","dateModified":"2020-08-22T12:39:19+00:00","breadcrumb":{"@id":"https:\/\/calculatie.azglorieux.be\/fr\/a-propos-du-ch-glorieux\/historique\/#breadcrumb"},"inLanguage":"fr-FR","potentialAction":[{"@type":"ReadAction","target":["https:\/\/calculatie.azglorieux.be\/fr\/a-propos-du-ch-glorieux\/historique\/"]}]},{"@type":"ImageObject","inLanguage":"fr-FR","@id":"https:\/\/calculatie.azglorieux.be\/fr\/a-propos-du-ch-glorieux\/historique\/#primaryimage","url":"https:\/\/calculatie.azglorieux.be\/wp-content\/uploads\/2020\/07\/AZG_SITE_INT_DJI_0660-e1594198338662.jpg","contentUrl":"https:\/\/calculatie.azglorieux.be\/wp-content\/uploads\/2020\/07\/AZG_SITE_INT_DJI_0660-e1594198338662.jpg","width":2200,"height":440},{"@type":"BreadcrumbList","@id":"https:\/\/calculatie.azglorieux.be\/fr\/a-propos-du-ch-glorieux\/historique\/#breadcrumb","itemListElement":[{"@type":"ListItem","position":1,"name":"Home","item":"https:\/\/calculatie.azglorieux.be\/fr\/"},{"@type":"ListItem","position":2,"name":"\u00c0 propos du CH\u00a0Glorieux","item":"https:\/\/calculatie.azglorieux.be\/fr\/a-propos-du-ch-glorieux\/"},{"@type":"ListItem","position":3,"name":"Historique"}]},{"@type":"WebSite","@id":"https:\/\/calculatie.azglorieux.be\/fr\/#website","url":"https:\/\/calculatie.azglorieux.be\/fr\/","name":"azGlorieux","description":"","potentialAction":[{"@type":"SearchAction","target":{"@type":"EntryPoint","urlTemplate":"https:\/\/calculatie.azglorieux.be\/fr\/?s={search_term_string}"},"query-input":"required name=search_term_string"}],"inLanguage":"fr-FR"}]}},"_links":{"self":[{"href":"https:\/\/calculatie.azglorieux.be\/fr\/wp-json\/wp\/v2\/pages\/904"}],"collection":[{"href":"https:\/\/calculatie.azglorieux.be\/fr\/wp-json\/wp\/v2\/pages"}],"about":[{"href":"https:\/\/calculatie.azglorieux.be\/fr\/wp-json\/wp\/v2\/types\/page"}],"author":[{"embeddable":true,"href":"https:\/\/calculatie.azglorieux.be\/fr\/wp-json\/wp\/v2\/users\/4"}],"replies":[{"embeddable":true,"href":"https:\/\/calculatie.azglorieux.be\/fr\/wp-json\/wp\/v2\/comments?post=904"}],"version-history":[{"count":0,"href":"https:\/\/calculatie.azglorieux.be\/fr\/wp-json\/wp\/v2\/pages\/904\/revisions"}],"up":[{"embeddable":true,"href":"https:\/\/calculatie.azglorieux.be\/fr\/wp-json\/wp\/v2\/pages\/872"}],"wp:featuredmedia":[{"embeddable":true,"href":"https:\/\/calculatie.azglorieux.be\/fr\/wp-json\/wp\/v2\/media\/2560"}],"wp:attachment":[{"href":"https:\/\/calculatie.azglorieux.be\/fr\/wp-json\/wp\/v2\/media?parent=904"}],"curies":[{"name":"wp","href":"https:\/\/api.w.org\/{rel}","templated":true}]}}