{"id":908,"date":"2020-02-14T14:15:04","date_gmt":"2020-02-14T12:15:04","guid":{"rendered":"https:\/\/calculatie.azglorieux.be\/over-az-glorieux\/opdrachtsverklaring\/"},"modified":"2021-06-16T12:01:27","modified_gmt":"2021-06-16T10:01:27","slug":"proposition","status":"publish","type":"page","link":"https:\/\/calculatie.azglorieux.be\/fr\/a-propos-du-ch-glorieux\/proposition\/","title":{"rendered":"Proposition"},"content":{"rendered":"<h3><strong>\u00c9nonc\u00e9 de mission<\/strong><\/h3>\n<p>Le CH\u00a0Glorieux est une partie du premier pilier de l\u2019organisation fa\u00eeti\u00e8re ASBL Werken Glorieux VZW. Nous disposons de deux autres piliers, \u00e0 savoir les services aux enfants et \u00e0 la jeunesse, et les soins aux personnes \u00e2g\u00e9es. Ces trois piliers permettent d\u2019assurer un trajet de suivi tout au long de la vie.<\/p>\n<p>La mission de l\u2019ASBL Werken Glorieux VZW est de prodiguer des soins accessibles et de la plus haute qualit\u00e9 aux enfants, aux malades et aux personnes \u00e2g\u00e9es, tout en s\u2019inspirant d\u2019une vision chr\u00e9tienne \u00e9vang\u00e9lique. Le savoir et les connaissances scientifiques sont \u00e9troitement li\u00e9s \u00e0 l\u2019attention, au respect et \u00e0 la serviabilit\u00e9.<br \/>\nEn suivant l\u2019exemple du P\u00e8re R\u00e9v\u00e9rend Stefaan Modest Glorieux, fondateur des S\u0153urs de la Charit\u00e9, nous portons une attention particuli\u00e8re aux personnes les plus vuln\u00e9rables dans la soci\u00e9t\u00e9. Chaque contact avec les patients, les r\u00e9sidents ou les enfants qui b\u00e9n\u00e9ficient de soins dans nos institutions est un t\u00e9moignage de la consid\u00e9ration totale que nous avons pour chaque individu.<\/p>\n<p>Un engagement maximal dans le domaine des soins est synonyme de prestations de qualit\u00e9. Nos collaborateurs sont des professionnels passionn\u00e9s par leurs patients et leurs coll\u00e8gues, qui prennent les d\u00e9cisions ad\u00e9quates \u00e0 tout moment et qui savent comment g\u00e9rer les diff\u00e9rentes situations.<\/p>\n<h3><strong>Valeurs<\/strong><\/h3>\n<p>Six valeurs cl\u00e9s ont \u00e9t\u00e9 d\u00e9finies dans le respect et la valorisation de toutes les parties. Chaque collaborateur s\u2019engage \u00e0 observer ces valeurs.<\/p>\n<p><strong> <img loading=\"lazy\" decoding=\"async\" class=\"size-medium wp-image-4878 alignnone\" src=\"https:\/\/calculatie.azglorieux.be\/wp-content\/uploads\/2020\/03\/waarden-450x171.png\" alt=\"\" width=\"450\" height=\"171\" srcset=\"https:\/\/calculatie.azglorieux.be\/wp-content\/uploads\/2020\/03\/waarden-450x171.png 450w, https:\/\/calculatie.azglorieux.be\/wp-content\/uploads\/2020\/03\/waarden-768x292.png 768w, https:\/\/calculatie.azglorieux.be\/wp-content\/uploads\/2020\/03\/waarden.png 984w\" sizes=\"(max-width: 450px) 100vw, 450px\" \/><\/strong><\/p>\n<h3><strong>Vision strat\u00e9gique <\/strong><\/h3>\n<p>Pour donner forme \u00e0 notre mission et \u00e0 notre vision, un plan strat\u00e9gique sur cinq ans est \u00e9tabli sur la base d\u2019objectifs annuels \u00e0 d\u00e9finir. La direction et le conseil d\u2019administration d\u00e9terminent ensemble les th\u00e8mes qui sont importants pour le CH Glorieux et l\u2019ASBL Werken Glorieux VZW.<\/p>\n<h3><strong>Rapport annuel<\/strong><\/h3>\n<ul>\n<li><a href=\"https:\/\/calculatie.azglorieux.be\/nieuws\/algemeen\/jaarverslag-2019\/\">Rapport annuel 2019<\/a><\/li>\n<li><a href=\"https:\/\/jaarverslagvzwwerkenglorieux.be\/\">Rapport annuel 2020<\/a><\/li>\n<\/ul>\n","protected":false},"excerpt":{"rendered":"<p>\u00c9nonc\u00e9 de mission Le CH\u00a0Glorieux est une partie du premier pilier de l\u2019organisation fa\u00eeti\u00e8re ASBL Werken Glorieux VZW. Nous disposons&#8230;<\/p>\n","protected":false},"author":4,"featured_media":4880,"parent":872,"menu_order":0,"comment_status":"closed","ping_status":"closed","template":"","meta":{"_acf_changed":false,"_relevanssi_hide_post":"","_relevanssi_hide_content":"","_relevanssi_pin_for_all":"","_relevanssi_pin_keywords":"","_relevanssi_unpin_keywords":"","_relevanssi_related_keywords":"","_relevanssi_related_include_ids":"","_relevanssi_related_exclude_ids":"","_relevanssi_related_no_append":"","_relevanssi_related_not_related":"","_relevanssi_related_posts":"","_relevanssi_noindex_reason":"","inline_featured_image":false,"_exactmetrics_skip_tracking":false,"_exactmetrics_sitenote_active":false,"_exactmetrics_sitenote_note":"","_exactmetrics_sitenote_category":0,"footnotes":"","_links_to":"","_links_to_target":""},"acf":[],"yoast_head":"<!-- This site is optimized with the Yoast SEO plugin v22.4 - https:\/\/yoast.com\/wordpress\/plugins\/seo\/ -->\n<title>Proposition - azGlorieux<\/title>\n<meta name=\"robots\" content=\"noindex, follow, max-snippet:-1, max-image-preview:large, max-video-preview:-1\" \/>\n<meta property=\"og:locale\" content=\"fr_FR\" \/>\n<meta property=\"og:type\" content=\"article\" \/>\n<meta property=\"og:title\" content=\"Proposition - azGlorieux\" \/>\n<meta property=\"og:description\" content=\"\u00c9nonc\u00e9 de mission Le CH\u00a0Glorieux est une partie du premier pilier de l\u2019organisation fa\u00eeti\u00e8re ASBL Werken Glorieux VZW. Nous disposons...\" \/>\n<meta property=\"og:url\" content=\"https:\/\/calculatie.azglorieux.be\/fr\/a-propos-du-ch-glorieux\/proposition\/\" \/>\n<meta property=\"og:site_name\" content=\"azGlorieux\" \/>\n<meta property=\"article:modified_time\" content=\"2021-06-16T10:01:27+00:00\" \/>\n<meta property=\"og:image\" content=\"https:\/\/calculatie.azglorieux.be\/wp-content\/uploads\/2020\/07\/AZG_SITE_INT_DJI_0676-e1594198996868.jpg\" \/>\n\t<meta property=\"og:image:width\" content=\"2200\" \/>\n\t<meta property=\"og:image:height\" content=\"440\" \/>\n\t<meta property=\"og:image:type\" content=\"image\/jpeg\" \/>\n<meta name=\"twitter:card\" content=\"summary_large_image\" \/>\n<meta name=\"twitter:label1\" content=\"Dur\u00e9e de lecture estim\u00e9e\" \/>\n\t<meta name=\"twitter:data1\" content=\"2 minutes\" \/>\n<!-- \/ Yoast SEO plugin. -->","yoast_head_json":{"title":"Proposition - azGlorieux","robots":{"index":"noindex","follow":"follow","max-snippet":"max-snippet:-1","max-image-preview":"max-image-preview:large","max-video-preview":"max-video-preview:-1"},"og_locale":"fr_FR","og_type":"article","og_title":"Proposition - azGlorieux","og_description":"\u00c9nonc\u00e9 de mission Le CH\u00a0Glorieux est une partie du premier pilier de l\u2019organisation fa\u00eeti\u00e8re ASBL Werken Glorieux VZW. Nous disposons...","og_url":"https:\/\/calculatie.azglorieux.be\/fr\/a-propos-du-ch-glorieux\/proposition\/","og_site_name":"azGlorieux","article_modified_time":"2021-06-16T10:01:27+00:00","og_image":[{"width":2200,"height":440,"url":"https:\/\/calculatie.azglorieux.be\/wp-content\/uploads\/2020\/07\/AZG_SITE_INT_DJI_0676-e1594198996868.jpg","type":"image\/jpeg"}],"twitter_card":"summary_large_image","twitter_misc":{"Dur\u00e9e de lecture estim\u00e9e":"2 minutes"},"schema":{"@context":"https:\/\/schema.org","@graph":[{"@type":"WebPage","@id":"https:\/\/calculatie.azglorieux.be\/fr\/a-propos-du-ch-glorieux\/proposition\/","url":"https:\/\/calculatie.azglorieux.be\/fr\/a-propos-du-ch-glorieux\/proposition\/","name":"Proposition - azGlorieux","isPartOf":{"@id":"https:\/\/calculatie.azglorieux.be\/fr\/#website"},"primaryImageOfPage":{"@id":"https:\/\/calculatie.azglorieux.be\/fr\/a-propos-du-ch-glorieux\/proposition\/#primaryimage"},"image":{"@id":"https:\/\/calculatie.azglorieux.be\/fr\/a-propos-du-ch-glorieux\/proposition\/#primaryimage"},"thumbnailUrl":"https:\/\/calculatie.azglorieux.be\/wp-content\/uploads\/2020\/07\/AZG_SITE_INT_DJI_0676-e1594198996868.jpg","datePublished":"2020-02-14T12:15:04+00:00","dateModified":"2021-06-16T10:01:27+00:00","breadcrumb":{"@id":"https:\/\/calculatie.azglorieux.be\/fr\/a-propos-du-ch-glorieux\/proposition\/#breadcrumb"},"inLanguage":"fr-FR","potentialAction":[{"@type":"ReadAction","target":["https:\/\/calculatie.azglorieux.be\/fr\/a-propos-du-ch-glorieux\/proposition\/"]}]},{"@type":"ImageObject","inLanguage":"fr-FR","@id":"https:\/\/calculatie.azglorieux.be\/fr\/a-propos-du-ch-glorieux\/proposition\/#primaryimage","url":"https:\/\/calculatie.azglorieux.be\/wp-content\/uploads\/2020\/07\/AZG_SITE_INT_DJI_0676-e1594198996868.jpg","contentUrl":"https:\/\/calculatie.azglorieux.be\/wp-content\/uploads\/2020\/07\/AZG_SITE_INT_DJI_0676-e1594198996868.jpg","width":2200,"height":440},{"@type":"BreadcrumbList","@id":"https:\/\/calculatie.azglorieux.be\/fr\/a-propos-du-ch-glorieux\/proposition\/#breadcrumb","itemListElement":[{"@type":"ListItem","position":1,"name":"Home","item":"https:\/\/calculatie.azglorieux.be\/fr\/"},{"@type":"ListItem","position":2,"name":"\u00c0 propos du CH\u00a0Glorieux","item":"https:\/\/calculatie.azglorieux.be\/fr\/a-propos-du-ch-glorieux\/"},{"@type":"ListItem","position":3,"name":"Proposition"}]},{"@type":"WebSite","@id":"https:\/\/calculatie.azglorieux.be\/fr\/#website","url":"https:\/\/calculatie.azglorieux.be\/fr\/","name":"azGlorieux","description":"","potentialAction":[{"@type":"SearchAction","target":{"@type":"EntryPoint","urlTemplate":"https:\/\/calculatie.azglorieux.be\/fr\/?s={search_term_string}"},"query-input":"required name=search_term_string"}],"inLanguage":"fr-FR"}]}},"_links":{"self":[{"href":"https:\/\/calculatie.azglorieux.be\/fr\/wp-json\/wp\/v2\/pages\/908"}],"collection":[{"href":"https:\/\/calculatie.azglorieux.be\/fr\/wp-json\/wp\/v2\/pages"}],"about":[{"href":"https:\/\/calculatie.azglorieux.be\/fr\/wp-json\/wp\/v2\/types\/page"}],"author":[{"embeddable":true,"href":"https:\/\/calculatie.azglorieux.be\/fr\/wp-json\/wp\/v2\/users\/4"}],"replies":[{"embeddable":true,"href":"https:\/\/calculatie.azglorieux.be\/fr\/wp-json\/wp\/v2\/comments?post=908"}],"version-history":[{"count":0,"href":"https:\/\/calculatie.azglorieux.be\/fr\/wp-json\/wp\/v2\/pages\/908\/revisions"}],"up":[{"embeddable":true,"href":"https:\/\/calculatie.azglorieux.be\/fr\/wp-json\/wp\/v2\/pages\/872"}],"wp:featuredmedia":[{"embeddable":true,"href":"https:\/\/calculatie.azglorieux.be\/fr\/wp-json\/wp\/v2\/media\/4880"}],"wp:attachment":[{"href":"https:\/\/calculatie.azglorieux.be\/fr\/wp-json\/wp\/v2\/media?parent=908"}],"curies":[{"name":"wp","href":"https:\/\/api.w.org\/{rel}","templated":true}]}}