{"id":910,"date":"2020-02-14T14:19:02","date_gmt":"2020-02-14T12:19:02","guid":{"rendered":"https:\/\/calculatie.azglorieux.be\/over-az-glorieux\/samenwerkingsverbanden\/"},"modified":"2020-08-22T14:39:58","modified_gmt":"2020-08-22T12:39:58","slug":"collaborations","status":"publish","type":"page","link":"https:\/\/calculatie.azglorieux.be\/fr\/a-propos-du-ch-glorieux\/collaborations\/","title":{"rendered":"Collaborations"},"content":{"rendered":"<p>Le CH Glorieux collabore (aux niveaux r\u00e9gional et national) avec plusieurs h\u00f4pitaux afin de pouvoir proposer les meilleurs soins aux patients, et ce, de mani\u00e8re responsable, tout en soutenant l\u2019offre de soins.<\/p>\n<h3><strong>ASBL Werken Glorieux VZW<\/strong><\/h3>\n<p>Le CH\u00a0Glorieux fait partie du premier pilier de l\u2019organisation fa\u00eeti\u00e8re ASBL Werken Glorieux VZW. Nous disposons de deux autres piliers, \u00e0 savoir les services aux enfants et \u00e0 la jeunesse et les soins aux personnes \u00e2g\u00e9es. Ces trois piliers permettent d\u2019assurer un trajet de suivi tout au long de la vie.<\/p>\n<p>Toutes les institutions de notre ASBL sont ax\u00e9es sur l\u2019humain, dans le respect et la mise en valeur de chaque individu. Prodiguer des soins en faisant preuve de responsabilit\u00e9 envers chaque patient est uniquement possible gr\u00e2ce \u00e0 la collaboration multidisciplinaire entre les soignants internes et externes \u00e0 l\u2019h\u00f4pital. Ces derniers vont au-del\u00e0 des int\u00e9r\u00eats des m\u00e9decins, des disciplines m\u00e9dicales et des services m\u00e9dicaux.<\/p>\n<h3><strong>Associations interhospitali\u00e8res <\/strong><\/h3>\n<p>La collaboration entre les h\u00f4pitaux est renforc\u00e9e par un certain nombre d\u2019associations interhospitali\u00e8res de m\u00e9decins (notamment dans les sp\u00e9cialit\u00e9s comme la gyn\u00e9cologie, la n\u00e9phrologie&#8230;). Les m\u00e9decins s\u2019entraident en \u00e9changeant des informations et par le moyen de concertations scientifiques.<\/p>\n<h3><strong>Collaboration locor\u00e9gionale \u00ab\u00a0ZoRg\u00a0\u00bb <\/strong><\/h3>\n<p>Depuis 2018, le CH Sint-Elisabeth de Zottegem et le CH\u00a0Glorieux forment une collaboration locor\u00e9gionale d\u00e9sign\u00e9e sous le nom de ZoRg. Gr\u00e2ce \u00e0 cette collaboration, nous souhaitons renforcer et assurer des soins qualitatifs, accessibles et abordables aux habitants de cette r\u00e9gion.\u00a0 \u00c0 cet effet, le patient et la qualit\u00e9 des soins m\u00e9dicaux occupent une place centrale ainsi que l\u2019assurance de soutenir l\u2019emploi dans la r\u00e9gion du sud de la Flandre orientale.<\/p>\n<h3><strong>Membre du r\u00e9seau hospitalier E17 <\/strong><\/h3>\n<p>Le r\u00e9seau hospitalier E17 a \u00e9t\u00e9 cr\u00e9\u00e9 en 2015 et comporte actuellement sept partenaires. Le CH Glorieux a rejoint le r\u00e9seau en 2018.<\/p>\n<ul>\n<li>CH Glorieux &#8211; Renaix<\/li>\n<li>AZ Groeninge &#8211; Courtrai<\/li>\n<li>AZ Maria Middelares &#8211; Gand<\/li>\n<li>AZ Sint-Elisabeth &#8211; Zottegem<\/li>\n<li>O.L.V. van Lourdes Ziekenhuis &#8211; Waregem<\/li>\n<li>Sint-Jozefskliniek &#8211; Izegem<\/li>\n<li>Sint-Vincentiusziekenhuis &#8211; Deinze<\/li>\n<\/ul>\n<p>Le 17\u00a0mai 2019, les sept partenaires ont concr\u00e9tis\u00e9 leur collaboration en formant une ASBL \u00ab\u00a0vzw E17-ziekenhuisnetwerk\u00a0\u00bb. Celle-ci permet au r\u00e9seau hospitalier E17 de disposer d\u2019une personnalit\u00e9 juridique, l\u2019un des crit\u00e8res auquel les r\u00e9seaux hospitaliers devaient satisfaire au 1er janvier 2020. Le pr\u00e9sident du r\u00e9seau hospitalier E17 est Eric Van Zele.<\/p>\n<h3><strong>R\u00e9seau interhospitalier KU Leuven<\/strong><\/h3>\n<p>Le r\u00e9seau interhospitalier KU Leuven (Vznkul) est un r\u00e9seau compos\u00e9 de 30 h\u00f4pitaux flamands pour lesquels l\u2019am\u00e9lioration de la qualit\u00e9 est une priorit\u00e9 et pour qui le patient occupe une place centrale. Dans le cadre de cette collaboration, \u00a0l\u2019am\u00e9lioration de la qualit\u00e9 et de l\u2019efficacit\u00e9 concernant les soins dispens\u00e9s au patient, les examens cliniques et le management priment.<\/p>\n","protected":false},"excerpt":{"rendered":"<p>Le CH Glorieux collabore (aux niveaux r\u00e9gional et national) avec plusieurs h\u00f4pitaux afin de pouvoir proposer les meilleurs soins aux&#8230;<\/p>\n","protected":false},"author":4,"featured_media":2563,"parent":872,"menu_order":0,"comment_status":"closed","ping_status":"closed","template":"","meta":{"_acf_changed":false,"_relevanssi_hide_post":"","_relevanssi_hide_content":"","_relevanssi_pin_for_all":"","_relevanssi_pin_keywords":"","_relevanssi_unpin_keywords":"","_relevanssi_related_keywords":"","_relevanssi_related_include_ids":"","_relevanssi_related_exclude_ids":"","_relevanssi_related_no_append":"","_relevanssi_related_not_related":"","_relevanssi_related_posts":"","_relevanssi_noindex_reason":"","inline_featured_image":false,"_exactmetrics_skip_tracking":false,"_exactmetrics_sitenote_active":false,"_exactmetrics_sitenote_note":"","_exactmetrics_sitenote_category":0,"footnotes":"","_links_to":"","_links_to_target":""},"acf":[],"yoast_head":"<!-- This site is optimized with the Yoast SEO plugin v22.4 - https:\/\/yoast.com\/wordpress\/plugins\/seo\/ -->\n<title>Collaborations - azGlorieux<\/title>\n<meta name=\"robots\" content=\"noindex, follow, max-snippet:-1, max-image-preview:large, max-video-preview:-1\" \/>\n<meta property=\"og:locale\" content=\"fr_FR\" \/>\n<meta property=\"og:type\" content=\"article\" \/>\n<meta property=\"og:title\" content=\"Collaborations - azGlorieux\" \/>\n<meta property=\"og:description\" content=\"Le CH Glorieux collabore (aux niveaux r\u00e9gional et national) avec plusieurs h\u00f4pitaux afin de pouvoir proposer les meilleurs soins aux...\" \/>\n<meta property=\"og:url\" content=\"https:\/\/calculatie.azglorieux.be\/fr\/a-propos-du-ch-glorieux\/collaborations\/\" \/>\n<meta property=\"og:site_name\" content=\"azGlorieux\" \/>\n<meta property=\"article:modified_time\" content=\"2020-08-22T12:39:58+00:00\" \/>\n<meta property=\"og:image\" content=\"https:\/\/calculatie.azglorieux.be\/wp-content\/uploads\/2020\/07\/AZG_SITE_INT_DJI_0705-e1594200340754.jpg\" \/>\n\t<meta property=\"og:image:width\" content=\"2200\" \/>\n\t<meta property=\"og:image:height\" content=\"440\" \/>\n\t<meta property=\"og:image:type\" content=\"image\/jpeg\" \/>\n<meta name=\"twitter:card\" content=\"summary_large_image\" \/>\n<meta name=\"twitter:label1\" content=\"Dur\u00e9e de lecture estim\u00e9e\" \/>\n\t<meta name=\"twitter:data1\" content=\"2 minutes\" \/>\n<!-- \/ Yoast SEO plugin. -->","yoast_head_json":{"title":"Collaborations - azGlorieux","robots":{"index":"noindex","follow":"follow","max-snippet":"max-snippet:-1","max-image-preview":"max-image-preview:large","max-video-preview":"max-video-preview:-1"},"og_locale":"fr_FR","og_type":"article","og_title":"Collaborations - azGlorieux","og_description":"Le CH Glorieux collabore (aux niveaux r\u00e9gional et national) avec plusieurs h\u00f4pitaux afin de pouvoir proposer les meilleurs soins aux...","og_url":"https:\/\/calculatie.azglorieux.be\/fr\/a-propos-du-ch-glorieux\/collaborations\/","og_site_name":"azGlorieux","article_modified_time":"2020-08-22T12:39:58+00:00","og_image":[{"width":2200,"height":440,"url":"https:\/\/calculatie.azglorieux.be\/wp-content\/uploads\/2020\/07\/AZG_SITE_INT_DJI_0705-e1594200340754.jpg","type":"image\/jpeg"}],"twitter_card":"summary_large_image","twitter_misc":{"Dur\u00e9e de lecture estim\u00e9e":"2 minutes"},"schema":{"@context":"https:\/\/schema.org","@graph":[{"@type":"WebPage","@id":"https:\/\/calculatie.azglorieux.be\/fr\/a-propos-du-ch-glorieux\/collaborations\/","url":"https:\/\/calculatie.azglorieux.be\/fr\/a-propos-du-ch-glorieux\/collaborations\/","name":"Collaborations - azGlorieux","isPartOf":{"@id":"https:\/\/calculatie.azglorieux.be\/fr\/#website"},"primaryImageOfPage":{"@id":"https:\/\/calculatie.azglorieux.be\/fr\/a-propos-du-ch-glorieux\/collaborations\/#primaryimage"},"image":{"@id":"https:\/\/calculatie.azglorieux.be\/fr\/a-propos-du-ch-glorieux\/collaborations\/#primaryimage"},"thumbnailUrl":"https:\/\/calculatie.azglorieux.be\/wp-content\/uploads\/2020\/07\/AZG_SITE_INT_DJI_0705-e1594200340754.jpg","datePublished":"2020-02-14T12:19:02+00:00","dateModified":"2020-08-22T12:39:58+00:00","breadcrumb":{"@id":"https:\/\/calculatie.azglorieux.be\/fr\/a-propos-du-ch-glorieux\/collaborations\/#breadcrumb"},"inLanguage":"fr-FR","potentialAction":[{"@type":"ReadAction","target":["https:\/\/calculatie.azglorieux.be\/fr\/a-propos-du-ch-glorieux\/collaborations\/"]}]},{"@type":"ImageObject","inLanguage":"fr-FR","@id":"https:\/\/calculatie.azglorieux.be\/fr\/a-propos-du-ch-glorieux\/collaborations\/#primaryimage","url":"https:\/\/calculatie.azglorieux.be\/wp-content\/uploads\/2020\/07\/AZG_SITE_INT_DJI_0705-e1594200340754.jpg","contentUrl":"https:\/\/calculatie.azglorieux.be\/wp-content\/uploads\/2020\/07\/AZG_SITE_INT_DJI_0705-e1594200340754.jpg","width":2200,"height":440},{"@type":"BreadcrumbList","@id":"https:\/\/calculatie.azglorieux.be\/fr\/a-propos-du-ch-glorieux\/collaborations\/#breadcrumb","itemListElement":[{"@type":"ListItem","position":1,"name":"Home","item":"https:\/\/calculatie.azglorieux.be\/fr\/"},{"@type":"ListItem","position":2,"name":"\u00c0 propos du CH\u00a0Glorieux","item":"https:\/\/calculatie.azglorieux.be\/fr\/a-propos-du-ch-glorieux\/"},{"@type":"ListItem","position":3,"name":"Collaborations"}]},{"@type":"WebSite","@id":"https:\/\/calculatie.azglorieux.be\/fr\/#website","url":"https:\/\/calculatie.azglorieux.be\/fr\/","name":"azGlorieux","description":"","potentialAction":[{"@type":"SearchAction","target":{"@type":"EntryPoint","urlTemplate":"https:\/\/calculatie.azglorieux.be\/fr\/?s={search_term_string}"},"query-input":"required name=search_term_string"}],"inLanguage":"fr-FR"}]}},"_links":{"self":[{"href":"https:\/\/calculatie.azglorieux.be\/fr\/wp-json\/wp\/v2\/pages\/910"}],"collection":[{"href":"https:\/\/calculatie.azglorieux.be\/fr\/wp-json\/wp\/v2\/pages"}],"about":[{"href":"https:\/\/calculatie.azglorieux.be\/fr\/wp-json\/wp\/v2\/types\/page"}],"author":[{"embeddable":true,"href":"https:\/\/calculatie.azglorieux.be\/fr\/wp-json\/wp\/v2\/users\/4"}],"replies":[{"embeddable":true,"href":"https:\/\/calculatie.azglorieux.be\/fr\/wp-json\/wp\/v2\/comments?post=910"}],"version-history":[{"count":0,"href":"https:\/\/calculatie.azglorieux.be\/fr\/wp-json\/wp\/v2\/pages\/910\/revisions"}],"up":[{"embeddable":true,"href":"https:\/\/calculatie.azglorieux.be\/fr\/wp-json\/wp\/v2\/pages\/872"}],"wp:featuredmedia":[{"embeddable":true,"href":"https:\/\/calculatie.azglorieux.be\/fr\/wp-json\/wp\/v2\/media\/2563"}],"wp:attachment":[{"href":"https:\/\/calculatie.azglorieux.be\/fr\/wp-json\/wp\/v2\/media?parent=910"}],"curies":[{"name":"wp","href":"https:\/\/api.w.org\/{rel}","templated":true}]}}