{"id":912,"date":"2020-02-14T14:19:15","date_gmt":"2020-02-14T12:19:15","guid":{"rendered":"https:\/\/calculatie.azglorieux.be\/over-az-glorieux\/waarden\/"},"modified":"2020-08-21T20:25:56","modified_gmt":"2020-08-21T18:25:56","slug":"valeurs","status":"publish","type":"page","link":"https:\/\/calculatie.azglorieux.be\/fr\/a-propos-du-ch-glorieux\/valeurs\/","title":{"rendered":"Valeurs"},"content":{"rendered":"<p>Un engagement maximal dans le domaine des soins est synonyme de prestations de qualit\u00e9. Nos collaborateurs sont des professionnels passionn\u00e9s par leurs patients et leurs coll\u00e8gues, qui prennent les d\u00e9cisions ad\u00e9quates \u00e0 tout moment et qui savent comment g\u00e9rer les diff\u00e9rentes situations.<\/p>\n<p>Au CH Glorieux, le patient est au centre de nos pr\u00e9occupations. Notre objectif est de dispenser des soins cibl\u00e9s et personnalis\u00e9s \u00e0 tous les niveaux. L&rsquo;ensemble de nos collaborateurs compte cependant sur l&rsquo;aide des personnes impliqu\u00e9es, afin de garantir un environnement de soins serein et de pouvoir prendre des d\u00e9cisions ad\u00e9quates en concertation avec le patient, ses proches et nos coll\u00e8gues.<\/p>\n<p>La mise en place de soins efficaces et professionnels permet d&rsquo;assurer la s\u00e9curit\u00e9 des patients et une prise en charge de la meilleure qualit\u00e9. Nous faisons en sorte de prodiguer les soins les plus adapt\u00e9s \u00e0 chaque patient, et ce, avec toute l&rsquo;attention qu&rsquo;il m\u00e9rite.<\/p>\n<p>Six valeurs cl\u00e9s ont \u00e9t\u00e9 d\u00e9finies dans le respect et la valorisation de toutes les personnes impliqu\u00e9es. Chaque collaborateur s\u2019engage \u00e0 observer ces valeurs.<\/p>\n","protected":false},"excerpt":{"rendered":"<p>Un engagement maximal dans le domaine des soins est synonyme de prestations de qualit\u00e9. Nos collaborateurs sont des professionnels passionn\u00e9s&#8230;<\/p>\n","protected":false},"author":4,"featured_media":0,"parent":872,"menu_order":0,"comment_status":"closed","ping_status":"closed","template":"","meta":{"_acf_changed":false,"_relevanssi_hide_post":"","_relevanssi_hide_content":"","_relevanssi_pin_for_all":"","_relevanssi_pin_keywords":"","_relevanssi_unpin_keywords":"","_relevanssi_related_keywords":"","_relevanssi_related_include_ids":"","_relevanssi_related_exclude_ids":"","_relevanssi_related_no_append":"","_relevanssi_related_not_related":"","_relevanssi_related_posts":"","_relevanssi_noindex_reason":"","inline_featured_image":false,"_exactmetrics_skip_tracking":false,"_exactmetrics_sitenote_active":false,"_exactmetrics_sitenote_note":"","_exactmetrics_sitenote_category":0,"footnotes":"","_links_to":"","_links_to_target":""},"acf":[],"yoast_head":"<!-- This site is optimized with the Yoast SEO plugin v22.4 - https:\/\/yoast.com\/wordpress\/plugins\/seo\/ -->\n<title>Valeurs - azGlorieux<\/title>\n<meta name=\"robots\" content=\"noindex, follow, max-snippet:-1, max-image-preview:large, max-video-preview:-1\" \/>\n<meta property=\"og:locale\" content=\"fr_FR\" \/>\n<meta property=\"og:type\" content=\"article\" \/>\n<meta property=\"og:title\" content=\"Valeurs - azGlorieux\" \/>\n<meta property=\"og:description\" content=\"Un engagement maximal dans le domaine des soins est synonyme de prestations de qualit\u00e9. Nos collaborateurs sont des professionnels passionn\u00e9s...\" \/>\n<meta property=\"og:url\" content=\"https:\/\/calculatie.azglorieux.be\/fr\/a-propos-du-ch-glorieux\/valeurs\/\" \/>\n<meta property=\"og:site_name\" content=\"azGlorieux\" \/>\n<meta property=\"article:modified_time\" content=\"2020-08-21T18:25:56+00:00\" \/>\n<meta name=\"twitter:card\" content=\"summary_large_image\" \/>\n<meta name=\"twitter:label1\" content=\"Dur\u00e9e de lecture estim\u00e9e\" \/>\n\t<meta name=\"twitter:data1\" content=\"1 minute\" \/>\n<!-- \/ Yoast SEO plugin. -->","yoast_head_json":{"title":"Valeurs - azGlorieux","robots":{"index":"noindex","follow":"follow","max-snippet":"max-snippet:-1","max-image-preview":"max-image-preview:large","max-video-preview":"max-video-preview:-1"},"og_locale":"fr_FR","og_type":"article","og_title":"Valeurs - azGlorieux","og_description":"Un engagement maximal dans le domaine des soins est synonyme de prestations de qualit\u00e9. Nos collaborateurs sont des professionnels passionn\u00e9s...","og_url":"https:\/\/calculatie.azglorieux.be\/fr\/a-propos-du-ch-glorieux\/valeurs\/","og_site_name":"azGlorieux","article_modified_time":"2020-08-21T18:25:56+00:00","twitter_card":"summary_large_image","twitter_misc":{"Dur\u00e9e de lecture estim\u00e9e":"1 minute"},"schema":{"@context":"https:\/\/schema.org","@graph":[{"@type":"WebPage","@id":"https:\/\/calculatie.azglorieux.be\/fr\/a-propos-du-ch-glorieux\/valeurs\/","url":"https:\/\/calculatie.azglorieux.be\/fr\/a-propos-du-ch-glorieux\/valeurs\/","name":"Valeurs - azGlorieux","isPartOf":{"@id":"https:\/\/calculatie.azglorieux.be\/fr\/#website"},"datePublished":"2020-02-14T12:19:15+00:00","dateModified":"2020-08-21T18:25:56+00:00","breadcrumb":{"@id":"https:\/\/calculatie.azglorieux.be\/fr\/a-propos-du-ch-glorieux\/valeurs\/#breadcrumb"},"inLanguage":"fr-FR","potentialAction":[{"@type":"ReadAction","target":["https:\/\/calculatie.azglorieux.be\/fr\/a-propos-du-ch-glorieux\/valeurs\/"]}]},{"@type":"BreadcrumbList","@id":"https:\/\/calculatie.azglorieux.be\/fr\/a-propos-du-ch-glorieux\/valeurs\/#breadcrumb","itemListElement":[{"@type":"ListItem","position":1,"name":"Home","item":"https:\/\/calculatie.azglorieux.be\/fr\/"},{"@type":"ListItem","position":2,"name":"\u00c0 propos du CH\u00a0Glorieux","item":"https:\/\/calculatie.azglorieux.be\/fr\/a-propos-du-ch-glorieux\/"},{"@type":"ListItem","position":3,"name":"Valeurs"}]},{"@type":"WebSite","@id":"https:\/\/calculatie.azglorieux.be\/fr\/#website","url":"https:\/\/calculatie.azglorieux.be\/fr\/","name":"azGlorieux","description":"","potentialAction":[{"@type":"SearchAction","target":{"@type":"EntryPoint","urlTemplate":"https:\/\/calculatie.azglorieux.be\/fr\/?s={search_term_string}"},"query-input":"required name=search_term_string"}],"inLanguage":"fr-FR"}]}},"_links":{"self":[{"href":"https:\/\/calculatie.azglorieux.be\/fr\/wp-json\/wp\/v2\/pages\/912"}],"collection":[{"href":"https:\/\/calculatie.azglorieux.be\/fr\/wp-json\/wp\/v2\/pages"}],"about":[{"href":"https:\/\/calculatie.azglorieux.be\/fr\/wp-json\/wp\/v2\/types\/page"}],"author":[{"embeddable":true,"href":"https:\/\/calculatie.azglorieux.be\/fr\/wp-json\/wp\/v2\/users\/4"}],"replies":[{"embeddable":true,"href":"https:\/\/calculatie.azglorieux.be\/fr\/wp-json\/wp\/v2\/comments?post=912"}],"version-history":[{"count":0,"href":"https:\/\/calculatie.azglorieux.be\/fr\/wp-json\/wp\/v2\/pages\/912\/revisions"}],"up":[{"embeddable":true,"href":"https:\/\/calculatie.azglorieux.be\/fr\/wp-json\/wp\/v2\/pages\/872"}],"wp:attachment":[{"href":"https:\/\/calculatie.azglorieux.be\/fr\/wp-json\/wp\/v2\/media?parent=912"}],"curies":[{"name":"wp","href":"https:\/\/api.w.org\/{rel}","templated":true}]}}